{"id":9597,"date":"2024-03-06T17:37:53","date_gmt":"2024-03-06T16:37:53","guid":{"rendered":"https:\/\/g25.com.pl\/?page_id=9597"},"modified":"2024-03-06T17:39:00","modified_gmt":"2024-03-06T16:39:00","slug":"dfgt-ceramika-expert-line","status":"publish","type":"page","link":"https:\/\/g25.com.pl\/en\/produkty\/materialy-scierne-ogolne\/dyski-fibrowe\/dfgt-ceramika-expert-line\/","title":{"rendered":"DFGT CERAMICS \u2013 Expert Line"},"content":{"rendered":"<div data-elementor-type=\"wp-page\" data-elementor-id=\"9597\" class=\"elementor elementor-9597\" data-elementor-post-type=\"page\">\n\t\t\t\t\t\t<section data-particle_enable=\"false\" data-particle-mobile-disabled=\"false\" class=\"elementor-section elementor-top-section elementor-element elementor-element-6e6159be elementor-section-full_width elementor-section-height-min-height elementor-section-height-default elementor-section-items-middle\" data-id=\"6e6159be\" data-element_type=\"section\" data-settings=\"{&quot;background_background&quot;:&quot;classic&quot;}\">\n\t\t\t\t\t\t\t<div class=\"elementor-background-overlay\"><\/div>\n\t\t\t\t\t\t\t<div class=\"elementor-container elementor-column-gap-default\">\n\t\t\t\t\t<div class=\"elementor-column elementor-col-100 elementor-top-column elementor-element elementor-element-5c1c1df4 elementor-invisible\" data-id=\"5c1c1df4\" data-element_type=\"column\" data-settings=\"{&quot;animation&quot;:&quot;fadeInUp&quot;}\">\n\t\t\t<div class=\"elementor-widget-wrap elementor-element-populated\">\n\t\t\t\t\t\t<section data-particle_enable=\"false\" data-particle-mobile-disabled=\"false\" class=\"elementor-section elementor-inner-section elementor-element elementor-element-201d33d8 elementor-section-boxed elementor-section-height-default elementor-section-height-default\" data-id=\"201d33d8\" data-element_type=\"section\">\n\t\t\t\t\t\t<div class=\"elementor-container elementor-column-gap-default\">\n\t\t\t\t\t<div class=\"elementor-column elementor-col-100 elementor-inner-column elementor-element elementor-element-1e68ed5a\" data-id=\"1e68ed5a\" data-element_type=\"column\">\n\t\t\t<div class=\"elementor-widget-wrap elementor-element-populated\">\n\t\t\t\t\t\t<div class=\"elementor-element elementor-element-886a3de elementor-widget elementor-widget-heading\" data-id=\"886a3de\" data-element_type=\"widget\" data-widget_type=\"heading.default\">\n\t\t\t\t<div class=\"elementor-widget-container\">\n\t\t\t\t\t<h1 class=\"elementor-heading-title elementor-size-default\">DFGT CERAMICS \u2013 Expert Line<\/h1>\t\t\t\t<\/div>\n\t\t\t\t<\/div>\n\t\t\t\t\t<\/div>\n\t\t<\/div>\n\t\t\t\t\t<\/div>\n\t\t<\/section>\n\t\t\t\t\t<\/div>\n\t\t<\/div>\n\t\t\t\t\t<\/div>\n\t\t<\/section>\n\t\t\t\t<section data-particle_enable=\"false\" data-particle-mobile-disabled=\"false\" class=\"elementor-section elementor-top-section elementor-element elementor-element-37c9e287 elementor-section-boxed elementor-section-height-default elementor-section-height-default\" data-id=\"37c9e287\" data-element_type=\"section\">\n\t\t\t\t\t\t<div class=\"elementor-container elementor-column-gap-default\">\n\t\t\t\t\t<div class=\"elementor-column elementor-col-100 elementor-top-column elementor-element elementor-element-5cfb33a0\" data-id=\"5cfb33a0\" data-element_type=\"column\">\n\t\t\t<div class=\"elementor-widget-wrap elementor-element-populated\">\n\t\t\t\t\t\t<div class=\"elementor-element elementor-element-5198798 elementor-widget elementor-widget-image\" data-id=\"5198798\" data-element_type=\"widget\" data-widget_type=\"image.default\">\n\t\t\t\t<div class=\"elementor-widget-container\">\n\t\t\t\t\t\t\t\t\t\t\t\t\t\t\t<img fetchpriority=\"high\" decoding=\"async\" width=\"1000\" height=\"300\" src=\"https:\/\/g25.com.pl\/wp-content\/uploads\/2024\/02\/dfgt.jpg\" class=\"attachment-full size-full wp-image-8667\" alt=\"\" srcset=\"https:\/\/g25.com.pl\/wp-content\/uploads\/2024\/02\/dfgt.jpg 1000w, https:\/\/g25.com.pl\/wp-content\/uploads\/2024\/02\/dfgt-350x105.jpg 350w, https:\/\/g25.com.pl\/wp-content\/uploads\/2024\/02\/dfgt-768x230.jpg 768w, https:\/\/g25.com.pl\/wp-content\/uploads\/2024\/02\/dfgt-18x5.jpg 18w\" sizes=\"(max-width: 1000px) 100vw, 1000px\" \/>\t\t\t\t\t\t\t\t\t\t\t\t\t\t\t<\/div>\n\t\t\t\t<\/div>\n\t\t\t\t<div class=\"elementor-element elementor-element-6d9b00cf elementor-widget elementor-widget-heading\" data-id=\"6d9b00cf\" data-element_type=\"widget\" data-widget_type=\"heading.default\">\n\t\t\t\t<div class=\"elementor-widget-container\">\n\t\t\t\t\t<h2 class=\"elementor-heading-title elementor-size-default\">DFGT CERAMICS - Expert Line\nSTARCKE GIANT TURBO 082W, STARCKE GIANT TURBO 084W (additional cooling layer)<\/h2>\t\t\t\t<\/div>\n\t\t\t\t<\/div>\n\t\t\t\t<div class=\"elementor-element elementor-element-6cd90fbf elementor-widget elementor-widget-jet-table\" data-id=\"6cd90fbf\" data-element_type=\"widget\" data-widget_type=\"jet-table.default\">\n\t\t\t\t<div class=\"elementor-widget-container\">\n\t\t\t\t\t<div class=\"elementor-jet-table jet-elements\">\n\t\t<div class=\"jet-table-wrapper jet-table-responsive-mobile\">\n\t\t\t<table class=\"jet-table jet-table--fa5-compat\">\n\t\t\t\t<thead class=\"jet-table__head\"><tr class=\"jet-table__head-row\"><th class=\"jet-table__cell elementor-repeater-item-2eeb50e jet-table__head-cell\" scope=\"col\"><div class=\"jet-table__cell-inner\"><div class=\"jet-table__cell-content\"><div class=\"jet-table__cell-text\">D (mm)<\/div><\/div><\/div><\/th><th class=\"jet-table__cell elementor-repeater-item-9de9bee jet-table__head-cell\" scope=\"col\"><div class=\"jet-table__cell-inner\"><div class=\"jet-table__cell-content\"><div class=\"jet-table__cell-text\">Hole (mm)<\/div><\/div><\/div><\/th><th class=\"jet-table__cell elementor-repeater-item-a487c5b jet-table__head-cell\" scope=\"col\"><div class=\"jet-table__cell-inner\"><div class=\"jet-table__cell-content\"><div class=\"jet-table__cell-text\"><small>Granulation<\/small><br\/><b>36<\/b><\/div><\/div><\/div><\/th><th class=\"jet-table__cell elementor-repeater-item-cb593fa jet-table__head-cell\" scope=\"col\"><div class=\"jet-table__cell-inner\"><div class=\"jet-table__cell-content\"><div class=\"jet-table__cell-text\"><small>Granulation<\/small><br\/><b>60<\/b><\/div><\/div><\/div><\/th><th class=\"jet-table__cell elementor-repeater-item-3cf4b40 jet-table__head-cell\" scope=\"col\"><div class=\"jet-table__cell-inner\"><div class=\"jet-table__cell-content\"><div class=\"jet-table__cell-text\"><small>Granulation<\/small><br\/><b>80<\/b><\/div><\/div><\/div><\/th><th class=\"jet-table__cell elementor-repeater-item-eb64140 jet-table__head-cell\" scope=\"col\"><div class=\"jet-table__cell-inner\"><div class=\"jet-table__cell-content\"><div class=\"jet-table__cell-text\">Packaging (pieces)<\/div><\/div><\/div><\/th><\/tr><\/thead>\n\t\t\t\t\t\t\t\t<tbody class=\"jet-table__body\"><tr class=\"jet-table__body-row elementor-repeater-item-0c9e2e3\"><td class=\"jet-table__cell elementor-repeater-item-e00d354 jet-table__body-cell\"><div class=\"jet-table__cell-inner\"><div class=\"jet-table__cell-content\"><div class=\"jet-table__cell-text\">115<\/div><\/div><\/div><\/td><td class=\"jet-table__cell elementor-repeater-item-0bb9318 jet-table__body-cell\"><div class=\"jet-table__cell-inner\"><div class=\"jet-table__cell-content\"><div class=\"jet-table__cell-text\">22 star<\/div><\/div><\/div><\/td><td class=\"jet-table__cell elementor-repeater-item-bc24b78 jet-table__body-cell\"><div class=\"jet-table__cell-inner\"><div class=\"jet-table__cell-content\"><div class=\"jet-table__cell-text\">\u2713<\/div><\/div><\/div><\/td><td class=\"jet-table__cell elementor-repeater-item-e6b0a8f jet-table__body-cell\"><div class=\"jet-table__cell-inner\"><div class=\"jet-table__cell-content\"><div class=\"jet-table__cell-text\">\u2713<\/div><\/div><\/div><\/td><td class=\"jet-table__cell elementor-repeater-item-9a1b00a jet-table__body-cell\"><div class=\"jet-table__cell-inner\"><div class=\"jet-table__cell-content\"><div class=\"jet-table__cell-text\">\u2713<\/div><\/div><\/div><\/td><td class=\"jet-table__cell elementor-repeater-item-63cbeca jet-table__body-cell\"><div class=\"jet-table__cell-inner\"><div class=\"jet-table__cell-content\"><div class=\"jet-table__cell-text\">25<\/div><\/div><\/div><\/td><\/tr><tr class=\"jet-table__body-row elementor-repeater-item-1e45e66\"><td class=\"jet-table__cell elementor-repeater-item-57307ed jet-table__body-cell\"><div class=\"jet-table__cell-inner\"><div class=\"jet-table__cell-content\"><div class=\"jet-table__cell-text\">125<\/div><\/div><\/div><\/td><td class=\"jet-table__cell elementor-repeater-item-047253f jet-table__body-cell\"><div class=\"jet-table__cell-inner\"><div class=\"jet-table__cell-content\"><div class=\"jet-table__cell-text\">22 cross<\/div><\/div><\/div><\/td><td class=\"jet-table__cell elementor-repeater-item-1399572 jet-table__body-cell\"><div class=\"jet-table__cell-inner\"><div class=\"jet-table__cell-content\"><div class=\"jet-table__cell-text\">\u2713<\/div><\/div><\/div><\/td><td class=\"jet-table__cell elementor-repeater-item-058f172 jet-table__body-cell\"><div class=\"jet-table__cell-inner\"><div class=\"jet-table__cell-content\"><div class=\"jet-table__cell-text\">\u2713<\/div><\/div><\/div><\/td><td class=\"jet-table__cell elementor-repeater-item-849f56b jet-table__body-cell\"><div class=\"jet-table__cell-inner\"><div class=\"jet-table__cell-content\"><div class=\"jet-table__cell-text\">\u2713<\/div><\/div><\/div><\/td><td class=\"jet-table__cell elementor-repeater-item-165c71e jet-table__body-cell\"><div class=\"jet-table__cell-inner\"><div class=\"jet-table__cell-content\"><div class=\"jet-table__cell-text\">25<\/div><\/div><\/div><\/td><\/tr><tr class=\"jet-table__body-row elementor-repeater-item-6f8c82b\"><td class=\"jet-table__cell elementor-repeater-item-3e3b12c jet-table__body-cell\"><div class=\"jet-table__cell-inner\"><div class=\"jet-table__cell-content\"><div class=\"jet-table__cell-text\">180<\/div><\/div><\/div><\/td><td class=\"jet-table__cell elementor-repeater-item-6b10595 jet-table__body-cell\"><div class=\"jet-table__cell-inner\"><div class=\"jet-table__cell-content\"><div class=\"jet-table__cell-text\">22 cross<\/div><\/div><\/div><\/td><td class=\"jet-table__cell elementor-repeater-item-e0806a4 jet-table__body-cell\"><div class=\"jet-table__cell-inner\"><div class=\"jet-table__cell-content\"><div class=\"jet-table__cell-text\">\u2713<\/div><\/div><\/div><\/td><td class=\"jet-table__cell elementor-repeater-item-01e56f6 jet-table__body-cell\"><div class=\"jet-table__cell-inner\"><div class=\"jet-table__cell-content\"><div class=\"jet-table__cell-text\">\u2713<\/div><\/div><\/div><\/td><td class=\"jet-table__cell elementor-repeater-item-02f2388 jet-table__body-cell\"><div class=\"jet-table__cell-inner\"><div class=\"jet-table__cell-content\"><div class=\"jet-table__cell-text\">\u2713<\/div><\/div><\/div><\/td><td class=\"jet-table__cell elementor-repeater-item-5039847 jet-table__body-cell\"><div class=\"jet-table__cell-inner\"><div class=\"jet-table__cell-content\"><div class=\"jet-table__cell-text\">25<\/div><\/div><\/div><\/td><\/tr><\/tbody>\n\t\t\t<\/table>\n\t\t<\/div>\n\n\t\t<\/div>\t\t\t\t<\/div>\n\t\t\t\t<\/div>\n\t\t\t\t<div class=\"elementor-element elementor-element-b9233b3 elementor-widget elementor-widget-image\" data-id=\"b9233b3\" data-element_type=\"widget\" data-widget_type=\"image.default\">\n\t\t\t\t<div class=\"elementor-widget-container\">\n\t\t\t\t\t\t\t\t\t\t\t\t\t\t\t<img decoding=\"async\" width=\"1200\" height=\"84\" src=\"https:\/\/g25.com.pl\/wp-content\/uploads\/2024\/03\/Zrzut-ekranu-2024-03-6-o-17.38.49-1200x84.png\" class=\"attachment-large size-large wp-image-9600\" alt=\"\" srcset=\"https:\/\/g25.com.pl\/wp-content\/uploads\/2024\/03\/Zrzut-ekranu-2024-03-6-o-17.38.49-1200x84.png 1200w, https:\/\/g25.com.pl\/wp-content\/uploads\/2024\/03\/Zrzut-ekranu-2024-03-6-o-17.38.49-350x25.png 350w, https:\/\/g25.com.pl\/wp-content\/uploads\/2024\/03\/Zrzut-ekranu-2024-03-6-o-17.38.49-768x54.png 768w, https:\/\/g25.com.pl\/wp-content\/uploads\/2024\/03\/Zrzut-ekranu-2024-03-6-o-17.38.49-1536x108.png 1536w, https:\/\/g25.com.pl\/wp-content\/uploads\/2024\/03\/Zrzut-ekranu-2024-03-6-o-17.38.49-2048x144.png 2048w, https:\/\/g25.com.pl\/wp-content\/uploads\/2024\/03\/Zrzut-ekranu-2024-03-6-o-17.38.49-18x1.png 18w\" sizes=\"(max-width: 1200px) 100vw, 1200px\" \/>\t\t\t\t\t\t\t\t\t\t\t\t\t\t\t<\/div>\n\t\t\t\t<\/div>\n\t\t\t\t\t<\/div>\n\t\t<\/div>\n\t\t\t\t\t<\/div>\n\t\t<\/section>\n\t\t\t\t<\/div>","protected":false},"excerpt":{"rendered":"<p>DFGT CERAMIKA &#8211; Expert Line STARCKE GIANT TURBO 082W, STARCKE GIANT TURBO 084W (dodatkowa warstwa ch\u0142odz\u0105ca) D (mm) Otw\u00f3r (mm) Granulacja36 Granulacja60 Granulacja80 Opakowanie (sztuki) 115 22 gwiazdkowy \u2713 \u2713 \u2713 25 125 22 krzy\u017cowy \u2713 \u2713 \u2713 25 180 22 krzy\u017cowy \u2713 \u2713 \u2713 25<\/p>","protected":false},"author":1,"featured_media":9578,"parent":8659,"menu_order":0,"comment_status":"closed","ping_status":"closed","template":"elementor_header_footer","meta":{"footnotes":""},"class_list":["post-9597","page","type-page","status-publish","has-post-thumbnail","hentry","entry","has-media"],"aioseo_notices":[],"_links":{"self":[{"href":"https:\/\/g25.com.pl\/en\/wp-json\/wp\/v2\/pages\/9597","targetHints":{"allow":["GET"]}}],"collection":[{"href":"https:\/\/g25.com.pl\/en\/wp-json\/wp\/v2\/pages"}],"about":[{"href":"https:\/\/g25.com.pl\/en\/wp-json\/wp\/v2\/types\/page"}],"author":[{"embeddable":true,"href":"https:\/\/g25.com.pl\/en\/wp-json\/wp\/v2\/users\/1"}],"replies":[{"embeddable":true,"href":"https:\/\/g25.com.pl\/en\/wp-json\/wp\/v2\/comments?post=9597"}],"version-history":[{"count":0,"href":"https:\/\/g25.com.pl\/en\/wp-json\/wp\/v2\/pages\/9597\/revisions"}],"up":[{"embeddable":true,"href":"https:\/\/g25.com.pl\/en\/wp-json\/wp\/v2\/pages\/8659"}],"wp:featuredmedia":[{"embeddable":true,"href":"https:\/\/g25.com.pl\/en\/wp-json\/wp\/v2\/media\/9578"}],"wp:attachment":[{"href":"https:\/\/g25.com.pl\/en\/wp-json\/wp\/v2\/media?parent=9597"}],"curies":[{"name":"wp","href":"https:\/\/api.w.org\/{rel}","templated":true}]}}