{"id":9508,"date":"2024-03-06T16:09:21","date_gmt":"2024-03-06T15:09:21","guid":{"rendered":"https:\/\/g25.com.pl\/?page_id=9508"},"modified":"2024-03-19T22:03:53","modified_gmt":"2024-03-19T21:03:53","slug":"dysk-na-trzpieniu-csds","status":"publish","type":"page","link":"https:\/\/g25.com.pl\/en\/produkty\/materialy-scierne-ogolne\/narzedzia-z-wlokniny-clean-strip-czarnej\/dysk-na-trzpieniu-csds\/","title":{"rendered":"Disc on the CSDS spindle"},"content":{"rendered":"<div data-elementor-type=\"wp-page\" data-elementor-id=\"9508\" class=\"elementor elementor-9508\" data-elementor-post-type=\"page\">\n\t\t\t\t\t\t<section data-particle_enable=\"false\" data-particle-mobile-disabled=\"false\" class=\"elementor-section elementor-top-section elementor-element elementor-element-748568d1 elementor-section-full_width elementor-section-height-min-height elementor-section-height-default elementor-section-items-middle\" data-id=\"748568d1\" data-element_type=\"section\" data-settings=\"{&quot;background_background&quot;:&quot;classic&quot;}\">\n\t\t\t\t\t\t\t<div class=\"elementor-background-overlay\"><\/div>\n\t\t\t\t\t\t\t<div class=\"elementor-container elementor-column-gap-default\">\n\t\t\t\t\t<div class=\"elementor-column elementor-col-100 elementor-top-column elementor-element elementor-element-35232dc7 elementor-invisible\" data-id=\"35232dc7\" data-element_type=\"column\" data-settings=\"{&quot;animation&quot;:&quot;fadeInUp&quot;}\">\n\t\t\t<div class=\"elementor-widget-wrap elementor-element-populated\">\n\t\t\t\t\t\t<section data-particle_enable=\"false\" data-particle-mobile-disabled=\"false\" class=\"elementor-section elementor-inner-section elementor-element elementor-element-5c902e33 elementor-section-boxed elementor-section-height-default elementor-section-height-default\" data-id=\"5c902e33\" data-element_type=\"section\">\n\t\t\t\t\t\t<div class=\"elementor-container elementor-column-gap-default\">\n\t\t\t\t\t<div class=\"elementor-column elementor-col-100 elementor-inner-column elementor-element elementor-element-7f2c7abf\" data-id=\"7f2c7abf\" data-element_type=\"column\">\n\t\t\t<div class=\"elementor-widget-wrap elementor-element-populated\">\n\t\t\t\t\t\t<div class=\"elementor-element elementor-element-4eac7bbc elementor-widget elementor-widget-heading\" data-id=\"4eac7bbc\" data-element_type=\"widget\" data-widget_type=\"heading.default\">\n\t\t\t\t<div class=\"elementor-widget-container\">\n\t\t\t\t\t<h1 class=\"elementor-heading-title elementor-size-default\">Disc on the CSDS spindle<\/h1>\t\t\t\t<\/div>\n\t\t\t\t<\/div>\n\t\t\t\t\t<\/div>\n\t\t<\/div>\n\t\t\t\t\t<\/div>\n\t\t<\/section>\n\t\t\t\t\t<\/div>\n\t\t<\/div>\n\t\t\t\t\t<\/div>\n\t\t<\/section>\n\t\t\t\t<section data-particle_enable=\"false\" data-particle-mobile-disabled=\"false\" class=\"elementor-section elementor-top-section elementor-element elementor-element-604772e8 elementor-section-boxed elementor-section-height-default elementor-section-height-default\" data-id=\"604772e8\" data-element_type=\"section\">\n\t\t\t\t\t\t<div class=\"elementor-container elementor-column-gap-default\">\n\t\t\t\t\t<div class=\"elementor-column elementor-col-100 elementor-top-column elementor-element elementor-element-52637bbc\" data-id=\"52637bbc\" data-element_type=\"column\">\n\t\t\t<div class=\"elementor-widget-wrap elementor-element-populated\">\n\t\t\t\t\t\t<div class=\"elementor-element elementor-element-1cf69368 elementor-widget elementor-widget-image\" data-id=\"1cf69368\" data-element_type=\"widget\" data-widget_type=\"image.default\">\n\t\t\t\t<div class=\"elementor-widget-container\">\n\t\t\t\t\t\t\t\t\t\t\t\t\t\t\t<img fetchpriority=\"high\" decoding=\"async\" width=\"1864\" height=\"512\" src=\"https:\/\/g25.com.pl\/wp-content\/uploads\/2024\/03\/Zrzut-ekranu-2024-03-6-o-16.32.29.png\" class=\"attachment-full size-full wp-image-9524\" alt=\"\" srcset=\"https:\/\/g25.com.pl\/wp-content\/uploads\/2024\/03\/Zrzut-ekranu-2024-03-6-o-16.32.29.png 1864w, https:\/\/g25.com.pl\/wp-content\/uploads\/2024\/03\/Zrzut-ekranu-2024-03-6-o-16.32.29-350x96.png 350w, https:\/\/g25.com.pl\/wp-content\/uploads\/2024\/03\/Zrzut-ekranu-2024-03-6-o-16.32.29-1200x330.png 1200w, https:\/\/g25.com.pl\/wp-content\/uploads\/2024\/03\/Zrzut-ekranu-2024-03-6-o-16.32.29-768x211.png 768w, https:\/\/g25.com.pl\/wp-content\/uploads\/2024\/03\/Zrzut-ekranu-2024-03-6-o-16.32.29-1536x422.png 1536w, https:\/\/g25.com.pl\/wp-content\/uploads\/2024\/03\/Zrzut-ekranu-2024-03-6-o-16.32.29-18x5.png 18w\" sizes=\"(max-width: 1864px) 100vw, 1864px\" \/>\t\t\t\t\t\t\t\t\t\t\t\t\t\t\t<\/div>\n\t\t\t\t<\/div>\n\t\t\t\t<div class=\"elementor-element elementor-element-27a9bb35 elementor-widget elementor-widget-heading\" data-id=\"27a9bb35\" data-element_type=\"widget\" data-widget_type=\"heading.default\">\n\t\t\t\t<div class=\"elementor-widget-container\">\n\t\t\t\t\t<h2 class=\"elementor-heading-title elementor-size-default\">w\u0119glik krzemu, 3M Scotch-Brite<\/h2>\t\t\t\t<\/div>\n\t\t\t\t<\/div>\n\t\t\t\t<div class=\"elementor-element elementor-element-2ede0be6 elementor-widget elementor-widget-jet-table\" data-id=\"2ede0be6\" data-element_type=\"widget\" data-widget_type=\"jet-table.default\">\n\t\t\t\t<div class=\"elementor-widget-container\">\n\t\t\t\t\t<div class=\"elementor-jet-table jet-elements\">\n\t\t<div class=\"jet-table-wrapper jet-table-responsive-mobile\">\n\t\t\t<table class=\"jet-table jet-table--fa5-compat\">\n\t\t\t\t<thead class=\"jet-table__head\"><tr class=\"jet-table__head-row\"><th class=\"jet-table__cell elementor-repeater-item-2eeb50e jet-table__head-cell\" scope=\"col\"><div class=\"jet-table__cell-inner\"><div class=\"jet-table__cell-content\"><div class=\"jet-table__cell-text\">D (mm)<\/div><\/div><\/div><\/th><th class=\"jet-table__cell elementor-repeater-item-4d1a886 jet-table__head-cell\" scope=\"col\"><div class=\"jet-table__cell-inner\"><div class=\"jet-table__cell-content\"><div class=\"jet-table__cell-text\">width W (mm)<\/div><\/div><\/div><\/th><th class=\"jet-table__cell elementor-repeater-item-9de9bee jet-table__head-cell\" scope=\"col\"><div class=\"jet-table__cell-inner\"><div class=\"jet-table__cell-content\"><div class=\"jet-table__cell-text\">Shank S (mm)<\/div><\/div><\/div><\/th><th class=\"jet-table__cell elementor-repeater-item-67df048 jet-table__head-cell\" scope=\"col\"><div class=\"jet-table__cell-inner\"><div class=\"jet-table__cell-content\"><div class=\"jet-table__cell-text\">Max rpm<\/div><\/div><\/div><\/th><th class=\"jet-table__cell elementor-repeater-item-eb64140 jet-table__head-cell\" scope=\"col\"><div class=\"jet-table__cell-inner\"><div class=\"jet-table__cell-content\"><div class=\"jet-table__cell-text\">Packaging (pieces)<\/div><\/div><\/div><\/th><\/tr><\/thead>\n\t\t\t\t\t\t\t\t<tbody class=\"jet-table__body\"><tr class=\"jet-table__body-row elementor-repeater-item-0c9e2e3\"><td class=\"jet-table__cell elementor-repeater-item-e00d354 jet-table__body-cell\"><div class=\"jet-table__cell-inner\"><div class=\"jet-table__cell-content\"><div class=\"jet-table__cell-text\">60<\/div><\/div><\/div><\/td><td class=\"jet-table__cell elementor-repeater-item-0bb9318 jet-table__body-cell\"><div class=\"jet-table__cell-inner\"><div class=\"jet-table__cell-content\"><div class=\"jet-table__cell-text\">15<\/div><\/div><\/div><\/td><td class=\"jet-table__cell elementor-repeater-item-bc24b78 jet-table__body-cell\"><div class=\"jet-table__cell-inner\"><div class=\"jet-table__cell-content\"><div class=\"jet-table__cell-text\">6<\/div><\/div><\/div><\/td><td class=\"jet-table__cell elementor-repeater-item-e6b0a8f jet-table__body-cell\"><div class=\"jet-table__cell-inner\"><div class=\"jet-table__cell-content\"><div class=\"jet-table__cell-text\">9 500<\/div><\/div><\/div><\/td><td class=\"jet-table__cell elementor-repeater-item-9fd707a jet-table__body-cell\"><div class=\"jet-table__cell-inner\"><div class=\"jet-table__cell-content\"><div class=\"jet-table__cell-text\">20<\/div><\/div><\/div><\/td><\/tr><tr class=\"jet-table__body-row elementor-repeater-item-7d00bea\"><td class=\"jet-table__cell elementor-repeater-item-e438dca jet-table__body-cell\"><div class=\"jet-table__cell-inner\"><div class=\"jet-table__cell-content\"><div class=\"jet-table__cell-text\">60<\/div><\/div><\/div><\/td><td class=\"jet-table__cell elementor-repeater-item-19b7490 jet-table__body-cell\"><div class=\"jet-table__cell-inner\"><div class=\"jet-table__cell-content\"><div class=\"jet-table__cell-text\">30<\/div><\/div><\/div><\/td><td class=\"jet-table__cell elementor-repeater-item-85446e3 jet-table__body-cell\"><div class=\"jet-table__cell-inner\"><div class=\"jet-table__cell-content\"><div class=\"jet-table__cell-text\">6<\/div><\/div><\/div><\/td><td class=\"jet-table__cell elementor-repeater-item-ddcd976 jet-table__body-cell\"><div class=\"jet-table__cell-inner\"><div class=\"jet-table__cell-content\"><div class=\"jet-table__cell-text\">9 500<\/div><\/div><\/div><\/td><td class=\"jet-table__cell elementor-repeater-item-8192426 jet-table__body-cell\"><div class=\"jet-table__cell-inner\"><div class=\"jet-table__cell-content\"><div class=\"jet-table__cell-text\">20<\/div><\/div><\/div><\/td><\/tr><tr class=\"jet-table__body-row elementor-repeater-item-a94d9e8\"><td class=\"jet-table__cell elementor-repeater-item-2013ebd jet-table__body-cell\"><div class=\"jet-table__cell-inner\"><div class=\"jet-table__cell-content\"><div class=\"jet-table__cell-text\">70<\/div><\/div><\/div><\/td><td class=\"jet-table__cell elementor-repeater-item-37112df jet-table__body-cell\"><div class=\"jet-table__cell-inner\"><div class=\"jet-table__cell-content\"><div class=\"jet-table__cell-text\">15<\/div><\/div><\/div><\/td><td class=\"jet-table__cell elementor-repeater-item-ff24dc7 jet-table__body-cell\"><div class=\"jet-table__cell-inner\"><div class=\"jet-table__cell-content\"><div class=\"jet-table__cell-text\">6<\/div><\/div><\/div><\/td><td class=\"jet-table__cell elementor-repeater-item-c712ed9 jet-table__body-cell\"><div class=\"jet-table__cell-inner\"><div class=\"jet-table__cell-content\"><div class=\"jet-table__cell-text\">8 200<\/div><\/div><\/div><\/td><td class=\"jet-table__cell elementor-repeater-item-fcfa7ea jet-table__body-cell\"><div class=\"jet-table__cell-inner\"><div class=\"jet-table__cell-content\"><div class=\"jet-table__cell-text\">20<\/div><\/div><\/div><\/td><\/tr><tr class=\"jet-table__body-row elementor-repeater-item-bdf1da0\"><td class=\"jet-table__cell elementor-repeater-item-e3d5b0f jet-table__body-cell\"><div class=\"jet-table__cell-inner\"><div class=\"jet-table__cell-content\"><div class=\"jet-table__cell-text\">80<\/div><\/div><\/div><\/td><td class=\"jet-table__cell elementor-repeater-item-26e80b6 jet-table__body-cell\"><div class=\"jet-table__cell-inner\"><div class=\"jet-table__cell-content\"><div class=\"jet-table__cell-text\">15<\/div><\/div><\/div><\/td><td class=\"jet-table__cell elementor-repeater-item-c04d979 jet-table__body-cell\"><div class=\"jet-table__cell-inner\"><div class=\"jet-table__cell-content\"><div class=\"jet-table__cell-text\">6<\/div><\/div><\/div><\/td><td class=\"jet-table__cell elementor-repeater-item-684e847 jet-table__body-cell\"><div class=\"jet-table__cell-inner\"><div class=\"jet-table__cell-content\"><div class=\"jet-table__cell-text\">7 000<\/div><\/div><\/div><\/td><td class=\"jet-table__cell elementor-repeater-item-1ca012d jet-table__body-cell\"><div class=\"jet-table__cell-inner\"><div class=\"jet-table__cell-content\"><div class=\"jet-table__cell-text\">10<\/div><\/div><\/div><\/td><\/tr><tr class=\"jet-table__body-row elementor-repeater-item-6b4821a\"><td class=\"jet-table__cell elementor-repeater-item-914359d jet-table__body-cell\"><div class=\"jet-table__cell-inner\"><div class=\"jet-table__cell-content\"><div class=\"jet-table__cell-text\">80<\/div><\/div><\/div><\/td><td class=\"jet-table__cell elementor-repeater-item-0db0bb9 jet-table__body-cell\"><div class=\"jet-table__cell-inner\"><div class=\"jet-table__cell-content\"><div class=\"jet-table__cell-text\">30<\/div><\/div><\/div><\/td><td class=\"jet-table__cell elementor-repeater-item-793780b jet-table__body-cell\"><div class=\"jet-table__cell-inner\"><div class=\"jet-table__cell-content\"><div class=\"jet-table__cell-text\">6<\/div><\/div><\/div><\/td><td class=\"jet-table__cell elementor-repeater-item-7148a2b jet-table__body-cell\"><div class=\"jet-table__cell-inner\"><div class=\"jet-table__cell-content\"><div class=\"jet-table__cell-text\">7 000<\/div><\/div><\/div><\/td><td class=\"jet-table__cell elementor-repeater-item-9d06afb jet-table__body-cell\"><div class=\"jet-table__cell-inner\"><div class=\"jet-table__cell-content\"><div class=\"jet-table__cell-text\">10<\/div><\/div><\/div><\/td><\/tr><tr class=\"jet-table__body-row elementor-repeater-item-28b266f\"><td class=\"jet-table__cell elementor-repeater-item-95de4c9 jet-table__body-cell\"><div class=\"jet-table__cell-inner\"><div class=\"jet-table__cell-content\"><div class=\"jet-table__cell-text\">100<\/div><\/div><\/div><\/td><td class=\"jet-table__cell elementor-repeater-item-01bdc63 jet-table__body-cell\"><div class=\"jet-table__cell-inner\"><div class=\"jet-table__cell-content\"><div class=\"jet-table__cell-text\">15<\/div><\/div><\/div><\/td><td class=\"jet-table__cell elementor-repeater-item-1dcefd5 jet-table__body-cell\"><div class=\"jet-table__cell-inner\"><div class=\"jet-table__cell-content\"><div class=\"jet-table__cell-text\">6<\/div><\/div><\/div><\/td><td class=\"jet-table__cell elementor-repeater-item-03674df jet-table__body-cell\"><div class=\"jet-table__cell-inner\"><div class=\"jet-table__cell-content\"><div class=\"jet-table__cell-text\">5 700<\/div><\/div><\/div><\/td><td class=\"jet-table__cell elementor-repeater-item-8eaa18e jet-table__body-cell\"><div class=\"jet-table__cell-inner\"><div class=\"jet-table__cell-content\"><div class=\"jet-table__cell-text\">10<\/div><\/div><\/div><\/td><\/tr><tr class=\"jet-table__body-row elementor-repeater-item-dc0efc8\"><td class=\"jet-table__cell elementor-repeater-item-06f7907 jet-table__body-cell\"><div class=\"jet-table__cell-inner\"><div class=\"jet-table__cell-content\"><div class=\"jet-table__cell-text\">100<\/div><\/div><\/div><\/td><td class=\"jet-table__cell elementor-repeater-item-ebcf9a6 jet-table__body-cell\"><div class=\"jet-table__cell-inner\"><div class=\"jet-table__cell-content\"><div class=\"jet-table__cell-text\">30<\/div><\/div><\/div><\/td><td class=\"jet-table__cell elementor-repeater-item-aabf424 jet-table__body-cell\"><div class=\"jet-table__cell-inner\"><div class=\"jet-table__cell-content\"><div class=\"jet-table__cell-text\">6<\/div><\/div><\/div><\/td><td class=\"jet-table__cell elementor-repeater-item-f0e80e2 jet-table__body-cell\"><div class=\"jet-table__cell-inner\"><div class=\"jet-table__cell-content\"><div class=\"jet-table__cell-text\">5 700<\/div><\/div><\/div><\/td><td class=\"jet-table__cell elementor-repeater-item-e0b4020 jet-table__body-cell\"><div class=\"jet-table__cell-inner\"><div class=\"jet-table__cell-content\"><div class=\"jet-table__cell-text\">10<\/div><\/div><\/div><\/td><\/tr><\/tbody>\n\t\t\t<\/table>\n\t\t<\/div>\n\n\t\t<\/div>\t\t\t\t<\/div>\n\t\t\t\t<\/div>\n\t\t\t\t<div class=\"elementor-element elementor-element-3a84b622 elementor-widget elementor-widget-image\" data-id=\"3a84b622\" data-element_type=\"widget\" data-widget_type=\"image.default\">\n\t\t\t\t<div class=\"elementor-widget-container\">\n\t\t\t\t\t\t\t\t\t\t\t\t\t\t\t<img decoding=\"async\" width=\"1200\" height=\"74\" src=\"https:\/\/g25.com.pl\/wp-content\/uploads\/2024\/03\/Zrzut-ekranu-2024-03-6-o-16.33.13-1200x74.png\" class=\"attachment-large size-large wp-image-9525\" alt=\"\" srcset=\"https:\/\/g25.com.pl\/wp-content\/uploads\/2024\/03\/Zrzut-ekranu-2024-03-6-o-16.33.13-1200x74.png 1200w, https:\/\/g25.com.pl\/wp-content\/uploads\/2024\/03\/Zrzut-ekranu-2024-03-6-o-16.33.13-350x21.png 350w, https:\/\/g25.com.pl\/wp-content\/uploads\/2024\/03\/Zrzut-ekranu-2024-03-6-o-16.33.13-768x47.png 768w, https:\/\/g25.com.pl\/wp-content\/uploads\/2024\/03\/Zrzut-ekranu-2024-03-6-o-16.33.13-18x1.png 18w, https:\/\/g25.com.pl\/wp-content\/uploads\/2024\/03\/Zrzut-ekranu-2024-03-6-o-16.33.13.png 1500w\" sizes=\"(max-width: 1200px) 100vw, 1200px\" \/>\t\t\t\t\t\t\t\t\t\t\t\t\t\t\t<\/div>\n\t\t\t\t<\/div>\n\t\t\t\t\t<\/div>\n\t\t<\/div>\n\t\t\t\t\t<\/div>\n\t\t<\/section>\n\t\t\t\t<\/div>","protected":false},"excerpt":{"rendered":"<p>w\u0119glik krzemu, 3M Scotch-Brite D (mm) szeroko\u015b\u0107 W (mm) Trzpie\u0144 S (mm) Max obr.\/min. Opakowanie (sztuki) 60 15 6 9 500 20 60 30 6 9 500 20 70 15 6 8 200 20 80 15 6 7 000 10 80 30 6 7 000 10 100 15 6 5 700 10 100 30 6 [&hellip;]<\/p>","protected":false},"author":1,"featured_media":9497,"parent":8688,"menu_order":0,"comment_status":"closed","ping_status":"closed","template":"elementor_header_footer","meta":{"footnotes":""},"class_list":["post-9508","page","type-page","status-publish","has-post-thumbnail","hentry","entry","has-media"],"aioseo_notices":[],"_links":{"self":[{"href":"https:\/\/g25.com.pl\/en\/wp-json\/wp\/v2\/pages\/9508","targetHints":{"allow":["GET"]}}],"collection":[{"href":"https:\/\/g25.com.pl\/en\/wp-json\/wp\/v2\/pages"}],"about":[{"href":"https:\/\/g25.com.pl\/en\/wp-json\/wp\/v2\/types\/page"}],"author":[{"embeddable":true,"href":"https:\/\/g25.com.pl\/en\/wp-json\/wp\/v2\/users\/1"}],"replies":[{"embeddable":true,"href":"https:\/\/g25.com.pl\/en\/wp-json\/wp\/v2\/comments?post=9508"}],"version-history":[{"count":0,"href":"https:\/\/g25.com.pl\/en\/wp-json\/wp\/v2\/pages\/9508\/revisions"}],"up":[{"embeddable":true,"href":"https:\/\/g25.com.pl\/en\/wp-json\/wp\/v2\/pages\/8688"}],"wp:featuredmedia":[{"embeddable":true,"href":"https:\/\/g25.com.pl\/en\/wp-json\/wp\/v2\/media\/9497"}],"wp:attachment":[{"href":"https:\/\/g25.com.pl\/en\/wp-json\/wp\/v2\/media?parent=9508"}],"curies":[{"name":"wp","href":"https:\/\/api.w.org\/{rel}","templated":true}]}}