{"id":9493,"date":"2024-03-06T15:05:52","date_gmt":"2024-03-06T14:05:52","guid":{"rendered":"https:\/\/g25.com.pl\/?page_id=9493"},"modified":"2024-03-19T22:05:04","modified_gmt":"2024-03-19T21:05:04","slug":"dysk-roll-on-csdr","status":"publish","type":"page","link":"https:\/\/g25.com.pl\/en\/produkty\/materialy-scierne-ogolne\/narzedzia-z-wlokniny-clean-strip-czarnej\/dysk-roll-on-csdr\/","title":{"rendered":"Dysk roll on CSDR"},"content":{"rendered":"<div data-elementor-type=\"wp-page\" data-elementor-id=\"9493\" class=\"elementor elementor-9493\" data-elementor-post-type=\"page\">\n\t\t\t\t\t\t<section data-particle_enable=\"false\" data-particle-mobile-disabled=\"false\" class=\"elementor-section elementor-top-section elementor-element elementor-element-61f21c28 elementor-section-full_width elementor-section-height-min-height elementor-section-height-default elementor-section-items-middle\" data-id=\"61f21c28\" data-element_type=\"section\" data-settings=\"{&quot;background_background&quot;:&quot;classic&quot;}\">\n\t\t\t\t\t\t\t<div class=\"elementor-background-overlay\"><\/div>\n\t\t\t\t\t\t\t<div class=\"elementor-container elementor-column-gap-default\">\n\t\t\t\t\t<div class=\"elementor-column elementor-col-100 elementor-top-column elementor-element elementor-element-5828ca8c elementor-invisible\" data-id=\"5828ca8c\" data-element_type=\"column\" data-settings=\"{&quot;animation&quot;:&quot;fadeInUp&quot;}\">\n\t\t\t<div class=\"elementor-widget-wrap elementor-element-populated\">\n\t\t\t\t\t\t<section data-particle_enable=\"false\" data-particle-mobile-disabled=\"false\" class=\"elementor-section elementor-inner-section elementor-element elementor-element-53432943 elementor-section-boxed elementor-section-height-default elementor-section-height-default\" data-id=\"53432943\" data-element_type=\"section\">\n\t\t\t\t\t\t<div class=\"elementor-container elementor-column-gap-default\">\n\t\t\t\t\t<div class=\"elementor-column elementor-col-100 elementor-inner-column elementor-element elementor-element-ad26b23\" data-id=\"ad26b23\" data-element_type=\"column\">\n\t\t\t<div class=\"elementor-widget-wrap elementor-element-populated\">\n\t\t\t\t\t\t<div class=\"elementor-element elementor-element-74a41165 elementor-widget elementor-widget-heading\" data-id=\"74a41165\" data-element_type=\"widget\" data-widget_type=\"heading.default\">\n\t\t\t\t<div class=\"elementor-widget-container\">\n\t\t\t\t\t<h1 class=\"elementor-heading-title elementor-size-default\">Dysk roll on CSDR<\/h1>\t\t\t\t<\/div>\n\t\t\t\t<\/div>\n\t\t\t\t\t<\/div>\n\t\t<\/div>\n\t\t\t\t\t<\/div>\n\t\t<\/section>\n\t\t\t\t\t<\/div>\n\t\t<\/div>\n\t\t\t\t\t<\/div>\n\t\t<\/section>\n\t\t\t\t<section data-particle_enable=\"false\" data-particle-mobile-disabled=\"false\" class=\"elementor-section elementor-top-section elementor-element elementor-element-252ce761 elementor-section-boxed elementor-section-height-default elementor-section-height-default\" data-id=\"252ce761\" data-element_type=\"section\">\n\t\t\t\t\t\t<div class=\"elementor-container elementor-column-gap-default\">\n\t\t\t\t\t<div class=\"elementor-column elementor-col-100 elementor-top-column elementor-element elementor-element-747a49c9\" data-id=\"747a49c9\" data-element_type=\"column\">\n\t\t\t<div class=\"elementor-widget-wrap elementor-element-populated\">\n\t\t\t\t\t\t<div class=\"elementor-element elementor-element-5518f0e8 elementor-widget elementor-widget-image\" data-id=\"5518f0e8\" data-element_type=\"widget\" data-widget_type=\"image.default\">\n\t\t\t\t<div class=\"elementor-widget-container\">\n\t\t\t\t\t\t\t\t\t\t\t\t\t\t\t<img fetchpriority=\"high\" decoding=\"async\" width=\"1626\" height=\"554\" src=\"https:\/\/g25.com.pl\/wp-content\/uploads\/2024\/03\/Zrzut-ekranu-2024-03-6-o-15.26.02.png\" class=\"attachment-full size-full wp-image-9502\" alt=\"\" srcset=\"https:\/\/g25.com.pl\/wp-content\/uploads\/2024\/03\/Zrzut-ekranu-2024-03-6-o-15.26.02.png 1626w, https:\/\/g25.com.pl\/wp-content\/uploads\/2024\/03\/Zrzut-ekranu-2024-03-6-o-15.26.02-350x119.png 350w, https:\/\/g25.com.pl\/wp-content\/uploads\/2024\/03\/Zrzut-ekranu-2024-03-6-o-15.26.02-1200x409.png 1200w, https:\/\/g25.com.pl\/wp-content\/uploads\/2024\/03\/Zrzut-ekranu-2024-03-6-o-15.26.02-768x262.png 768w, https:\/\/g25.com.pl\/wp-content\/uploads\/2024\/03\/Zrzut-ekranu-2024-03-6-o-15.26.02-1536x523.png 1536w, https:\/\/g25.com.pl\/wp-content\/uploads\/2024\/03\/Zrzut-ekranu-2024-03-6-o-15.26.02-18x6.png 18w\" sizes=\"(max-width: 1626px) 100vw, 1626px\" \/>\t\t\t\t\t\t\t\t\t\t\t\t\t\t\t<\/div>\n\t\t\t\t<\/div>\n\t\t\t\t<div class=\"elementor-element elementor-element-71c82436 elementor-widget elementor-widget-heading\" data-id=\"71c82436\" data-element_type=\"widget\" data-widget_type=\"heading.default\">\n\t\t\t\t<div class=\"elementor-widget-container\">\n\t\t\t\t\t<h2 class=\"elementor-heading-title elementor-size-default\">W\u0119glik krzemu, 3M Scotch-Brite<\/h2>\t\t\t\t<\/div>\n\t\t\t\t<\/div>\n\t\t\t\t<div class=\"elementor-element elementor-element-5476b08 elementor-widget elementor-widget-jet-table\" data-id=\"5476b08\" data-element_type=\"widget\" data-widget_type=\"jet-table.default\">\n\t\t\t\t<div class=\"elementor-widget-container\">\n\t\t\t\t\t<div class=\"elementor-jet-table jet-elements\">\n\t\t<div class=\"jet-table-wrapper jet-table-responsive-mobile\">\n\t\t\t<table class=\"jet-table jet-table--fa5-compat\">\n\t\t\t\t<thead class=\"jet-table__head\"><tr class=\"jet-table__head-row\"><th class=\"jet-table__cell elementor-repeater-item-2eeb50e jet-table__head-cell\" scope=\"col\"><div class=\"jet-table__cell-inner\"><div class=\"jet-table__cell-content\"><div class=\"jet-table__cell-text\">D (mm)<\/div><\/div><\/div><\/th><th class=\"jet-table__cell elementor-repeater-item-4d1a886 jet-table__head-cell\" scope=\"col\"><div class=\"jet-table__cell-inner\"><div class=\"jet-table__cell-content\"><div class=\"jet-table__cell-text\">Thickness T (mm)<\/div><\/div><\/div><\/th><th class=\"jet-table__cell elementor-repeater-item-d56bcca jet-table__head-cell\" scope=\"col\"><div class=\"jet-table__cell-inner\"><div class=\"jet-table__cell-content\"><div class=\"jet-table__cell-text\"><small>Granulation<\/small><br\/><b>SXCRS<\/b><\/div><\/div><\/div><\/th><th class=\"jet-table__cell elementor-repeater-item-eb64140 jet-table__head-cell\" scope=\"col\"><div class=\"jet-table__cell-inner\"><div class=\"jet-table__cell-content\"><div class=\"jet-table__cell-text\">Max rpm<\/div><\/div><\/div><\/th><th class=\"jet-table__cell elementor-repeater-item-aea4d3c jet-table__head-cell\" scope=\"col\"><div class=\"jet-table__cell-inner\"><div class=\"jet-table__cell-content\"><div class=\"jet-table__cell-text\">Packaging (pieces)<\/div><\/div><\/div><\/th><\/tr><\/thead>\n\t\t\t\t\t\t\t\t<tbody class=\"jet-table__body\"><tr class=\"jet-table__body-row elementor-repeater-item-0c9e2e3\"><td class=\"jet-table__cell elementor-repeater-item-e00d354 jet-table__body-cell\"><div class=\"jet-table__cell-inner\"><div class=\"jet-table__cell-content\"><div class=\"jet-table__cell-text\">38<\/div><\/div><\/div><\/td><td class=\"jet-table__cell elementor-repeater-item-0bb9318 jet-table__body-cell\"><div class=\"jet-table__cell-inner\"><div class=\"jet-table__cell-content\"><div class=\"jet-table__cell-text\">15<\/div><\/div><\/div><\/td><td class=\"jet-table__cell elementor-repeater-item-63cbeca jet-table__body-cell\"><div class=\"jet-table__cell-inner\"><div class=\"jet-table__cell-content\"><div class=\"jet-table__cell-text\">\u2713<\/div><\/div><\/div><\/td><td class=\"jet-table__cell elementor-repeater-item-7fe3a60 jet-table__body-cell\"><div class=\"jet-table__cell-inner\"><div class=\"jet-table__cell-content\"><div class=\"jet-table__cell-text\">25 000<\/div><\/div><\/div><\/td><td class=\"jet-table__cell elementor-repeater-item-75c4534 jet-table__body-cell\"><div class=\"jet-table__cell-inner\"><div class=\"jet-table__cell-content\"><div class=\"jet-table__cell-text\">50<\/div><\/div><\/div><\/td><\/tr><tr class=\"jet-table__body-row elementor-repeater-item-1202103\"><td class=\"jet-table__cell elementor-repeater-item-f371b7d jet-table__body-cell\"><div class=\"jet-table__cell-inner\"><div class=\"jet-table__cell-content\"><div class=\"jet-table__cell-text\">50<\/div><\/div><\/div><\/td><td class=\"jet-table__cell elementor-repeater-item-ea964ce jet-table__body-cell\"><div class=\"jet-table__cell-inner\"><div class=\"jet-table__cell-content\"><div class=\"jet-table__cell-text\">15<\/div><\/div><\/div><\/td><td class=\"jet-table__cell elementor-repeater-item-8c4057c jet-table__body-cell\"><div class=\"jet-table__cell-inner\"><div class=\"jet-table__cell-content\"><div class=\"jet-table__cell-text\">\u2713<\/div><\/div><\/div><\/td><td class=\"jet-table__cell elementor-repeater-item-dad7a5f jet-table__body-cell\"><div class=\"jet-table__cell-inner\"><div class=\"jet-table__cell-content\"><div class=\"jet-table__cell-text\">25 000<\/div><\/div><\/div><\/td><td class=\"jet-table__cell elementor-repeater-item-6c249e2 jet-table__body-cell\"><div class=\"jet-table__cell-inner\"><div class=\"jet-table__cell-content\"><div class=\"jet-table__cell-text\">50<\/div><\/div><\/div><\/td><\/tr><tr class=\"jet-table__body-row elementor-repeater-item-d7e11d2\"><td class=\"jet-table__cell elementor-repeater-item-8adc023 jet-table__body-cell\"><div class=\"jet-table__cell-inner\"><div class=\"jet-table__cell-content\"><div class=\"jet-table__cell-text\">63<\/div><\/div><\/div><\/td><td class=\"jet-table__cell elementor-repeater-item-08580d3 jet-table__body-cell\"><div class=\"jet-table__cell-inner\"><div class=\"jet-table__cell-content\"><div class=\"jet-table__cell-text\">15<\/div><\/div><\/div><\/td><td class=\"jet-table__cell elementor-repeater-item-559948e jet-table__body-cell\"><div class=\"jet-table__cell-inner\"><div class=\"jet-table__cell-content\"><div class=\"jet-table__cell-text\">\u2713<\/div><\/div><\/div><\/td><td class=\"jet-table__cell elementor-repeater-item-ec7f5e4 jet-table__body-cell\"><div class=\"jet-table__cell-inner\"><div class=\"jet-table__cell-content\"><div class=\"jet-table__cell-text\">22 000<\/div><\/div><\/div><\/td><td class=\"jet-table__cell elementor-repeater-item-416447d jet-table__body-cell\"><div class=\"jet-table__cell-inner\"><div class=\"jet-table__cell-content\"><div class=\"jet-table__cell-text\">50<\/div><\/div><\/div><\/td><\/tr><tr class=\"jet-table__body-row elementor-repeater-item-3290b60\"><td class=\"jet-table__cell elementor-repeater-item-e5a09fb jet-table__body-cell\"><div class=\"jet-table__cell-inner\"><div class=\"jet-table__cell-content\"><div class=\"jet-table__cell-text\">75<\/div><\/div><\/div><\/td><td class=\"jet-table__cell elementor-repeater-item-b3b2664 jet-table__body-cell\"><div class=\"jet-table__cell-inner\"><div class=\"jet-table__cell-content\"><div class=\"jet-table__cell-text\">15<\/div><\/div><\/div><\/td><td class=\"jet-table__cell elementor-repeater-item-a5532c9 jet-table__body-cell\"><div class=\"jet-table__cell-inner\"><div class=\"jet-table__cell-content\"><div class=\"jet-table__cell-text\">\u2713<\/div><\/div><\/div><\/td><td class=\"jet-table__cell elementor-repeater-item-8db4537 jet-table__body-cell\"><div class=\"jet-table__cell-inner\"><div class=\"jet-table__cell-content\"><div class=\"jet-table__cell-text\">20 000<\/div><\/div><\/div><\/td><td class=\"jet-table__cell elementor-repeater-item-773f134 jet-table__body-cell\"><div class=\"jet-table__cell-inner\"><div class=\"jet-table__cell-content\"><div class=\"jet-table__cell-text\">50<\/div><\/div><\/div><\/td><\/tr><\/tbody>\n\t\t\t<\/table>\n\t\t<\/div>\n\n\t\t<\/div>\t\t\t\t<\/div>\n\t\t\t\t<\/div>\n\t\t\t\t<div class=\"elementor-element elementor-element-e3599cc elementor-widget elementor-widget-image\" data-id=\"e3599cc\" data-element_type=\"widget\" data-widget_type=\"image.default\">\n\t\t\t\t<div class=\"elementor-widget-container\">\n\t\t\t\t\t\t\t\t\t\t\t\t\t\t\t<img decoding=\"async\" width=\"1106\" height=\"84\" src=\"https:\/\/g25.com.pl\/wp-content\/uploads\/2024\/03\/Zrzut-ekranu-2024-03-6-o-13.34.36.png\" class=\"attachment-large size-large wp-image-9468\" alt=\"\" srcset=\"https:\/\/g25.com.pl\/wp-content\/uploads\/2024\/03\/Zrzut-ekranu-2024-03-6-o-13.34.36.png 1106w, https:\/\/g25.com.pl\/wp-content\/uploads\/2024\/03\/Zrzut-ekranu-2024-03-6-o-13.34.36-350x27.png 350w, https:\/\/g25.com.pl\/wp-content\/uploads\/2024\/03\/Zrzut-ekranu-2024-03-6-o-13.34.36-768x58.png 768w, https:\/\/g25.com.pl\/wp-content\/uploads\/2024\/03\/Zrzut-ekranu-2024-03-6-o-13.34.36-18x1.png 18w\" sizes=\"(max-width: 1106px) 100vw, 1106px\" \/>\t\t\t\t\t\t\t\t\t\t\t\t\t\t\t<\/div>\n\t\t\t\t<\/div>\n\t\t\t\t\t<\/div>\n\t\t<\/div>\n\t\t\t\t\t<\/div>\n\t\t<\/section>\n\t\t\t\t<section data-particle_enable=\"false\" data-particle-mobile-disabled=\"false\" class=\"elementor-section elementor-top-section elementor-element elementor-element-65da7abe elementor-section-boxed elementor-section-height-default elementor-section-height-default\" data-id=\"65da7abe\" data-element_type=\"section\">\n\t\t\t\t\t\t<div class=\"elementor-container elementor-column-gap-default\">\n\t\t\t\t\t<div class=\"elementor-column elementor-col-100 elementor-top-column elementor-element elementor-element-43099a2f\" data-id=\"43099a2f\" data-element_type=\"column\">\n\t\t\t<div class=\"elementor-widget-wrap\">\n\t\t\t\t\t\t\t<\/div>\n\t\t<\/div>\n\t\t\t\t\t<\/div>\n\t\t<\/section>\n\t\t\t\t<\/div>","protected":false},"excerpt":{"rendered":"<p>W\u0119glik krzemu, 3M Scotch-Brite D (mm) Grubo\u015b\u0107 T (mm) GranulacjaSXCRS Max. obr.\/min. Opakowanie (sztuki) 38 15 \u2713 25 000 50 50 15 \u2713 25 000 50 63 15 \u2713 22 000 50 75 15 \u2713 20 000 50<\/p>","protected":false},"author":1,"featured_media":9496,"parent":8688,"menu_order":0,"comment_status":"closed","ping_status":"closed","template":"elementor_header_footer","meta":{"footnotes":""},"class_list":["post-9493","page","type-page","status-publish","has-post-thumbnail","hentry","entry","has-media"],"aioseo_notices":[],"_links":{"self":[{"href":"https:\/\/g25.com.pl\/en\/wp-json\/wp\/v2\/pages\/9493","targetHints":{"allow":["GET"]}}],"collection":[{"href":"https:\/\/g25.com.pl\/en\/wp-json\/wp\/v2\/pages"}],"about":[{"href":"https:\/\/g25.com.pl\/en\/wp-json\/wp\/v2\/types\/page"}],"author":[{"embeddable":true,"href":"https:\/\/g25.com.pl\/en\/wp-json\/wp\/v2\/users\/1"}],"replies":[{"embeddable":true,"href":"https:\/\/g25.com.pl\/en\/wp-json\/wp\/v2\/comments?post=9493"}],"version-history":[{"count":0,"href":"https:\/\/g25.com.pl\/en\/wp-json\/wp\/v2\/pages\/9493\/revisions"}],"up":[{"embeddable":true,"href":"https:\/\/g25.com.pl\/en\/wp-json\/wp\/v2\/pages\/8688"}],"wp:featuredmedia":[{"embeddable":true,"href":"https:\/\/g25.com.pl\/en\/wp-json\/wp\/v2\/media\/9496"}],"wp:attachment":[{"href":"https:\/\/g25.com.pl\/en\/wp-json\/wp\/v2\/media?parent=9493"}],"curies":[{"name":"wp","href":"https:\/\/api.w.org\/{rel}","templated":true}]}}