{"id":8699,"date":"2024-02-28T09:28:21","date_gmt":"2024-02-28T08:28:21","guid":{"rendered":"https:\/\/g25.com.pl\/?page_id=8699"},"modified":"2024-05-23T15:33:07","modified_gmt":"2024-05-23T13:33:07","slug":"sciernice-otworowe","status":"publish","type":"page","link":"https:\/\/g25.com.pl\/en\/produkty\/materialy-scierne-ogolne\/sciernice-otworowe\/","title":{"rendered":"Grinding wheels with holes"},"content":{"rendered":"<div data-elementor-type=\"wp-page\" data-elementor-id=\"8699\" class=\"elementor elementor-8699\" data-elementor-post-type=\"page\">\n\t\t\t\t\t\t<section data-particle_enable=\"false\" data-particle-mobile-disabled=\"false\" class=\"elementor-section elementor-top-section elementor-element elementor-element-17bbc10 elementor-section-full_width elementor-section-height-min-height elementor-section-height-default elementor-section-items-middle\" data-id=\"17bbc10\" data-element_type=\"section\" data-settings=\"{&quot;background_background&quot;:&quot;classic&quot;}\">\n\t\t\t\t\t\t\t<div class=\"elementor-background-overlay\"><\/div>\n\t\t\t\t\t\t\t<div class=\"elementor-container elementor-column-gap-default\">\n\t\t\t\t\t<div class=\"elementor-column elementor-col-100 elementor-top-column elementor-element elementor-element-b78dbe3 elementor-invisible\" data-id=\"b78dbe3\" data-element_type=\"column\" data-settings=\"{&quot;animation&quot;:&quot;fadeInUp&quot;}\">\n\t\t\t<div class=\"elementor-widget-wrap elementor-element-populated\">\n\t\t\t\t\t\t<section data-particle_enable=\"false\" data-particle-mobile-disabled=\"false\" class=\"elementor-section elementor-inner-section elementor-element elementor-element-a73fe80 elementor-section-boxed elementor-section-height-default elementor-section-height-default\" data-id=\"a73fe80\" data-element_type=\"section\">\n\t\t\t\t\t\t<div class=\"elementor-container elementor-column-gap-default\">\n\t\t\t\t\t<div class=\"elementor-column elementor-col-100 elementor-inner-column elementor-element elementor-element-c6d92fa\" data-id=\"c6d92fa\" data-element_type=\"column\">\n\t\t\t<div class=\"elementor-widget-wrap elementor-element-populated\">\n\t\t\t\t\t\t<div class=\"elementor-element elementor-element-5fc77c7 elementor-widget elementor-widget-heading\" data-id=\"5fc77c7\" data-element_type=\"widget\" data-widget_type=\"heading.default\">\n\t\t\t\t<div class=\"elementor-widget-container\">\n\t\t\t\t\t<h1 class=\"elementor-heading-title elementor-size-default\">Grinding wheels with holes<\/h1>\t\t\t\t<\/div>\n\t\t\t\t<\/div>\n\t\t\t\t\t<\/div>\n\t\t<\/div>\n\t\t\t\t\t<\/div>\n\t\t<\/section>\n\t\t\t\t\t<\/div>\n\t\t<\/div>\n\t\t\t\t\t<\/div>\n\t\t<\/section>\n\t\t\t\t<section data-particle_enable=\"false\" data-particle-mobile-disabled=\"false\" class=\"elementor-section elementor-top-section elementor-element elementor-element-1b6a5d9 elementor-section-boxed elementor-section-height-default elementor-section-height-default\" data-id=\"1b6a5d9\" data-element_type=\"section\">\n\t\t\t\t\t\t<div class=\"elementor-container elementor-column-gap-default\">\n\t\t\t\t\t<div class=\"elementor-column elementor-col-100 elementor-top-column elementor-element elementor-element-8bf3279\" data-id=\"8bf3279\" data-element_type=\"column\">\n\t\t\t<div class=\"elementor-widget-wrap elementor-element-populated\">\n\t\t\t\t\t\t<div class=\"elementor-element elementor-element-7096b43 elementor-widget elementor-widget-shortcode\" data-id=\"7096b43\" data-element_type=\"widget\" data-widget_type=\"shortcode.default\">\n\t\t\t\t<div class=\"elementor-widget-container\">\n\t\t\t\t\t\t\t<div class=\"elementor-shortcode\"><div id=\"ccchildpages-1\" class=\"ccchildpages fourcol product ccclearfix\"><div class=\"ccchildpage  ccfirst ccodd ccpage-count-1 ccpage-id-8701 ccpage-sciernice-otworowe-z-plotna ccpage-has-parent ccpage-pid-8699 ccpage-parent-sciernice-otworowe\"><h3 class=\"ccpage_linked_title\"><a class=\"ccpage_title_link\" href=\"https:\/\/g25.com.pl\/en\/produkty\/materialy-scierne-ogolne\/sciernice-otworowe\/sciernice-otworowe-z-plotna\/\" title=\"OLAO cloth hole grinding wheels\">OLAO cloth hole grinding wheels<\/a><\/h3><a class=\"ccpage_linked_thumb\" href=\"https:\/\/g25.com.pl\/en\/produkty\/materialy-scierne-ogolne\/sciernice-otworowe\/sciernice-otworowe-z-plotna\/\" title=\"OLAO cloth hole grinding wheels\"><img fetchpriority=\"high\" decoding=\"async\" width=\"350\" height=\"350\" src=\"https:\/\/g25.com.pl\/wp-content\/uploads\/2024\/02\/sciernice-otworowe-listkowe-1.png\" class=\"cc-child-pages-thumb wp-post-image\" alt=\"\u015aciernice otworowe z p\u0142\u00f3tna OLAO\" title=\"OLAO cloth hole grinding wheels\" srcset=\"https:\/\/g25.com.pl\/wp-content\/uploads\/2024\/02\/sciernice-otworowe-listkowe-1.png 350w, https:\/\/g25.com.pl\/wp-content\/uploads\/2024\/02\/sciernice-otworowe-listkowe-1-12x12.png 12w\" sizes=\"(max-width: 350px) 100vw, 350px\" \/><\/a><\/div><div class=\"ccchildpage  cceven ccpage-count-2 ccpage-id-8709 ccpage-sciernice-otworowe-z-wlokniny ccpage-has-parent ccpage-pid-8699 ccpage-parent-sciernice-otworowe\"><h3 class=\"ccpage_linked_title\"><a class=\"ccpage_title_link\" href=\"https:\/\/g25.com.pl\/en\/produkty\/materialy-scierne-ogolne\/sciernice-otworowe\/sciernice-otworowe-z-wlokniny\/\" title=\"Hole grinding wheels made of non-woven fabric type N, OWON\">Hole grinding wheels made of non-woven fabric type N, OWON<\/a><\/h3><a class=\"ccpage_linked_thumb\" href=\"https:\/\/g25.com.pl\/en\/produkty\/materialy-scierne-ogolne\/sciernice-otworowe\/sciernice-otworowe-z-wlokniny\/\" title=\"Hole grinding wheels made of non-woven fabric type N, OWON\"><img decoding=\"async\" width=\"350\" height=\"350\" src=\"https:\/\/g25.com.pl\/wp-content\/uploads\/2024\/02\/sciernice-otworowe-typ-n.png\" class=\"cc-child-pages-thumb wp-post-image\" alt=\"\u015aciernice otworowe z w\u0142\u00f3kniny typ N, OWON\" title=\"Hole grinding wheels made of non-woven fabric type N, OWON\" srcset=\"https:\/\/g25.com.pl\/wp-content\/uploads\/2024\/02\/sciernice-otworowe-typ-n.png 350w, https:\/\/g25.com.pl\/wp-content\/uploads\/2024\/02\/sciernice-otworowe-typ-n-12x12.png 12w\" sizes=\"(max-width: 350px) 100vw, 350px\" \/><\/a><\/div><div class=\"ccchildpage  ccodd ccpage-count-3 ccpage-id-8716 ccpage-sciernice-otworowe-z-wlokniny-z-przekladka ccpage-has-parent ccpage-pid-8699 ccpage-parent-sciernice-otworowe\"><h3 class=\"ccpage_linked_title\"><a class=\"ccpage_title_link\" href=\"https:\/\/g25.com.pl\/en\/produkty\/materialy-scierne-ogolne\/sciernice-otworowe\/sciernice-otworowe-z-wlokniny-z-przekladka\/\" title=\"Hole grinding wheels made of non-woven fabric type N with OWPN insert\">Hole grinding wheels made of non-woven fabric type N with OWPN insert<\/a><\/h3><a class=\"ccpage_linked_thumb\" href=\"https:\/\/g25.com.pl\/en\/produkty\/materialy-scierne-ogolne\/sciernice-otworowe\/sciernice-otworowe-z-wlokniny-z-przekladka\/\" title=\"Hole grinding wheels made of non-woven fabric type N with OWPN insert\"><img decoding=\"async\" width=\"350\" height=\"350\" src=\"https:\/\/g25.com.pl\/wp-content\/uploads\/2024\/02\/sciernice-otworowe-z-przekladka.png\" class=\"cc-child-pages-thumb wp-post-image\" alt=\"\u015aciernice otworowe z w\u0142\u00f3kniny typ N z przek\u0142adk\u0105 OWPN\" title=\"Hole grinding wheels made of non-woven fabric type N with OWPN insert\" srcset=\"https:\/\/g25.com.pl\/wp-content\/uploads\/2024\/02\/sciernice-otworowe-z-przekladka.png 350w, https:\/\/g25.com.pl\/wp-content\/uploads\/2024\/02\/sciernice-otworowe-z-przekladka-12x12.png 12w\" sizes=\"(max-width: 350px) 100vw, 350px\" \/><\/a><\/div><\/div><\/div>\n\t\t\t\t\t\t<\/div>\n\t\t\t\t<\/div>\n\t\t\t\t\t<\/div>\n\t\t<\/div>\n\t\t\t\t\t<\/div>\n\t\t<\/section>\n\t\t\t\t<\/div>","protected":false},"excerpt":{"rendered":"","protected":false},"author":1,"featured_media":9919,"parent":7448,"menu_order":0,"comment_status":"closed","ping_status":"closed","template":"elementor_header_footer","meta":{"footnotes":""},"class_list":["post-8699","page","type-page","status-publish","has-post-thumbnail","hentry","entry","has-media"],"aioseo_notices":[],"_links":{"self":[{"href":"https:\/\/g25.com.pl\/en\/wp-json\/wp\/v2\/pages\/8699","targetHints":{"allow":["GET"]}}],"collection":[{"href":"https:\/\/g25.com.pl\/en\/wp-json\/wp\/v2\/pages"}],"about":[{"href":"https:\/\/g25.com.pl\/en\/wp-json\/wp\/v2\/types\/page"}],"author":[{"embeddable":true,"href":"https:\/\/g25.com.pl\/en\/wp-json\/wp\/v2\/users\/1"}],"replies":[{"embeddable":true,"href":"https:\/\/g25.com.pl\/en\/wp-json\/wp\/v2\/comments?post=8699"}],"version-history":[{"count":1,"href":"https:\/\/g25.com.pl\/en\/wp-json\/wp\/v2\/pages\/8699\/revisions"}],"predecessor-version":[{"id":9920,"href":"https:\/\/g25.com.pl\/en\/wp-json\/wp\/v2\/pages\/8699\/revisions\/9920"}],"up":[{"embeddable":true,"href":"https:\/\/g25.com.pl\/en\/wp-json\/wp\/v2\/pages\/7448"}],"wp:featuredmedia":[{"embeddable":true,"href":"https:\/\/g25.com.pl\/en\/wp-json\/wp\/v2\/media\/9919"}],"wp:attachment":[{"href":"https:\/\/g25.com.pl\/en\/wp-json\/wp\/v2\/media?parent=8699"}],"curies":[{"name":"wp","href":"https:\/\/api.w.org\/{rel}","templated":true}]}}