{"id":8688,"date":"2024-02-27T13:58:13","date_gmt":"2024-02-27T12:58:13","guid":{"rendered":"https:\/\/g25.com.pl\/?page_id=8688"},"modified":"2024-03-07T07:56:29","modified_gmt":"2024-03-07T06:56:29","slug":"narzedzia-z-wlokniny-clean-strip-czarnej","status":"publish","type":"page","link":"https:\/\/g25.com.pl\/en\/produkty\/materialy-scierne-ogolne\/narzedzia-z-wlokniny-clean-strip-czarnej\/","title":{"rendered":"Clean &amp; Strip Black Nonwoven Tools"},"content":{"rendered":"<div data-elementor-type=\"wp-page\" data-elementor-id=\"8688\" class=\"elementor elementor-8688\" data-elementor-post-type=\"page\">\n\t\t\t\t\t\t<section data-particle_enable=\"false\" data-particle-mobile-disabled=\"false\" class=\"elementor-section elementor-top-section elementor-element elementor-element-4685386 elementor-section-full_width elementor-section-height-min-height elementor-section-height-default elementor-section-items-middle\" data-id=\"4685386\" data-element_type=\"section\" data-settings=\"{&quot;background_background&quot;:&quot;classic&quot;}\">\n\t\t\t\t\t\t\t<div class=\"elementor-background-overlay\"><\/div>\n\t\t\t\t\t\t\t<div class=\"elementor-container elementor-column-gap-default\">\n\t\t\t\t\t<div class=\"elementor-column elementor-col-100 elementor-top-column elementor-element elementor-element-34e9501 elementor-invisible\" data-id=\"34e9501\" data-element_type=\"column\" data-settings=\"{&quot;animation&quot;:&quot;fadeInUp&quot;}\">\n\t\t\t<div class=\"elementor-widget-wrap elementor-element-populated\">\n\t\t\t\t\t\t<section data-particle_enable=\"false\" data-particle-mobile-disabled=\"false\" class=\"elementor-section elementor-inner-section elementor-element elementor-element-2e588eb elementor-section-boxed elementor-section-height-default elementor-section-height-default\" data-id=\"2e588eb\" data-element_type=\"section\">\n\t\t\t\t\t\t<div class=\"elementor-container elementor-column-gap-default\">\n\t\t\t\t\t<div class=\"elementor-column elementor-col-100 elementor-inner-column elementor-element elementor-element-c6fef9b\" data-id=\"c6fef9b\" data-element_type=\"column\">\n\t\t\t<div class=\"elementor-widget-wrap elementor-element-populated\">\n\t\t\t\t\t\t<div class=\"elementor-element elementor-element-5106717 elementor-widget elementor-widget-heading\" data-id=\"5106717\" data-element_type=\"widget\" data-widget_type=\"heading.default\">\n\t\t\t\t<div class=\"elementor-widget-container\">\n\t\t\t\t\t<h1 class=\"elementor-heading-title elementor-size-default\">Clean &amp; Strip Black Nonwoven Tools<\/h1>\t\t\t\t<\/div>\n\t\t\t\t<\/div>\n\t\t\t\t\t<\/div>\n\t\t<\/div>\n\t\t\t\t\t<\/div>\n\t\t<\/section>\n\t\t\t\t\t<\/div>\n\t\t<\/div>\n\t\t\t\t\t<\/div>\n\t\t<\/section>\n\t\t\t\t<section data-particle_enable=\"false\" data-particle-mobile-disabled=\"false\" class=\"elementor-section elementor-top-section elementor-element elementor-element-1fe0b47 elementor-section-boxed elementor-section-height-default elementor-section-height-default\" data-id=\"1fe0b47\" data-element_type=\"section\">\n\t\t\t\t\t\t<div class=\"elementor-container elementor-column-gap-default\">\n\t\t\t\t\t<div class=\"elementor-column elementor-col-100 elementor-top-column elementor-element elementor-element-ea39e54\" data-id=\"ea39e54\" data-element_type=\"column\">\n\t\t\t<div class=\"elementor-widget-wrap elementor-element-populated\">\n\t\t\t\t\t\t<div class=\"elementor-element elementor-element-34fbc2e elementor-widget elementor-widget-shortcode\" data-id=\"34fbc2e\" data-element_type=\"widget\" data-widget_type=\"shortcode.default\">\n\t\t\t\t<div class=\"elementor-widget-container\">\n\t\t\t\t\t\t\t<div class=\"elementor-shortcode\"><div id=\"ccchildpages-1\" class=\"ccchildpages fourcol product ccclearfix\"><div class=\"ccchildpage  ccfirst ccodd ccpage-count-1 ccpage-id-9485 ccpage-dysk-z-otworem-csdc ccpage-has-parent ccpage-pid-8688 ccpage-parent-narzedzia-z-wlokniny-clean-strip-czarnej\"><h3 class=\"ccpage_linked_title\"><a class=\"ccpage_title_link\" href=\"https:\/\/g25.com.pl\/en\/produkty\/materialy-scierne-ogolne\/narzedzia-z-wlokniny-clean-strip-czarnej\/dysk-z-otworem-csdc\/\" title=\"Disc with CSDC hole\">Disc with CSDC hole<\/a><\/h3><a class=\"ccpage_linked_thumb\" href=\"https:\/\/g25.com.pl\/en\/produkty\/materialy-scierne-ogolne\/narzedzia-z-wlokniny-clean-strip-czarnej\/dysk-z-otworem-csdc\/\" title=\"Disc with CSDC hole\"><img fetchpriority=\"high\" decoding=\"async\" width=\"300\" height=\"300\" src=\"https:\/\/g25.com.pl\/wp-content\/uploads\/2024\/03\/Dss.png\" class=\"cc-child-pages-thumb wp-post-image\" alt=\"Dysk z otworem CSDC\" title=\"Disc with CSDC hole\" srcset=\"https:\/\/g25.com.pl\/wp-content\/uploads\/2024\/03\/Dss.png 300w, https:\/\/g25.com.pl\/wp-content\/uploads\/2024\/03\/Dss-12x12.png 12w\" sizes=\"(max-width: 300px) 100vw, 300px\" \/><\/a><\/div><div class=\"ccchildpage  cceven ccpage-count-2 ccpage-id-9493 ccpage-dysk-roll-on-csdr ccpage-has-parent ccpage-pid-8688 ccpage-parent-narzedzia-z-wlokniny-clean-strip-czarnej\"><h3 class=\"ccpage_linked_title\"><a class=\"ccpage_title_link\" href=\"https:\/\/g25.com.pl\/en\/produkty\/materialy-scierne-ogolne\/narzedzia-z-wlokniny-clean-strip-czarnej\/dysk-roll-on-csdr\/\" title=\"Dysk roll on CSDR\">Dysk roll on CSDR<\/a><\/h3><a class=\"ccpage_linked_thumb\" href=\"https:\/\/g25.com.pl\/en\/produkty\/materialy-scierne-ogolne\/narzedzia-z-wlokniny-clean-strip-czarnej\/dysk-roll-on-csdr\/\" title=\"Dysk roll on CSDR\"><img decoding=\"async\" width=\"300\" height=\"300\" src=\"https:\/\/g25.com.pl\/wp-content\/uploads\/2024\/03\/Dsrs.png\" class=\"cc-child-pages-thumb wp-post-image\" alt=\"Dysk roll on CSDR\" title=\"Dysk roll on CSDR\" srcset=\"https:\/\/g25.com.pl\/wp-content\/uploads\/2024\/03\/Dsrs.png 300w, https:\/\/g25.com.pl\/wp-content\/uploads\/2024\/03\/Dsrs-12x12.png 12w\" sizes=\"(max-width: 300px) 100vw, 300px\" \/><\/a><\/div><div class=\"ccchildpage  ccodd ccpage-count-3 ccpage-id-9508 ccpage-dysk-na-trzpieniu-csds ccpage-has-parent ccpage-pid-8688 ccpage-parent-narzedzia-z-wlokniny-clean-strip-czarnej\"><h3 class=\"ccpage_linked_title\"><a class=\"ccpage_title_link\" href=\"https:\/\/g25.com.pl\/en\/produkty\/materialy-scierne-ogolne\/narzedzia-z-wlokniny-clean-strip-czarnej\/dysk-na-trzpieniu-csds\/\" title=\"Disc on the CSDS spindle\">Disc on the CSDS spindle<\/a><\/h3><a class=\"ccpage_linked_thumb\" href=\"https:\/\/g25.com.pl\/en\/produkty\/materialy-scierne-ogolne\/narzedzia-z-wlokniny-clean-strip-czarnej\/dysk-na-trzpieniu-csds\/\" title=\"Disc on the CSDS spindle\"><img decoding=\"async\" width=\"300\" height=\"300\" src=\"https:\/\/g25.com.pl\/wp-content\/uploads\/2024\/03\/DsCs.png\" class=\"cc-child-pages-thumb wp-post-image\" alt=\"Dysk na trzpieniu CSDS\" title=\"Disc on the CSDS spindle\" srcset=\"https:\/\/g25.com.pl\/wp-content\/uploads\/2024\/03\/DsCs.png 300w, https:\/\/g25.com.pl\/wp-content\/uploads\/2024\/03\/DsCs-12x12.png 12w\" sizes=\"(max-width: 300px) 100vw, 300px\" \/><\/a><\/div><div class=\"ccchildpage  cclast cceven ccpage-count-4 ccpage-id-9515 ccpage-trzpien-do-dyskow ccpage-has-parent ccpage-pid-8688 ccpage-parent-narzedzia-z-wlokniny-clean-strip-czarnej\"><h3 class=\"ccpage_linked_title\"><a class=\"ccpage_title_link\" href=\"https:\/\/g25.com.pl\/en\/produkty\/materialy-scierne-ogolne\/narzedzia-z-wlokniny-clean-strip-czarnej\/trzpien-do-dyskow\/\" title=\"Disc spindle\">Disc spindle<\/a><\/h3><a class=\"ccpage_linked_thumb\" href=\"https:\/\/g25.com.pl\/en\/produkty\/materialy-scierne-ogolne\/narzedzia-z-wlokniny-clean-strip-czarnej\/trzpien-do-dyskow\/\" title=\"Disc spindle\"><img loading=\"lazy\" decoding=\"async\" width=\"300\" height=\"300\" src=\"https:\/\/g25.com.pl\/wp-content\/uploads\/2024\/03\/trzpi.png\" class=\"cc-child-pages-thumb wp-post-image\" alt=\"Trzpie\u0144 do dysk\u00f3w\" title=\"Disc spindle\" srcset=\"https:\/\/g25.com.pl\/wp-content\/uploads\/2024\/03\/trzpi.png 300w, https:\/\/g25.com.pl\/wp-content\/uploads\/2024\/03\/trzpi-12x12.png 12w\" sizes=\"(max-width: 300px) 100vw, 300px\" \/><\/a><\/div><div class=\"ccchildpage  ccfirst ccodd ccpage-count-5 ccpage-id-9618 ccpage-sciernica-otworowa-clean-strip ccpage-has-parent ccpage-pid-8688 ccpage-parent-narzedzia-z-wlokniny-clean-strip-czarnej\"><h3 class=\"ccpage_linked_title\"><a class=\"ccpage_title_link\" href=\"https:\/\/g25.com.pl\/en\/produkty\/materialy-scierne-ogolne\/narzedzia-z-wlokniny-clean-strip-czarnej\/sciernica-otworowa-clean-strip\/\" title=\"\u015aciernica Otworowa Clean &#038; Strip\">Clean &amp; Strip Hole Grinding Wheel<\/a><\/h3><a class=\"ccpage_linked_thumb\" href=\"https:\/\/g25.com.pl\/en\/produkty\/materialy-scierne-ogolne\/narzedzia-z-wlokniny-clean-strip-czarnej\/sciernica-otworowa-clean-strip\/\" title=\"\u015aciernica Otworowa Clean &#038; Strip\"><img loading=\"lazy\" decoding=\"async\" width=\"350\" height=\"350\" src=\"https:\/\/g25.com.pl\/wp-content\/uploads\/2024\/02\/narzedzia-z-wlokniny-2.png\" class=\"cc-child-pages-thumb wp-post-image\" alt=\"\u015aciernica Otworowa Clean &#038; Strip\" title=\"\u015aciernica Otworowa Clean &#038; Strip\" srcset=\"https:\/\/g25.com.pl\/wp-content\/uploads\/2024\/02\/narzedzia-z-wlokniny-2.png 350w, https:\/\/g25.com.pl\/wp-content\/uploads\/2024\/02\/narzedzia-z-wlokniny-2-12x12.png 12w\" sizes=\"(max-width: 350px) 100vw, 350px\" \/><\/a><\/div><div class=\"ccchildpage  cceven ccpage-count-6 ccpage-id-9626 ccpage-wloknina-do-zdzierania ccpage-has-parent ccpage-pid-8688 ccpage-parent-narzedzia-z-wlokniny-clean-strip-czarnej\"><h3 class=\"ccpage_linked_title\"><a class=\"ccpage_title_link\" href=\"https:\/\/g25.com.pl\/en\/produkty\/materialy-scierne-ogolne\/narzedzia-z-wlokniny-clean-strip-czarnej\/wloknina-do-zdzierania\/\" title=\"Non-woven fabric for tearing off\">Non-woven fabric for tearing off<\/a><\/h3><a class=\"ccpage_linked_thumb\" href=\"https:\/\/g25.com.pl\/en\/produkty\/materialy-scierne-ogolne\/narzedzia-z-wlokniny-clean-strip-czarnej\/wloknina-do-zdzierania\/\" title=\"Non-woven fabric for tearing off\"><img loading=\"lazy\" decoding=\"async\" width=\"350\" height=\"249\" src=\"https:\/\/g25.com.pl\/wp-content\/uploads\/2024\/03\/wloknina-png-350x249.png\" class=\"cc-child-pages-thumb wp-post-image\" alt=\"W\u0142\u00f3knina do \u017adzierania\" title=\"Non-woven fabric for tearing off\" srcset=\"https:\/\/g25.com.pl\/wp-content\/uploads\/2024\/03\/wloknina-png-350x249.png 350w, https:\/\/g25.com.pl\/wp-content\/uploads\/2024\/03\/wloknina-png-18x12.png 18w, https:\/\/g25.com.pl\/wp-content\/uploads\/2024\/03\/wloknina-png.png 539w\" sizes=\"(max-width: 350px) 100vw, 350px\" \/><\/a><\/div><div class=\"ccchildpage  ccodd ccpage-count-7 ccpage-id-9921 ccpage-dysk-z-otworem-csdc-copy ccpage-has-parent ccpage-pid-8688 ccpage-parent-narzedzia-z-wlokniny-clean-strip-czarnej\"><h3 class=\"ccpage_linked_title\"><a class=\"ccpage_title_link\" href=\"https:\/\/g25.com.pl\/en\/produkty\/materialy-scierne-ogolne\/narzedzia-z-wlokniny-clean-strip-czarnej\/dysk-z-otworem-csdc-copy\/\" title=\"CSRD backed disk\">CSRD backed disk<\/a><\/h3><a class=\"ccpage_linked_thumb\" href=\"https:\/\/g25.com.pl\/en\/produkty\/materialy-scierne-ogolne\/narzedzia-z-wlokniny-clean-strip-czarnej\/dysk-z-otworem-csdc-copy\/\" title=\"CSRD backed disk\"><img loading=\"lazy\" decoding=\"async\" width=\"350\" height=\"267\" src=\"https:\/\/g25.com.pl\/wp-content\/uploads\/2024\/05\/aaaaaa-2-350x267.png\" class=\"cc-child-pages-thumb wp-post-image\" alt=\"Dysk na podk\u0142adzie CSRD\" title=\"CSRD backed disk\" srcset=\"https:\/\/g25.com.pl\/wp-content\/uploads\/2024\/05\/aaaaaa-2-350x267.png 350w, https:\/\/g25.com.pl\/wp-content\/uploads\/2024\/05\/aaaaaa-2-16x12.png 16w, https:\/\/g25.com.pl\/wp-content\/uploads\/2024\/05\/aaaaaa-2.png 432w\" sizes=\"(max-width: 350px) 100vw, 350px\" \/><\/a><\/div><\/div><\/div>\n\t\t\t\t\t\t<\/div>\n\t\t\t\t<\/div>\n\t\t\t\t\t<\/div>\n\t\t<\/div>\n\t\t\t\t\t<\/div>\n\t\t<\/section>\n\t\t\t\t<\/div>","protected":false},"excerpt":{"rendered":"","protected":false},"author":1,"featured_media":8771,"parent":7448,"menu_order":0,"comment_status":"closed","ping_status":"closed","template":"elementor_header_footer","meta":{"footnotes":""},"class_list":["post-8688","page","type-page","status-publish","has-post-thumbnail","hentry","entry","has-media"],"aioseo_notices":[],"_links":{"self":[{"href":"https:\/\/g25.com.pl\/en\/wp-json\/wp\/v2\/pages\/8688","targetHints":{"allow":["GET"]}}],"collection":[{"href":"https:\/\/g25.com.pl\/en\/wp-json\/wp\/v2\/pages"}],"about":[{"href":"https:\/\/g25.com.pl\/en\/wp-json\/wp\/v2\/types\/page"}],"author":[{"embeddable":true,"href":"https:\/\/g25.com.pl\/en\/wp-json\/wp\/v2\/users\/1"}],"replies":[{"embeddable":true,"href":"https:\/\/g25.com.pl\/en\/wp-json\/wp\/v2\/comments?post=8688"}],"version-history":[{"count":0,"href":"https:\/\/g25.com.pl\/en\/wp-json\/wp\/v2\/pages\/8688\/revisions"}],"up":[{"embeddable":true,"href":"https:\/\/g25.com.pl\/en\/wp-json\/wp\/v2\/pages\/7448"}],"wp:featuredmedia":[{"embeddable":true,"href":"https:\/\/g25.com.pl\/en\/wp-json\/wp\/v2\/media\/8771"}],"wp:attachment":[{"href":"https:\/\/g25.com.pl\/en\/wp-json\/wp\/v2\/media?parent=8688"}],"curies":[{"name":"wp","href":"https:\/\/api.w.org\/{rel}","templated":true}]}}