{"id":8585,"date":"2024-02-26T13:52:15","date_gmt":"2024-02-26T12:52:15","guid":{"rendered":"https:\/\/g25.com.pl\/?page_id=8585"},"modified":"2024-02-26T14:21:09","modified_gmt":"2024-02-26T13:21:09","slug":"sciernice-trzpieniowe","status":"publish","type":"page","link":"https:\/\/g25.com.pl\/en\/produkty\/materialy-scierne-ogolne\/sciernice-trzpieniowe\/","title":{"rendered":"Shank grinding wheels"},"content":{"rendered":"<div data-elementor-type=\"wp-page\" data-elementor-id=\"8585\" class=\"elementor elementor-8585\" data-elementor-post-type=\"page\">\n\t\t\t\t\t\t<section data-particle_enable=\"false\" data-particle-mobile-disabled=\"false\" class=\"elementor-section elementor-top-section elementor-element elementor-element-5eefe5e elementor-section-full_width elementor-section-height-min-height elementor-section-height-default elementor-section-items-middle\" data-id=\"5eefe5e\" data-element_type=\"section\" data-settings=\"{&quot;background_background&quot;:&quot;classic&quot;}\">\n\t\t\t\t\t\t\t<div class=\"elementor-background-overlay\"><\/div>\n\t\t\t\t\t\t\t<div class=\"elementor-container elementor-column-gap-default\">\n\t\t\t\t\t<div class=\"elementor-column elementor-col-100 elementor-top-column elementor-element elementor-element-d87a834 elementor-invisible\" data-id=\"d87a834\" data-element_type=\"column\" data-settings=\"{&quot;animation&quot;:&quot;fadeInUp&quot;}\">\n\t\t\t<div class=\"elementor-widget-wrap elementor-element-populated\">\n\t\t\t\t\t\t<section data-particle_enable=\"false\" data-particle-mobile-disabled=\"false\" class=\"elementor-section elementor-inner-section elementor-element elementor-element-04e5370 elementor-section-boxed elementor-section-height-default elementor-section-height-default\" data-id=\"04e5370\" data-element_type=\"section\">\n\t\t\t\t\t\t<div class=\"elementor-container elementor-column-gap-default\">\n\t\t\t\t\t<div class=\"elementor-column elementor-col-100 elementor-inner-column elementor-element elementor-element-9ccd608\" data-id=\"9ccd608\" data-element_type=\"column\">\n\t\t\t<div class=\"elementor-widget-wrap elementor-element-populated\">\n\t\t\t\t\t\t<div class=\"elementor-element elementor-element-8ce7322 elementor-widget elementor-widget-heading\" data-id=\"8ce7322\" data-element_type=\"widget\" data-widget_type=\"heading.default\">\n\t\t\t\t<div class=\"elementor-widget-container\">\n\t\t\t\t\t<h1 class=\"elementor-heading-title elementor-size-default\">Shank grinding wheels<\/h1>\t\t\t\t<\/div>\n\t\t\t\t<\/div>\n\t\t\t\t\t<\/div>\n\t\t<\/div>\n\t\t\t\t\t<\/div>\n\t\t<\/section>\n\t\t\t\t\t<\/div>\n\t\t<\/div>\n\t\t\t\t\t<\/div>\n\t\t<\/section>\n\t\t\t\t<section data-particle_enable=\"false\" data-particle-mobile-disabled=\"false\" class=\"elementor-section elementor-top-section elementor-element elementor-element-3b2fdca elementor-section-boxed elementor-section-height-default elementor-section-height-default\" data-id=\"3b2fdca\" data-element_type=\"section\">\n\t\t\t\t\t\t<div class=\"elementor-container elementor-column-gap-default\">\n\t\t\t\t\t<div class=\"elementor-column elementor-col-100 elementor-top-column elementor-element elementor-element-53c7467\" data-id=\"53c7467\" data-element_type=\"column\">\n\t\t\t<div class=\"elementor-widget-wrap elementor-element-populated\">\n\t\t\t\t\t\t<div class=\"elementor-element elementor-element-eb02bd0 elementor-widget elementor-widget-shortcode\" data-id=\"eb02bd0\" data-element_type=\"widget\" data-widget_type=\"shortcode.default\">\n\t\t\t\t<div class=\"elementor-widget-container\">\n\t\t\t\t\t\t\t<div class=\"elementor-shortcode\"><div id=\"ccchildpages-1\" class=\"ccchildpages fourcol product ccclearfix\"><div class=\"ccchildpage  ccfirst ccodd ccpage-count-1 ccpage-id-8593 ccpage-sciernice-trzpieniowe-z-plotna-eletrokorund ccpage-has-parent ccpage-pid-8585 ccpage-parent-sciernice-trzpieniowe\"><h3 class=\"ccpage_linked_title\"><a class=\"ccpage_title_link\" href=\"https:\/\/g25.com.pl\/en\/produkty\/materialy-scierne-ogolne\/sciernice-trzpieniowe\/sciernice-trzpieniowe-z-plotna-eletrokorund\/\" title=\"Cloth grinding shanks Electrocorundum TLAO\">Cloth grinding shanks Electrocorundum TLAO<\/a><\/h3><a class=\"ccpage_linked_thumb\" href=\"https:\/\/g25.com.pl\/en\/produkty\/materialy-scierne-ogolne\/sciernice-trzpieniowe\/sciernice-trzpieniowe-z-plotna-eletrokorund\/\" title=\"Cloth grinding shanks Electrocorundum TLAO\"><img fetchpriority=\"high\" decoding=\"async\" width=\"350\" height=\"339\" src=\"https:\/\/g25.com.pl\/wp-content\/uploads\/2024\/02\/sciernice-trzpieniowe-350x339.png\" class=\"cc-child-pages-thumb wp-post-image\" alt=\"\u015aciernice trzpieniowe z p\u0142\u00f3tna Elektrokorund TLAO\" title=\"Cloth grinding shanks Electrocorundum TLAO\" srcset=\"https:\/\/g25.com.pl\/wp-content\/uploads\/2024\/02\/sciernice-trzpieniowe-350x339.png 350w, https:\/\/g25.com.pl\/wp-content\/uploads\/2024\/02\/sciernice-trzpieniowe-12x12.png 12w, https:\/\/g25.com.pl\/wp-content\/uploads\/2024\/02\/sciernice-trzpieniowe-600x583.png 600w, https:\/\/g25.com.pl\/wp-content\/uploads\/2024\/02\/sciernice-trzpieniowe.png 602w\" sizes=\"(max-width: 350px) 100vw, 350px\" \/><\/a><\/div><div class=\"ccchildpage  cceven ccpage-count-2 ccpage-id-8601 ccpage-sciernice-trzpieniowe-z-wlokniny-typ-n ccpage-has-parent ccpage-pid-8585 ccpage-parent-sciernice-trzpieniowe\"><h3 class=\"ccpage_linked_title\"><a class=\"ccpage_title_link\" href=\"https:\/\/g25.com.pl\/en\/produkty\/materialy-scierne-ogolne\/sciernice-trzpieniowe\/sciernice-trzpieniowe-z-wlokniny-typ-n\/\" title=\"Non-woven grinding wheels type N TWON\">Non-woven grinding wheels type N TWON<\/a><\/h3><a class=\"ccpage_linked_thumb\" href=\"https:\/\/g25.com.pl\/en\/produkty\/materialy-scierne-ogolne\/sciernice-trzpieniowe\/sciernice-trzpieniowe-z-wlokniny-typ-n\/\" title=\"Non-woven grinding wheels type N TWON\"><img decoding=\"async\" width=\"350\" height=\"338\" src=\"https:\/\/g25.com.pl\/wp-content\/uploads\/2024\/02\/sciernice-trzpieniowe-z-wlokniny-typ-n-350x338.png\" class=\"cc-child-pages-thumb wp-post-image\" alt=\"\u015aciernice trzpieniowe z w\u0142\u00f3kniny typ N TWON\" title=\"Non-woven grinding wheels type N TWON\" srcset=\"https:\/\/g25.com.pl\/wp-content\/uploads\/2024\/02\/sciernice-trzpieniowe-z-wlokniny-typ-n-350x338.png 350w, https:\/\/g25.com.pl\/wp-content\/uploads\/2024\/02\/sciernice-trzpieniowe-z-wlokniny-typ-n-12x12.png 12w, https:\/\/g25.com.pl\/wp-content\/uploads\/2024\/02\/sciernice-trzpieniowe-z-wlokniny-typ-n.png 513w\" sizes=\"(max-width: 350px) 100vw, 350px\" \/><\/a><\/div><div class=\"ccchildpage  ccodd ccpage-count-3 ccpage-id-8610 ccpage-sciernice-trzpieniowe-z-wlokniny-z-przekladka-typ-n ccpage-has-parent ccpage-pid-8585 ccpage-parent-sciernice-trzpieniowe\"><h3 class=\"ccpage_linked_title\"><a class=\"ccpage_title_link\" href=\"https:\/\/g25.com.pl\/en\/produkty\/materialy-scierne-ogolne\/sciernice-trzpieniowe\/sciernice-trzpieniowe-z-wlokniny-z-przekladka-typ-n\/\" title=\"\u015aciernice trzpieniowe z w\u0142\u00f3kniny typ N &#8211; z przek\u0142adk\u0105 TWPN\">Non-woven grinding wheels type N - with TWPN insert<\/a><\/h3><a class=\"ccpage_linked_thumb\" href=\"https:\/\/g25.com.pl\/en\/produkty\/materialy-scierne-ogolne\/sciernice-trzpieniowe\/sciernice-trzpieniowe-z-wlokniny-z-przekladka-typ-n\/\" title=\"\u015aciernice trzpieniowe z w\u0142\u00f3kniny typ N &#8211; z przek\u0142adk\u0105 TWPN\"><img decoding=\"async\" width=\"350\" height=\"338\" src=\"https:\/\/g25.com.pl\/wp-content\/uploads\/2024\/02\/sciernice-trzpieniowe-z-wlokniny-z-przekladka-typ-n-350x338.png\" class=\"cc-child-pages-thumb wp-post-image\" alt=\"\u015aciernice trzpieniowe z w\u0142\u00f3kniny typ N &#8211; z przek\u0142adk\u0105 TWPN\" title=\"\u015aciernice trzpieniowe z w\u0142\u00f3kniny typ N &#8211; z przek\u0142adk\u0105 TWPN\" srcset=\"https:\/\/g25.com.pl\/wp-content\/uploads\/2024\/02\/sciernice-trzpieniowe-z-wlokniny-z-przekladka-typ-n-350x338.png 350w, https:\/\/g25.com.pl\/wp-content\/uploads\/2024\/02\/sciernice-trzpieniowe-z-wlokniny-z-przekladka-typ-n-12x12.png 12w, https:\/\/g25.com.pl\/wp-content\/uploads\/2024\/02\/sciernice-trzpieniowe-z-wlokniny-z-przekladka-typ-n.png 513w\" sizes=\"(max-width: 350px) 100vw, 350px\" \/><\/a><\/div><\/div><\/div>\n\t\t\t\t\t\t<\/div>\n\t\t\t\t<\/div>\n\t\t\t\t\t<\/div>\n\t\t<\/div>\n\t\t\t\t\t<\/div>\n\t\t<\/section>\n\t\t\t\t<\/div>","protected":false},"excerpt":{"rendered":"<p>Shank grinding wheels<\/p>","protected":false},"author":1,"featured_media":8591,"parent":7448,"menu_order":0,"comment_status":"closed","ping_status":"closed","template":"elementor_header_footer","meta":{"footnotes":""},"class_list":["post-8585","page","type-page","status-publish","has-post-thumbnail","hentry","entry","has-media"],"aioseo_notices":[],"_links":{"self":[{"href":"https:\/\/g25.com.pl\/en\/wp-json\/wp\/v2\/pages\/8585","targetHints":{"allow":["GET"]}}],"collection":[{"href":"https:\/\/g25.com.pl\/en\/wp-json\/wp\/v2\/pages"}],"about":[{"href":"https:\/\/g25.com.pl\/en\/wp-json\/wp\/v2\/types\/page"}],"author":[{"embeddable":true,"href":"https:\/\/g25.com.pl\/en\/wp-json\/wp\/v2\/users\/1"}],"replies":[{"embeddable":true,"href":"https:\/\/g25.com.pl\/en\/wp-json\/wp\/v2\/comments?post=8585"}],"version-history":[{"count":0,"href":"https:\/\/g25.com.pl\/en\/wp-json\/wp\/v2\/pages\/8585\/revisions"}],"up":[{"embeddable":true,"href":"https:\/\/g25.com.pl\/en\/wp-json\/wp\/v2\/pages\/7448"}],"wp:featuredmedia":[{"embeddable":true,"href":"https:\/\/g25.com.pl\/en\/wp-json\/wp\/v2\/media\/8591"}],"wp:attachment":[{"href":"https:\/\/g25.com.pl\/en\/wp-json\/wp\/v2\/media?parent=8585"}],"curies":[{"name":"wp","href":"https:\/\/api.w.org\/{rel}","templated":true}]}}