{"id":8357,"date":"2020-04-13T14:24:26","date_gmt":"2020-04-13T12:24:26","guid":{"rendered":"https:\/\/g25.com.pl\/?page_id=8357"},"modified":"2024-12-19T12:27:12","modified_gmt":"2024-12-19T11:27:12","slug":"imadla","status":"publish","type":"page","link":"https:\/\/g25.com.pl\/en\/produkty\/imadla\/","title":{"rendered":"Vices"},"content":{"rendered":"<div data-elementor-type=\"wp-page\" data-elementor-id=\"8357\" class=\"elementor elementor-8357\" data-elementor-post-type=\"page\">\n\t\t\t\t\t\t<section data-particle_enable=\"false\" data-particle-mobile-disabled=\"false\" class=\"elementor-section elementor-top-section elementor-element elementor-element-1443b34 elementor-section-full_width elementor-section-height-min-height elementor-section-height-default elementor-section-items-middle\" data-id=\"1443b34\" data-element_type=\"section\" data-settings=\"{&quot;background_background&quot;:&quot;classic&quot;}\">\n\t\t\t\t\t\t\t<div class=\"elementor-background-overlay\"><\/div>\n\t\t\t\t\t\t\t<div class=\"elementor-container elementor-column-gap-default\">\n\t\t\t\t\t<div class=\"elementor-column elementor-col-100 elementor-top-column elementor-element elementor-element-3488faf elementor-invisible\" data-id=\"3488faf\" data-element_type=\"column\" data-settings=\"{&quot;animation&quot;:&quot;fadeInUp&quot;}\">\n\t\t\t<div class=\"elementor-widget-wrap elementor-element-populated\">\n\t\t\t\t\t\t<section data-particle_enable=\"false\" data-particle-mobile-disabled=\"false\" class=\"elementor-section elementor-inner-section elementor-element elementor-element-e69d418 elementor-section-boxed elementor-section-height-default elementor-section-height-default\" data-id=\"e69d418\" data-element_type=\"section\">\n\t\t\t\t\t\t<div class=\"elementor-container elementor-column-gap-default\">\n\t\t\t\t\t<div class=\"elementor-column elementor-col-100 elementor-inner-column elementor-element elementor-element-f14ed64\" data-id=\"f14ed64\" data-element_type=\"column\">\n\t\t\t<div class=\"elementor-widget-wrap elementor-element-populated\">\n\t\t\t\t\t\t<div class=\"elementor-element elementor-element-a09e5d6 elementor-widget elementor-widget-heading\" data-id=\"a09e5d6\" data-element_type=\"widget\" data-widget_type=\"heading.default\">\n\t\t\t\t<div class=\"elementor-widget-container\">\n\t\t\t\t\t<h1 class=\"elementor-heading-title elementor-size-default\">Fixing systems<\/h1>\t\t\t\t<\/div>\n\t\t\t\t<\/div>\n\t\t\t\t\t<\/div>\n\t\t<\/div>\n\t\t\t\t\t<\/div>\n\t\t<\/section>\n\t\t\t\t\t<\/div>\n\t\t<\/div>\n\t\t\t\t\t<\/div>\n\t\t<\/section>\n\t\t\t\t<section data-particle_enable=\"false\" data-particle-mobile-disabled=\"false\" class=\"elementor-section elementor-top-section elementor-element elementor-element-9928d19 elementor-section-boxed elementor-section-height-default elementor-section-height-default\" data-id=\"9928d19\" data-element_type=\"section\">\n\t\t\t\t\t\t<div class=\"elementor-container elementor-column-gap-default\">\n\t\t\t\t\t<div class=\"elementor-column elementor-col-100 elementor-top-column elementor-element elementor-element-916e3e8\" data-id=\"916e3e8\" data-element_type=\"column\">\n\t\t\t<div class=\"elementor-widget-wrap elementor-element-populated\">\n\t\t\t\t\t\t<div class=\"elementor-element elementor-element-bc4a056 elementor-widget elementor-widget-shortcode\" data-id=\"bc4a056\" data-element_type=\"widget\" data-widget_type=\"shortcode.default\">\n\t\t\t\t<div class=\"elementor-widget-container\">\n\t\t\t\t\t\t\t<div class=\"elementor-shortcode\"><div id=\"ccchildpages-1\" class=\"ccchildpages fourcol product ccclearfix\"><div class=\"ccchildpage  ccfirst ccodd ccpage-count-1 ccpage-id-8365 ccpage-imadla-centryczne ccpage-has-parent ccpage-pid-8357 ccpage-parent-imadla\"><h3 class=\"ccpage_linked_title\"><a class=\"ccpage_title_link\" href=\"https:\/\/g25.com.pl\/en\/produkty\/imadla\/imadla-centryczne\/\" title=\"Centric vices\">Centric vices<\/a><\/h3><a class=\"ccpage_linked_thumb\" href=\"https:\/\/g25.com.pl\/en\/produkty\/imadla\/imadla-centryczne\/\" title=\"Centric vices\"><img fetchpriority=\"high\" decoding=\"async\" width=\"350\" height=\"182\" src=\"https:\/\/g25.com.pl\/wp-content\/uploads\/2024\/02\/G25-SCS-80-350x182.png\" class=\"cc-child-pages-thumb wp-post-image\" alt=\"Imad\u0142a centryczne\" title=\"Centric vices\" srcset=\"https:\/\/g25.com.pl\/wp-content\/uploads\/2024\/02\/G25-SCS-80-350x182.png 350w, https:\/\/g25.com.pl\/wp-content\/uploads\/2024\/02\/G25-SCS-80-1200x624.png 1200w, https:\/\/g25.com.pl\/wp-content\/uploads\/2024\/02\/G25-SCS-80-768x399.png 768w, https:\/\/g25.com.pl\/wp-content\/uploads\/2024\/02\/G25-SCS-80-1536x799.png 1536w, https:\/\/g25.com.pl\/wp-content\/uploads\/2024\/02\/G25-SCS-80-2048x1065.png 2048w, https:\/\/g25.com.pl\/wp-content\/uploads\/2024\/02\/G25-SCS-80-18x9.png 18w\" sizes=\"(max-width: 350px) 100vw, 350px\" \/><\/a><\/div><div class=\"ccchildpage  cceven ccpage-count-2 ccpage-id-8375 ccpage-imadla-ze-stala-szczeka ccpage-has-parent ccpage-pid-8357 ccpage-parent-imadla\"><h3 class=\"ccpage_linked_title\"><a class=\"ccpage_title_link\" href=\"https:\/\/g25.com.pl\/en\/produkty\/imadla\/imadla-ze-stala-szczeka\/\" title=\"Fixed Jaw Vices\">Fixed Jaw Vices<\/a><\/h3><a class=\"ccpage_linked_thumb\" href=\"https:\/\/g25.com.pl\/en\/produkty\/imadla\/imadla-ze-stala-szczeka\/\" title=\"Fixed Jaw Vices\"><img decoding=\"async\" width=\"350\" height=\"182\" src=\"https:\/\/g25.com.pl\/wp-content\/uploads\/2024\/02\/G25-SCS-125-FJ-Set-350x182.png\" class=\"cc-child-pages-thumb wp-post-image\" alt=\"Imad\u0142a ze sta\u0142\u0105 szcz\u0119k\u0105\" title=\"Fixed Jaw Vices\" srcset=\"https:\/\/g25.com.pl\/wp-content\/uploads\/2024\/02\/G25-SCS-125-FJ-Set-350x182.png 350w, https:\/\/g25.com.pl\/wp-content\/uploads\/2024\/02\/G25-SCS-125-FJ-Set-1200x623.png 1200w, https:\/\/g25.com.pl\/wp-content\/uploads\/2024\/02\/G25-SCS-125-FJ-Set-768x398.png 768w, https:\/\/g25.com.pl\/wp-content\/uploads\/2024\/02\/G25-SCS-125-FJ-Set-1536x797.png 1536w, https:\/\/g25.com.pl\/wp-content\/uploads\/2024\/02\/G25-SCS-125-FJ-Set-2048x1063.png 2048w, https:\/\/g25.com.pl\/wp-content\/uploads\/2024\/02\/G25-SCS-125-FJ-Set-18x9.png 18w\" sizes=\"(max-width: 350px) 100vw, 350px\" \/><\/a><\/div><div class=\"ccchildpage  ccodd ccpage-count-3 ccpage-id-8389 ccpage-akcesoria ccpage-has-parent ccpage-pid-8357 ccpage-parent-imadla\"><h3 class=\"ccpage_linked_title\"><a class=\"ccpage_title_link\" href=\"https:\/\/g25.com.pl\/en\/produkty\/imadla\/akcesoria\/\" title=\"Accessories\">Accessories<\/a><\/h3><a class=\"ccpage_linked_thumb\" href=\"https:\/\/g25.com.pl\/en\/produkty\/imadla\/akcesoria\/\" title=\"Accessories\"><img decoding=\"async\" width=\"300\" height=\"300\" src=\"https:\/\/g25.com.pl\/wp-content\/uploads\/2024\/02\/akcesoria-wkladki.png\" class=\"cc-child-pages-thumb wp-post-image\" alt=\"Akcesoria\" title=\"Accessories\" srcset=\"https:\/\/g25.com.pl\/wp-content\/uploads\/2024\/02\/akcesoria-wkladki.png 300w, https:\/\/g25.com.pl\/wp-content\/uploads\/2024\/02\/akcesoria-wkladki-12x12.png 12w\" sizes=\"(max-width: 300px) 100vw, 300px\" \/><\/a><\/div><\/div><\/div>\n\t\t\t\t\t\t<\/div>\n\t\t\t\t<\/div>\n\t\t\t\t<div class=\"elementor-element elementor-element-79f7a44 elementor-widget elementor-widget-video\" data-id=\"79f7a44\" data-element_type=\"widget\" data-settings=\"{&quot;video_type&quot;:&quot;hosted&quot;,&quot;controls&quot;:&quot;yes&quot;}\" data-widget_type=\"video.default\">\n\t\t\t\t<div class=\"elementor-widget-container\">\n\t\t\t\t\t\t\t<div class=\"e-hosted-video elementor-wrapper elementor-open-inline\">\n\t\t\t\t\t<video class=\"elementor-video\" src=\"https:\/\/g25.com.pl\/wp-content\/uploads\/2024\/02\/Imadla-prezentacja.mp4\" controls=\"\" preload=\"metadata\" controlslist=\"nodownload\"><\/video>\n\t\t\t\t<\/div>\n\t\t\t\t\t\t<\/div>\n\t\t\t\t<\/div>\n\t\t\t\t\t<\/div>\n\t\t<\/div>\n\t\t\t\t\t<\/div>\n\t\t<\/section>\n\t\t\t\t<\/div>","protected":false},"excerpt":{"rendered":"<p>Systemy mocowa\u0144 https:\/\/g25.com.pl\/wp-content\/uploads\/2024\/02\/Imadla-prezentacja.mp4<\/p>","protected":false},"author":1,"featured_media":8360,"parent":24,"menu_order":0,"comment_status":"closed","ping_status":"closed","template":"elementor_header_footer","meta":{"footnotes":""},"class_list":["post-8357","page","type-page","status-publish","has-post-thumbnail","hentry","entry","has-media"],"aioseo_notices":[],"_links":{"self":[{"href":"https:\/\/g25.com.pl\/en\/wp-json\/wp\/v2\/pages\/8357","targetHints":{"allow":["GET"]}}],"collection":[{"href":"https:\/\/g25.com.pl\/en\/wp-json\/wp\/v2\/pages"}],"about":[{"href":"https:\/\/g25.com.pl\/en\/wp-json\/wp\/v2\/types\/page"}],"author":[{"embeddable":true,"href":"https:\/\/g25.com.pl\/en\/wp-json\/wp\/v2\/users\/1"}],"replies":[{"embeddable":true,"href":"https:\/\/g25.com.pl\/en\/wp-json\/wp\/v2\/comments?post=8357"}],"version-history":[{"count":1,"href":"https:\/\/g25.com.pl\/en\/wp-json\/wp\/v2\/pages\/8357\/revisions"}],"predecessor-version":[{"id":10488,"href":"https:\/\/g25.com.pl\/en\/wp-json\/wp\/v2\/pages\/8357\/revisions\/10488"}],"up":[{"embeddable":true,"href":"https:\/\/g25.com.pl\/en\/wp-json\/wp\/v2\/pages\/24"}],"wp:featuredmedia":[{"embeddable":true,"href":"https:\/\/g25.com.pl\/en\/wp-json\/wp\/v2\/media\/8360"}],"wp:attachment":[{"href":"https:\/\/g25.com.pl\/en\/wp-json\/wp\/v2\/media?parent=8357"}],"curies":[{"name":"wp","href":"https:\/\/api.w.org\/{rel}","templated":true}]}}