{"id":7448,"date":"2020-06-17T11:35:15","date_gmt":"2020-06-17T09:35:15","guid":{"rendered":"https:\/\/g25.com.pl\/?page_id=7448"},"modified":"2024-12-19T12:27:45","modified_gmt":"2024-12-19T11:27:45","slug":"materialy-scierne-ogolne","status":"publish","type":"page","link":"https:\/\/g25.com.pl\/en\/produkty\/materialy-scierne-ogolne\/","title":{"rendered":"Abrasive materials"},"content":{"rendered":"<div data-elementor-type=\"wp-post\" data-elementor-id=\"7448\" class=\"elementor elementor-7448\" data-elementor-post-type=\"page\">\n\t\t\t\t\t\t<section data-particle_enable=\"false\" data-particle-mobile-disabled=\"false\" class=\"elementor-section elementor-top-section elementor-element elementor-element-4f3254e elementor-section-full_width elementor-section-height-min-height elementor-section-height-default elementor-section-items-middle\" data-id=\"4f3254e\" data-element_type=\"section\" data-settings=\"{&quot;background_background&quot;:&quot;classic&quot;}\">\n\t\t\t\t\t\t\t<div class=\"elementor-background-overlay\"><\/div>\n\t\t\t\t\t\t\t<div class=\"elementor-container elementor-column-gap-default\">\n\t\t\t\t\t<div class=\"elementor-column elementor-col-100 elementor-top-column elementor-element elementor-element-dd286f7 elementor-invisible\" data-id=\"dd286f7\" data-element_type=\"column\" data-settings=\"{&quot;animation&quot;:&quot;fadeInUp&quot;}\">\n\t\t\t<div class=\"elementor-widget-wrap elementor-element-populated\">\n\t\t\t\t\t\t<section data-particle_enable=\"false\" data-particle-mobile-disabled=\"false\" class=\"elementor-section elementor-inner-section elementor-element elementor-element-4d9461b elementor-section-boxed elementor-section-height-default elementor-section-height-default\" data-id=\"4d9461b\" data-element_type=\"section\">\n\t\t\t\t\t\t<div class=\"elementor-container elementor-column-gap-default\">\n\t\t\t\t\t<div class=\"elementor-column elementor-col-100 elementor-inner-column elementor-element elementor-element-7efc53d\" data-id=\"7efc53d\" data-element_type=\"column\">\n\t\t\t<div class=\"elementor-widget-wrap elementor-element-populated\">\n\t\t\t\t\t\t<div class=\"elementor-element elementor-element-cc6b55f elementor-widget elementor-widget-heading\" data-id=\"cc6b55f\" data-element_type=\"widget\" data-widget_type=\"heading.default\">\n\t\t\t\t<div class=\"elementor-widget-container\">\n\t\t\t\t\t<h1 class=\"elementor-heading-title elementor-size-default\">abrasive materials<\/h1>\t\t\t\t<\/div>\n\t\t\t\t<\/div>\n\t\t\t\t\t<\/div>\n\t\t<\/div>\n\t\t\t\t\t<\/div>\n\t\t<\/section>\n\t\t\t\t\t<\/div>\n\t\t<\/div>\n\t\t\t\t\t<\/div>\n\t\t<\/section>\n\t\t\t\t<section data-particle_enable=\"false\" data-particle-mobile-disabled=\"false\" class=\"elementor-section elementor-top-section elementor-element elementor-element-9e43af1 elementor-section-boxed elementor-section-height-default elementor-section-height-default\" data-id=\"9e43af1\" data-element_type=\"section\">\n\t\t\t\t\t\t<div class=\"elementor-container elementor-column-gap-default\">\n\t\t\t\t\t<div class=\"elementor-column elementor-col-100 elementor-top-column elementor-element elementor-element-5a9de5e\" data-id=\"5a9de5e\" data-element_type=\"column\">\n\t\t\t<div class=\"elementor-widget-wrap elementor-element-populated\">\n\t\t\t\t\t\t<div class=\"elementor-element elementor-element-6bcad40 elementor-widget elementor-widget-shortcode\" data-id=\"6bcad40\" data-element_type=\"widget\" data-widget_type=\"shortcode.default\">\n\t\t\t\t<div class=\"elementor-widget-container\">\n\t\t\t\t\t\t\t<div class=\"elementor-shortcode\"><div id=\"ccchildpages-1\" class=\"ccchildpages fourcol product ccclearfix\"><div class=\"ccchildpage  ccfirst ccodd ccpage-count-1 ccpage-id-3017 ccpage-materialy-scierne ccpage-has-parent ccpage-pid-7448 ccpage-parent-materialy-scierne-ogolne\"><h3 class=\"ccpage_linked_title\"><a class=\"ccpage_title_link\" href=\"https:\/\/g25.com.pl\/en\/produkty\/materialy-scierne-ogolne\/materialy-scierne\/\" title=\"Tarcze \u015bcierne &#8211; Seria PREMIUM\">Grinding discs \u2013 PREMIUM Series<\/a><\/h3><a class=\"ccpage_linked_thumb\" href=\"https:\/\/g25.com.pl\/en\/produkty\/materialy-scierne-ogolne\/materialy-scierne\/\" title=\"Tarcze \u015bcierne &#8211; Seria PREMIUM\"><img fetchpriority=\"high\" decoding=\"async\" width=\"300\" height=\"300\" src=\"https:\/\/g25.com.pl\/wp-content\/uploads\/2023\/10\/materialy-scierne.png\" class=\"cc-child-pages-thumb wp-post-image\" alt=\"Tarcze \u015bcierne &#8211; Seria PREMIUM\" title=\"Tarcze \u015bcierne &#8211; Seria PREMIUM\" srcset=\"https:\/\/g25.com.pl\/wp-content\/uploads\/2023\/10\/materialy-scierne.png 300w, https:\/\/g25.com.pl\/wp-content\/uploads\/2023\/10\/materialy-scierne-12x12.png 12w\" sizes=\"(max-width: 300px) 100vw, 300px\" \/><\/a><\/div><div class=\"ccchildpage  cceven ccpage-count-2 ccpage-id-7459 ccpage-seria-standard ccpage-has-parent ccpage-pid-7448 ccpage-parent-materialy-scierne-ogolne\"><h3 class=\"ccpage_linked_title\"><a class=\"ccpage_title_link\" href=\"https:\/\/g25.com.pl\/en\/produkty\/materialy-scierne-ogolne\/seria-standard\/\" title=\"Tarcze \u015bcierne &#8211; Seria STANDARD\">Grinding discs \u2013 STANDARD Series<\/a><\/h3><a class=\"ccpage_linked_thumb\" href=\"https:\/\/g25.com.pl\/en\/produkty\/materialy-scierne-ogolne\/seria-standard\/\" title=\"Tarcze \u015bcierne &#8211; Seria STANDARD\"><img decoding=\"async\" width=\"300\" height=\"300\" src=\"https:\/\/g25.com.pl\/wp-content\/uploads\/2023\/10\/14.png\" class=\"cc-child-pages-thumb wp-post-image\" alt=\"Tarcze \u015bcierne &#8211; Seria STANDARD\" title=\"Tarcze \u015bcierne &#8211; Seria STANDARD\" srcset=\"https:\/\/g25.com.pl\/wp-content\/uploads\/2023\/10\/14.png 300w, https:\/\/g25.com.pl\/wp-content\/uploads\/2023\/10\/14-12x12.png 12w\" sizes=\"(max-width: 300px) 100vw, 300px\" \/><\/a><\/div><div class=\"ccchildpage  ccodd ccpage-count-3 ccpage-id-7468 ccpage-seria-basic ccpage-has-parent ccpage-pid-7448 ccpage-parent-materialy-scierne-ogolne\"><h3 class=\"ccpage_linked_title\"><a class=\"ccpage_title_link\" href=\"https:\/\/g25.com.pl\/en\/produkty\/materialy-scierne-ogolne\/seria-basic\/\" title=\"Tarcze \u015bcierne &#8211; Seria STANDARD HB\">Grinding discs \u2013 STANDARD HB series<\/a><\/h3><a class=\"ccpage_linked_thumb\" href=\"https:\/\/g25.com.pl\/en\/produkty\/materialy-scierne-ogolne\/seria-basic\/\" title=\"Tarcze \u015bcierne &#8211; Seria STANDARD HB\"><img decoding=\"async\" width=\"300\" height=\"300\" src=\"https:\/\/g25.com.pl\/wp-content\/uploads\/2023\/10\/materialy-scierne-HN.png\" class=\"cc-child-pages-thumb wp-post-image\" alt=\"Tarcze \u015bcierne &#8211; Seria STANDARD HB\" title=\"Tarcze \u015bcierne &#8211; Seria STANDARD HB\" srcset=\"https:\/\/g25.com.pl\/wp-content\/uploads\/2023\/10\/materialy-scierne-HN.png 300w, https:\/\/g25.com.pl\/wp-content\/uploads\/2023\/10\/materialy-scierne-HN-12x12.png 12w\" sizes=\"(max-width: 300px) 100vw, 300px\" \/><\/a><\/div><div class=\"ccchildpage  cclast cceven ccpage-count-4 ccpage-id-8585 ccpage-sciernice-trzpieniowe ccpage-has-parent ccpage-pid-7448 ccpage-parent-materialy-scierne-ogolne\"><h3 class=\"ccpage_linked_title\"><a class=\"ccpage_title_link\" href=\"https:\/\/g25.com.pl\/en\/produkty\/materialy-scierne-ogolne\/sciernice-trzpieniowe\/\" title=\"Shank grinding wheels\">Shank grinding wheels<\/a><\/h3><a class=\"ccpage_linked_thumb\" href=\"https:\/\/g25.com.pl\/en\/produkty\/materialy-scierne-ogolne\/sciernice-trzpieniowe\/\" title=\"Shank grinding wheels\"><img loading=\"lazy\" decoding=\"async\" width=\"350\" height=\"350\" src=\"https:\/\/g25.com.pl\/wp-content\/uploads\/2024\/02\/sciernice-trzpieniowe-main-350x350.png\" class=\"cc-child-pages-thumb wp-post-image\" alt=\"\u015aciernice trzpieniowe\" title=\"Shank grinding wheels\" srcset=\"https:\/\/g25.com.pl\/wp-content\/uploads\/2024\/02\/sciernice-trzpieniowe-main-350x350.png 350w, https:\/\/g25.com.pl\/wp-content\/uploads\/2024\/02\/sciernice-trzpieniowe-main-12x12.png 12w, https:\/\/g25.com.pl\/wp-content\/uploads\/2024\/02\/sciernice-trzpieniowe-main.png 500w\" sizes=\"(max-width: 350px) 100vw, 350px\" \/><\/a><\/div><div class=\"ccchildpage  ccfirst ccodd ccpage-count-5 ccpage-id-8620 ccpage-sciernice-listkowe-katowe ccpage-has-parent ccpage-pid-7448 ccpage-parent-materialy-scierne-ogolne\"><h3 class=\"ccpage_linked_title\"><a class=\"ccpage_title_link\" href=\"https:\/\/g25.com.pl\/en\/produkty\/materialy-scierne-ogolne\/sciernice-listkowe-katowe\/\" title=\"KLAO angle flap discs\">KLAO angle flap discs<\/a><\/h3><a class=\"ccpage_linked_thumb\" href=\"https:\/\/g25.com.pl\/en\/produkty\/materialy-scierne-ogolne\/sciernice-listkowe-katowe\/\" title=\"KLAO angle flap discs\"><img loading=\"lazy\" decoding=\"async\" width=\"350\" height=\"350\" src=\"https:\/\/g25.com.pl\/wp-content\/uploads\/2024\/02\/sciernice-otworowe-listkowe-katowe.png\" class=\"cc-child-pages-thumb wp-post-image\" alt=\"\u015aciernice listkowe k\u0105towe KLAO\" title=\"KLAO angle flap discs\" srcset=\"https:\/\/g25.com.pl\/wp-content\/uploads\/2024\/02\/sciernice-otworowe-listkowe-katowe.png 350w, https:\/\/g25.com.pl\/wp-content\/uploads\/2024\/02\/sciernice-otworowe-listkowe-katowe-12x12.png 12w\" sizes=\"(max-width: 350px) 100vw, 350px\" \/><\/a><\/div><div class=\"ccchildpage  cceven ccpage-count-6 ccpage-id-8637 ccpage-dyski-lamelowe ccpage-has-parent ccpage-pid-7448 ccpage-parent-materialy-scierne-ogolne\"><h3 class=\"ccpage_linked_title\"><a class=\"ccpage_title_link\" href=\"https:\/\/g25.com.pl\/en\/produkty\/materialy-scierne-ogolne\/dyski-lamelowe\/\" title=\"Lamella Disks\">Lamella Disks<\/a><\/h3><a class=\"ccpage_linked_thumb\" href=\"https:\/\/g25.com.pl\/en\/produkty\/materialy-scierne-ogolne\/dyski-lamelowe\/\" title=\"Lamella Disks\"><img loading=\"lazy\" decoding=\"async\" width=\"350\" height=\"350\" src=\"https:\/\/g25.com.pl\/wp-content\/uploads\/2024\/02\/dyski-lamelowe-z-wlokniny.png\" class=\"cc-child-pages-thumb wp-post-image\" alt=\"Dyski lamelowe\" title=\"Lamella Disks\" srcset=\"https:\/\/g25.com.pl\/wp-content\/uploads\/2024\/02\/dyski-lamelowe-z-wlokniny.png 350w, https:\/\/g25.com.pl\/wp-content\/uploads\/2024\/02\/dyski-lamelowe-z-wlokniny-12x12.png 12w\" sizes=\"(max-width: 350px) 100vw, 350px\" \/><\/a><\/div><div class=\"ccchildpage  ccodd ccpage-count-7 ccpage-id-8659 ccpage-dyski-fibrowe ccpage-has-parent ccpage-pid-7448 ccpage-parent-materialy-scierne-ogolne\"><h3 class=\"ccpage_linked_title\"><a class=\"ccpage_title_link\" href=\"https:\/\/g25.com.pl\/en\/produkty\/materialy-scierne-ogolne\/dyski-fibrowe\/\" title=\"Fiber Disks\">Fiber Disks<\/a><\/h3><a class=\"ccpage_linked_thumb\" href=\"https:\/\/g25.com.pl\/en\/produkty\/materialy-scierne-ogolne\/dyski-fibrowe\/\" title=\"Fiber Disks\"><img loading=\"lazy\" decoding=\"async\" width=\"350\" height=\"350\" src=\"https:\/\/g25.com.pl\/wp-content\/uploads\/2024\/02\/dyski-fibrrowe.png\" class=\"cc-child-pages-thumb wp-post-image\" alt=\"Dyski fibrowe\" title=\"Fiber Disks\" srcset=\"https:\/\/g25.com.pl\/wp-content\/uploads\/2024\/02\/dyski-fibrrowe.png 350w, https:\/\/g25.com.pl\/wp-content\/uploads\/2024\/02\/dyski-fibrrowe-12x12.png 12w\" sizes=\"(max-width: 350px) 100vw, 350px\" \/><\/a><\/div><div class=\"ccchildpage  cclast cceven ccpage-count-8 ccpage-id-8671 ccpage-narzedzia-z-wlokniny-sprasowanej ccpage-has-parent ccpage-pid-7448 ccpage-parent-materialy-scierne-ogolne\"><h3 class=\"ccpage_linked_title\"><a class=\"ccpage_title_link\" href=\"https:\/\/g25.com.pl\/en\/produkty\/materialy-scierne-ogolne\/narzedzia-z-wlokniny-sprasowanej\/\" title=\"Compressed nonwoven tools\">Compressed nonwoven tools<\/a><\/h3><a class=\"ccpage_linked_thumb\" href=\"https:\/\/g25.com.pl\/en\/produkty\/materialy-scierne-ogolne\/narzedzia-z-wlokniny-sprasowanej\/\" title=\"Compressed nonwoven tools\"><img loading=\"lazy\" decoding=\"async\" width=\"350\" height=\"350\" src=\"https:\/\/g25.com.pl\/wp-content\/uploads\/2024\/02\/narzedzia-z-wlokniny-1.png\" class=\"cc-child-pages-thumb wp-post-image\" alt=\"Narz\u0119dzia z w\u0142\u00f3kniny sprasowanej\" title=\"Compressed nonwoven tools\" srcset=\"https:\/\/g25.com.pl\/wp-content\/uploads\/2024\/02\/narzedzia-z-wlokniny-1.png 350w, https:\/\/g25.com.pl\/wp-content\/uploads\/2024\/02\/narzedzia-z-wlokniny-1-12x12.png 12w\" sizes=\"(max-width: 350px) 100vw, 350px\" \/><\/a><\/div><div class=\"ccchildpage  ccfirst ccodd ccpage-count-9 ccpage-id-8681 ccpage-stozki-scierne-pco ccpage-has-parent ccpage-pid-7448 ccpage-parent-materialy-scierne-ogolne\"><h3 class=\"ccpage_linked_title\"><a class=\"ccpage_title_link\" href=\"https:\/\/g25.com.pl\/en\/produkty\/materialy-scierne-ogolne\/stozki-scierne-pco\/\" title=\"Grinding Cones (PCO)\">Grinding Cones (PCO)<\/a><\/h3><a class=\"ccpage_linked_thumb\" href=\"https:\/\/g25.com.pl\/en\/produkty\/materialy-scierne-ogolne\/stozki-scierne-pco\/\" title=\"Grinding Cones (PCO)\"><img loading=\"lazy\" decoding=\"async\" width=\"350\" height=\"350\" src=\"https:\/\/g25.com.pl\/wp-content\/uploads\/2024\/02\/stozki-scierne.png\" class=\"cc-child-pages-thumb wp-post-image\" alt=\"Sto\u017cki \u015bcierne (PCO)\" title=\"Grinding Cones (PCO)\" srcset=\"https:\/\/g25.com.pl\/wp-content\/uploads\/2024\/02\/stozki-scierne.png 350w, https:\/\/g25.com.pl\/wp-content\/uploads\/2024\/02\/stozki-scierne-12x12.png 12w\" sizes=\"(max-width: 350px) 100vw, 350px\" \/><\/a><\/div><div class=\"ccchildpage  cceven ccpage-count-10 ccpage-id-8688 ccpage-narzedzia-z-wlokniny-clean-strip-czarnej ccpage-has-parent ccpage-pid-7448 ccpage-parent-materialy-scierne-ogolne\"><h3 class=\"ccpage_linked_title\"><a class=\"ccpage_title_link\" href=\"https:\/\/g25.com.pl\/en\/produkty\/materialy-scierne-ogolne\/narzedzia-z-wlokniny-clean-strip-czarnej\/\" title=\"Narz\u0119dzia z w\u0142\u00f3kniny Clean &#038; Strip czarnej\">Clean &amp; Strip Black Nonwoven Tools<\/a><\/h3><a class=\"ccpage_linked_thumb\" href=\"https:\/\/g25.com.pl\/en\/produkty\/materialy-scierne-ogolne\/narzedzia-z-wlokniny-clean-strip-czarnej\/\" title=\"Narz\u0119dzia z w\u0142\u00f3kniny Clean &#038; Strip czarnej\"><img loading=\"lazy\" decoding=\"async\" width=\"350\" height=\"350\" src=\"https:\/\/g25.com.pl\/wp-content\/uploads\/2024\/02\/narzedzia-z-wlokniny-2.png\" class=\"cc-child-pages-thumb wp-post-image\" alt=\"Narz\u0119dzia z w\u0142\u00f3kniny Clean &#038; Strip czarnej\" title=\"Narz\u0119dzia z w\u0142\u00f3kniny Clean &#038; Strip czarnej\" srcset=\"https:\/\/g25.com.pl\/wp-content\/uploads\/2024\/02\/narzedzia-z-wlokniny-2.png 350w, https:\/\/g25.com.pl\/wp-content\/uploads\/2024\/02\/narzedzia-z-wlokniny-2-12x12.png 12w\" sizes=\"(max-width: 350px) 100vw, 350px\" \/><\/a><\/div><div class=\"ccchildpage  ccodd ccpage-count-11 ccpage-id-8699 ccpage-sciernice-otworowe ccpage-has-parent ccpage-pid-7448 ccpage-parent-materialy-scierne-ogolne\"><h3 class=\"ccpage_linked_title\"><a class=\"ccpage_title_link\" href=\"https:\/\/g25.com.pl\/en\/produkty\/materialy-scierne-ogolne\/sciernice-otworowe\/\" title=\"Grinding wheels with holes\">Grinding wheels with holes<\/a><\/h3><a class=\"ccpage_linked_thumb\" href=\"https:\/\/g25.com.pl\/en\/produkty\/materialy-scierne-ogolne\/sciernice-otworowe\/\" title=\"Grinding wheels with holes\"><img loading=\"lazy\" decoding=\"async\" width=\"350\" height=\"284\" src=\"https:\/\/g25.com.pl\/wp-content\/uploads\/2024\/05\/image-2-350x284.png\" class=\"cc-child-pages-thumb wp-post-image\" alt=\"\u015aciernice otworowe\" title=\"Grinding wheels with holes\" srcset=\"https:\/\/g25.com.pl\/wp-content\/uploads\/2024\/05\/image-2-350x284.png 350w, https:\/\/g25.com.pl\/wp-content\/uploads\/2024\/05\/image-2-15x12.png 15w, https:\/\/g25.com.pl\/wp-content\/uploads\/2024\/05\/image-2.png 438w\" sizes=\"(max-width: 350px) 100vw, 350px\" \/><\/a><\/div><div class=\"ccchildpage  cclast cceven ccpage-count-12 ccpage-id-8725 ccpage-pasy-z-plotna ccpage-has-parent ccpage-pid-7448 ccpage-parent-materialy-scierne-ogolne\"><h3 class=\"ccpage_linked_title\"><a class=\"ccpage_title_link\" href=\"https:\/\/g25.com.pl\/en\/produkty\/materialy-scierne-ogolne\/pasy-z-plotna\/\" title=\"Canvas Belts\">Canvas Belts<\/a><\/h3><a class=\"ccpage_linked_thumb\" href=\"https:\/\/g25.com.pl\/en\/produkty\/materialy-scierne-ogolne\/pasy-z-plotna\/\" title=\"Canvas Belts\"><img loading=\"lazy\" decoding=\"async\" width=\"300\" height=\"300\" src=\"https:\/\/g25.com.pl\/wp-content\/uploads\/2024\/02\/tasmy-scierne.png\" class=\"cc-child-pages-thumb wp-post-image\" alt=\"Pasy z p\u0142\u00f3tna\" title=\"Canvas Belts\" srcset=\"https:\/\/g25.com.pl\/wp-content\/uploads\/2024\/02\/tasmy-scierne.png 300w, https:\/\/g25.com.pl\/wp-content\/uploads\/2024\/02\/tasmy-scierne-12x12.png 12w\" sizes=\"(max-width: 300px) 100vw, 300px\" \/><\/a><\/div><\/div><\/div>\n\t\t\t\t\t\t<\/div>\n\t\t\t\t<\/div>\n\t\t\t\t\t<\/div>\n\t\t<\/div>\n\t\t\t\t\t<\/div>\n\t\t<\/section>\n\t\t\t\t<\/div>","protected":false},"excerpt":{"rendered":"<p>abrasive materials<\/p>","protected":false},"author":1,"featured_media":6715,"parent":24,"menu_order":0,"comment_status":"closed","ping_status":"closed","template":"elementor_header_footer","meta":{"footnotes":""},"class_list":["post-7448","page","type-page","status-publish","has-post-thumbnail","hentry","entry","has-media"],"aioseo_notices":[],"_links":{"self":[{"href":"https:\/\/g25.com.pl\/en\/wp-json\/wp\/v2\/pages\/7448","targetHints":{"allow":["GET"]}}],"collection":[{"href":"https:\/\/g25.com.pl\/en\/wp-json\/wp\/v2\/pages"}],"about":[{"href":"https:\/\/g25.com.pl\/en\/wp-json\/wp\/v2\/types\/page"}],"author":[{"embeddable":true,"href":"https:\/\/g25.com.pl\/en\/wp-json\/wp\/v2\/users\/1"}],"replies":[{"embeddable":true,"href":"https:\/\/g25.com.pl\/en\/wp-json\/wp\/v2\/comments?post=7448"}],"version-history":[{"count":1,"href":"https:\/\/g25.com.pl\/en\/wp-json\/wp\/v2\/pages\/7448\/revisions"}],"predecessor-version":[{"id":10490,"href":"https:\/\/g25.com.pl\/en\/wp-json\/wp\/v2\/pages\/7448\/revisions\/10490"}],"up":[{"embeddable":true,"href":"https:\/\/g25.com.pl\/en\/wp-json\/wp\/v2\/pages\/24"}],"wp:featuredmedia":[{"embeddable":true,"href":"https:\/\/g25.com.pl\/en\/wp-json\/wp\/v2\/media\/6715"}],"wp:attachment":[{"href":"https:\/\/g25.com.pl\/en\/wp-json\/wp\/v2\/media?parent=7448"}],"curies":[{"name":"wp","href":"https:\/\/api.w.org\/{rel}","templated":true}]}}