{"id":6639,"date":"2023-03-16T15:36:07","date_gmt":"2023-03-16T14:36:07","guid":{"rendered":"https:\/\/g25.com.pl\/?page_id=6639"},"modified":"2024-12-18T11:01:12","modified_gmt":"2024-12-18T10:01:12","slug":"vbmt","status":"publish","type":"page","link":"https:\/\/g25.com.pl\/en\/produkty\/plytki-i-noze-tokarskie\/vbmt\/","title":{"rendered":"VBMT"},"content":{"rendered":"<div data-elementor-type=\"wp-post\" data-elementor-id=\"6639\" class=\"elementor elementor-6639\" data-elementor-post-type=\"page\">\n\t\t\t\t\t\t<section data-particle_enable=\"false\" data-particle-mobile-disabled=\"false\" class=\"elementor-section elementor-top-section elementor-element elementor-element-c8263b7 elementor-section-full_width elementor-section-height-min-height elementor-section-height-default elementor-section-items-middle\" data-id=\"c8263b7\" data-element_type=\"section\" data-settings=\"{&quot;background_background&quot;:&quot;classic&quot;}\">\n\t\t\t\t\t\t\t<div class=\"elementor-background-overlay\"><\/div>\n\t\t\t\t\t\t\t<div class=\"elementor-container elementor-column-gap-default\">\n\t\t\t\t\t<div class=\"elementor-column elementor-col-100 elementor-top-column elementor-element elementor-element-d5259d3 elementor-invisible\" data-id=\"d5259d3\" data-element_type=\"column\" data-settings=\"{&quot;animation&quot;:&quot;fadeInUp&quot;}\">\n\t\t\t<div class=\"elementor-widget-wrap elementor-element-populated\">\n\t\t\t\t\t\t<section data-particle_enable=\"false\" data-particle-mobile-disabled=\"false\" class=\"elementor-section elementor-inner-section elementor-element elementor-element-89fdd92 elementor-section-boxed elementor-section-height-default elementor-section-height-default\" data-id=\"89fdd92\" data-element_type=\"section\">\n\t\t\t\t\t\t<div class=\"elementor-container elementor-column-gap-default\">\n\t\t\t\t\t<div class=\"elementor-column elementor-col-100 elementor-inner-column elementor-element elementor-element-679c9a7\" data-id=\"679c9a7\" data-element_type=\"column\">\n\t\t\t<div class=\"elementor-widget-wrap elementor-element-populated\">\n\t\t\t\t\t\t<div class=\"elementor-element elementor-element-4ce0fb4 elementor-widget elementor-widget-heading\" data-id=\"4ce0fb4\" data-element_type=\"widget\" data-widget_type=\"heading.default\">\n\t\t\t\t<div class=\"elementor-widget-container\">\n\t\t\t\t\t<h1 class=\"elementor-heading-title elementor-size-default\">VBMT indexable turning inserts<\/h1>\t\t\t\t<\/div>\n\t\t\t\t<\/div>\n\t\t\t\t\t<\/div>\n\t\t<\/div>\n\t\t\t\t\t<\/div>\n\t\t<\/section>\n\t\t\t\t\t<\/div>\n\t\t<\/div>\n\t\t\t\t\t<\/div>\n\t\t<\/section>\n\t\t\t\t<section data-particle_enable=\"false\" data-particle-mobile-disabled=\"false\" class=\"elementor-section elementor-top-section elementor-element elementor-element-4806b64 elementor-section-boxed elementor-section-height-default elementor-section-height-default\" data-id=\"4806b64\" data-element_type=\"section\">\n\t\t\t\t\t\t<div class=\"elementor-container elementor-column-gap-default\">\n\t\t\t\t\t<div class=\"elementor-column elementor-col-100 elementor-top-column elementor-element elementor-element-c48ec13\" data-id=\"c48ec13\" data-element_type=\"column\">\n\t\t\t<div class=\"elementor-widget-wrap elementor-element-populated\">\n\t\t\t\t\t\t<div class=\"elementor-element elementor-element-8008601 elementor-widget elementor-widget-image\" data-id=\"8008601\" data-element_type=\"widget\" data-widget_type=\"image.default\">\n\t\t\t\t<div class=\"elementor-widget-container\">\n\t\t\t\t\t\t\t\t\t\t\t\t\t\t\t<img fetchpriority=\"high\" decoding=\"async\" width=\"1200\" height=\"900\" src=\"https:\/\/g25.com.pl\/wp-content\/uploads\/2024\/12\/VBMT160404PGM_-1200x900.png\" class=\"attachment-large size-large wp-image-10429\" alt=\"\" srcset=\"https:\/\/g25.com.pl\/wp-content\/uploads\/2024\/12\/VBMT160404PGM_-1200x900.png 1200w, https:\/\/g25.com.pl\/wp-content\/uploads\/2024\/12\/VBMT160404PGM_-350x263.png 350w, https:\/\/g25.com.pl\/wp-content\/uploads\/2024\/12\/VBMT160404PGM_-768x576.png 768w, https:\/\/g25.com.pl\/wp-content\/uploads\/2024\/12\/VBMT160404PGM_-1536x1152.png 1536w, https:\/\/g25.com.pl\/wp-content\/uploads\/2024\/12\/VBMT160404PGM_-16x12.png 16w, https:\/\/g25.com.pl\/wp-content\/uploads\/2024\/12\/VBMT160404PGM_.png 1600w\" sizes=\"(max-width: 1200px) 100vw, 1200px\" \/>\t\t\t\t\t\t\t\t\t\t\t\t\t\t\t<\/div>\n\t\t\t\t<\/div>\n\t\t\t\t\t<\/div>\n\t\t<\/div>\n\t\t\t\t\t<\/div>\n\t\t<\/section>\n\t\t\t\t<section data-particle_enable=\"false\" data-particle-mobile-disabled=\"false\" class=\"elementor-section elementor-top-section elementor-element elementor-element-213b829 elementor-section-boxed elementor-section-height-default elementor-section-height-default\" data-id=\"213b829\" data-element_type=\"section\">\n\t\t\t\t\t\t<div class=\"elementor-container elementor-column-gap-default\">\n\t\t\t\t\t<div class=\"elementor-column elementor-col-50 elementor-top-column elementor-element elementor-element-e8e4a10\" data-id=\"e8e4a10\" data-element_type=\"column\">\n\t\t\t<div class=\"elementor-widget-wrap\">\n\t\t\t\t\t\t\t<\/div>\n\t\t<\/div>\n\t\t\t\t<div class=\"elementor-column elementor-col-50 elementor-top-column elementor-element elementor-element-7fcc901\" data-id=\"7fcc901\" data-element_type=\"column\">\n\t\t\t<div class=\"elementor-widget-wrap elementor-element-populated\">\n\t\t\t\t\t\t<div class=\"elementor-element elementor-element-f0eb330 eael-image-hotspot-align-centered elementor-widget elementor-widget-eael-image-hotspots\" data-id=\"f0eb330\" data-element_type=\"widget\" data-widget_type=\"eael-image-hotspots.default\">\n\t\t\t\t<div class=\"elementor-widget-container\">\n\t\t\t\t\t        <div class=\"eael-image-hotspots\">\n            <div class=\"eael-hot-spot-image\">\n                                    <a class=\"eael-hot-spot-wrap elementor-repeater-item-bf4562c\" data-tooltip-position-global=\"top\" data-link=\"#\" href=\"#\" target=\"_blank\" data-tooltip-position-local=\"\" data-tooltip-size=\"default\" data-tooltip-width=\"\" data-tooltip-animation-speed=\"200\" data-tooltip-animation-delay=\"200\" data-eael-tooltip-arrow=\"yes\" aria-label=\"Go\">\n                        <span class=\"eael-hot-spot-inner\">\n                            <span class=\"eael-hotspot-icon-wrap\"><i class=\"eael-hotspot-icon eael-hotspot-tooltip fas fa-circle\"><\/i><\/span>                        <\/span>\n                    <\/a>\n                \n                <img decoding=\"async\" width=\"499\" height=\"145\" src=\"https:\/\/g25.com.pl\/wp-content\/uploads\/2019\/08\/LEGENDA.png\" class=\"attachment-full size-full wp-image-914\" alt=\"\" srcset=\"https:\/\/g25.com.pl\/wp-content\/uploads\/2019\/08\/LEGENDA.png 499w, https:\/\/g25.com.pl\/wp-content\/uploads\/2019\/08\/LEGENDA-350x102.png 350w\" sizes=\"(max-width: 499px) 100vw, 499px\" \/>            <\/div>\n        <\/div>\n\t\t\t\t<\/div>\n\t\t\t\t<\/div>\n\t\t\t\t\t<\/div>\n\t\t<\/div>\n\t\t\t\t\t<\/div>\n\t\t<\/section>\n\t\t\t\t<section data-particle_enable=\"false\" data-particle-mobile-disabled=\"false\" class=\"elementor-section elementor-top-section elementor-element elementor-element-5959cee elementor-section-boxed elementor-section-height-default elementor-section-height-default\" data-id=\"5959cee\" data-element_type=\"section\">\n\t\t\t\t\t\t<div class=\"elementor-container elementor-column-gap-default\">\n\t\t\t\t\t<div class=\"elementor-column elementor-col-100 elementor-top-column elementor-element elementor-element-c31896a\" data-id=\"c31896a\" data-element_type=\"column\">\n\t\t\t<div class=\"elementor-widget-wrap elementor-element-populated\">\n\t\t\t\t\t\t<div class=\"elementor-element elementor-element-c28c140 elementor-widget elementor-widget-jet-table\" data-id=\"c28c140\" data-element_type=\"widget\" data-widget_type=\"jet-table.default\">\n\t\t\t\t<div class=\"elementor-widget-container\">\n\t\t\t\t\t<div class=\"elementor-jet-table jet-elements\">\n\t\t<div class=\"jet-table-wrapper jet-table-responsive-mobile\">\n\t\t\t<table class=\"jet-table jet-table--fa5-compat\">\n\t\t\t\t<thead class=\"jet-table__head\"><tr class=\"jet-table__head-row\"><th class=\"jet-table__cell elementor-repeater-item-2eeb50e jet-table__head-cell\" scope=\"col\"><div class=\"jet-table__cell-inner\"><div class=\"jet-table__cell-content\"><div class=\"jet-table__cell-text\">PRODUCT CODE<\/div><\/div><\/div><\/th><th class=\"jet-table__cell elementor-repeater-item-93d33b3 jet-table__head-cell\" scope=\"col\"><div class=\"jet-table__cell-inner\"><div class=\"jet-table__cell-content\"><div class=\"jet-table__cell-text\">P (steel) recommended values<\/div><\/div><\/div><\/th><th class=\"jet-table__cell elementor-repeater-item-9de9bee jet-table__head-cell\" scope=\"col\"><div class=\"jet-table__cell-inner\"><div class=\"jet-table__cell-content\"><div class=\"jet-table__cell-text\">P (steel) recommended ranges<\/div><\/div><\/div><\/th><\/tr><\/thead>\n\t\t\t\t\t\t\t\t<tbody class=\"jet-table__body\"><tr class=\"jet-table__body-row elementor-repeater-item-c52e4d7\"><td class=\"jet-table__cell elementor-repeater-item-a5cbb20 jet-table__body-cell\"><div class=\"jet-table__cell-inner\"><div class=\"jet-table__cell-content\"><div class=\"jet-table__cell-text\">MGVBMT160408PGM G725<\/div><\/div><\/div><\/td><td class=\"jet-table__cell elementor-repeater-item-8192ee6 jet-table__body-cell\"><div class=\"jet-table__cell-inner\"><div class=\"jet-table__cell-content\"><div class=\"jet-table__cell-text\">Vc: 180 m\/min<\/div><\/div><\/div><\/td><td class=\"jet-table__cell elementor-repeater-item-60b26ce jet-table__body-cell\"><div class=\"jet-table__cell-inner\"><div class=\"jet-table__cell-content\"><div class=\"jet-table__cell-text\">Vc: 120 &#8211; 240 m\/min<\/div><\/div><\/div><\/td><\/tr><tr class=\"jet-table__body-row elementor-repeater-item-0b8555a\"><td class=\"jet-table__cell elementor-repeater-item-daf9a36 jet-table__body-cell\"><div class=\"jet-table__cell-inner\"><div class=\"jet-table__cell-content\"><div class=\"jet-table__cell-text\">type of processing: medium, radius: 0.8<\/div><\/div><\/div><\/td><td class=\"jet-table__cell elementor-repeater-item-6214f8d jet-table__body-cell\"><div class=\"jet-table__cell-inner\"><div class=\"jet-table__cell-content\"><div class=\"jet-table__cell-text\">fn: 0,12 mm\/rev<\/div><\/div><\/div><\/td><td class=\"jet-table__cell elementor-repeater-item-d720005 jet-table__body-cell\"><div class=\"jet-table__cell-inner\"><div class=\"jet-table__cell-content\"><div class=\"jet-table__cell-text\">fn: 0,05 &#8211; 0,2 mm\/rev<\/div><\/div><\/div><\/td><\/tr><tr class=\"jet-table__body-row elementor-repeater-item-0554cfe\"><td class=\"jet-table__cell elementor-repeater-item-d7ffa57 jet-table__body-cell\"><div class=\"jet-table__cell-inner\"><div class=\"jet-table__cell-content\"><\/div><\/div><\/td><td class=\"jet-table__cell elementor-repeater-item-ca8b512 jet-table__body-cell\"><div class=\"jet-table__cell-inner\"><div class=\"jet-table__cell-content\"><div class=\"jet-table__cell-text\">Ap: 0,7 mm<\/div><\/div><\/div><\/td><td class=\"jet-table__cell elementor-repeater-item-b440e85 jet-table__body-cell\"><div class=\"jet-table__cell-inner\"><div class=\"jet-table__cell-content\"><div class=\"jet-table__cell-text\">Ap: 0,3 &#8211; 1,5 mm<\/div><\/div><\/div><\/td><\/tr><\/tbody>\n\t\t\t<\/table>\n\t\t<\/div>\n\n\t\t<\/div>\t\t\t\t<\/div>\n\t\t\t\t<\/div>\n\t\t\t\t\t<\/div>\n\t\t<\/div>\n\t\t\t\t\t<\/div>\n\t\t<\/section>\n\t\t\t\t<section data-particle_enable=\"false\" data-particle-mobile-disabled=\"false\" class=\"elementor-section elementor-top-section elementor-element elementor-element-ef687c2 elementor-section-boxed elementor-section-height-default elementor-section-height-default\" data-id=\"ef687c2\" data-element_type=\"section\">\n\t\t\t\t\t\t<div class=\"elementor-container elementor-column-gap-default\">\n\t\t\t\t\t<div class=\"elementor-column elementor-col-100 elementor-top-column elementor-element elementor-element-8f09a43\" data-id=\"8f09a43\" data-element_type=\"column\">\n\t\t\t<div class=\"elementor-widget-wrap elementor-element-populated\">\n\t\t\t\t\t\t<div class=\"elementor-element elementor-element-5dca747 elementor-align-right elementor-mobile-align-center elementor-widget elementor-widget-button\" data-id=\"5dca747\" data-element_type=\"widget\" id=\"legenda\" data-widget_type=\"button.default\">\n\t\t\t\t<div class=\"elementor-widget-container\">\n\t\t\t\t\t\t\t\t\t<div class=\"elementor-button-wrapper\">\n\t\t\t\t\t<a class=\"elementor-button elementor-button-link elementor-size-sm\" href=\"#\">\n\t\t\t\t\t\t<span class=\"elementor-button-content-wrapper\">\n\t\t\t\t\t\t\t\t\t<span class=\"elementor-button-text\">Legend<\/span>\n\t\t\t\t\t<\/span>\n\t\t\t\t\t<\/a>\n\t\t\t\t<\/div>\n\t\t\t\t\t\t\t\t<\/div>\n\t\t\t\t<\/div>\n\t\t\t\t\t<\/div>\n\t\t<\/div>\n\t\t\t\t\t<\/div>\n\t\t<\/section>\n\t\t\t\t<\/div>","protected":false},"excerpt":{"rendered":"<p>P\u0142ytki wieloostrzowe tokarskie VBMT KOD PRODUKTU P (stal) warto\u015bci rekomendowane P (stal) zalecane przedzia\u0142y MGVBMT160408PGM G725 Vc: 180 m\/min Vc: 120 &#8211; 240 m\/min rodzaj obr\u00f3bki: \u015brednia, promie\u0144: 0,8 fn: 0,12 mm\/rev fn: 0,05 &#8211; 0,2 mm\/rev Ap: 0,7 mm Ap: 0,3 &#8211; 1,5 mm Legenda<\/p>","protected":false},"author":1,"featured_media":10429,"parent":6098,"menu_order":0,"comment_status":"closed","ping_status":"closed","template":"elementor_header_footer","meta":{"footnotes":""},"class_list":["post-6639","page","type-page","status-publish","has-post-thumbnail","hentry","entry","has-media"],"aioseo_notices":[],"_links":{"self":[{"href":"https:\/\/g25.com.pl\/en\/wp-json\/wp\/v2\/pages\/6639","targetHints":{"allow":["GET"]}}],"collection":[{"href":"https:\/\/g25.com.pl\/en\/wp-json\/wp\/v2\/pages"}],"about":[{"href":"https:\/\/g25.com.pl\/en\/wp-json\/wp\/v2\/types\/page"}],"author":[{"embeddable":true,"href":"https:\/\/g25.com.pl\/en\/wp-json\/wp\/v2\/users\/1"}],"replies":[{"embeddable":true,"href":"https:\/\/g25.com.pl\/en\/wp-json\/wp\/v2\/comments?post=6639"}],"version-history":[{"count":4,"href":"https:\/\/g25.com.pl\/en\/wp-json\/wp\/v2\/pages\/6639\/revisions"}],"predecessor-version":[{"id":10433,"href":"https:\/\/g25.com.pl\/en\/wp-json\/wp\/v2\/pages\/6639\/revisions\/10433"}],"up":[{"embeddable":true,"href":"https:\/\/g25.com.pl\/en\/wp-json\/wp\/v2\/pages\/6098"}],"wp:featuredmedia":[{"embeddable":true,"href":"https:\/\/g25.com.pl\/en\/wp-json\/wp\/v2\/media\/10429"}],"wp:attachment":[{"href":"https:\/\/g25.com.pl\/en\/wp-json\/wp\/v2\/media?parent=6639"}],"curies":[{"name":"wp","href":"https:\/\/api.w.org\/{rel}","templated":true}]}}