{"id":622,"date":"2019-08-20T13:45:46","date_gmt":"2019-08-20T11:45:46","guid":{"rendered":"https:\/\/g25.com.pl\/?page_id=622"},"modified":"2022-07-13T14:34:29","modified_gmt":"2022-07-13T12:34:29","slug":"nawiertaki-hss-co","status":"publish","type":"page","link":"https:\/\/g25.com.pl\/en\/produkty\/nawiertaki\/nawiertaki-hss-co\/","title":{"rendered":"HSSE drills"},"content":{"rendered":"<div data-elementor-type=\"wp-post\" data-elementor-id=\"622\" class=\"elementor elementor-622\" data-elementor-post-type=\"page\">\n\t\t\t\t\t\t<section data-particle_enable=\"false\" data-particle-mobile-disabled=\"false\" class=\"elementor-section elementor-top-section elementor-element elementor-element-d6375a7 elementor-section-full_width elementor-section-height-min-height elementor-section-height-default elementor-section-items-middle\" data-id=\"d6375a7\" data-element_type=\"section\" data-settings=\"{&quot;background_background&quot;:&quot;classic&quot;}\">\n\t\t\t\t\t\t\t<div class=\"elementor-background-overlay\"><\/div>\n\t\t\t\t\t\t\t<div class=\"elementor-container elementor-column-gap-default\">\n\t\t\t\t\t<div class=\"elementor-column elementor-col-100 elementor-top-column elementor-element elementor-element-b66aeca elementor-invisible\" data-id=\"b66aeca\" data-element_type=\"column\" data-settings=\"{&quot;animation&quot;:&quot;fadeInUp&quot;}\">\n\t\t\t<div class=\"elementor-widget-wrap elementor-element-populated\">\n\t\t\t\t\t\t<section data-particle_enable=\"false\" data-particle-mobile-disabled=\"false\" class=\"elementor-section elementor-inner-section elementor-element elementor-element-438ed84 elementor-section-boxed elementor-section-height-default elementor-section-height-default\" data-id=\"438ed84\" data-element_type=\"section\">\n\t\t\t\t\t\t<div class=\"elementor-container elementor-column-gap-default\">\n\t\t\t\t\t<div class=\"elementor-column elementor-col-100 elementor-inner-column elementor-element elementor-element-893fd0f\" data-id=\"893fd0f\" data-element_type=\"column\">\n\t\t\t<div class=\"elementor-widget-wrap elementor-element-populated\">\n\t\t\t\t\t\t<div class=\"elementor-element elementor-element-8fc0e68 elementor-widget elementor-widget-heading\" data-id=\"8fc0e68\" data-element_type=\"widget\" data-widget_type=\"heading.default\">\n\t\t\t\t<div class=\"elementor-widget-container\">\n\t\t\t\t\t<h1 class=\"elementor-heading-title elementor-size-default\">HSSE drills<\/h1>\t\t\t\t<\/div>\n\t\t\t\t<\/div>\n\t\t\t\t\t<\/div>\n\t\t<\/div>\n\t\t\t\t\t<\/div>\n\t\t<\/section>\n\t\t\t\t\t<\/div>\n\t\t<\/div>\n\t\t\t\t\t<\/div>\n\t\t<\/section>\n\t\t\t\t<section data-particle_enable=\"false\" data-particle-mobile-disabled=\"false\" class=\"elementor-section elementor-top-section elementor-element elementor-element-d234fbb elementor-section-boxed elementor-section-height-default elementor-section-height-default\" data-id=\"d234fbb\" data-element_type=\"section\">\n\t\t\t\t\t\t<div class=\"elementor-container elementor-column-gap-default\">\n\t\t\t\t\t<div class=\"elementor-column elementor-col-100 elementor-top-column elementor-element elementor-element-91cab09\" data-id=\"91cab09\" data-element_type=\"column\">\n\t\t\t<div class=\"elementor-widget-wrap elementor-element-populated\">\n\t\t\t\t\t\t<div class=\"elementor-element elementor-element-274a42c elementor-widget elementor-widget-image\" data-id=\"274a42c\" data-element_type=\"widget\" data-widget_type=\"image.default\">\n\t\t\t\t<div class=\"elementor-widget-container\">\n\t\t\t\t\t\t\t\t\t\t\t\t\t\t\t<img fetchpriority=\"high\" decoding=\"async\" width=\"1030\" height=\"286\" src=\"https:\/\/g25.com.pl\/wp-content\/uploads\/2019\/08\/nawiertaki.png\" class=\"attachment-large size-large wp-image-753\" alt=\"\" srcset=\"https:\/\/g25.com.pl\/wp-content\/uploads\/2019\/08\/nawiertaki.png 1030w, https:\/\/g25.com.pl\/wp-content\/uploads\/2019\/08\/nawiertaki-350x97.png 350w, https:\/\/g25.com.pl\/wp-content\/uploads\/2019\/08\/nawiertaki-768x213.png 768w\" sizes=\"(max-width: 1030px) 100vw, 1030px\" \/>\t\t\t\t\t\t\t\t\t\t\t\t\t\t\t<\/div>\n\t\t\t\t<\/div>\n\t\t\t\t\t<\/div>\n\t\t<\/div>\n\t\t\t\t\t<\/div>\n\t\t<\/section>\n\t\t\t\t<section data-particle_enable=\"false\" data-particle-mobile-disabled=\"false\" class=\"elementor-section elementor-top-section elementor-element elementor-element-94ccee1 elementor-section-boxed elementor-section-height-default elementor-section-height-default\" data-id=\"94ccee1\" data-element_type=\"section\">\n\t\t\t\t\t\t<div class=\"elementor-container elementor-column-gap-default\">\n\t\t\t\t\t<div class=\"elementor-column elementor-col-50 elementor-top-column elementor-element elementor-element-5e2b589\" data-id=\"5e2b589\" data-element_type=\"column\">\n\t\t\t<div class=\"elementor-widget-wrap elementor-element-populated\">\n\t\t\t\t\t\t<div class=\"elementor-element elementor-element-f0adedd gallery-spacing-custom elementor-widget elementor-widget-image-gallery\" data-id=\"f0adedd\" data-element_type=\"widget\" data-widget_type=\"image-gallery.default\">\n\t\t\t\t<div class=\"elementor-widget-container\">\n\t\t\t\t\t\t\t<div class=\"elementor-image-gallery\">\n\t\t\t<div id='gallery-1' class='gallery galleryid-622 gallery-columns-10 gallery-size-thumbnail'><figure class='gallery-item'>\n\t\t\t<div class='gallery-icon landscape'>\n\t\t\t\t<a data-elementor-open-lightbox=\"no\" href='https:\/\/g25.com.pl\/wp-content\/uploads\/2019\/08\/din333a.png'><img decoding=\"async\" width=\"145\" height=\"145\" src=\"https:\/\/g25.com.pl\/wp-content\/uploads\/2019\/08\/din333a.png\" class=\"attachment-thumbnail size-thumbnail\" alt=\"\" \/><\/a>\n\t\t\t<\/div><\/figure><figure class='gallery-item'>\n\t\t\t<div class='gallery-icon landscape'>\n\t\t\t\t<a data-elementor-open-lightbox=\"no\" href='https:\/\/g25.com.pl\/wp-content\/uploads\/2019\/08\/luk60.png'><img decoding=\"async\" width=\"145\" height=\"145\" src=\"https:\/\/g25.com.pl\/wp-content\/uploads\/2019\/08\/luk60.png\" class=\"attachment-thumbnail size-thumbnail\" alt=\"\" \/><\/a>\n\t\t\t<\/div><\/figure>\n\t\t<\/div>\n\t\t<\/div>\n\t\t\t\t\t\t<\/div>\n\t\t\t\t<\/div>\n\t\t\t\t\t<\/div>\n\t\t<\/div>\n\t\t\t\t<div class=\"elementor-column elementor-col-50 elementor-top-column elementor-element elementor-element-357d8e4\" data-id=\"357d8e4\" data-element_type=\"column\">\n\t\t\t<div class=\"elementor-widget-wrap elementor-element-populated\">\n\t\t\t\t\t\t<div class=\"elementor-element elementor-element-155e0d6 eael-image-hotspot-align-centered elementor-widget elementor-widget-eael-image-hotspots\" data-id=\"155e0d6\" data-element_type=\"widget\" data-widget_type=\"eael-image-hotspots.default\">\n\t\t\t\t<div class=\"elementor-widget-container\">\n\t\t\t\t\t        <div class=\"eael-image-hotspots\">\n            <div class=\"eael-hot-spot-image\">\n                                    <a class=\"eael-hot-spot-wrap elementor-repeater-item-eb66cb7\" data-tooltip-position-global=\"top\" data-link=\"#\" href=\"#\" target=\"_blank\" data-tooltip-position-local=\"\" data-tooltip-size=\"default\" data-tooltip-width=\"\" data-tooltip-animation-speed=\"200\" data-tooltip-animation-delay=\"200\" data-eael-tooltip-arrow=\"yes\" aria-label=\"Go\">\n                        <span class=\"eael-hot-spot-inner\">\n                            <span class=\"eael-hotspot-icon-wrap\"><i class=\"eael-hotspot-icon eael-hotspot-tooltip fas fa-adjust\"><\/i><\/span>                        <\/span>\n                    <\/a>\n                                    <a class=\"eael-hot-spot-wrap elementor-repeater-item-aaf76c1\" data-tooltip-position-global=\"top\" data-link=\"#\" href=\"#\" target=\"_blank\" data-tooltip-position-local=\"\" data-tooltip-size=\"default\" data-tooltip-width=\"\" data-tooltip-animation-speed=\"200\" data-tooltip-animation-delay=\"200\" data-eael-tooltip-arrow=\"yes\" aria-label=\"Go\">\n                        <span class=\"eael-hot-spot-inner\">\n                            <span class=\"eael-hotspot-icon-wrap\"><i class=\"eael-hotspot-icon eael-hotspot-tooltip fas fa-circle\"><\/i><\/span>                        <\/span>\n                    <\/a>\n                                    <a class=\"eael-hot-spot-wrap elementor-repeater-item-bf4562c\" data-tooltip-position-global=\"top\" data-link=\"#\" href=\"#\" target=\"_blank\" data-tooltip-position-local=\"\" data-tooltip-size=\"default\" data-tooltip-width=\"\" data-tooltip-animation-speed=\"200\" data-tooltip-animation-delay=\"200\" data-eael-tooltip-arrow=\"yes\" aria-label=\"Go\">\n                        <span class=\"eael-hot-spot-inner\">\n                            <span class=\"eael-hotspot-icon-wrap\"><i class=\"eael-hotspot-icon eael-hotspot-tooltip fas fa-adjust\"><\/i><\/span>                        <\/span>\n                    <\/a>\n                                    <a class=\"eael-hot-spot-wrap elementor-repeater-item-7de7460\" data-tooltip-position-global=\"top\" data-link=\"#\" href=\"#\" target=\"_blank\" data-tooltip-position-local=\"\" data-tooltip-size=\"default\" data-tooltip-width=\"\" data-tooltip-animation-speed=\"200\" data-tooltip-animation-delay=\"200\" data-eael-tooltip-arrow=\"yes\" aria-label=\"Go\">\n                        <span class=\"eael-hot-spot-inner\">\n                            <span class=\"eael-hotspot-icon-wrap\"><i class=\"eael-hotspot-icon eael-hotspot-tooltip fas fa-adjust\"><\/i><\/span>                        <\/span>\n                    <\/a>\n                                    <a class=\"eael-hot-spot-wrap elementor-repeater-item-ca68e4b\" data-tooltip-position-global=\"top\" data-link=\"#\" href=\"#\" target=\"_blank\" data-tooltip-position-local=\"\" data-tooltip-size=\"default\" data-tooltip-width=\"\" data-tooltip-animation-speed=\"200\" data-tooltip-animation-delay=\"200\" data-eael-tooltip-arrow=\"yes\" aria-label=\"Go\">\n                        <span class=\"eael-hot-spot-inner\">\n                            <span class=\"eael-hotspot-icon-wrap\"><i class=\"eael-hotspot-icon eael-hotspot-tooltip fas fa-circle\"><\/i><\/span>                        <\/span>\n                    <\/a>\n                \n                <img loading=\"lazy\" decoding=\"async\" width=\"499\" height=\"145\" src=\"https:\/\/g25.com.pl\/wp-content\/uploads\/2019\/08\/LEGENDA.png\" class=\"attachment-full size-full wp-image-914\" alt=\"\" srcset=\"https:\/\/g25.com.pl\/wp-content\/uploads\/2019\/08\/LEGENDA.png 499w, https:\/\/g25.com.pl\/wp-content\/uploads\/2019\/08\/LEGENDA-350x102.png 350w\" sizes=\"(max-width: 499px) 100vw, 499px\" \/>            <\/div>\n        <\/div>\n\t\t\t\t<\/div>\n\t\t\t\t<\/div>\n\t\t\t\t\t<\/div>\n\t\t<\/div>\n\t\t\t\t\t<\/div>\n\t\t<\/section>\n\t\t\t\t<section data-particle_enable=\"false\" data-particle-mobile-disabled=\"false\" class=\"elementor-section elementor-top-section elementor-element elementor-element-6e2edd5 elementor-section-boxed elementor-section-height-default elementor-section-height-default\" data-id=\"6e2edd5\" data-element_type=\"section\">\n\t\t\t\t\t\t<div class=\"elementor-container elementor-column-gap-default\">\n\t\t\t\t\t<div class=\"elementor-column elementor-col-100 elementor-top-column elementor-element elementor-element-d8c6735\" data-id=\"d8c6735\" data-element_type=\"column\">\n\t\t\t<div class=\"elementor-widget-wrap elementor-element-populated\">\n\t\t\t\t\t\t<div class=\"elementor-element elementor-element-6f4dd3b elementor-widget elementor-widget-jet-table\" data-id=\"6f4dd3b\" data-element_type=\"widget\" data-widget_type=\"jet-table.default\">\n\t\t\t\t<div class=\"elementor-widget-container\">\n\t\t\t\t\t<div class=\"elementor-jet-table jet-elements\">\n\t\t<div class=\"jet-table-wrapper jet-table-responsive-mobile\">\n\t\t\t<table class=\"jet-table jet-table--fa5-compat\">\n\t\t\t\t<thead class=\"jet-table__head\"><tr class=\"jet-table__head-row\"><th class=\"jet-table__cell elementor-repeater-item-2eeb50e jet-table__head-cell\" scope=\"col\"><div class=\"jet-table__cell-inner\"><div class=\"jet-table__cell-content\"><div class=\"jet-table__cell-text\">PRODUCT CODE<\/div><\/div><\/div><\/th><th class=\"jet-table__cell elementor-repeater-item-4f8e09f jet-table__head-cell\" scope=\"col\"><div class=\"jet-table__cell-inner\"><div class=\"jet-table__cell-content\"><div class=\"jet-table__cell-text\">Name<\/div><\/div><\/div><\/th><th class=\"jet-table__cell elementor-repeater-item-9de9bee jet-table__head-cell\" scope=\"col\"><div class=\"jet-table__cell-inner\"><div class=\"jet-table__cell-content\"><div class=\"jet-table__cell-text\">D (mm)<\/div><\/div><\/div><\/th><th class=\"jet-table__cell elementor-repeater-item-e105a0a jet-table__head-cell\" scope=\"col\"><div class=\"jet-table__cell-inner\"><div class=\"jet-table__cell-content\"><div class=\"jet-table__cell-text\">d (mm)<\/div><\/div><\/div><\/th><th class=\"jet-table__cell elementor-repeater-item-6ed0b71 jet-table__head-cell\" scope=\"col\"><div class=\"jet-table__cell-inner\"><div class=\"jet-table__cell-content\"><div class=\"jet-table__cell-text\">L (mm)<\/div><\/div><\/div><\/th><\/tr><\/thead>\n\t\t\t\t\t\t\t\t<tbody class=\"jet-table__body\"><tr class=\"jet-table__body-row elementor-repeater-item-c52e4d7\"><td class=\"jet-table__cell elementor-repeater-item-70abc82 jet-table__body-cell\"><div class=\"jet-table__cell-inner\"><div class=\"jet-table__cell-content\"><div class=\"jet-table__cell-text\">MG333A1000-0100<\/div><\/div><\/div><\/td><td class=\"jet-table__cell elementor-repeater-item-598a75c jet-table__body-cell\"><div class=\"jet-table__cell-inner\"><div class=\"jet-table__cell-content\"><div class=\"jet-table__cell-text\">Center hole countersinks<\/div><\/div><\/div><\/td><td class=\"jet-table__cell elementor-repeater-item-b8fcf85 jet-table__body-cell\"><div class=\"jet-table__cell-inner\"><div class=\"jet-table__cell-content\"><div class=\"jet-table__cell-text\">1.00<\/div><\/div><\/div><\/td><td class=\"jet-table__cell elementor-repeater-item-6e79777 jet-table__body-cell\"><div class=\"jet-table__cell-inner\"><div class=\"jet-table__cell-content\"><div class=\"jet-table__cell-text\">3.15<\/div><\/div><\/div><\/td><td class=\"jet-table__cell elementor-repeater-item-5fd87a9 jet-table__body-cell\"><div class=\"jet-table__cell-inner\"><div class=\"jet-table__cell-content\"><div class=\"jet-table__cell-text\">31.5<\/div><\/div><\/div><\/td><\/tr><tr class=\"jet-table__body-row elementor-repeater-item-0c9e2e3\"><td class=\"jet-table__cell elementor-repeater-item-e00d354 jet-table__body-cell\"><div class=\"jet-table__cell-inner\"><div class=\"jet-table__cell-content\"><div class=\"jet-table__cell-text\">MG333A1000-0160<\/div><\/div><\/div><\/td><td class=\"jet-table__cell elementor-repeater-item-91f40f5 jet-table__body-cell\"><div class=\"jet-table__cell-inner\"><div class=\"jet-table__cell-content\"><div class=\"jet-table__cell-text\">Center hole countersinks<\/div><\/div><\/div><\/td><td class=\"jet-table__cell elementor-repeater-item-7dd4acf jet-table__body-cell\"><div class=\"jet-table__cell-inner\"><div class=\"jet-table__cell-content\"><div class=\"jet-table__cell-text\">1.60<\/div><\/div><\/div><\/td><td class=\"jet-table__cell elementor-repeater-item-54c747e jet-table__body-cell\"><div class=\"jet-table__cell-inner\"><div class=\"jet-table__cell-content\"><div class=\"jet-table__cell-text\">4.00<\/div><\/div><\/div><\/td><td class=\"jet-table__cell elementor-repeater-item-e6b0a8f jet-table__body-cell\"><div class=\"jet-table__cell-inner\"><div class=\"jet-table__cell-content\"><div class=\"jet-table__cell-text\">35.5<\/div><\/div><\/div><\/td><\/tr><tr class=\"jet-table__body-row elementor-repeater-item-ca8e9f9\"><td class=\"jet-table__cell elementor-repeater-item-1b97fde jet-table__body-cell\"><div class=\"jet-table__cell-inner\"><div class=\"jet-table__cell-content\"><div class=\"jet-table__cell-text\">MG333A1000-0200<\/div><\/div><\/div><\/td><td class=\"jet-table__cell elementor-repeater-item-932db5e jet-table__body-cell\"><div class=\"jet-table__cell-inner\"><div class=\"jet-table__cell-content\"><div class=\"jet-table__cell-text\">Center hole countersinks<\/div><\/div><\/div><\/td><td class=\"jet-table__cell elementor-repeater-item-ed60384 jet-table__body-cell\"><div class=\"jet-table__cell-inner\"><div class=\"jet-table__cell-content\"><div class=\"jet-table__cell-text\">2.00<\/div><\/div><\/div><\/td><td class=\"jet-table__cell elementor-repeater-item-923b410 jet-table__body-cell\"><div class=\"jet-table__cell-inner\"><div class=\"jet-table__cell-content\"><div class=\"jet-table__cell-text\">5.00<\/div><\/div><\/div><\/td><td class=\"jet-table__cell elementor-repeater-item-d84ba96 jet-table__body-cell\"><div class=\"jet-table__cell-inner\"><div class=\"jet-table__cell-content\"><div class=\"jet-table__cell-text\">40.0<\/div><\/div><\/div><\/td><\/tr><tr class=\"jet-table__body-row elementor-repeater-item-a454f17\"><td class=\"jet-table__cell elementor-repeater-item-7839148 jet-table__body-cell\"><div class=\"jet-table__cell-inner\"><div class=\"jet-table__cell-content\"><div class=\"jet-table__cell-text\">MG333A1000-0250<\/div><\/div><\/div><\/td><td class=\"jet-table__cell elementor-repeater-item-ff937d8 jet-table__body-cell\"><div class=\"jet-table__cell-inner\"><div class=\"jet-table__cell-content\"><div class=\"jet-table__cell-text\">Center hole countersinks<\/div><\/div><\/div><\/td><td class=\"jet-table__cell elementor-repeater-item-eda3572 jet-table__body-cell\"><div class=\"jet-table__cell-inner\"><div class=\"jet-table__cell-content\"><div class=\"jet-table__cell-text\">2.50<\/div><\/div><\/div><\/td><td class=\"jet-table__cell elementor-repeater-item-6d7205c jet-table__body-cell\"><div class=\"jet-table__cell-inner\"><div class=\"jet-table__cell-content\"><div class=\"jet-table__cell-text\">6.30<\/div><\/div><\/div><\/td><td class=\"jet-table__cell elementor-repeater-item-75b5ed4 jet-table__body-cell\"><div class=\"jet-table__cell-inner\"><div class=\"jet-table__cell-content\"><div class=\"jet-table__cell-text\">45.0<\/div><\/div><\/div><\/td><\/tr><tr class=\"jet-table__body-row elementor-repeater-item-d766bb9\"><td class=\"jet-table__cell elementor-repeater-item-86e1c91 jet-table__body-cell\"><div class=\"jet-table__cell-inner\"><div class=\"jet-table__cell-content\"><div class=\"jet-table__cell-text\">MG333A1000-0315<\/div><\/div><\/div><\/td><td class=\"jet-table__cell elementor-repeater-item-07c783f jet-table__body-cell\"><div class=\"jet-table__cell-inner\"><div class=\"jet-table__cell-content\"><div class=\"jet-table__cell-text\">Center hole countersinks<\/div><\/div><\/div><\/td><td class=\"jet-table__cell elementor-repeater-item-f4d3962 jet-table__body-cell\"><div class=\"jet-table__cell-inner\"><div class=\"jet-table__cell-content\"><div class=\"jet-table__cell-text\">3.15<\/div><\/div><\/div><\/td><td class=\"jet-table__cell elementor-repeater-item-2033ac1 jet-table__body-cell\"><div class=\"jet-table__cell-inner\"><div class=\"jet-table__cell-content\"><div class=\"jet-table__cell-text\">8.00<\/div><\/div><\/div><\/td><td class=\"jet-table__cell elementor-repeater-item-8fa694b jet-table__body-cell\"><div class=\"jet-table__cell-inner\"><div class=\"jet-table__cell-content\"><div class=\"jet-table__cell-text\">50.0<\/div><\/div><\/div><\/td><\/tr><tr class=\"jet-table__body-row elementor-repeater-item-6f3714d\"><td class=\"jet-table__cell elementor-repeater-item-7b3f152 jet-table__body-cell\"><div class=\"jet-table__cell-inner\"><div class=\"jet-table__cell-content\"><div class=\"jet-table__cell-text\">MG333A1000-0400<\/div><\/div><\/div><\/td><td class=\"jet-table__cell elementor-repeater-item-a10c377 jet-table__body-cell\"><div class=\"jet-table__cell-inner\"><div class=\"jet-table__cell-content\"><div class=\"jet-table__cell-text\">Center hole countersinks<\/div><\/div><\/div><\/td><td class=\"jet-table__cell elementor-repeater-item-f04207d jet-table__body-cell\"><div class=\"jet-table__cell-inner\"><div class=\"jet-table__cell-content\"><div class=\"jet-table__cell-text\">4.00<\/div><\/div><\/div><\/td><td class=\"jet-table__cell elementor-repeater-item-3425a2d jet-table__body-cell\"><div class=\"jet-table__cell-inner\"><div class=\"jet-table__cell-content\"><div class=\"jet-table__cell-text\">10.00<\/div><\/div><\/div><\/td><td class=\"jet-table__cell elementor-repeater-item-6b92287 jet-table__body-cell\"><div class=\"jet-table__cell-inner\"><div class=\"jet-table__cell-content\"><div class=\"jet-table__cell-text\">56.0<\/div><\/div><\/div><\/td><\/tr><tr class=\"jet-table__body-row elementor-repeater-item-97e7d87\"><td class=\"jet-table__cell elementor-repeater-item-3bca545 jet-table__body-cell\"><div class=\"jet-table__cell-inner\"><div class=\"jet-table__cell-content\"><div class=\"jet-table__cell-text\">MG333A1000-0500<\/div><\/div><\/div><\/td><td class=\"jet-table__cell elementor-repeater-item-bade6bf jet-table__body-cell\"><div class=\"jet-table__cell-inner\"><div class=\"jet-table__cell-content\"><div class=\"jet-table__cell-text\">Center hole countersinks<\/div><\/div><\/div><\/td><td class=\"jet-table__cell elementor-repeater-item-c7df176 jet-table__body-cell\"><div class=\"jet-table__cell-inner\"><div class=\"jet-table__cell-content\"><div class=\"jet-table__cell-text\">5.00<\/div><\/div><\/div><\/td><td class=\"jet-table__cell elementor-repeater-item-bcdac63 jet-table__body-cell\"><div class=\"jet-table__cell-inner\"><div class=\"jet-table__cell-content\"><div class=\"jet-table__cell-text\">12.50<\/div><\/div><\/div><\/td><td class=\"jet-table__cell elementor-repeater-item-580551b jet-table__body-cell\"><div class=\"jet-table__cell-inner\"><div class=\"jet-table__cell-content\"><div class=\"jet-table__cell-text\">63.0<\/div><\/div><\/div><\/td><\/tr><tr class=\"jet-table__body-row elementor-repeater-item-f957df7\"><td class=\"jet-table__cell elementor-repeater-item-f0e15d9 jet-table__body-cell\"><div class=\"jet-table__cell-inner\"><div class=\"jet-table__cell-content\"><div class=\"jet-table__cell-text\">MG333A1000-0630<\/div><\/div><\/div><\/td><td class=\"jet-table__cell elementor-repeater-item-5899a3a jet-table__body-cell\"><div class=\"jet-table__cell-inner\"><div class=\"jet-table__cell-content\"><div class=\"jet-table__cell-text\">Center hole countersinks<\/div><\/div><\/div><\/td><td class=\"jet-table__cell elementor-repeater-item-7a873c1 jet-table__body-cell\"><div class=\"jet-table__cell-inner\"><div class=\"jet-table__cell-content\"><div class=\"jet-table__cell-text\">6.30<\/div><\/div><\/div><\/td><td class=\"jet-table__cell elementor-repeater-item-fc65a4e jet-table__body-cell\"><div class=\"jet-table__cell-inner\"><div class=\"jet-table__cell-content\"><div class=\"jet-table__cell-text\">16.00<\/div><\/div><\/div><\/td><td class=\"jet-table__cell elementor-repeater-item-db7b9f4 jet-table__body-cell\"><div class=\"jet-table__cell-inner\"><div class=\"jet-table__cell-content\"><div class=\"jet-table__cell-text\">71.0<\/div><\/div><\/div><\/td><\/tr><tr class=\"jet-table__body-row elementor-repeater-item-2b5067e\"><\/tr><\/tbody>\n\t\t\t<\/table>\n\t\t<\/div>\n\n\t\t<\/div>\t\t\t\t<\/div>\n\t\t\t\t<\/div>\n\t\t\t\t\t<\/div>\n\t\t<\/div>\n\t\t\t\t\t<\/div>\n\t\t<\/section>\n\t\t\t\t<section data-particle_enable=\"false\" data-particle-mobile-disabled=\"false\" class=\"elementor-section elementor-top-section elementor-element elementor-element-1115004 elementor-section-boxed elementor-section-height-default elementor-section-height-default\" data-id=\"1115004\" data-element_type=\"section\">\n\t\t\t\t\t\t<div class=\"elementor-container elementor-column-gap-default\">\n\t\t\t\t\t<div class=\"elementor-column elementor-col-100 elementor-top-column elementor-element elementor-element-a7d7190\" data-id=\"a7d7190\" data-element_type=\"column\">\n\t\t\t<div class=\"elementor-widget-wrap elementor-element-populated\">\n\t\t\t\t\t\t<div class=\"elementor-element elementor-element-23811d2 elementor-align-right elementor-mobile-align-center elementor-widget elementor-widget-button\" data-id=\"23811d2\" data-element_type=\"widget\" id=\"legenda\" data-widget_type=\"button.default\">\n\t\t\t\t<div class=\"elementor-widget-container\">\n\t\t\t\t\t\t\t\t\t<div class=\"elementor-button-wrapper\">\n\t\t\t\t\t<a class=\"elementor-button elementor-button-link elementor-size-sm\" href=\"#\">\n\t\t\t\t\t\t<span class=\"elementor-button-content-wrapper\">\n\t\t\t\t\t\t\t\t\t<span class=\"elementor-button-text\">Legend<\/span>\n\t\t\t\t\t<\/span>\n\t\t\t\t\t<\/a>\n\t\t\t\t<\/div>\n\t\t\t\t\t\t\t\t<\/div>\n\t\t\t\t<\/div>\n\t\t\t\t\t<\/div>\n\t\t<\/div>\n\t\t\t\t\t<\/div>\n\t\t<\/section>\n\t\t\t\t<\/div>","protected":false},"excerpt":{"rendered":"<p>Nawiertaki HSSE KOD PRODUKTU Nazwa D (mm) d (mm) L (mm) MG333A1000-0100 Nawiertaki do nakie\u0142k\u00f3w 1.00 3.15 31.5 MG333A1000-0160 Nawiertaki do nakie\u0142k\u00f3w 1.60 4.00 35.5 MG333A1000-0200 Nawiertaki do nakie\u0142k\u00f3w 2.00 5.00 40.0 MG333A1000-0250 Nawiertaki do nakie\u0142k\u00f3w 2.50 6.30 45.0 MG333A1000-0315 Nawiertaki do nakie\u0142k\u00f3w 3.15 8.00 50.0 MG333A1000-0400 Nawiertaki do nakie\u0142k\u00f3w 4.00 10.00 56.0 MG333A1000-0500 Nawiertaki [&hellip;]<\/p>","protected":false},"author":1,"featured_media":360,"parent":392,"menu_order":0,"comment_status":"closed","ping_status":"closed","template":"elementor_header_footer","meta":{"footnotes":""},"class_list":["post-622","page","type-page","status-publish","has-post-thumbnail","hentry","entry","has-media"],"aioseo_notices":[],"_links":{"self":[{"href":"https:\/\/g25.com.pl\/en\/wp-json\/wp\/v2\/pages\/622","targetHints":{"allow":["GET"]}}],"collection":[{"href":"https:\/\/g25.com.pl\/en\/wp-json\/wp\/v2\/pages"}],"about":[{"href":"https:\/\/g25.com.pl\/en\/wp-json\/wp\/v2\/types\/page"}],"author":[{"embeddable":true,"href":"https:\/\/g25.com.pl\/en\/wp-json\/wp\/v2\/users\/1"}],"replies":[{"embeddable":true,"href":"https:\/\/g25.com.pl\/en\/wp-json\/wp\/v2\/comments?post=622"}],"version-history":[{"count":0,"href":"https:\/\/g25.com.pl\/en\/wp-json\/wp\/v2\/pages\/622\/revisions"}],"up":[{"embeddable":true,"href":"https:\/\/g25.com.pl\/en\/wp-json\/wp\/v2\/pages\/392"}],"wp:featuredmedia":[{"embeddable":true,"href":"https:\/\/g25.com.pl\/en\/wp-json\/wp\/v2\/media\/360"}],"wp:attachment":[{"href":"https:\/\/g25.com.pl\/en\/wp-json\/wp\/v2\/media?parent=622"}],"curies":[{"name":"wp","href":"https:\/\/api.w.org\/{rel}","templated":true}]}}