{"id":546,"date":"2019-08-20T09:50:18","date_gmt":"2019-08-20T07:50:18","guid":{"rendered":"https:\/\/g25.com.pl\/?page_id=546"},"modified":"2024-12-18T11:06:24","modified_gmt":"2024-12-18T10:06:24","slug":"suwomiarki-din-862","status":"publish","type":"page","link":"https:\/\/g25.com.pl\/en\/produkty\/techniki-pomiarowe\/suwomiarki-din-862\/","title":{"rendered":"Calipers \/ DIN 862"},"content":{"rendered":"<div data-elementor-type=\"wp-post\" data-elementor-id=\"546\" class=\"elementor elementor-546\" data-elementor-post-type=\"page\">\n\t\t\t\t\t\t<section data-particle_enable=\"false\" data-particle-mobile-disabled=\"false\" class=\"elementor-section elementor-top-section elementor-element elementor-element-f14711b elementor-section-full_width elementor-section-height-min-height elementor-section-height-default elementor-section-items-middle\" data-id=\"f14711b\" data-element_type=\"section\" data-settings=\"{&quot;background_background&quot;:&quot;classic&quot;}\">\n\t\t\t\t\t\t\t<div class=\"elementor-background-overlay\"><\/div>\n\t\t\t\t\t\t\t<div class=\"elementor-container elementor-column-gap-default\">\n\t\t\t\t\t<div class=\"elementor-column elementor-col-100 elementor-top-column elementor-element elementor-element-b69706a elementor-invisible\" data-id=\"b69706a\" data-element_type=\"column\" data-settings=\"{&quot;animation&quot;:&quot;fadeInUp&quot;}\">\n\t\t\t<div class=\"elementor-widget-wrap elementor-element-populated\">\n\t\t\t\t\t\t<section data-particle_enable=\"false\" data-particle-mobile-disabled=\"false\" class=\"elementor-section elementor-inner-section elementor-element elementor-element-dea9633 elementor-section-boxed elementor-section-height-default elementor-section-height-default\" data-id=\"dea9633\" data-element_type=\"section\">\n\t\t\t\t\t\t<div class=\"elementor-container elementor-column-gap-default\">\n\t\t\t\t\t<div class=\"elementor-column elementor-col-100 elementor-inner-column elementor-element elementor-element-4929a84\" data-id=\"4929a84\" data-element_type=\"column\">\n\t\t\t<div class=\"elementor-widget-wrap elementor-element-populated\">\n\t\t\t\t\t\t<div class=\"elementor-element elementor-element-17bab30 elementor-widget elementor-widget-heading\" data-id=\"17bab30\" data-element_type=\"widget\" data-widget_type=\"heading.default\">\n\t\t\t\t<div class=\"elementor-widget-container\">\n\t\t\t\t\t<h1 class=\"elementor-heading-title elementor-size-default\">Calipers \/ DIN 862<\/h1>\t\t\t\t<\/div>\n\t\t\t\t<\/div>\n\t\t\t\t\t<\/div>\n\t\t<\/div>\n\t\t\t\t\t<\/div>\n\t\t<\/section>\n\t\t\t\t\t<\/div>\n\t\t<\/div>\n\t\t\t\t\t<\/div>\n\t\t<\/section>\n\t\t\t\t<section data-particle_enable=\"false\" data-particle-mobile-disabled=\"false\" class=\"elementor-section elementor-top-section elementor-element elementor-element-41736be elementor-section-boxed elementor-section-height-default elementor-section-height-default\" data-id=\"41736be\" data-element_type=\"section\">\n\t\t\t\t\t\t<div class=\"elementor-container elementor-column-gap-default\">\n\t\t\t\t\t<div class=\"elementor-column elementor-col-25 elementor-top-column elementor-element elementor-element-bcc441f\" data-id=\"bcc441f\" data-element_type=\"column\">\n\t\t\t<div class=\"elementor-widget-wrap elementor-element-populated\">\n\t\t\t\t\t\t<div class=\"elementor-element elementor-element-3950352 elementor-widget elementor-widget-image\" data-id=\"3950352\" data-element_type=\"widget\" data-widget_type=\"image.default\">\n\t\t\t\t<div class=\"elementor-widget-container\">\n\t\t\t\t\t\t\t\t\t\t\t\t\t\t\t<img fetchpriority=\"high\" decoding=\"async\" width=\"300\" height=\"300\" src=\"https:\/\/g25.com.pl\/wp-content\/uploads\/2019\/08\/3-3.png\" class=\"attachment-large size-large wp-image-1303\" alt=\"\" \/>\t\t\t\t\t\t\t\t\t\t\t\t\t\t\t<\/div>\n\t\t\t\t<\/div>\n\t\t\t\t<div class=\"elementor-element elementor-element-690b1fd elementor-widget elementor-widget-heading\" data-id=\"690b1fd\" data-element_type=\"widget\" data-widget_type=\"heading.default\">\n\t\t\t\t<div class=\"elementor-widget-container\">\n\t\t\t\t\t<h3 class=\"elementor-heading-title elementor-size-default\">G25 <span style='color: #e31e24;font-size: 20px;font-weight:900'>|<\/span> DC10<\/h3>\t\t\t\t<\/div>\n\t\t\t\t<\/div>\n\t\t\t\t\t<\/div>\n\t\t<\/div>\n\t\t\t\t<div class=\"elementor-column elementor-col-25 elementor-top-column elementor-element elementor-element-6094a00\" data-id=\"6094a00\" data-element_type=\"column\">\n\t\t\t<div class=\"elementor-widget-wrap elementor-element-populated\">\n\t\t\t\t\t\t<div class=\"elementor-element elementor-element-92f4cbf elementor-widget elementor-widget-image\" data-id=\"92f4cbf\" data-element_type=\"widget\" data-widget_type=\"image.default\">\n\t\t\t\t<div class=\"elementor-widget-container\">\n\t\t\t\t\t\t\t\t\t\t\t\t\t\t\t<img decoding=\"async\" width=\"300\" height=\"300\" src=\"https:\/\/g25.com.pl\/wp-content\/uploads\/2019\/08\/4-2.png\" class=\"attachment-large size-large wp-image-1304\" alt=\"\" \/>\t\t\t\t\t\t\t\t\t\t\t\t\t\t\t<\/div>\n\t\t\t\t<\/div>\n\t\t\t\t<div class=\"elementor-element elementor-element-2ed163b elementor-widget elementor-widget-heading\" data-id=\"2ed163b\" data-element_type=\"widget\" data-widget_type=\"heading.default\">\n\t\t\t\t<div class=\"elementor-widget-container\">\n\t\t\t\t\t<h3 class=\"elementor-heading-title elementor-size-default\">G25 <span style='color: #e31e24;font-size: 20px;font-weight:900'>|<\/span> VC10<\/h3>\t\t\t\t<\/div>\n\t\t\t\t<\/div>\n\t\t\t\t\t<\/div>\n\t\t<\/div>\n\t\t\t\t<div class=\"elementor-column elementor-col-25 elementor-top-column elementor-element elementor-element-22ed181\" data-id=\"22ed181\" data-element_type=\"column\">\n\t\t\t<div class=\"elementor-widget-wrap elementor-element-populated\">\n\t\t\t\t\t\t<div class=\"elementor-element elementor-element-8f1eebd elementor-widget elementor-widget-image\" data-id=\"8f1eebd\" data-element_type=\"widget\" data-widget_type=\"image.default\">\n\t\t\t\t<div class=\"elementor-widget-container\">\n\t\t\t\t\t\t\t\t\t\t\t\t\t\t\t<img decoding=\"async\" width=\"300\" height=\"300\" src=\"https:\/\/g25.com.pl\/wp-content\/uploads\/2019\/08\/111.png\" class=\"attachment-large size-large wp-image-1307\" alt=\"\" \/>\t\t\t\t\t\t\t\t\t\t\t\t\t\t\t<\/div>\n\t\t\t\t<\/div>\n\t\t\t\t<div class=\"elementor-element elementor-element-65e97f9 elementor-widget elementor-widget-heading\" data-id=\"65e97f9\" data-element_type=\"widget\" data-widget_type=\"heading.default\">\n\t\t\t\t<div class=\"elementor-widget-container\">\n\t\t\t\t\t<h3 class=\"elementor-heading-title elementor-size-default\">G25 <span style=\"color: #e31e24;font-size: 20px;font-weight:900\">|<\/span> SDN10<\/h3>\t\t\t\t<\/div>\n\t\t\t\t<\/div>\n\t\t\t\t\t<\/div>\n\t\t<\/div>\n\t\t\t\t<div class=\"elementor-column elementor-col-25 elementor-top-column elementor-element elementor-element-463d775\" data-id=\"463d775\" data-element_type=\"column\">\n\t\t\t<div class=\"elementor-widget-wrap elementor-element-populated\">\n\t\t\t\t\t\t<div class=\"elementor-element elementor-element-f634f7a elementor-widget elementor-widget-image\" data-id=\"f634f7a\" data-element_type=\"widget\" data-widget_type=\"image.default\">\n\t\t\t\t<div class=\"elementor-widget-container\">\n\t\t\t\t\t\t\t\t\t\t\t\t\t\t\t<img loading=\"lazy\" decoding=\"async\" width=\"300\" height=\"300\" src=\"https:\/\/g25.com.pl\/wp-content\/uploads\/2019\/08\/222.png\" class=\"attachment-large size-large wp-image-1305\" alt=\"\" \/>\t\t\t\t\t\t\t\t\t\t\t\t\t\t\t<\/div>\n\t\t\t\t<\/div>\n\t\t\t\t<div class=\"elementor-element elementor-element-bc7ecc1 elementor-widget elementor-widget-heading\" data-id=\"bc7ecc1\" data-element_type=\"widget\" data-widget_type=\"heading.default\">\n\t\t\t\t<div class=\"elementor-widget-container\">\n\t\t\t\t\t<h3 class=\"elementor-heading-title elementor-size-default\">G25 <span style='color: #e31e24;font-size: 20px;font-weight:900'>|<\/span> IP67 ZD10<\/h3>\t\t\t\t<\/div>\n\t\t\t\t<\/div>\n\t\t\t\t<div class=\"elementor-element elementor-element-3ef7e07 elementor-widget elementor-widget-image\" data-id=\"3ef7e07\" data-element_type=\"widget\" data-widget_type=\"image.default\">\n\t\t\t\t<div class=\"elementor-widget-container\">\n\t\t\t\t\t\t\t\t\t\t\t\t\t\t\t<img loading=\"lazy\" decoding=\"async\" width=\"285\" height=\"129\" src=\"https:\/\/g25.com.pl\/wp-content\/uploads\/2019\/08\/IP67.png\" class=\"attachment-large size-large wp-image-1310\" alt=\"\" \/>\t\t\t\t\t\t\t\t\t\t\t\t\t\t\t<\/div>\n\t\t\t\t<\/div>\n\t\t\t\t\t<\/div>\n\t\t<\/div>\n\t\t\t\t\t<\/div>\n\t\t<\/section>\n\t\t\t\t<section data-particle_enable=\"false\" data-particle-mobile-disabled=\"false\" class=\"elementor-section elementor-top-section elementor-element elementor-element-be4e37a elementor-section-boxed elementor-section-height-default elementor-section-height-default\" data-id=\"be4e37a\" data-element_type=\"section\">\n\t\t\t\t\t\t<div class=\"elementor-container elementor-column-gap-default\">\n\t\t\t\t\t<div class=\"elementor-column elementor-col-100 elementor-top-column elementor-element elementor-element-8f4c41a\" data-id=\"8f4c41a\" data-element_type=\"column\">\n\t\t\t<div class=\"elementor-widget-wrap elementor-element-populated\">\n\t\t\t\t\t\t<div class=\"elementor-element elementor-element-9122304 elementor-widget elementor-widget-jet-table\" data-id=\"9122304\" data-element_type=\"widget\" data-widget_type=\"jet-table.default\">\n\t\t\t\t<div class=\"elementor-widget-container\">\n\t\t\t\t\t<div class=\"elementor-jet-table jet-elements\">\n\t\t<div class=\"jet-table-wrapper jet-table-responsive-mobile\">\n\t\t\t<table class=\"jet-table jet-table--fa5-compat\">\n\t\t\t\t<thead class=\"jet-table__head\"><tr class=\"jet-table__head-row\"><th class=\"jet-table__cell elementor-repeater-item-ac63486 jet-table__head-cell\" scope=\"col\"><div class=\"jet-table__cell-inner\"><div class=\"jet-table__cell-content\"><div class=\"jet-table__cell-text\">CATALOG CODE<\/div><\/div><\/div><\/th><th class=\"jet-table__cell elementor-repeater-item-397a4c0 jet-table__head-cell\" scope=\"col\"><div class=\"jet-table__cell-inner\"><div class=\"jet-table__cell-content\"><div class=\"jet-table__cell-text\">range (mm)<\/div><\/div><\/div><\/th><th class=\"jet-table__cell elementor-repeater-item-0674152 jet-table__head-cell\" scope=\"col\"><div class=\"jet-table__cell-inner\"><div class=\"jet-table__cell-content\"><div class=\"jet-table__cell-text\">accuracy (mm)<\/div><\/div><\/div><\/th><th class=\"jet-table__cell elementor-repeater-item-50cbcde jet-table__head-cell\" scope=\"col\"><div class=\"jet-table__cell-inner\"><div class=\"jet-table__cell-content\"><div class=\"jet-table__cell-text\">reading<\/div><\/div><\/div><\/th><th class=\"jet-table__cell elementor-repeater-item-11df58a jet-table__head-cell\" scope=\"col\"><div class=\"jet-table__cell-inner\"><div class=\"jet-table__cell-content\"><div class=\"jet-table__cell-text\">Calibration certificate<\/div><\/div><\/div><\/th><th class=\"jet-table__cell elementor-repeater-item-103540a jet-table__head-cell\" scope=\"col\"><div class=\"jet-table__cell-inner\"><div class=\"jet-table__cell-content\"><div class=\"jet-table__cell-text\">comments<\/div><\/div><\/div><\/th><\/tr><\/thead>\n\t\t\t\t\t\t\t\t<tbody class=\"jet-table__body\"><tr class=\"jet-table__body-row elementor-repeater-item-7bf6e4d\"><td class=\"jet-table__cell elementor-repeater-item-5bd6654 jet-table__body-cell\"><div class=\"jet-table__cell-inner\"><div class=\"jet-table__cell-content\"><div class=\"jet-table__cell-text\">G25 SDN 10<\/div><\/div><\/div><\/td><td class=\"jet-table__cell elementor-repeater-item-2d2bb3e jet-table__body-cell\"><div class=\"jet-table__cell-inner\"><div class=\"jet-table__cell-content\"><div class=\"jet-table__cell-text\">0-150<\/div><\/div><\/div><\/td><td class=\"jet-table__cell elementor-repeater-item-658c368 jet-table__body-cell\"><div class=\"jet-table__cell-inner\"><div class=\"jet-table__cell-content\"><div class=\"jet-table__cell-text\">0.01<\/div><\/div><\/div><\/td><td class=\"jet-table__cell elementor-repeater-item-b0f31c5 jet-table__body-cell\"><div class=\"jet-table__cell-inner\"><div class=\"jet-table__cell-content\"><div class=\"jet-table__cell-text\">digital<\/div><\/div><\/div><\/td><td class=\"jet-table__cell elementor-repeater-item-17f993a jet-table__body-cell\"><div class=\"jet-table__cell-inner\"><div class=\"jet-table__cell-content\"><div class=\"jet-table__cell-text\">V<\/div><\/div><\/div><\/td><\/tr><tr class=\"jet-table__body-row elementor-repeater-item-d59a3de\"><td class=\"jet-table__cell elementor-repeater-item-85d2a9b jet-table__body-cell\"><div class=\"jet-table__cell-inner\"><div class=\"jet-table__cell-content\"><div class=\"jet-table__cell-text\">G25 SDN 20<\/div><\/div><\/div><\/td><td class=\"jet-table__cell elementor-repeater-item-f33a6ba jet-table__body-cell\"><div class=\"jet-table__cell-inner\"><div class=\"jet-table__cell-content\"><div class=\"jet-table__cell-text\">0-200<\/div><\/div><\/div><\/td><td class=\"jet-table__cell elementor-repeater-item-b640736 jet-table__body-cell\"><div class=\"jet-table__cell-inner\"><div class=\"jet-table__cell-content\"><div class=\"jet-table__cell-text\">0.01<\/div><\/div><\/div><\/td><td class=\"jet-table__cell elementor-repeater-item-5bc3135 jet-table__body-cell\"><div class=\"jet-table__cell-inner\"><div class=\"jet-table__cell-content\"><div class=\"jet-table__cell-text\">digital<\/div><\/div><\/div><\/td><td class=\"jet-table__cell elementor-repeater-item-9723b5c jet-table__body-cell\"><div class=\"jet-table__cell-inner\"><div class=\"jet-table__cell-content\"><div class=\"jet-table__cell-text\">V<\/div><\/div><\/div><\/td><\/tr><tr class=\"jet-table__body-row elementor-repeater-item-4615394\"><td class=\"jet-table__cell elementor-repeater-item-b14615e jet-table__body-cell\"><div class=\"jet-table__cell-inner\"><div class=\"jet-table__cell-content\"><div class=\"jet-table__cell-text\">G25 SDN 30<\/div><\/div><\/div><\/td><td class=\"jet-table__cell elementor-repeater-item-624f922 jet-table__body-cell\"><div class=\"jet-table__cell-inner\"><div class=\"jet-table__cell-content\"><div class=\"jet-table__cell-text\">0-300<\/div><\/div><\/div><\/td><td class=\"jet-table__cell elementor-repeater-item-654ee89 jet-table__body-cell\"><div class=\"jet-table__cell-inner\"><div class=\"jet-table__cell-content\"><div class=\"jet-table__cell-text\">0.01<\/div><\/div><\/div><\/td><td class=\"jet-table__cell elementor-repeater-item-12b996a jet-table__body-cell\"><div class=\"jet-table__cell-inner\"><div class=\"jet-table__cell-content\"><div class=\"jet-table__cell-text\">digital<\/div><\/div><\/div><\/td><td class=\"jet-table__cell elementor-repeater-item-726e39c jet-table__body-cell\"><div class=\"jet-table__cell-inner\"><div class=\"jet-table__cell-content\"><div class=\"jet-table__cell-text\">V<\/div><\/div><\/div><\/td><\/tr><tr class=\"jet-table__body-row elementor-repeater-item-134a765\"><td class=\"jet-table__cell elementor-repeater-item-10065bf jet-table__body-cell\"><div class=\"jet-table__cell-inner\"><div class=\"jet-table__cell-content\"><div class=\"jet-table__cell-text\">G25 IP 67 ZD10<\/div><\/div><\/div><\/td><td class=\"jet-table__cell elementor-repeater-item-a7f10a8 jet-table__body-cell\"><div class=\"jet-table__cell-inner\"><div class=\"jet-table__cell-content\"><div class=\"jet-table__cell-text\">0-150<\/div><\/div><\/div><\/td><td class=\"jet-table__cell elementor-repeater-item-f7c994f jet-table__body-cell\"><div class=\"jet-table__cell-inner\"><div class=\"jet-table__cell-content\"><div class=\"jet-table__cell-text\">0.01<\/div><\/div><\/div><\/td><td class=\"jet-table__cell elementor-repeater-item-e41f0b3 jet-table__body-cell\"><div class=\"jet-table__cell-inner\"><div class=\"jet-table__cell-content\"><div class=\"jet-table__cell-text\">digital<\/div><\/div><\/div><\/td><td class=\"jet-table__cell elementor-repeater-item-0c24e0c jet-table__body-cell\"><div class=\"jet-table__cell-inner\"><div class=\"jet-table__cell-content\"><div class=\"jet-table__cell-text\">V<\/div><\/div><\/div><\/td><td class=\"jet-table__cell elementor-repeater-item-f9f2e79 jet-table__body-cell\"><div class=\"jet-table__cell-inner\"><div class=\"jet-table__cell-content\"><div class=\"jet-table__cell-text\">WATERPROOF<\/div><\/div><\/div><\/td><\/tr><tr class=\"jet-table__body-row elementor-repeater-item-9a9e6b9\"><td class=\"jet-table__cell elementor-repeater-item-22eefdb jet-table__body-cell\"><div class=\"jet-table__cell-inner\"><div class=\"jet-table__cell-content\"><div class=\"jet-table__cell-text\">G25 IP 67 ZD20<\/div><\/div><\/div><\/td><td class=\"jet-table__cell elementor-repeater-item-272a766 jet-table__body-cell\"><div class=\"jet-table__cell-inner\"><div class=\"jet-table__cell-content\"><div class=\"jet-table__cell-text\">0-200<\/div><\/div><\/div><\/td><td class=\"jet-table__cell elementor-repeater-item-adc8a40 jet-table__body-cell\"><div class=\"jet-table__cell-inner\"><div class=\"jet-table__cell-content\"><div class=\"jet-table__cell-text\">0.01<\/div><\/div><\/div><\/td><td class=\"jet-table__cell elementor-repeater-item-8862e3e jet-table__body-cell\"><div class=\"jet-table__cell-inner\"><div class=\"jet-table__cell-content\"><div class=\"jet-table__cell-text\">digital<\/div><\/div><\/div><\/td><td class=\"jet-table__cell elementor-repeater-item-40ef9d4 jet-table__body-cell\"><div class=\"jet-table__cell-inner\"><div class=\"jet-table__cell-content\"><div class=\"jet-table__cell-text\">V<\/div><\/div><\/div><\/td><td class=\"jet-table__cell elementor-repeater-item-23743d3 jet-table__body-cell\"><div class=\"jet-table__cell-inner\"><div class=\"jet-table__cell-content\"><div class=\"jet-table__cell-text\">WATERPROOF<\/div><\/div><\/div><\/td><\/tr><tr class=\"jet-table__body-row elementor-repeater-item-45a87d9\"><\/tr><tr class=\"jet-table__body-row elementor-repeater-item-6b1fd01\"><td class=\"jet-table__cell elementor-repeater-item-6521d54 jet-table__body-cell\"><div class=\"jet-table__cell-inner\"><div class=\"jet-table__cell-content\"><div class=\"jet-table__cell-text\">G25 IP 67 ZD30<\/div><\/div><\/div><\/td><td class=\"jet-table__cell elementor-repeater-item-de8f8b4 jet-table__body-cell\"><div class=\"jet-table__cell-inner\"><div class=\"jet-table__cell-content\"><div class=\"jet-table__cell-text\">0-300<\/div><\/div><\/div><\/td><td class=\"jet-table__cell elementor-repeater-item-d8e7343 jet-table__body-cell\"><div class=\"jet-table__cell-inner\"><div class=\"jet-table__cell-content\"><div class=\"jet-table__cell-text\">0.01<\/div><\/div><\/div><\/td><td class=\"jet-table__cell elementor-repeater-item-bcbfd15 jet-table__body-cell\"><div class=\"jet-table__cell-inner\"><div class=\"jet-table__cell-content\"><div class=\"jet-table__cell-text\">digital<\/div><\/div><\/div><\/td><td class=\"jet-table__cell elementor-repeater-item-6f41351 jet-table__body-cell\"><div class=\"jet-table__cell-inner\"><div class=\"jet-table__cell-content\"><div class=\"jet-table__cell-text\">V<\/div><\/div><\/div><\/td><td class=\"jet-table__cell elementor-repeater-item-f553f32 jet-table__body-cell\"><div class=\"jet-table__cell-inner\"><div class=\"jet-table__cell-content\"><div class=\"jet-table__cell-text\">WATERPROOF<\/div><\/div><\/div><\/td><\/tr><tr class=\"jet-table__body-row elementor-repeater-item-09f64ce\"><td class=\"jet-table__cell elementor-repeater-item-c28b5ae jet-table__body-cell\"><div class=\"jet-table__cell-inner\"><div class=\"jet-table__cell-content\"><div class=\"jet-table__cell-text\">G25 VC10<\/div><\/div><\/div><\/td><td class=\"jet-table__cell elementor-repeater-item-af33481 jet-table__body-cell\"><div class=\"jet-table__cell-inner\"><div class=\"jet-table__cell-content\"><div class=\"jet-table__cell-text\">0-150<\/div><\/div><\/div><\/td><td class=\"jet-table__cell elementor-repeater-item-f3e78ad jet-table__body-cell\"><div class=\"jet-table__cell-inner\"><div class=\"jet-table__cell-content\"><div class=\"jet-table__cell-text\">0.02<\/div><\/div><\/div><\/td><td class=\"jet-table__cell elementor-repeater-item-2456c3c jet-table__body-cell\"><div class=\"jet-table__cell-inner\"><div class=\"jet-table__cell-content\"><div class=\"jet-table__cell-text\">Nonius<\/div><\/div><\/div><\/td><td class=\"jet-table__cell elementor-repeater-item-97107dc jet-table__body-cell\"><div class=\"jet-table__cell-inner\"><div class=\"jet-table__cell-content\"><div class=\"jet-table__cell-text\">V<\/div><\/div><\/div><\/td><\/tr><tr class=\"jet-table__body-row elementor-repeater-item-0654f4f\"><td class=\"jet-table__cell elementor-repeater-item-375a765 jet-table__body-cell\"><div class=\"jet-table__cell-inner\"><div class=\"jet-table__cell-content\"><div class=\"jet-table__cell-text\">G25 VC20<\/div><\/div><\/div><\/td><td class=\"jet-table__cell elementor-repeater-item-f4776a3 jet-table__body-cell\"><div class=\"jet-table__cell-inner\"><div class=\"jet-table__cell-content\"><div class=\"jet-table__cell-text\">0-200<\/div><\/div><\/div><\/td><td class=\"jet-table__cell elementor-repeater-item-5c2d634 jet-table__body-cell\"><div class=\"jet-table__cell-inner\"><div class=\"jet-table__cell-content\"><div class=\"jet-table__cell-text\">0.02<\/div><\/div><\/div><\/td><td class=\"jet-table__cell elementor-repeater-item-35f06db jet-table__body-cell\"><div class=\"jet-table__cell-inner\"><div class=\"jet-table__cell-content\"><div class=\"jet-table__cell-text\">Nonius<\/div><\/div><\/div><\/td><td class=\"jet-table__cell elementor-repeater-item-f2dc128 jet-table__body-cell\"><div class=\"jet-table__cell-inner\"><div class=\"jet-table__cell-content\"><div class=\"jet-table__cell-text\">V<\/div><\/div><\/div><\/td><\/tr><tr class=\"jet-table__body-row elementor-repeater-item-a0047a6\"><td class=\"jet-table__cell elementor-repeater-item-1fc95a5 jet-table__body-cell\"><div class=\"jet-table__cell-inner\"><div class=\"jet-table__cell-content\"><div class=\"jet-table__cell-text\">G25 VC30<\/div><\/div><\/div><\/td><td class=\"jet-table__cell elementor-repeater-item-a6d17d9 jet-table__body-cell\"><div class=\"jet-table__cell-inner\"><div class=\"jet-table__cell-content\"><div class=\"jet-table__cell-text\">0-300<\/div><\/div><\/div><\/td><td class=\"jet-table__cell elementor-repeater-item-a242414 jet-table__body-cell\"><div class=\"jet-table__cell-inner\"><div class=\"jet-table__cell-content\"><div class=\"jet-table__cell-text\">0.02<\/div><\/div><\/div><\/td><td class=\"jet-table__cell elementor-repeater-item-a30fe4c jet-table__body-cell\"><div class=\"jet-table__cell-inner\"><div class=\"jet-table__cell-content\"><div class=\"jet-table__cell-text\">Nonius<\/div><\/div><\/div><\/td><td class=\"jet-table__cell elementor-repeater-item-5ec4984 jet-table__body-cell\"><div class=\"jet-table__cell-inner\"><div class=\"jet-table__cell-content\"><div class=\"jet-table__cell-text\">V<\/div><\/div><\/div><\/td><\/tr><tr class=\"jet-table__body-row elementor-repeater-item-59a618f\"><td class=\"jet-table__cell elementor-repeater-item-3ef70ad jet-table__body-cell\"><div class=\"jet-table__cell-inner\"><div class=\"jet-table__cell-content\"><div class=\"jet-table__cell-text\">G25 DC10<\/div><\/div><\/div><\/td><td class=\"jet-table__cell elementor-repeater-item-87457f4 jet-table__body-cell\"><div class=\"jet-table__cell-inner\"><div class=\"jet-table__cell-content\"><div class=\"jet-table__cell-text\">0-150<\/div><\/div><\/div><\/td><td class=\"jet-table__cell elementor-repeater-item-9ce612b jet-table__body-cell\"><div class=\"jet-table__cell-inner\"><div class=\"jet-table__cell-content\"><div class=\"jet-table__cell-text\">0.02<\/div><\/div><\/div><\/td><td class=\"jet-table__cell elementor-repeater-item-97c8937 jet-table__body-cell\"><div class=\"jet-table__cell-inner\"><div class=\"jet-table__cell-content\"><div class=\"jet-table__cell-text\">Digital \/ Clock<\/div><\/div><\/div><\/td><td class=\"jet-table__cell elementor-repeater-item-9f2cca1 jet-table__body-cell\"><div class=\"jet-table__cell-inner\"><div class=\"jet-table__cell-content\"><div class=\"jet-table__cell-text\">V<\/div><\/div><\/div><\/td><td class=\"jet-table__cell elementor-repeater-item-d5752e5 jet-table__body-cell\"><div class=\"jet-table__cell-inner\"><div class=\"jet-table__cell-content\"><div class=\"jet-table__cell-text\">shockproof<\/div><\/div><\/div><\/td><\/tr><\/tbody>\n\t\t\t<\/table>\n\t\t<\/div>\n\n\t\t<\/div>\t\t\t\t<\/div>\n\t\t\t\t<\/div>\n\t\t\t\t\t<\/div>\n\t\t<\/div>\n\t\t\t\t\t<\/div>\n\t\t<\/section>\n\t\t\t\t<section data-particle_enable=\"false\" data-particle-mobile-disabled=\"false\" class=\"elementor-section elementor-top-section elementor-element elementor-element-ce1633c elementor-section-boxed elementor-section-height-default elementor-section-height-default\" data-id=\"ce1633c\" data-element_type=\"section\">\n\t\t\t\t\t\t<div class=\"elementor-container elementor-column-gap-default\">\n\t\t\t\t\t<div class=\"elementor-column elementor-col-100 elementor-top-column elementor-element elementor-element-013f73d\" data-id=\"013f73d\" data-element_type=\"column\">\n\t\t\t<div class=\"elementor-widget-wrap elementor-element-populated\">\n\t\t\t\t\t\t<div class=\"elementor-element elementor-element-4d5d78d elementor-align-center elementor-widget elementor-widget-button\" data-id=\"4d5d78d\" data-element_type=\"widget\" data-widget_type=\"button.default\">\n\t\t\t\t<div class=\"elementor-widget-container\">\n\t\t\t\t\t\t\t\t\t<div class=\"elementor-button-wrapper\">\n\t\t\t\t\t<a class=\"elementor-button elementor-button-link elementor-size-sm\" href=\"https:\/\/g25.com.pl\/wp-content\/uploads\/2024\/12\/CE-Declaration.pdf\" target=\"_blank\">\n\t\t\t\t\t\t<span class=\"elementor-button-content-wrapper\">\n\t\t\t\t\t\t\t\t\t<span class=\"elementor-button-text\">CE CONFORMITY DECLARATION<\/span>\n\t\t\t\t\t<\/span>\n\t\t\t\t\t<\/a>\n\t\t\t\t<\/div>\n\t\t\t\t\t\t\t\t<\/div>\n\t\t\t\t<\/div>\n\t\t\t\t\t<\/div>\n\t\t<\/div>\n\t\t\t\t\t<\/div>\n\t\t<\/section>\n\t\t\t\t<\/div>","protected":false},"excerpt":{"rendered":"<p>Suwmiarki\/DIN 862 G25 | DC10 G25 | VC10 G25 | SDN10 G25 | IP67 ZD10 KOD KATALOGOWY zakres (mm) dok\u0142adno\u015b\u0107 (mm) odczyt \u015awiadectwo kalibracji uwagi G25 SDN 10 0-150 0.01 cyfrowy V G25 SDN 20 0-200 0.01 cyfrowy V G25 SDN 30 0-300 0.01 cyfrowy V G25 IP 67 ZD10 0-150 0.01 cyfrowy V WODOODPORNA [&hellip;]<\/p>","protected":false},"author":1,"featured_media":574,"parent":401,"menu_order":0,"comment_status":"closed","ping_status":"closed","template":"elementor_header_footer","meta":{"footnotes":""},"class_list":["post-546","page","type-page","status-publish","has-post-thumbnail","hentry","entry","has-media"],"aioseo_notices":[],"_links":{"self":[{"href":"https:\/\/g25.com.pl\/en\/wp-json\/wp\/v2\/pages\/546","targetHints":{"allow":["GET"]}}],"collection":[{"href":"https:\/\/g25.com.pl\/en\/wp-json\/wp\/v2\/pages"}],"about":[{"href":"https:\/\/g25.com.pl\/en\/wp-json\/wp\/v2\/types\/page"}],"author":[{"embeddable":true,"href":"https:\/\/g25.com.pl\/en\/wp-json\/wp\/v2\/users\/1"}],"replies":[{"embeddable":true,"href":"https:\/\/g25.com.pl\/en\/wp-json\/wp\/v2\/comments?post=546"}],"version-history":[{"count":3,"href":"https:\/\/g25.com.pl\/en\/wp-json\/wp\/v2\/pages\/546\/revisions"}],"predecessor-version":[{"id":10443,"href":"https:\/\/g25.com.pl\/en\/wp-json\/wp\/v2\/pages\/546\/revisions\/10443"}],"up":[{"embeddable":true,"href":"https:\/\/g25.com.pl\/en\/wp-json\/wp\/v2\/pages\/401"}],"wp:featuredmedia":[{"embeddable":true,"href":"https:\/\/g25.com.pl\/en\/wp-json\/wp\/v2\/media\/574"}],"wp:attachment":[{"href":"https:\/\/g25.com.pl\/en\/wp-json\/wp\/v2\/media?parent=546"}],"curies":[{"name":"wp","href":"https:\/\/api.w.org\/{rel}","templated":true}]}}