{"id":4492,"date":"2022-02-02T10:50:25","date_gmt":"2022-02-02T09:50:25","guid":{"rendered":"https:\/\/g25.com.pl\/?page_id=4492"},"modified":"2022-02-08T18:01:59","modified_gmt":"2022-02-08T17:01:59","slug":"rekawice-spawalnicze","status":"publish","type":"page","link":"https:\/\/g25.com.pl\/en\/produkty\/akcesoria\/rekawice-spawalnicze\/","title":{"rendered":"Welding Gloves"},"content":{"rendered":"<div data-elementor-type=\"wp-post\" data-elementor-id=\"4492\" class=\"elementor elementor-4492\" data-elementor-post-type=\"page\">\n\t\t\t\t\t\t<section data-particle_enable=\"false\" data-particle-mobile-disabled=\"false\" class=\"elementor-section elementor-top-section elementor-element elementor-element-c8263b7 elementor-section-full_width elementor-section-height-min-height elementor-section-height-default elementor-section-items-middle\" data-id=\"c8263b7\" data-element_type=\"section\" data-settings=\"{&quot;background_background&quot;:&quot;classic&quot;}\">\n\t\t\t\t\t\t\t<div class=\"elementor-background-overlay\"><\/div>\n\t\t\t\t\t\t\t<div class=\"elementor-container elementor-column-gap-default\">\n\t\t\t\t\t<div class=\"elementor-column elementor-col-100 elementor-top-column elementor-element elementor-element-d5259d3 elementor-invisible\" data-id=\"d5259d3\" data-element_type=\"column\" data-settings=\"{&quot;animation&quot;:&quot;fadeInUp&quot;}\">\n\t\t\t<div class=\"elementor-widget-wrap elementor-element-populated\">\n\t\t\t\t\t\t<section data-particle_enable=\"false\" data-particle-mobile-disabled=\"false\" class=\"elementor-section elementor-inner-section elementor-element elementor-element-89fdd92 elementor-section-boxed elementor-section-height-default elementor-section-height-default\" data-id=\"89fdd92\" data-element_type=\"section\">\n\t\t\t\t\t\t<div class=\"elementor-container elementor-column-gap-default\">\n\t\t\t\t\t<div class=\"elementor-column elementor-col-100 elementor-inner-column elementor-element elementor-element-679c9a7\" data-id=\"679c9a7\" data-element_type=\"column\">\n\t\t\t<div class=\"elementor-widget-wrap elementor-element-populated\">\n\t\t\t\t\t\t<div class=\"elementor-element elementor-element-4ce0fb4 elementor-widget elementor-widget-heading\" data-id=\"4ce0fb4\" data-element_type=\"widget\" data-widget_type=\"heading.default\">\n\t\t\t\t<div class=\"elementor-widget-container\">\n\t\t\t\t\t<h1 class=\"elementor-heading-title elementor-size-default\">Welding Gloves<\/h1>\t\t\t\t<\/div>\n\t\t\t\t<\/div>\n\t\t\t\t\t<\/div>\n\t\t<\/div>\n\t\t\t\t\t<\/div>\n\t\t<\/section>\n\t\t\t\t\t<\/div>\n\t\t<\/div>\n\t\t\t\t\t<\/div>\n\t\t<\/section>\n\t\t\t\t<section data-particle_enable=\"false\" data-particle-mobile-disabled=\"false\" class=\"elementor-section elementor-top-section elementor-element elementor-element-4806b64 elementor-section-boxed elementor-section-height-default elementor-section-height-default\" data-id=\"4806b64\" data-element_type=\"section\">\n\t\t\t\t\t\t<div class=\"elementor-container elementor-column-gap-default\">\n\t\t\t\t\t<div class=\"elementor-column elementor-col-100 elementor-top-column elementor-element elementor-element-c48ec13\" data-id=\"c48ec13\" data-element_type=\"column\">\n\t\t\t<div class=\"elementor-widget-wrap elementor-element-populated\">\n\t\t\t\t\t\t<div class=\"elementor-element elementor-element-8008601 elementor-widget elementor-widget-image\" data-id=\"8008601\" data-element_type=\"widget\" data-widget_type=\"image.default\">\n\t\t\t\t<div class=\"elementor-widget-container\">\n\t\t\t\t\t\t\t\t\t\t\t\t\t\t\t<img fetchpriority=\"high\" decoding=\"async\" width=\"1200\" height=\"349\" src=\"https:\/\/g25.com.pl\/wp-content\/uploads\/2022\/02\/rekawice-spawalnicze-1200x349.png\" class=\"attachment-large size-large wp-image-4506\" alt=\"\" srcset=\"https:\/\/g25.com.pl\/wp-content\/uploads\/2022\/02\/rekawice-spawalnicze-1200x349.png 1200w, https:\/\/g25.com.pl\/wp-content\/uploads\/2022\/02\/rekawice-spawalnicze-350x102.png 350w, https:\/\/g25.com.pl\/wp-content\/uploads\/2022\/02\/rekawice-spawalnicze-768x224.png 768w, https:\/\/g25.com.pl\/wp-content\/uploads\/2022\/02\/rekawice-spawalnicze-1536x447.png 1536w, https:\/\/g25.com.pl\/wp-content\/uploads\/2022\/02\/rekawice-spawalnicze-18x5.png 18w, https:\/\/g25.com.pl\/wp-content\/uploads\/2022\/02\/rekawice-spawalnicze.png 1676w\" sizes=\"(max-width: 1200px) 100vw, 1200px\" \/>\t\t\t\t\t\t\t\t\t\t\t\t\t\t\t<\/div>\n\t\t\t\t<\/div>\n\t\t\t\t\t<\/div>\n\t\t<\/div>\n\t\t\t\t\t<\/div>\n\t\t<\/section>\n\t\t\t\t<section data-particle_enable=\"false\" data-particle-mobile-disabled=\"false\" class=\"elementor-section elementor-top-section elementor-element elementor-element-5959cee elementor-section-boxed elementor-section-height-default elementor-section-height-default\" data-id=\"5959cee\" data-element_type=\"section\">\n\t\t\t\t\t\t<div class=\"elementor-container elementor-column-gap-default\">\n\t\t\t\t\t<div class=\"elementor-column elementor-col-100 elementor-top-column elementor-element elementor-element-c31896a\" data-id=\"c31896a\" data-element_type=\"column\">\n\t\t\t<div class=\"elementor-widget-wrap elementor-element-populated\">\n\t\t\t\t\t\t<div class=\"elementor-element elementor-element-c28c140 elementor-widget elementor-widget-jet-table\" data-id=\"c28c140\" data-element_type=\"widget\" data-widget_type=\"jet-table.default\">\n\t\t\t\t<div class=\"elementor-widget-container\">\n\t\t\t\t\t<div class=\"elementor-jet-table jet-elements\">\n\t\t<div class=\"jet-table-wrapper jet-table-responsive-mobile\">\n\t\t\t<table class=\"jet-table jet-table--fa5-compat\">\n\t\t\t\t<thead class=\"jet-table__head\"><tr class=\"jet-table__head-row\"><th class=\"jet-table__cell elementor-repeater-item-2eeb50e jet-table__head-cell\" scope=\"col\"><div class=\"jet-table__cell-inner\"><div class=\"jet-table__cell-content\"><div class=\"jet-table__cell-text\">PRODUCT CODE<\/div><\/div><\/div><\/th><th class=\"jet-table__cell elementor-repeater-item-9de9bee jet-table__head-cell\" scope=\"col\"><div class=\"jet-table__cell-inner\"><div class=\"jet-table__cell-content\"><div class=\"jet-table__cell-text\">Name<\/div><\/div><\/div><\/th><\/tr><\/thead>\n\t\t\t\t\t\t\t\t<tbody class=\"jet-table__body\"><tr class=\"jet-table__body-row elementor-repeater-item-0c9e2e3\"><td class=\"jet-table__cell elementor-repeater-item-e00d354 jet-table__body-cell\"><div class=\"jet-table__cell-inner\"><div class=\"jet-table__cell-content\"><div class=\"jet-table__cell-text\">S-GLOVE G25 STRONG &#8211; \u017b\n<\/div><\/div><\/div><\/td><td class=\"jet-table__cell elementor-repeater-item-7dd4acf jet-table__body-cell\"><div class=\"jet-table__cell-inner\"><div class=\"jet-table__cell-content\"><div class=\"jet-table__cell-text\">Welding gloves yellow<\/div><\/div><\/div><\/td><\/tr><tr class=\"jet-table__body-row elementor-repeater-item-5e8914c\"><td class=\"jet-table__cell elementor-repeater-item-633a203 jet-table__body-cell\"><div class=\"jet-table__cell-inner\"><div class=\"jet-table__cell-content\"><div class=\"jet-table__cell-text\">S-GLOVE G25 STRONG &#8211; N\n<\/div><\/div><\/div><\/td><td class=\"jet-table__cell elementor-repeater-item-4796411 jet-table__body-cell\"><div class=\"jet-table__cell-inner\"><div class=\"jet-table__cell-content\"><div class=\"jet-table__cell-text\">Welding gloves blue<\/div><\/div><\/div><\/td><\/tr><tr class=\"jet-table__body-row elementor-repeater-item-56bf39b\"><td class=\"jet-table__cell elementor-repeater-item-0467ecf jet-table__body-cell\"><div class=\"jet-table__cell-inner\"><div class=\"jet-table__cell-content\"><div class=\"jet-table__cell-text\">S-GLOVE G25 STRONG &#8211; RO\n<\/div><\/div><\/div><\/td><td class=\"jet-table__cell elementor-repeater-item-4969a52 jet-table__body-cell\"><div class=\"jet-table__cell-inner\"><div class=\"jet-table__cell-content\"><div class=\"jet-table__cell-text\">Work gloves \u2013 protective<\/div><\/div><\/div><\/td><\/tr><tr class=\"jet-table__body-row elementor-repeater-item-7f3ea59\"><td class=\"jet-table__cell elementor-repeater-item-bdcb5ed jet-table__body-cell\"><div class=\"jet-table__cell-inner\"><div class=\"jet-table__cell-content\"><div class=\"jet-table__cell-text\">The gloves meet high quality criteria and have the necessary approvals and certificates.<\/div><\/div><\/div><\/td><\/tr><\/tbody>\n\t\t\t<\/table>\n\t\t<\/div>\n\n\t\t<\/div>\t\t\t\t<\/div>\n\t\t\t\t<\/div>\n\t\t\t\t\t<\/div>\n\t\t<\/div>\n\t\t\t\t\t<\/div>\n\t\t<\/section>\n\t\t\t\t<section data-particle_enable=\"false\" data-particle-mobile-disabled=\"false\" class=\"elementor-section elementor-top-section elementor-element elementor-element-ef687c2 elementor-section-boxed elementor-section-height-default elementor-section-height-default\" data-id=\"ef687c2\" data-element_type=\"section\">\n\t\t\t\t\t\t<div class=\"elementor-container elementor-column-gap-default\">\n\t\t\t\t\t<div class=\"elementor-column elementor-col-100 elementor-top-column elementor-element elementor-element-8f09a43\" data-id=\"8f09a43\" data-element_type=\"column\">\n\t\t\t<div class=\"elementor-widget-wrap elementor-element-populated\">\n\t\t\t\t\t\t<div class=\"elementor-element elementor-element-5dca747 elementor-align-right elementor-mobile-align-center elementor-widget elementor-widget-button\" data-id=\"5dca747\" data-element_type=\"widget\" id=\"legenda\" data-widget_type=\"button.default\">\n\t\t\t\t<div class=\"elementor-widget-container\">\n\t\t\t\t\t\t\t\t\t<div class=\"elementor-button-wrapper\">\n\t\t\t\t\t<a class=\"elementor-button elementor-button-link elementor-size-sm\" href=\"#\">\n\t\t\t\t\t\t<span class=\"elementor-button-content-wrapper\">\n\t\t\t\t\t\t\t\t\t<span class=\"elementor-button-text\">Legend<\/span>\n\t\t\t\t\t<\/span>\n\t\t\t\t\t<\/a>\n\t\t\t\t<\/div>\n\t\t\t\t\t\t\t\t<\/div>\n\t\t\t\t<\/div>\n\t\t\t\t\t<\/div>\n\t\t<\/div>\n\t\t\t\t\t<\/div>\n\t\t<\/section>\n\t\t\t\t<\/div>","protected":false},"excerpt":{"rendered":"<p>R\u0119kawice spawalnicze KOD PRODUKTU nazwa S-GLOVE G25 STRONG &#8211; \u017b R\u0119kawice spawalnicze \u017c\u00f3\u0142te S-GLOVE G25 STRONG &#8211; N R\u0119kawice spawalnicze niebieskie S-GLOVE G25 STRONG &#8211; RO R\u0119kawice robocze &#8211; ochronne R\u0119kawice spe\u0142niaj\u0105 wysokie kryteria jako\u015bciowe oraz posiadaj\u0105 niezb\u0119dne atesty i certyfikaty Legenda<\/p>","protected":false},"author":1,"featured_media":4514,"parent":4488,"menu_order":0,"comment_status":"closed","ping_status":"closed","template":"elementor_header_footer","meta":{"footnotes":""},"class_list":["post-4492","page","type-page","status-publish","has-post-thumbnail","hentry","entry","has-media"],"aioseo_notices":[],"_links":{"self":[{"href":"https:\/\/g25.com.pl\/en\/wp-json\/wp\/v2\/pages\/4492","targetHints":{"allow":["GET"]}}],"collection":[{"href":"https:\/\/g25.com.pl\/en\/wp-json\/wp\/v2\/pages"}],"about":[{"href":"https:\/\/g25.com.pl\/en\/wp-json\/wp\/v2\/types\/page"}],"author":[{"embeddable":true,"href":"https:\/\/g25.com.pl\/en\/wp-json\/wp\/v2\/users\/1"}],"replies":[{"embeddable":true,"href":"https:\/\/g25.com.pl\/en\/wp-json\/wp\/v2\/comments?post=4492"}],"version-history":[{"count":0,"href":"https:\/\/g25.com.pl\/en\/wp-json\/wp\/v2\/pages\/4492\/revisions"}],"up":[{"embeddable":true,"href":"https:\/\/g25.com.pl\/en\/wp-json\/wp\/v2\/pages\/4488"}],"wp:featuredmedia":[{"embeddable":true,"href":"https:\/\/g25.com.pl\/en\/wp-json\/wp\/v2\/media\/4514"}],"wp:attachment":[{"href":"https:\/\/g25.com.pl\/en\/wp-json\/wp\/v2\/media?parent=4492"}],"curies":[{"name":"wp","href":"https:\/\/api.w.org\/{rel}","templated":true}]}}