{"id":4436,"date":"2022-02-02T10:32:30","date_gmt":"2022-02-02T09:32:30","guid":{"rendered":"https:\/\/g25.com.pl\/?page_id=4436"},"modified":"2022-03-17T13:26:29","modified_gmt":"2022-03-17T12:26:29","slug":"plytki-skrawajace","status":"publish","type":"page","link":"https:\/\/g25.com.pl\/en\/produkty\/glowice-frezarskie\/plytki-skrawajace\/","title":{"rendered":"Cutting inserts"},"content":{"rendered":"<div data-elementor-type=\"wp-post\" data-elementor-id=\"4436\" class=\"elementor elementor-4436\" data-elementor-post-type=\"page\">\n\t\t\t\t\t\t<section data-particle_enable=\"false\" data-particle-mobile-disabled=\"false\" class=\"elementor-section elementor-top-section elementor-element elementor-element-c8263b7 elementor-section-full_width elementor-section-height-min-height elementor-section-height-default elementor-section-items-middle\" data-id=\"c8263b7\" data-element_type=\"section\" data-settings=\"{&quot;background_background&quot;:&quot;classic&quot;}\">\n\t\t\t\t\t\t\t<div class=\"elementor-background-overlay\"><\/div>\n\t\t\t\t\t\t\t<div class=\"elementor-container elementor-column-gap-default\">\n\t\t\t\t\t<div class=\"elementor-column elementor-col-100 elementor-top-column elementor-element elementor-element-d5259d3 elementor-invisible\" data-id=\"d5259d3\" data-element_type=\"column\" data-settings=\"{&quot;animation&quot;:&quot;fadeInUp&quot;}\">\n\t\t\t<div class=\"elementor-widget-wrap elementor-element-populated\">\n\t\t\t\t\t\t<section data-particle_enable=\"false\" data-particle-mobile-disabled=\"false\" class=\"elementor-section elementor-inner-section elementor-element elementor-element-89fdd92 elementor-section-boxed elementor-section-height-default elementor-section-height-default\" data-id=\"89fdd92\" data-element_type=\"section\">\n\t\t\t\t\t\t<div class=\"elementor-container elementor-column-gap-default\">\n\t\t\t\t\t<div class=\"elementor-column elementor-col-100 elementor-inner-column elementor-element elementor-element-679c9a7\" data-id=\"679c9a7\" data-element_type=\"column\">\n\t\t\t<div class=\"elementor-widget-wrap elementor-element-populated\">\n\t\t\t\t\t\t<div class=\"elementor-element elementor-element-4ce0fb4 elementor-widget elementor-widget-heading\" data-id=\"4ce0fb4\" data-element_type=\"widget\" data-widget_type=\"heading.default\">\n\t\t\t\t<div class=\"elementor-widget-container\">\n\t\t\t\t\t<h1 class=\"elementor-heading-title elementor-size-default\">Cutting inserts<\/h1>\t\t\t\t<\/div>\n\t\t\t\t<\/div>\n\t\t\t\t\t<\/div>\n\t\t<\/div>\n\t\t\t\t\t<\/div>\n\t\t<\/section>\n\t\t\t\t\t<\/div>\n\t\t<\/div>\n\t\t\t\t\t<\/div>\n\t\t<\/section>\n\t\t\t\t<section data-particle_enable=\"false\" data-particle-mobile-disabled=\"false\" class=\"elementor-section elementor-top-section elementor-element elementor-element-5959cee elementor-section-boxed elementor-section-height-default elementor-section-height-default\" data-id=\"5959cee\" data-element_type=\"section\">\n\t\t\t\t\t\t<div class=\"elementor-container elementor-column-gap-default\">\n\t\t\t\t\t<div class=\"elementor-column elementor-col-100 elementor-top-column elementor-element elementor-element-c31896a\" data-id=\"c31896a\" data-element_type=\"column\">\n\t\t\t<div class=\"elementor-widget-wrap elementor-element-populated\">\n\t\t\t\t\t\t<div class=\"elementor-element elementor-element-c28c140 elementor-widget elementor-widget-jet-table\" data-id=\"c28c140\" data-element_type=\"widget\" data-widget_type=\"jet-table.default\">\n\t\t\t\t<div class=\"elementor-widget-container\">\n\t\t\t\t\t<div class=\"elementor-jet-table jet-elements\">\n\t\t<div class=\"jet-table-wrapper jet-table-responsive-mobile\">\n\t\t\t<table class=\"jet-table jet-table--fa5-compat\">\n\t\t\t\t<thead class=\"jet-table__head\"><tr class=\"jet-table__head-row\"><th class=\"jet-table__cell elementor-repeater-item-2eeb50e jet-table__head-cell\" scope=\"col\"><div class=\"jet-table__cell-inner\"><div class=\"jet-table__cell-content\"><div class=\"jet-table__cell-text\">PRODUCT CODE<\/div><\/div><\/div><\/th><th class=\"jet-table__cell elementor-repeater-item-9de9bee jet-table__head-cell\" scope=\"col\"><div class=\"jet-table__cell-inner\"><div class=\"jet-table__cell-content\"><div class=\"jet-table__cell-text\">P (steel)<\/div><\/div><\/div><\/th><th class=\"jet-table__cell elementor-repeater-item-abdbaae jet-table__head-cell\" scope=\"col\"><div class=\"jet-table__cell-inner\"><div class=\"jet-table__cell-content\"><div class=\"jet-table__cell-text\">M (stainless steel)<\/div><\/div><\/div><\/th><th class=\"jet-table__cell elementor-repeater-item-e105a0a jet-table__head-cell\" scope=\"col\"><div class=\"jet-table__cell-inner\"><div class=\"jet-table__cell-content\"><div class=\"jet-table__cell-text\">K<\/div><\/div><\/div><\/th><th class=\"jet-table__cell elementor-repeater-item-6e56d51 jet-table__head-cell\" scope=\"col\"><div class=\"jet-table__cell-inner\"><div class=\"jet-table__cell-content\"><div class=\"jet-table__cell-text\">N<\/div><\/div><\/div><\/th><th class=\"jet-table__cell elementor-repeater-item-fec5986 jet-table__head-cell\" scope=\"col\"><div class=\"jet-table__cell-inner\"><div class=\"jet-table__cell-content\"><div class=\"jet-table__cell-text\">S (heat-resistant superalloys)<\/div><\/div><\/div><\/th><th class=\"jet-table__cell elementor-repeater-item-6ed0b71 jet-table__head-cell\" scope=\"col\"><div class=\"jet-table__cell-inner\"><div class=\"jet-table__cell-content\"><div class=\"jet-table__cell-text\">H<\/div><\/div><\/div><\/th><\/tr><\/thead>\n\t\t\t\t\t\t\t\t<tbody class=\"jet-table__body\"><tr class=\"jet-table__body-row elementor-repeater-item-0c9e2e3\"><td class=\"jet-table__cell elementor-repeater-item-e00d354 jet-table__body-cell\"><div class=\"jet-table__cell-inner\"><div class=\"jet-table__cell-content\"><div class=\"jet-table__cell-text\">MGCW90-180612M-PM TP0025P\n<\/div><\/div><\/div><\/td><td class=\"jet-table__cell elementor-repeater-item-7dd4acf jet-table__body-cell\"><div class=\"jet-table__cell-inner\"><div class=\"jet-table__cell-content\"><div class=\"jet-table__cell-text\">Vc: 140-260 m\/min.<\/div><\/div><\/div><\/td><td class=\"jet-table__cell elementor-repeater-item-54c747e jet-table__body-cell\"><div class=\"jet-table__cell-inner\"><div class=\"jet-table__cell-content\"><div class=\"jet-table__cell-text\">Vc: 140-260 m\/min.\n<\/div><\/div><\/div><\/td><td class=\"jet-table__cell elementor-repeater-item-bc24b78 jet-table__body-cell\"><div class=\"jet-table__cell-inner\"><div class=\"jet-table__cell-content\"><\/div><\/div><\/td><td class=\"jet-table__cell elementor-repeater-item-e6b0a8f jet-table__body-cell\"><div class=\"jet-table__cell-inner\"><div class=\"jet-table__cell-content\"><\/div><\/div><\/td><td class=\"jet-table__cell elementor-repeater-item-78df57c jet-table__body-cell\"><div class=\"jet-table__cell-inner\"><div class=\"jet-table__cell-content\"><div class=\"jet-table__cell-text\">Vc: 140-260 m\/min.<\/div><\/div><\/div><\/td><td class=\"jet-table__cell elementor-repeater-item-aea1938 jet-table__body-cell\"><div class=\"jet-table__cell-inner\"><div class=\"jet-table__cell-content\"><\/div><\/div><\/td><\/tr><tr class=\"jet-table__body-row elementor-repeater-item-5e8914c\"><\/tr><tr class=\"jet-table__body-row elementor-repeater-item-f25e2b2\"><td class=\"jet-table__cell elementor-repeater-item-633a203 jet-table__body-cell\"><div class=\"jet-table__cell-inner\"><div class=\"jet-table__cell-content\"><div class=\"jet-table__cell-text\">\n<\/div><\/div><\/div><\/td><td class=\"jet-table__cell elementor-repeater-item-fa872e6 jet-table__body-cell\"><div class=\"jet-table__cell-inner\"><div class=\"jet-table__cell-content\"><div class=\"jet-table__cell-text\">\nfn: 0.1-0.5 mm\/rev<\/div><\/div><\/div><\/td><td class=\"jet-table__cell elementor-repeater-item-ba91a38 jet-table__body-cell\"><div class=\"jet-table__cell-inner\"><div class=\"jet-table__cell-content\"><div class=\"jet-table__cell-text\">fn: 0.1-0.5 mm\/rev<\/div><\/div><\/div><\/td><td class=\"jet-table__cell elementor-repeater-item-27e18b7 jet-table__body-cell\"><div class=\"jet-table__cell-inner\"><div class=\"jet-table__cell-content\"><div class=\"jet-table__cell-text\">\n<\/div><\/div><\/div><\/td><td class=\"jet-table__cell elementor-repeater-item-bcb5237 jet-table__body-cell\"><div class=\"jet-table__cell-inner\"><div class=\"jet-table__cell-content\"><div class=\"jet-table__cell-text\">\n<\/div><\/div><\/div><\/td><td class=\"jet-table__cell elementor-repeater-item-4796411 jet-table__body-cell\"><div class=\"jet-table__cell-inner\"><div class=\"jet-table__cell-content\"><\/div><\/div><\/td><td class=\"jet-table__cell elementor-repeater-item-cf0b3de jet-table__body-cell\"><div class=\"jet-table__cell-inner\"><div class=\"jet-table__cell-content\"><\/div><\/div><\/td><\/tr><tr class=\"jet-table__body-row elementor-repeater-item-2cc5da0\"><td class=\"jet-table__cell elementor-repeater-item-b8cb42a jet-table__body-cell\"><div class=\"jet-table__cell-inner\"><div class=\"jet-table__cell-content\"><\/div><\/div><\/td><td class=\"jet-table__cell elementor-repeater-item-8be7554 jet-table__body-cell\"><div class=\"jet-table__cell-inner\"><div class=\"jet-table__cell-content\"><div class=\"jet-table__cell-text\">Ap: 1.5-15 mm<\/div><\/div><\/div><\/td><td class=\"jet-table__cell elementor-repeater-item-8cdbe65 jet-table__body-cell\"><div class=\"jet-table__cell-inner\"><div class=\"jet-table__cell-content\"><div class=\"jet-table__cell-text\">Ap: 1.5-15 mm<\/div><\/div><\/div><\/td><td class=\"jet-table__cell elementor-repeater-item-6be546d jet-table__body-cell\"><div class=\"jet-table__cell-inner\"><div class=\"jet-table__cell-content\"><\/div><\/div><\/td><td class=\"jet-table__cell elementor-repeater-item-048105a jet-table__body-cell\"><div class=\"jet-table__cell-inner\"><div class=\"jet-table__cell-content\"><\/div><\/div><\/td><td class=\"jet-table__cell elementor-repeater-item-202b0ad jet-table__body-cell\"><div class=\"jet-table__cell-inner\"><div class=\"jet-table__cell-content\"><\/div><\/div><\/td><td class=\"jet-table__cell elementor-repeater-item-8d233f1 jet-table__body-cell\"><div class=\"jet-table__cell-inner\"><div class=\"jet-table__cell-content\"><\/div><\/div><\/td><\/tr><tr class=\"jet-table__body-row elementor-repeater-item-2a301cd\"><td class=\"jet-table__cell elementor-repeater-item-ff412ae jet-table__body-cell\"><div class=\"jet-table__cell-inner\"><div class=\"jet-table__cell-content\"><div class=\"jet-table__cell-text\">MGCW90-11T308-PM TP0025P<\/div><\/div><\/div><\/td><td class=\"jet-table__cell elementor-repeater-item-c7d3ecb jet-table__body-cell\"><div class=\"jet-table__cell-inner\"><div class=\"jet-table__cell-content\"><div class=\"jet-table__cell-text\">Vc: 140-260 m\/min.<\/div><\/div><\/div><\/td><td class=\"jet-table__cell elementor-repeater-item-6e952bc jet-table__body-cell\"><div class=\"jet-table__cell-inner\"><div class=\"jet-table__cell-content\"><div class=\"jet-table__cell-text\">Vc: 140-260 m\/min.<\/div><\/div><\/div><\/td><td class=\"jet-table__cell elementor-repeater-item-064e3bb jet-table__body-cell\"><div class=\"jet-table__cell-inner\"><div class=\"jet-table__cell-content\"><\/div><\/div><\/td><td class=\"jet-table__cell elementor-repeater-item-9d3dcdf jet-table__body-cell\"><div class=\"jet-table__cell-inner\"><div class=\"jet-table__cell-content\"><\/div><\/div><\/td><td class=\"jet-table__cell elementor-repeater-item-3723ce4 jet-table__body-cell\"><div class=\"jet-table__cell-inner\"><div class=\"jet-table__cell-content\"><div class=\"jet-table__cell-text\">Vc: 140-260 m\/min.<\/div><\/div><\/div><\/td><td class=\"jet-table__cell elementor-repeater-item-66732fb jet-table__body-cell\"><div class=\"jet-table__cell-inner\"><div class=\"jet-table__cell-content\"><\/div><\/div><\/td><\/tr><tr class=\"jet-table__body-row elementor-repeater-item-b208288\"><td class=\"jet-table__cell elementor-repeater-item-ebd0f1c jet-table__body-cell\"><div class=\"jet-table__cell-inner\"><div class=\"jet-table__cell-content\"><\/div><\/div><\/td><td class=\"jet-table__cell elementor-repeater-item-d024a33 jet-table__body-cell\"><div class=\"jet-table__cell-inner\"><div class=\"jet-table__cell-content\"><div class=\"jet-table__cell-text\">fn: 0.1-0.5 mm\/rev<\/div><\/div><\/div><\/td><td class=\"jet-table__cell elementor-repeater-item-8ed26ff jet-table__body-cell\"><div class=\"jet-table__cell-inner\"><div class=\"jet-table__cell-content\"><div class=\"jet-table__cell-text\">fn: 0.1-0.5 mm\/rev<\/div><\/div><\/div><\/td><td class=\"jet-table__cell elementor-repeater-item-ded9c04 jet-table__body-cell\"><div class=\"jet-table__cell-inner\"><div class=\"jet-table__cell-content\"><\/div><\/div><\/td><td class=\"jet-table__cell elementor-repeater-item-6fbde34 jet-table__body-cell\"><div class=\"jet-table__cell-inner\"><div class=\"jet-table__cell-content\"><\/div><\/div><\/td><td class=\"jet-table__cell elementor-repeater-item-cf0afd8 jet-table__body-cell\"><div class=\"jet-table__cell-inner\"><div class=\"jet-table__cell-content\"><div class=\"jet-table__cell-text\">fn: 0.1-0.5 mm\/rev<\/div><\/div><\/div><\/td><td class=\"jet-table__cell elementor-repeater-item-a366d27 jet-table__body-cell\"><div class=\"jet-table__cell-inner\"><div class=\"jet-table__cell-content\"><\/div><\/div><\/td><\/tr><tr class=\"jet-table__body-row elementor-repeater-item-45fffa7\"><td class=\"jet-table__cell elementor-repeater-item-dc1ef28 jet-table__body-cell\"><div class=\"jet-table__cell-inner\"><div class=\"jet-table__cell-content\"><\/div><\/div><\/td><td class=\"jet-table__cell elementor-repeater-item-6c9727e jet-table__body-cell\"><div class=\"jet-table__cell-inner\"><div class=\"jet-table__cell-content\"><div class=\"jet-table__cell-text\">Ap: 1.5-7.0 mm<\/div><\/div><\/div><\/td><td class=\"jet-table__cell elementor-repeater-item-cec0ba8 jet-table__body-cell\"><div class=\"jet-table__cell-inner\"><div class=\"jet-table__cell-content\"><div class=\"jet-table__cell-text\">Ap: 1.5-7.0 mm<\/div><\/div><\/div><\/td><td class=\"jet-table__cell elementor-repeater-item-4f31a25 jet-table__body-cell\"><div class=\"jet-table__cell-inner\"><div class=\"jet-table__cell-content\"><\/div><\/div><\/td><td class=\"jet-table__cell elementor-repeater-item-9b23e4c jet-table__body-cell\"><div class=\"jet-table__cell-inner\"><div class=\"jet-table__cell-content\"><\/div><\/div><\/td><td class=\"jet-table__cell elementor-repeater-item-3e75d1a jet-table__body-cell\"><div class=\"jet-table__cell-inner\"><div class=\"jet-table__cell-content\"><div class=\"jet-table__cell-text\">Ap: 1.5-7.0 mm<\/div><\/div><\/div><\/td><td class=\"jet-table__cell elementor-repeater-item-d60242a jet-table__body-cell\"><div class=\"jet-table__cell-inner\"><div class=\"jet-table__cell-content\"><\/div><\/div><\/td><\/tr><\/tbody>\n\t\t\t<\/table>\n\t\t<\/div>\n\n\t\t<\/div>\t\t\t\t<\/div>\n\t\t\t\t<\/div>\n\t\t\t\t\t<\/div>\n\t\t<\/div>\n\t\t\t\t\t<\/div>\n\t\t<\/section>\n\t\t\t\t<section data-particle_enable=\"false\" data-particle-mobile-disabled=\"false\" class=\"elementor-section elementor-top-section elementor-element elementor-element-ef687c2 elementor-section-boxed elementor-section-height-default elementor-section-height-default\" data-id=\"ef687c2\" data-element_type=\"section\">\n\t\t\t\t\t\t<div class=\"elementor-container elementor-column-gap-default\">\n\t\t\t\t\t<div class=\"elementor-column elementor-col-100 elementor-top-column elementor-element elementor-element-8f09a43\" data-id=\"8f09a43\" data-element_type=\"column\">\n\t\t\t<div class=\"elementor-widget-wrap elementor-element-populated\">\n\t\t\t\t\t\t<div class=\"elementor-element elementor-element-5dca747 elementor-align-right elementor-mobile-align-center elementor-widget elementor-widget-button\" data-id=\"5dca747\" data-element_type=\"widget\" id=\"legenda\" data-widget_type=\"button.default\">\n\t\t\t\t<div class=\"elementor-widget-container\">\n\t\t\t\t\t\t\t\t\t<div class=\"elementor-button-wrapper\">\n\t\t\t\t\t<a class=\"elementor-button elementor-button-link elementor-size-sm\" href=\"#\">\n\t\t\t\t\t\t<span class=\"elementor-button-content-wrapper\">\n\t\t\t\t\t\t\t\t\t<span class=\"elementor-button-text\">Legend<\/span>\n\t\t\t\t\t<\/span>\n\t\t\t\t\t<\/a>\n\t\t\t\t<\/div>\n\t\t\t\t\t\t\t\t<\/div>\n\t\t\t\t<\/div>\n\t\t\t\t\t<\/div>\n\t\t<\/div>\n\t\t\t\t\t<\/div>\n\t\t<\/section>\n\t\t\t\t<\/div>","protected":false},"excerpt":{"rendered":"<p>P\u0142ytki skrawaj\u0105ce KOD PRODUKTU P (stal) M (stale nierdzewne) K N S (superstopy \u017caroodporne) H MGCW90-180612M-PM TP0025P Vc: 140-260 m\/min. Vc: 140-260 m\/min. Vc: 140-260 m\/min. fn: 0.1-0.5 mm\/rev fn: 0.1-0.5 mm\/rev Ap: 1.5-15 mm Ap: 1.5-15 mm MGCW90-11T308-PM TP0025P Vc: 140-260 m\/min. Vc: 140-260 m\/min. Vc: 140-260 m\/min. fn: 0.1-0.5 mm\/rev fn: 0.1-0.5 mm\/rev [&hellip;]<\/p>","protected":false},"author":1,"featured_media":4448,"parent":4415,"menu_order":0,"comment_status":"closed","ping_status":"closed","template":"elementor_header_footer","meta":{"footnotes":""},"class_list":["post-4436","page","type-page","status-publish","has-post-thumbnail","hentry","entry","has-media"],"aioseo_notices":[],"_links":{"self":[{"href":"https:\/\/g25.com.pl\/en\/wp-json\/wp\/v2\/pages\/4436","targetHints":{"allow":["GET"]}}],"collection":[{"href":"https:\/\/g25.com.pl\/en\/wp-json\/wp\/v2\/pages"}],"about":[{"href":"https:\/\/g25.com.pl\/en\/wp-json\/wp\/v2\/types\/page"}],"author":[{"embeddable":true,"href":"https:\/\/g25.com.pl\/en\/wp-json\/wp\/v2\/users\/1"}],"replies":[{"embeddable":true,"href":"https:\/\/g25.com.pl\/en\/wp-json\/wp\/v2\/comments?post=4436"}],"version-history":[{"count":0,"href":"https:\/\/g25.com.pl\/en\/wp-json\/wp\/v2\/pages\/4436\/revisions"}],"up":[{"embeddable":true,"href":"https:\/\/g25.com.pl\/en\/wp-json\/wp\/v2\/pages\/4415"}],"wp:featuredmedia":[{"embeddable":true,"href":"https:\/\/g25.com.pl\/en\/wp-json\/wp\/v2\/media\/4448"}],"wp:attachment":[{"href":"https:\/\/g25.com.pl\/en\/wp-json\/wp\/v2\/media?parent=4436"}],"curies":[{"name":"wp","href":"https:\/\/api.w.org\/{rel}","templated":true}]}}