{"id":4428,"date":"2022-02-02T10:29:49","date_gmt":"2022-02-02T09:29:49","guid":{"rendered":"https:\/\/g25.com.pl\/?page_id=4428"},"modified":"2022-03-29T23:19:19","modified_gmt":"2022-03-29T21:19:19","slug":"glowica-frezarska-nasadzana-90o-na-plytki-apkt-1604","status":"publish","type":"page","link":"https:\/\/g25.com.pl\/en\/produkty\/glowice-frezarskie\/glowica-frezarska-nasadzana-90o-na-plytki-apkt-1604\/","title":{"rendered":"Milling head mounted 90\u00ba for APKT 1604 inserts"},"content":{"rendered":"<div data-elementor-type=\"wp-post\" data-elementor-id=\"4428\" class=\"elementor elementor-4428\" data-elementor-post-type=\"page\">\n\t\t\t\t\t\t<section data-particle_enable=\"false\" data-particle-mobile-disabled=\"false\" class=\"elementor-section elementor-top-section elementor-element elementor-element-c8263b7 elementor-section-full_width elementor-section-height-min-height elementor-section-height-default elementor-section-items-middle\" data-id=\"c8263b7\" data-element_type=\"section\" data-settings=\"{&quot;background_background&quot;:&quot;classic&quot;}\">\n\t\t\t\t\t\t\t<div class=\"elementor-background-overlay\"><\/div>\n\t\t\t\t\t\t\t<div class=\"elementor-container elementor-column-gap-default\">\n\t\t\t\t\t<div class=\"elementor-column elementor-col-100 elementor-top-column elementor-element elementor-element-d5259d3 elementor-invisible\" data-id=\"d5259d3\" data-element_type=\"column\" data-settings=\"{&quot;animation&quot;:&quot;fadeInUp&quot;}\">\n\t\t\t<div class=\"elementor-widget-wrap elementor-element-populated\">\n\t\t\t\t\t\t<section data-particle_enable=\"false\" data-particle-mobile-disabled=\"false\" class=\"elementor-section elementor-inner-section elementor-element elementor-element-89fdd92 elementor-section-boxed elementor-section-height-default elementor-section-height-default\" data-id=\"89fdd92\" data-element_type=\"section\">\n\t\t\t\t\t\t<div class=\"elementor-container elementor-column-gap-default\">\n\t\t\t\t\t<div class=\"elementor-column elementor-col-100 elementor-inner-column elementor-element elementor-element-679c9a7\" data-id=\"679c9a7\" data-element_type=\"column\">\n\t\t\t<div class=\"elementor-widget-wrap elementor-element-populated\">\n\t\t\t\t\t\t<div class=\"elementor-element elementor-element-4ce0fb4 elementor-widget elementor-widget-heading\" data-id=\"4ce0fb4\" data-element_type=\"widget\" data-widget_type=\"heading.default\">\n\t\t\t\t<div class=\"elementor-widget-container\">\n\t\t\t\t\t<h1 class=\"elementor-heading-title elementor-size-default\">Milling head mounted 90\u00ba for APKT 1604 inserts<\/h1>\t\t\t\t<\/div>\n\t\t\t\t<\/div>\n\t\t\t\t\t<\/div>\n\t\t<\/div>\n\t\t\t\t\t<\/div>\n\t\t<\/section>\n\t\t\t\t\t<\/div>\n\t\t<\/div>\n\t\t\t\t\t<\/div>\n\t\t<\/section>\n\t\t\t\t<section data-particle_enable=\"false\" data-particle-mobile-disabled=\"false\" class=\"elementor-section elementor-top-section elementor-element elementor-element-4806b64 elementor-section-boxed elementor-section-height-default elementor-section-height-default\" data-id=\"4806b64\" data-element_type=\"section\">\n\t\t\t\t\t\t<div class=\"elementor-container elementor-column-gap-default\">\n\t\t\t\t\t<div class=\"elementor-column elementor-col-100 elementor-top-column elementor-element elementor-element-c48ec13\" data-id=\"c48ec13\" data-element_type=\"column\">\n\t\t\t<div class=\"elementor-widget-wrap elementor-element-populated\">\n\t\t\t\t\t\t<div class=\"elementor-element elementor-element-8008601 elementor-widget elementor-widget-image\" data-id=\"8008601\" data-element_type=\"widget\" data-widget_type=\"image.default\">\n\t\t\t\t<div class=\"elementor-widget-container\">\n\t\t\t\t\t\t\t\t\t\t\t\t\t\t\t<img fetchpriority=\"high\" decoding=\"async\" width=\"511\" height=\"459\" src=\"https:\/\/g25.com.pl\/wp-content\/uploads\/2022\/02\/glowica-apkt1604-wymiary.png\" class=\"attachment-large size-large wp-image-4473\" alt=\"\" srcset=\"https:\/\/g25.com.pl\/wp-content\/uploads\/2022\/02\/glowica-apkt1604-wymiary.png 511w, https:\/\/g25.com.pl\/wp-content\/uploads\/2022\/02\/glowica-apkt1604-wymiary-350x314.png 350w, https:\/\/g25.com.pl\/wp-content\/uploads\/2022\/02\/glowica-apkt1604-wymiary-13x12.png 13w\" sizes=\"(max-width: 511px) 100vw, 511px\" \/>\t\t\t\t\t\t\t\t\t\t\t\t\t\t\t<\/div>\n\t\t\t\t<\/div>\n\t\t\t\t\t<\/div>\n\t\t<\/div>\n\t\t\t\t\t<\/div>\n\t\t<\/section>\n\t\t\t\t<section data-particle_enable=\"false\" data-particle-mobile-disabled=\"false\" class=\"elementor-section elementor-top-section elementor-element elementor-element-213b829 elementor-section-boxed elementor-section-height-default elementor-section-height-default\" data-id=\"213b829\" data-element_type=\"section\">\n\t\t\t\t\t\t<div class=\"elementor-container elementor-column-gap-default\">\n\t\t\t\t\t<div class=\"elementor-column elementor-col-50 elementor-top-column elementor-element elementor-element-e8e4a10\" data-id=\"e8e4a10\" data-element_type=\"column\">\n\t\t\t<div class=\"elementor-widget-wrap elementor-element-populated\">\n\t\t\t\t\t\t\t<\/div>\n\t\t<\/div>\n\t\t\t\t<div class=\"elementor-column elementor-col-50 elementor-top-column elementor-element elementor-element-7fcc901\" data-id=\"7fcc901\" data-element_type=\"column\">\n\t\t\t<div class=\"elementor-widget-wrap elementor-element-populated\">\n\t\t\t\t\t\t\t<\/div>\n\t\t<\/div>\n\t\t\t\t\t<\/div>\n\t\t<\/section>\n\t\t\t\t<section data-particle_enable=\"false\" data-particle-mobile-disabled=\"false\" class=\"elementor-section elementor-top-section elementor-element elementor-element-5959cee elementor-section-boxed elementor-section-height-default elementor-section-height-default\" data-id=\"5959cee\" data-element_type=\"section\">\n\t\t\t\t\t\t<div class=\"elementor-container elementor-column-gap-default\">\n\t\t\t\t\t<div class=\"elementor-column elementor-col-100 elementor-top-column elementor-element elementor-element-c31896a\" data-id=\"c31896a\" data-element_type=\"column\">\n\t\t\t<div class=\"elementor-widget-wrap elementor-element-populated\">\n\t\t\t\t\t\t<div class=\"elementor-element elementor-element-c28c140 elementor-widget elementor-widget-jet-table\" data-id=\"c28c140\" data-element_type=\"widget\" data-widget_type=\"jet-table.default\">\n\t\t\t\t<div class=\"elementor-widget-container\">\n\t\t\t\t\t<div class=\"elementor-jet-table jet-elements\">\n\t\t<div class=\"jet-table-wrapper jet-table-responsive-mobile\">\n\t\t\t<table class=\"jet-table jet-table--fa5-compat\">\n\t\t\t\t<thead class=\"jet-table__head\"><tr class=\"jet-table__head-row\"><th class=\"jet-table__cell elementor-repeater-item-2eeb50e jet-table__head-cell\" scope=\"col\"><div class=\"jet-table__cell-inner\"><div class=\"jet-table__cell-content\"><div class=\"jet-table__cell-text\">PRODUCT CODE<\/div><\/div><\/div><\/th><th class=\"jet-table__cell elementor-repeater-item-9de9bee jet-table__head-cell\" scope=\"col\"><div class=\"jet-table__cell-inner\"><div class=\"jet-table__cell-content\"><div class=\"jet-table__cell-text\">\u00d8D (mm)<\/div><\/div><\/div><\/th><th class=\"jet-table__cell elementor-repeater-item-abdbaae jet-table__head-cell\" scope=\"col\"><div class=\"jet-table__cell-inner\"><div class=\"jet-table__cell-content\"><div class=\"jet-table__cell-text\">L1 (mm) g\u0142eboko\u015b\u0107 wprowadzenia<\/div><\/div><\/div><\/th><th class=\"jet-table__cell elementor-repeater-item-e105a0a jet-table__head-cell\" scope=\"col\"><div class=\"jet-table__cell-inner\"><div class=\"jet-table__cell-content\"><div class=\"jet-table__cell-text\">L (mm) total length<\/div><\/div><\/div><\/th><th class=\"jet-table__cell elementor-repeater-item-6e56d51 jet-table__head-cell\" scope=\"col\"><div class=\"jet-table__cell-inner\"><div class=\"jet-table__cell-content\"><div class=\"jet-table__cell-text\">d (mm) hole diameter<\/div><\/div><\/div><\/th><th class=\"jet-table__cell elementor-repeater-item-6ed0b71 jet-table__head-cell\" scope=\"col\"><div class=\"jet-table__cell-inner\"><div class=\"jet-table__cell-content\"><div class=\"jet-table__cell-text\">Number of blades<\/div><\/div><\/div><\/th><\/tr><\/thead>\n\t\t\t\t\t\t\t\t<tbody class=\"jet-table__body\"><tr class=\"jet-table__body-row elementor-repeater-item-0c9e2e3\"><td class=\"jet-table__cell elementor-repeater-item-e00d354 jet-table__body-cell\"><div class=\"jet-table__cell-inner\"><div class=\"jet-table__cell-content\"><div class=\"jet-table__cell-text\">MGGAP040N4004016Z4\n<\/div><\/div><\/div><\/td><td class=\"jet-table__cell elementor-repeater-item-7dd4acf jet-table__body-cell\"><div class=\"jet-table__cell-inner\"><div class=\"jet-table__cell-content\"><div class=\"jet-table__cell-text\">40<\/div><\/div><\/div><\/td><td class=\"jet-table__cell elementor-repeater-item-54c747e jet-table__body-cell\"><div class=\"jet-table__cell-inner\"><div class=\"jet-table__cell-content\"><div class=\"jet-table__cell-text\">40<\/div><\/div><\/div><\/td><td class=\"jet-table__cell elementor-repeater-item-bc24b78 jet-table__body-cell\"><div class=\"jet-table__cell-inner\"><div class=\"jet-table__cell-content\"><div class=\"jet-table__cell-text\">40<\/div><\/div><\/div><\/td><td class=\"jet-table__cell elementor-repeater-item-e6b0a8f jet-table__body-cell\"><div class=\"jet-table__cell-inner\"><div class=\"jet-table__cell-content\"><div class=\"jet-table__cell-text\">16<\/div><\/div><\/div><\/td><td class=\"jet-table__cell elementor-repeater-item-78df57c jet-table__body-cell\"><div class=\"jet-table__cell-inner\"><div class=\"jet-table__cell-content\"><div class=\"jet-table__cell-text\">4<\/div><\/div><\/div><\/td><\/tr><tr class=\"jet-table__body-row elementor-repeater-item-5e8914c\"><td class=\"jet-table__cell elementor-repeater-item-633a203 jet-table__body-cell\"><div class=\"jet-table__cell-inner\"><div class=\"jet-table__cell-content\"><div class=\"jet-table__cell-text\">MGGAP050N4004022Z5\n<\/div><\/div><\/div><\/td><td class=\"jet-table__cell elementor-repeater-item-4796411 jet-table__body-cell\"><div class=\"jet-table__cell-inner\"><div class=\"jet-table__cell-content\"><div class=\"jet-table__cell-text\">50<\/div><\/div><\/div><\/td><td class=\"jet-table__cell elementor-repeater-item-cf0b3de jet-table__body-cell\"><div class=\"jet-table__cell-inner\"><div class=\"jet-table__cell-content\"><div class=\"jet-table__cell-text\">40<\/div><\/div><\/div><\/td><td class=\"jet-table__cell elementor-repeater-item-23e9832 jet-table__body-cell\"><div class=\"jet-table__cell-inner\"><div class=\"jet-table__cell-content\"><div class=\"jet-table__cell-text\">40<\/div><\/div><\/div><\/td><td class=\"jet-table__cell elementor-repeater-item-6290747 jet-table__body-cell\"><div class=\"jet-table__cell-inner\"><div class=\"jet-table__cell-content\"><div class=\"jet-table__cell-text\">22<\/div><\/div><\/div><\/td><td class=\"jet-table__cell elementor-repeater-item-f4b520f jet-table__body-cell\"><div class=\"jet-table__cell-inner\"><div class=\"jet-table__cell-content\"><div class=\"jet-table__cell-text\">5<\/div><\/div><\/div><\/td><\/tr><tr class=\"jet-table__body-row elementor-repeater-item-56bf39b\"><td class=\"jet-table__cell elementor-repeater-item-0467ecf jet-table__body-cell\"><div class=\"jet-table__cell-inner\"><div class=\"jet-table__cell-content\"><div class=\"jet-table__cell-text\">MGGAP063N4004022Z6\n<\/div><\/div><\/div><\/td><td class=\"jet-table__cell elementor-repeater-item-4969a52 jet-table__body-cell\"><div class=\"jet-table__cell-inner\"><div class=\"jet-table__cell-content\"><div class=\"jet-table__cell-text\">63<\/div><\/div><\/div><\/td><td class=\"jet-table__cell elementor-repeater-item-8635b2c jet-table__body-cell\"><div class=\"jet-table__cell-inner\"><div class=\"jet-table__cell-content\"><div class=\"jet-table__cell-text\">40<\/div><\/div><\/div><\/td><td class=\"jet-table__cell elementor-repeater-item-b7b343b jet-table__body-cell\"><div class=\"jet-table__cell-inner\"><div class=\"jet-table__cell-content\"><div class=\"jet-table__cell-text\">40<\/div><\/div><\/div><\/td><td class=\"jet-table__cell elementor-repeater-item-2cfbee5 jet-table__body-cell\"><div class=\"jet-table__cell-inner\"><div class=\"jet-table__cell-content\"><div class=\"jet-table__cell-text\">22<\/div><\/div><\/div><\/td><td class=\"jet-table__cell elementor-repeater-item-ad5ca43 jet-table__body-cell\"><div class=\"jet-table__cell-inner\"><div class=\"jet-table__cell-content\"><div class=\"jet-table__cell-text\">6<\/div><\/div><\/div><\/td><\/tr><tr class=\"jet-table__body-row elementor-repeater-item-7f3ea59\"><td class=\"jet-table__cell elementor-repeater-item-bdcb5ed jet-table__body-cell\"><div class=\"jet-table__cell-inner\"><div class=\"jet-table__cell-content\"><div class=\"jet-table__cell-text\">MGGAP080N5005027Z7\n<\/div><\/div><\/div><\/td><td class=\"jet-table__cell elementor-repeater-item-ac21137 jet-table__body-cell\"><div class=\"jet-table__cell-inner\"><div class=\"jet-table__cell-content\"><div class=\"jet-table__cell-text\">80<\/div><\/div><\/div><\/td><td class=\"jet-table__cell elementor-repeater-item-a816f5f jet-table__body-cell\"><div class=\"jet-table__cell-inner\"><div class=\"jet-table__cell-content\"><div class=\"jet-table__cell-text\">50<\/div><\/div><\/div><\/td><td class=\"jet-table__cell elementor-repeater-item-7f583d6 jet-table__body-cell\"><div class=\"jet-table__cell-inner\"><div class=\"jet-table__cell-content\"><div class=\"jet-table__cell-text\">50<\/div><\/div><\/div><\/td><td class=\"jet-table__cell elementor-repeater-item-9b980bf jet-table__body-cell\"><div class=\"jet-table__cell-inner\"><div class=\"jet-table__cell-content\"><div class=\"jet-table__cell-text\">27<\/div><\/div><\/div><\/td><td class=\"jet-table__cell elementor-repeater-item-b82b3e9 jet-table__body-cell\"><div class=\"jet-table__cell-inner\"><div class=\"jet-table__cell-content\"><div class=\"jet-table__cell-text\">7<\/div><\/div><\/div><\/td><\/tr><tr class=\"jet-table__body-row elementor-repeater-item-ea8d86b\"><td class=\"jet-table__cell elementor-repeater-item-6c6f895 jet-table__body-cell\"><div class=\"jet-table__cell-inner\"><div class=\"jet-table__cell-content\"><div class=\"jet-table__cell-text\">MGGAP100N5005032Z8\n<\/div><\/div><\/div><\/td><td class=\"jet-table__cell elementor-repeater-item-038bd38 jet-table__body-cell\"><div class=\"jet-table__cell-inner\"><div class=\"jet-table__cell-content\"><div class=\"jet-table__cell-text\">100<\/div><\/div><\/div><\/td><td class=\"jet-table__cell elementor-repeater-item-e2d302a jet-table__body-cell\"><div class=\"jet-table__cell-inner\"><div class=\"jet-table__cell-content\"><div class=\"jet-table__cell-text\">50<\/div><\/div><\/div><\/td><td class=\"jet-table__cell elementor-repeater-item-a5c90f3 jet-table__body-cell\"><div class=\"jet-table__cell-inner\"><div class=\"jet-table__cell-content\"><div class=\"jet-table__cell-text\">50<\/div><\/div><\/div><\/td><td class=\"jet-table__cell elementor-repeater-item-c55c452 jet-table__body-cell\"><div class=\"jet-table__cell-inner\"><div class=\"jet-table__cell-content\"><div class=\"jet-table__cell-text\">32<\/div><\/div><\/div><\/td><td class=\"jet-table__cell elementor-repeater-item-95dabaa jet-table__body-cell\"><div class=\"jet-table__cell-inner\"><div class=\"jet-table__cell-content\"><div class=\"jet-table__cell-text\">8<\/div><\/div><\/div><\/td><\/tr><tr class=\"jet-table__body-row elementor-repeater-item-dfe9162\"><td class=\"jet-table__cell elementor-repeater-item-d781d38 jet-table__body-cell\"><div class=\"jet-table__cell-inner\"><div class=\"jet-table__cell-content\"><div class=\"jet-table__cell-text\">MGGAP125N6306340Z9\n<\/div><\/div><\/div><\/td><td class=\"jet-table__cell elementor-repeater-item-427fc84 jet-table__body-cell\"><div class=\"jet-table__cell-inner\"><div class=\"jet-table__cell-content\"><div class=\"jet-table__cell-text\">125<\/div><\/div><\/div><\/td><td class=\"jet-table__cell elementor-repeater-item-9f17f63 jet-table__body-cell\"><div class=\"jet-table__cell-inner\"><div class=\"jet-table__cell-content\"><div class=\"jet-table__cell-text\">63<\/div><\/div><\/div><\/td><td class=\"jet-table__cell elementor-repeater-item-23d3356 jet-table__body-cell\"><div class=\"jet-table__cell-inner\"><div class=\"jet-table__cell-content\"><div class=\"jet-table__cell-text\">63<\/div><\/div><\/div><\/td><td class=\"jet-table__cell elementor-repeater-item-09f23ca jet-table__body-cell\"><div class=\"jet-table__cell-inner\"><div class=\"jet-table__cell-content\"><div class=\"jet-table__cell-text\">40<\/div><\/div><\/div><\/td><td class=\"jet-table__cell elementor-repeater-item-49c4d1e jet-table__body-cell\"><div class=\"jet-table__cell-inner\"><div class=\"jet-table__cell-content\"><div class=\"jet-table__cell-text\">9<\/div><\/div><\/div><\/td><\/tr><tr class=\"jet-table__body-row elementor-repeater-item-6d00ae9\"><td class=\"jet-table__cell elementor-repeater-item-ec1eca1 jet-table__body-cell\"><div class=\"jet-table__cell-inner\"><div class=\"jet-table__cell-content\"><div class=\"jet-table__cell-text\">MGGAP160N6306340Z10\n<\/div><\/div><\/div><\/td><td class=\"jet-table__cell elementor-repeater-item-59f7edd jet-table__body-cell\"><div class=\"jet-table__cell-inner\"><div class=\"jet-table__cell-content\"><div class=\"jet-table__cell-text\">160<\/div><\/div><\/div><\/td><td class=\"jet-table__cell elementor-repeater-item-dfd72f5 jet-table__body-cell\"><div class=\"jet-table__cell-inner\"><div class=\"jet-table__cell-content\"><div class=\"jet-table__cell-text\">63<\/div><\/div><\/div><\/td><td class=\"jet-table__cell elementor-repeater-item-643bb00 jet-table__body-cell\"><div class=\"jet-table__cell-inner\"><div class=\"jet-table__cell-content\"><div class=\"jet-table__cell-text\">63<\/div><\/div><\/div><\/td><td class=\"jet-table__cell elementor-repeater-item-0bec4a6 jet-table__body-cell\"><div class=\"jet-table__cell-inner\"><div class=\"jet-table__cell-content\"><div class=\"jet-table__cell-text\">40<\/div><\/div><\/div><\/td><td class=\"jet-table__cell elementor-repeater-item-f32dae0 jet-table__body-cell\"><div class=\"jet-table__cell-inner\"><div class=\"jet-table__cell-content\"><div class=\"jet-table__cell-text\">10<\/div><\/div><\/div><\/td><\/tr><tr class=\"jet-table__body-row elementor-repeater-item-d6fcdae\"><td class=\"jet-table__cell elementor-repeater-item-3aee404 jet-table__body-cell\"><div class=\"jet-table__cell-inner\"><div class=\"jet-table__cell-content\"><div class=\"jet-table__cell-text\">MGGAP200N6306360Z12\n<\/div><\/div><\/div><\/td><td class=\"jet-table__cell elementor-repeater-item-2500b7d jet-table__body-cell\"><div class=\"jet-table__cell-inner\"><div class=\"jet-table__cell-content\"><div class=\"jet-table__cell-text\">200<\/div><\/div><\/div><\/td><td class=\"jet-table__cell elementor-repeater-item-f7612ca jet-table__body-cell\"><div class=\"jet-table__cell-inner\"><div class=\"jet-table__cell-content\"><div class=\"jet-table__cell-text\">63<\/div><\/div><\/div><\/td><td class=\"jet-table__cell elementor-repeater-item-49e6813 jet-table__body-cell\"><div class=\"jet-table__cell-inner\"><div class=\"jet-table__cell-content\"><div class=\"jet-table__cell-text\">63<\/div><\/div><\/div><\/td><td class=\"jet-table__cell elementor-repeater-item-bbe5224 jet-table__body-cell\"><div class=\"jet-table__cell-inner\"><div class=\"jet-table__cell-content\"><div class=\"jet-table__cell-text\">60<\/div><\/div><\/div><\/td><td class=\"jet-table__cell elementor-repeater-item-cbbc412 jet-table__body-cell\"><div class=\"jet-table__cell-inner\"><div class=\"jet-table__cell-content\"><div class=\"jet-table__cell-text\">12<\/div><\/div><\/div><\/td><\/tr><tr class=\"jet-table__body-row elementor-repeater-item-835eca4\"><td class=\"jet-table__cell elementor-repeater-item-a0ab204 jet-table__body-cell\"><div class=\"jet-table__cell-inner\"><div class=\"jet-table__cell-content\"><div class=\"jet-table__cell-text\">MGGAP250N6306360Z16\n<\/div><\/div><\/div><\/td><td class=\"jet-table__cell elementor-repeater-item-7de0d5e jet-table__body-cell\"><div class=\"jet-table__cell-inner\"><div class=\"jet-table__cell-content\"><div class=\"jet-table__cell-text\">250<\/div><\/div><\/div><\/td><td class=\"jet-table__cell elementor-repeater-item-0015ac8 jet-table__body-cell\"><div class=\"jet-table__cell-inner\"><div class=\"jet-table__cell-content\"><div class=\"jet-table__cell-text\">63<\/div><\/div><\/div><\/td><td class=\"jet-table__cell elementor-repeater-item-ae59aa8 jet-table__body-cell\"><div class=\"jet-table__cell-inner\"><div class=\"jet-table__cell-content\"><div class=\"jet-table__cell-text\">63<\/div><\/div><\/div><\/td><td class=\"jet-table__cell elementor-repeater-item-59bcde0 jet-table__body-cell\"><div class=\"jet-table__cell-inner\"><div class=\"jet-table__cell-content\"><div class=\"jet-table__cell-text\">60<\/div><\/div><\/div><\/td><td class=\"jet-table__cell elementor-repeater-item-d881761 jet-table__body-cell\"><div class=\"jet-table__cell-inner\"><div class=\"jet-table__cell-content\"><div class=\"jet-table__cell-text\">16<\/div><\/div><\/div><\/td><\/tr><tr class=\"jet-table__body-row elementor-repeater-item-5f85183\"><td class=\"jet-table__cell elementor-repeater-item-b8bedc1 jet-table__body-cell\"><div class=\"jet-table__cell-inner\"><div class=\"jet-table__cell-content\"><div class=\"jet-table__cell-text\">mounting screw  M 4\u00d712, mounting screw key T15, max. ap. 16 mm\n<\/div><\/div><\/div><\/td><\/tr><\/tbody>\n\t\t\t<\/table>\n\t\t<\/div>\n\n\t\t<\/div>\t\t\t\t<\/div>\n\t\t\t\t<\/div>\n\t\t\t\t\t<\/div>\n\t\t<\/div>\n\t\t\t\t\t<\/div>\n\t\t<\/section>\n\t\t\t\t<section data-particle_enable=\"false\" data-particle-mobile-disabled=\"false\" class=\"elementor-section elementor-top-section elementor-element elementor-element-ef687c2 elementor-section-boxed elementor-section-height-default elementor-section-height-default\" data-id=\"ef687c2\" data-element_type=\"section\">\n\t\t\t\t\t\t<div class=\"elementor-container elementor-column-gap-default\">\n\t\t\t\t\t<div class=\"elementor-column elementor-col-100 elementor-top-column elementor-element elementor-element-8f09a43\" data-id=\"8f09a43\" data-element_type=\"column\">\n\t\t\t<div class=\"elementor-widget-wrap elementor-element-populated\">\n\t\t\t\t\t\t<div class=\"elementor-element elementor-element-5dca747 elementor-align-right elementor-mobile-align-center elementor-widget elementor-widget-button\" data-id=\"5dca747\" data-element_type=\"widget\" id=\"legenda\" data-widget_type=\"button.default\">\n\t\t\t\t<div class=\"elementor-widget-container\">\n\t\t\t\t\t\t\t\t\t<div class=\"elementor-button-wrapper\">\n\t\t\t\t\t<a class=\"elementor-button elementor-button-link elementor-size-sm\" href=\"#\">\n\t\t\t\t\t\t<span class=\"elementor-button-content-wrapper\">\n\t\t\t\t\t\t\t\t\t<span class=\"elementor-button-text\">Legend<\/span>\n\t\t\t\t\t<\/span>\n\t\t\t\t\t<\/a>\n\t\t\t\t<\/div>\n\t\t\t\t\t\t\t\t<\/div>\n\t\t\t\t<\/div>\n\t\t\t\t\t<\/div>\n\t\t<\/div>\n\t\t\t\t\t<\/div>\n\t\t<\/section>\n\t\t\t\t<\/div>","protected":false},"excerpt":{"rendered":"<p>G\u0142owica frezarska nasadzana 90\u00ba na p\u0142ytki APKT 1604 KOD PRODUKTU \u00d8D (mm) L1 (mm) g\u0142eboko\u015b\u0107 wprowadzenia L (mm) d\u0142ugo\u015b\u0107 ca\u0142kowita d (mm) \u015brednica otworu Liczba ostrzy MGGAP040N4004016Z4 40 40 40 16 4 MGGAP050N4004022Z5 50 40 40 22 5 MGGAP063N4004022Z6 63 40 40 22 6 MGGAP080N5005027Z7 80 50 50 27 7 MGGAP100N5005032Z8 100 50 50 32 [&hellip;]<\/p>","protected":false},"author":1,"featured_media":4441,"parent":4415,"menu_order":0,"comment_status":"closed","ping_status":"closed","template":"elementor_header_footer","meta":{"footnotes":""},"class_list":["post-4428","page","type-page","status-publish","has-post-thumbnail","hentry","entry","has-media"],"aioseo_notices":[],"_links":{"self":[{"href":"https:\/\/g25.com.pl\/en\/wp-json\/wp\/v2\/pages\/4428","targetHints":{"allow":["GET"]}}],"collection":[{"href":"https:\/\/g25.com.pl\/en\/wp-json\/wp\/v2\/pages"}],"about":[{"href":"https:\/\/g25.com.pl\/en\/wp-json\/wp\/v2\/types\/page"}],"author":[{"embeddable":true,"href":"https:\/\/g25.com.pl\/en\/wp-json\/wp\/v2\/users\/1"}],"replies":[{"embeddable":true,"href":"https:\/\/g25.com.pl\/en\/wp-json\/wp\/v2\/comments?post=4428"}],"version-history":[{"count":0,"href":"https:\/\/g25.com.pl\/en\/wp-json\/wp\/v2\/pages\/4428\/revisions"}],"up":[{"embeddable":true,"href":"https:\/\/g25.com.pl\/en\/wp-json\/wp\/v2\/pages\/4415"}],"wp:featuredmedia":[{"embeddable":true,"href":"https:\/\/g25.com.pl\/en\/wp-json\/wp\/v2\/media\/4441"}],"wp:attachment":[{"href":"https:\/\/g25.com.pl\/en\/wp-json\/wp\/v2\/media?parent=4428"}],"curies":[{"name":"wp","href":"https:\/\/api.w.org\/{rel}","templated":true}]}}