{"id":4420,"date":"2022-02-02T10:26:49","date_gmt":"2022-02-02T09:26:49","guid":{"rendered":"https:\/\/g25.com.pl\/?page_id=4420"},"modified":"2022-03-29T22:36:36","modified_gmt":"2022-03-29T20:36:36","slug":"glowica-frezarska-trzpieniowa-90o-na-plytki-wnex040308","status":"publish","type":"page","link":"https:\/\/g25.com.pl\/en\/produkty\/glowice-frezarskie\/glowica-frezarska-trzpieniowa-90o-na-plytki-wnex040308\/","title":{"rendered":"90\u00ba Shank Milling Head for WNEX040308 Inserts"},"content":{"rendered":"<div data-elementor-type=\"wp-post\" data-elementor-id=\"4420\" class=\"elementor elementor-4420\" data-elementor-post-type=\"page\">\n\t\t\t\t\t\t<section data-particle_enable=\"false\" data-particle-mobile-disabled=\"false\" class=\"elementor-section elementor-top-section elementor-element elementor-element-c8263b7 elementor-section-full_width elementor-section-height-min-height elementor-section-height-default elementor-section-items-middle\" data-id=\"c8263b7\" data-element_type=\"section\" data-settings=\"{&quot;background_background&quot;:&quot;classic&quot;}\">\n\t\t\t\t\t\t\t<div class=\"elementor-background-overlay\"><\/div>\n\t\t\t\t\t\t\t<div class=\"elementor-container elementor-column-gap-default\">\n\t\t\t\t\t<div class=\"elementor-column elementor-col-100 elementor-top-column elementor-element elementor-element-d5259d3 elementor-invisible\" data-id=\"d5259d3\" data-element_type=\"column\" data-settings=\"{&quot;animation&quot;:&quot;fadeInUp&quot;}\">\n\t\t\t<div class=\"elementor-widget-wrap elementor-element-populated\">\n\t\t\t\t\t\t<section data-particle_enable=\"false\" data-particle-mobile-disabled=\"false\" class=\"elementor-section elementor-inner-section elementor-element elementor-element-89fdd92 elementor-section-boxed elementor-section-height-default elementor-section-height-default\" data-id=\"89fdd92\" data-element_type=\"section\">\n\t\t\t\t\t\t<div class=\"elementor-container elementor-column-gap-default\">\n\t\t\t\t\t<div class=\"elementor-column elementor-col-100 elementor-inner-column elementor-element elementor-element-679c9a7\" data-id=\"679c9a7\" data-element_type=\"column\">\n\t\t\t<div class=\"elementor-widget-wrap elementor-element-populated\">\n\t\t\t\t\t\t<div class=\"elementor-element elementor-element-4ce0fb4 elementor-widget elementor-widget-heading\" data-id=\"4ce0fb4\" data-element_type=\"widget\" data-widget_type=\"heading.default\">\n\t\t\t\t<div class=\"elementor-widget-container\">\n\t\t\t\t\t<h1 class=\"elementor-heading-title elementor-size-default\">90\u00ba Shank Milling Head for WNEX040308 Inserts<\/h1>\t\t\t\t<\/div>\n\t\t\t\t<\/div>\n\t\t\t\t\t<\/div>\n\t\t<\/div>\n\t\t\t\t\t<\/div>\n\t\t<\/section>\n\t\t\t\t\t<\/div>\n\t\t<\/div>\n\t\t\t\t\t<\/div>\n\t\t<\/section>\n\t\t\t\t<section data-particle_enable=\"false\" data-particle-mobile-disabled=\"false\" class=\"elementor-section elementor-top-section elementor-element elementor-element-4806b64 elementor-section-boxed elementor-section-height-default elementor-section-height-default\" data-id=\"4806b64\" data-element_type=\"section\">\n\t\t\t\t\t\t<div class=\"elementor-container elementor-column-gap-default\">\n\t\t\t\t\t<div class=\"elementor-column elementor-col-100 elementor-top-column elementor-element elementor-element-c48ec13\" data-id=\"c48ec13\" data-element_type=\"column\">\n\t\t\t<div class=\"elementor-widget-wrap elementor-element-populated\">\n\t\t\t\t\t\t<div class=\"elementor-element elementor-element-8008601 elementor-widget elementor-widget-image\" data-id=\"8008601\" data-element_type=\"widget\" data-widget_type=\"image.default\">\n\t\t\t\t<div class=\"elementor-widget-container\">\n\t\t\t\t\t\t\t\t\t\t\t\t\t\t\t<img fetchpriority=\"high\" decoding=\"async\" width=\"766\" height=\"279\" src=\"https:\/\/g25.com.pl\/wp-content\/uploads\/2022\/02\/wnex040308-wymiary.png\" class=\"attachment-large size-large wp-image-4458\" alt=\"\" srcset=\"https:\/\/g25.com.pl\/wp-content\/uploads\/2022\/02\/wnex040308-wymiary.png 766w, https:\/\/g25.com.pl\/wp-content\/uploads\/2022\/02\/wnex040308-wymiary-350x127.png 350w, https:\/\/g25.com.pl\/wp-content\/uploads\/2022\/02\/wnex040308-wymiary-18x7.png 18w\" sizes=\"(max-width: 766px) 100vw, 766px\" \/>\t\t\t\t\t\t\t\t\t\t\t\t\t\t\t<\/div>\n\t\t\t\t<\/div>\n\t\t\t\t\t<\/div>\n\t\t<\/div>\n\t\t\t\t\t<\/div>\n\t\t<\/section>\n\t\t\t\t<section data-particle_enable=\"false\" data-particle-mobile-disabled=\"false\" class=\"elementor-section elementor-top-section elementor-element elementor-element-213b829 elementor-section-boxed elementor-section-height-default elementor-section-height-default\" data-id=\"213b829\" data-element_type=\"section\">\n\t\t\t\t\t\t<div class=\"elementor-container elementor-column-gap-default\">\n\t\t\t\t\t<div class=\"elementor-column elementor-col-50 elementor-top-column elementor-element elementor-element-e8e4a10\" data-id=\"e8e4a10\" data-element_type=\"column\">\n\t\t\t<div class=\"elementor-widget-wrap elementor-element-populated\">\n\t\t\t\t\t\t\t<\/div>\n\t\t<\/div>\n\t\t\t\t<div class=\"elementor-column elementor-col-50 elementor-top-column elementor-element elementor-element-7fcc901\" data-id=\"7fcc901\" data-element_type=\"column\">\n\t\t\t<div class=\"elementor-widget-wrap elementor-element-populated\">\n\t\t\t\t\t\t\t<\/div>\n\t\t<\/div>\n\t\t\t\t\t<\/div>\n\t\t<\/section>\n\t\t\t\t<section data-particle_enable=\"false\" data-particle-mobile-disabled=\"false\" class=\"elementor-section elementor-top-section elementor-element elementor-element-5959cee elementor-section-boxed elementor-section-height-default elementor-section-height-default\" data-id=\"5959cee\" data-element_type=\"section\">\n\t\t\t\t\t\t<div class=\"elementor-container elementor-column-gap-default\">\n\t\t\t\t\t<div class=\"elementor-column elementor-col-100 elementor-top-column elementor-element elementor-element-c31896a\" data-id=\"c31896a\" data-element_type=\"column\">\n\t\t\t<div class=\"elementor-widget-wrap elementor-element-populated\">\n\t\t\t\t\t\t<div class=\"elementor-element elementor-element-c28c140 elementor-widget elementor-widget-jet-table\" data-id=\"c28c140\" data-element_type=\"widget\" data-widget_type=\"jet-table.default\">\n\t\t\t\t<div class=\"elementor-widget-container\">\n\t\t\t\t\t<div class=\"elementor-jet-table jet-elements\">\n\t\t<div class=\"jet-table-wrapper jet-table-responsive-mobile\">\n\t\t\t<table class=\"jet-table jet-table--fa5-compat\">\n\t\t\t\t<thead class=\"jet-table__head\"><tr class=\"jet-table__head-row\"><th class=\"jet-table__cell elementor-repeater-item-2eeb50e jet-table__head-cell\" scope=\"col\"><div class=\"jet-table__cell-inner\"><div class=\"jet-table__cell-content\"><div class=\"jet-table__cell-text\">PRODUCT CODE<\/div><\/div><\/div><\/th><th class=\"jet-table__cell elementor-repeater-item-9de9bee jet-table__head-cell\" scope=\"col\"><div class=\"jet-table__cell-inner\"><div class=\"jet-table__cell-content\"><div class=\"jet-table__cell-text\">\u00d8D(mm)<\/div><\/div><\/div><\/th><th class=\"jet-table__cell elementor-repeater-item-abdbaae jet-table__head-cell\" scope=\"col\"><div class=\"jet-table__cell-inner\"><div class=\"jet-table__cell-content\"><div class=\"jet-table__cell-text\">L1 (mm) insertion depth<\/div><\/div><\/div><\/th><th class=\"jet-table__cell elementor-repeater-item-e105a0a jet-table__head-cell\" scope=\"col\"><div class=\"jet-table__cell-inner\"><div class=\"jet-table__cell-content\"><div class=\"jet-table__cell-text\">L (mm) total length<\/div><\/div><\/div><\/th><th class=\"jet-table__cell elementor-repeater-item-6e56d51 jet-table__head-cell\" scope=\"col\"><div class=\"jet-table__cell-inner\"><div class=\"jet-table__cell-content\"><div class=\"jet-table__cell-text\">d (mm) grip diameter<\/div><\/div><\/div><\/th><th class=\"jet-table__cell elementor-repeater-item-6ed0b71 jet-table__head-cell\" scope=\"col\"><div class=\"jet-table__cell-inner\"><div class=\"jet-table__cell-content\"><div class=\"jet-table__cell-text\">Number of blades<\/div><\/div><\/div><\/th><\/tr><\/thead>\n\t\t\t\t\t\t\t\t<tbody class=\"jet-table__body\"><tr class=\"jet-table__body-row elementor-repeater-item-0c9e2e3\"><td class=\"jet-table__cell elementor-repeater-item-e00d354 jet-table__body-cell\"><div class=\"jet-table__cell-inner\"><div class=\"jet-table__cell-content\"><div class=\"jet-table__cell-text\">MGGWN020T4009020Z3<\/div><\/div><\/div><\/td><td class=\"jet-table__cell elementor-repeater-item-7dd4acf jet-table__body-cell\"><div class=\"jet-table__cell-inner\"><div class=\"jet-table__cell-content\"><div class=\"jet-table__cell-text\">20<\/div><\/div><\/div><\/td><td class=\"jet-table__cell elementor-repeater-item-54c747e jet-table__body-cell\"><div class=\"jet-table__cell-inner\"><div class=\"jet-table__cell-content\"><div class=\"jet-table__cell-text\">40<\/div><\/div><\/div><\/td><td class=\"jet-table__cell elementor-repeater-item-bc24b78 jet-table__body-cell\"><div class=\"jet-table__cell-inner\"><div class=\"jet-table__cell-content\"><div class=\"jet-table__cell-text\">90<\/div><\/div><\/div><\/td><td class=\"jet-table__cell elementor-repeater-item-e6b0a8f jet-table__body-cell\"><div class=\"jet-table__cell-inner\"><div class=\"jet-table__cell-content\"><div class=\"jet-table__cell-text\">20<\/div><\/div><\/div><\/td><td class=\"jet-table__cell elementor-repeater-item-78df57c jet-table__body-cell\"><div class=\"jet-table__cell-inner\"><div class=\"jet-table__cell-content\"><div class=\"jet-table__cell-text\">3<\/div><\/div><\/div><\/td><\/tr><tr class=\"jet-table__body-row elementor-repeater-item-5e8914c\"><td class=\"jet-table__cell elementor-repeater-item-633a203 jet-table__body-cell\"><div class=\"jet-table__cell-inner\"><div class=\"jet-table__cell-content\"><div class=\"jet-table__cell-text\">MGGWN025T4410025Z4\n<\/div><\/div><\/div><\/td><td class=\"jet-table__cell elementor-repeater-item-4796411 jet-table__body-cell\"><div class=\"jet-table__cell-inner\"><div class=\"jet-table__cell-content\"><div class=\"jet-table__cell-text\">25<\/div><\/div><\/div><\/td><td class=\"jet-table__cell elementor-repeater-item-cf0b3de jet-table__body-cell\"><div class=\"jet-table__cell-inner\"><div class=\"jet-table__cell-content\"><div class=\"jet-table__cell-text\">44<\/div><\/div><\/div><\/td><td class=\"jet-table__cell elementor-repeater-item-23e9832 jet-table__body-cell\"><div class=\"jet-table__cell-inner\"><div class=\"jet-table__cell-content\"><div class=\"jet-table__cell-text\">100<\/div><\/div><\/div><\/td><td class=\"jet-table__cell elementor-repeater-item-6290747 jet-table__body-cell\"><div class=\"jet-table__cell-inner\"><div class=\"jet-table__cell-content\"><div class=\"jet-table__cell-text\">25<\/div><\/div><\/div><\/td><td class=\"jet-table__cell elementor-repeater-item-f4b520f jet-table__body-cell\"><div class=\"jet-table__cell-inner\"><div class=\"jet-table__cell-content\"><div class=\"jet-table__cell-text\">4<\/div><\/div><\/div><\/td><\/tr><tr class=\"jet-table__body-row elementor-repeater-item-56bf39b\"><td class=\"jet-table__cell elementor-repeater-item-0467ecf jet-table__body-cell\"><div class=\"jet-table__cell-inner\"><div class=\"jet-table__cell-content\"><div class=\"jet-table__cell-text\">MGGWN032T5011032Z5<\/div><\/div><\/div><\/td><td class=\"jet-table__cell elementor-repeater-item-4969a52 jet-table__body-cell\"><div class=\"jet-table__cell-inner\"><div class=\"jet-table__cell-content\"><div class=\"jet-table__cell-text\">32<\/div><\/div><\/div><\/td><td class=\"jet-table__cell elementor-repeater-item-8635b2c jet-table__body-cell\"><div class=\"jet-table__cell-inner\"><div class=\"jet-table__cell-content\"><div class=\"jet-table__cell-text\">50<\/div><\/div><\/div><\/td><td class=\"jet-table__cell elementor-repeater-item-b7b343b jet-table__body-cell\"><div class=\"jet-table__cell-inner\"><div class=\"jet-table__cell-content\"><div class=\"jet-table__cell-text\">110<\/div><\/div><\/div><\/td><td class=\"jet-table__cell elementor-repeater-item-2cfbee5 jet-table__body-cell\"><div class=\"jet-table__cell-inner\"><div class=\"jet-table__cell-content\"><div class=\"jet-table__cell-text\">32<\/div><\/div><\/div><\/td><td class=\"jet-table__cell elementor-repeater-item-ad5ca43 jet-table__body-cell\"><div class=\"jet-table__cell-inner\"><div class=\"jet-table__cell-content\"><div class=\"jet-table__cell-text\">5<\/div><\/div><\/div><\/td><\/tr><tr class=\"jet-table__body-row elementor-repeater-item-7f3ea59\"><td class=\"jet-table__cell elementor-repeater-item-2ac2af8 jet-table__body-cell\"><div class=\"jet-table__cell-inner\"><div class=\"jet-table__cell-content\"><div class=\"jet-table__cell-text\">MGGWN020T4015020Z3<\/div><\/div><\/div><\/td><td class=\"jet-table__cell elementor-repeater-item-c9f31e4 jet-table__body-cell\"><div class=\"jet-table__cell-inner\"><div class=\"jet-table__cell-content\"><div class=\"jet-table__cell-text\">20<\/div><\/div><\/div><\/td><td class=\"jet-table__cell elementor-repeater-item-aa4d294 jet-table__body-cell\"><div class=\"jet-table__cell-inner\"><div class=\"jet-table__cell-content\"><div class=\"jet-table__cell-text\">40<\/div><\/div><\/div><\/td><td class=\"jet-table__cell elementor-repeater-item-99e6a17 jet-table__body-cell\"><div class=\"jet-table__cell-inner\"><div class=\"jet-table__cell-content\"><div class=\"jet-table__cell-text\">150<\/div><\/div><\/div><\/td><td class=\"jet-table__cell elementor-repeater-item-aca7697 jet-table__body-cell\"><div class=\"jet-table__cell-inner\"><div class=\"jet-table__cell-content\"><div class=\"jet-table__cell-text\">20<\/div><\/div><\/div><\/td><td class=\"jet-table__cell elementor-repeater-item-d173978 jet-table__body-cell\"><div class=\"jet-table__cell-inner\"><div class=\"jet-table__cell-content\"><div class=\"jet-table__cell-text\">3<\/div><\/div><\/div><\/td><\/tr><tr class=\"jet-table__body-row elementor-repeater-item-41f3504\"><td class=\"jet-table__cell elementor-repeater-item-bdcb5ed jet-table__body-cell\"><div class=\"jet-table__cell-inner\"><div class=\"jet-table__cell-content\"><div class=\"jet-table__cell-text\">MGGWN025T5017025Z4\n<\/div><\/div><\/div><\/td><td class=\"jet-table__cell elementor-repeater-item-ac21137 jet-table__body-cell\"><div class=\"jet-table__cell-inner\"><div class=\"jet-table__cell-content\"><div class=\"jet-table__cell-text\">25<\/div><\/div><\/div><\/td><td class=\"jet-table__cell elementor-repeater-item-a816f5f jet-table__body-cell\"><div class=\"jet-table__cell-inner\"><div class=\"jet-table__cell-content\"><div class=\"jet-table__cell-text\">50<\/div><\/div><\/div><\/td><td class=\"jet-table__cell elementor-repeater-item-7f583d6 jet-table__body-cell\"><div class=\"jet-table__cell-inner\"><div class=\"jet-table__cell-content\"><div class=\"jet-table__cell-text\">170<\/div><\/div><\/div><\/td><td class=\"jet-table__cell elementor-repeater-item-9b980bf jet-table__body-cell\"><div class=\"jet-table__cell-inner\"><div class=\"jet-table__cell-content\"><div class=\"jet-table__cell-text\">25<\/div><\/div><\/div><\/td><td class=\"jet-table__cell elementor-repeater-item-b82b3e9 jet-table__body-cell\"><div class=\"jet-table__cell-inner\"><div class=\"jet-table__cell-content\"><div class=\"jet-table__cell-text\">4<\/div><\/div><\/div><\/td><\/tr><tr class=\"jet-table__body-row elementor-repeater-item-ea8d86b\"><td class=\"jet-table__cell elementor-repeater-item-6c6f895 jet-table__body-cell\"><div class=\"jet-table__cell-inner\"><div class=\"jet-table__cell-content\"><div class=\"jet-table__cell-text\">MGGWN032T7019532Z5\n<\/div><\/div><\/div><\/td><td class=\"jet-table__cell elementor-repeater-item-038bd38 jet-table__body-cell\"><div class=\"jet-table__cell-inner\"><div class=\"jet-table__cell-content\"><div class=\"jet-table__cell-text\">32<\/div><\/div><\/div><\/td><td class=\"jet-table__cell elementor-repeater-item-e2d302a jet-table__body-cell\"><div class=\"jet-table__cell-inner\"><div class=\"jet-table__cell-content\"><div class=\"jet-table__cell-text\">70<\/div><\/div><\/div><\/td><td class=\"jet-table__cell elementor-repeater-item-a5c90f3 jet-table__body-cell\"><div class=\"jet-table__cell-inner\"><div class=\"jet-table__cell-content\"><div class=\"jet-table__cell-text\">195<\/div><\/div><\/div><\/td><td class=\"jet-table__cell elementor-repeater-item-c55c452 jet-table__body-cell\"><div class=\"jet-table__cell-inner\"><div class=\"jet-table__cell-content\"><div class=\"jet-table__cell-text\">32<\/div><\/div><\/div><\/td><td class=\"jet-table__cell elementor-repeater-item-95dabaa jet-table__body-cell\"><div class=\"jet-table__cell-inner\"><div class=\"jet-table__cell-content\"><div class=\"jet-table__cell-text\">5<\/div><\/div><\/div><\/td><\/tr><tr class=\"jet-table__body-row elementor-repeater-item-dfe9162\"><td class=\"jet-table__cell elementor-repeater-item-d781d38 jet-table__body-cell\"><div class=\"jet-table__cell-inner\"><div class=\"jet-table__cell-content\"><div class=\"jet-table__cell-text\">mounting screw M 2.5\u00d75.5, mounting screw key T08, max. ap. 4 mm\n<\/div><\/div><\/div><\/td><\/tr><\/tbody>\n\t\t\t<\/table>\n\t\t<\/div>\n\n\t\t<\/div>\t\t\t\t<\/div>\n\t\t\t\t<\/div>\n\t\t\t\t\t<\/div>\n\t\t<\/div>\n\t\t\t\t\t<\/div>\n\t\t<\/section>\n\t\t\t\t<section data-particle_enable=\"false\" data-particle-mobile-disabled=\"false\" class=\"elementor-section elementor-top-section elementor-element elementor-element-ef687c2 elementor-section-boxed elementor-section-height-default elementor-section-height-default\" data-id=\"ef687c2\" data-element_type=\"section\">\n\t\t\t\t\t\t<div class=\"elementor-container elementor-column-gap-default\">\n\t\t\t\t\t<div class=\"elementor-column elementor-col-100 elementor-top-column elementor-element elementor-element-8f09a43\" data-id=\"8f09a43\" data-element_type=\"column\">\n\t\t\t<div class=\"elementor-widget-wrap elementor-element-populated\">\n\t\t\t\t\t\t<div class=\"elementor-element elementor-element-5dca747 elementor-align-right elementor-mobile-align-center elementor-widget elementor-widget-button\" data-id=\"5dca747\" data-element_type=\"widget\" id=\"legenda\" data-widget_type=\"button.default\">\n\t\t\t\t<div class=\"elementor-widget-container\">\n\t\t\t\t\t\t\t\t\t<div class=\"elementor-button-wrapper\">\n\t\t\t\t\t<a class=\"elementor-button elementor-button-link elementor-size-sm\" href=\"#\">\n\t\t\t\t\t\t<span class=\"elementor-button-content-wrapper\">\n\t\t\t\t\t\t\t\t\t<span class=\"elementor-button-text\">Legend<\/span>\n\t\t\t\t\t<\/span>\n\t\t\t\t\t<\/a>\n\t\t\t\t<\/div>\n\t\t\t\t\t\t\t\t<\/div>\n\t\t\t\t<\/div>\n\t\t\t\t\t<\/div>\n\t\t<\/div>\n\t\t\t\t\t<\/div>\n\t\t<\/section>\n\t\t\t\t<\/div>","protected":false},"excerpt":{"rendered":"<p>G\u0142owica frezarska trzpieniowa 90\u00ba na p\u0142ytki WNEX040308 KOD PRODUKTU \u00d8D(mm) L1 (mm) g\u0142\u0119boko\u015b\u0107 wprowadzenia L (mm) d\u0142ugo\u015b\u0107 ca\u0142kowita d (mm) \u015brednica chwytu Liczba ostrzy MGGWN020T4009020Z3 20 40 90 20 3 MGGWN025T4410025Z4 25 44 100 25 4 MGGWN032T5011032Z5 32 50 110 32 5 MGGWN020T4015020Z3 20 40 150 20 3 MGGWN025T5017025Z4 25 50 170 25 4 MGGWN032T7019532Z5 [&hellip;]<\/p>","protected":false},"author":1,"featured_media":4446,"parent":4415,"menu_order":0,"comment_status":"closed","ping_status":"closed","template":"elementor_header_footer","meta":{"footnotes":""},"class_list":["post-4420","page","type-page","status-publish","has-post-thumbnail","hentry","entry","has-media"],"aioseo_notices":[],"_links":{"self":[{"href":"https:\/\/g25.com.pl\/en\/wp-json\/wp\/v2\/pages\/4420","targetHints":{"allow":["GET"]}}],"collection":[{"href":"https:\/\/g25.com.pl\/en\/wp-json\/wp\/v2\/pages"}],"about":[{"href":"https:\/\/g25.com.pl\/en\/wp-json\/wp\/v2\/types\/page"}],"author":[{"embeddable":true,"href":"https:\/\/g25.com.pl\/en\/wp-json\/wp\/v2\/users\/1"}],"replies":[{"embeddable":true,"href":"https:\/\/g25.com.pl\/en\/wp-json\/wp\/v2\/comments?post=4420"}],"version-history":[{"count":0,"href":"https:\/\/g25.com.pl\/en\/wp-json\/wp\/v2\/pages\/4420\/revisions"}],"up":[{"embeddable":true,"href":"https:\/\/g25.com.pl\/en\/wp-json\/wp\/v2\/pages\/4415"}],"wp:featuredmedia":[{"embeddable":true,"href":"https:\/\/g25.com.pl\/en\/wp-json\/wp\/v2\/media\/4446"}],"wp:attachment":[{"href":"https:\/\/g25.com.pl\/en\/wp-json\/wp\/v2\/media?parent=4420"}],"curies":[{"name":"wp","href":"https:\/\/api.w.org\/{rel}","templated":true}]}}