{"id":3017,"date":"2020-05-28T08:59:04","date_gmt":"2020-05-28T06:59:04","guid":{"rendered":"https:\/\/g25.com.pl\/?page_id=3017"},"modified":"2024-02-26T12:15:53","modified_gmt":"2024-02-26T11:15:53","slug":"materialy-scierne","status":"publish","type":"page","link":"https:\/\/g25.com.pl\/en\/produkty\/materialy-scierne-ogolne\/materialy-scierne\/","title":{"rendered":"Grinding discs \u2013 PREMIUM Series"},"content":{"rendered":"<div data-elementor-type=\"wp-post\" data-elementor-id=\"3017\" class=\"elementor elementor-3017\" data-elementor-post-type=\"page\">\n\t\t\t\t\t\t<section data-particle_enable=\"false\" data-particle-mobile-disabled=\"false\" class=\"elementor-section elementor-top-section elementor-element elementor-element-4f3254e elementor-section-full_width elementor-section-height-min-height elementor-section-height-default elementor-section-items-middle\" data-id=\"4f3254e\" data-element_type=\"section\" data-settings=\"{&quot;background_background&quot;:&quot;classic&quot;}\">\n\t\t\t\t\t\t\t<div class=\"elementor-background-overlay\"><\/div>\n\t\t\t\t\t\t\t<div class=\"elementor-container elementor-column-gap-default\">\n\t\t\t\t\t<div class=\"elementor-column elementor-col-100 elementor-top-column elementor-element elementor-element-dd286f7 elementor-invisible\" data-id=\"dd286f7\" data-element_type=\"column\" data-settings=\"{&quot;animation&quot;:&quot;fadeInUp&quot;}\">\n\t\t\t<div class=\"elementor-widget-wrap elementor-element-populated\">\n\t\t\t\t\t\t<section data-particle_enable=\"false\" data-particle-mobile-disabled=\"false\" class=\"elementor-section elementor-inner-section elementor-element elementor-element-4d9461b elementor-section-boxed elementor-section-height-default elementor-section-height-default\" data-id=\"4d9461b\" data-element_type=\"section\">\n\t\t\t\t\t\t<div class=\"elementor-container elementor-column-gap-default\">\n\t\t\t\t\t<div class=\"elementor-column elementor-col-100 elementor-inner-column elementor-element elementor-element-7efc53d\" data-id=\"7efc53d\" data-element_type=\"column\">\n\t\t\t<div class=\"elementor-widget-wrap elementor-element-populated\">\n\t\t\t\t\t\t<div class=\"elementor-element elementor-element-cc6b55f elementor-widget elementor-widget-heading\" data-id=\"cc6b55f\" data-element_type=\"widget\" data-widget_type=\"heading.default\">\n\t\t\t\t<div class=\"elementor-widget-container\">\n\t\t\t\t\t<h1 class=\"elementor-heading-title elementor-size-default\">Grinding discs - PREMIUM Series<\/h1>\t\t\t\t<\/div>\n\t\t\t\t<\/div>\n\t\t\t\t\t<\/div>\n\t\t<\/div>\n\t\t\t\t\t<\/div>\n\t\t<\/section>\n\t\t\t\t\t<\/div>\n\t\t<\/div>\n\t\t\t\t\t<\/div>\n\t\t<\/section>\n\t\t\t\t<section data-particle_enable=\"false\" data-particle-mobile-disabled=\"false\" class=\"elementor-section elementor-top-section elementor-element elementor-element-9e43af1 elementor-section-boxed elementor-section-height-default elementor-section-height-default\" data-id=\"9e43af1\" data-element_type=\"section\">\n\t\t\t\t\t\t<div class=\"elementor-container elementor-column-gap-default\">\n\t\t\t\t\t<div class=\"elementor-column elementor-col-100 elementor-top-column elementor-element elementor-element-5a9de5e\" data-id=\"5a9de5e\" data-element_type=\"column\">\n\t\t\t<div class=\"elementor-widget-wrap elementor-element-populated\">\n\t\t\t\t\t\t<div class=\"elementor-element elementor-element-d4b9fd7 elementor-widget elementor-widget-heading\" data-id=\"d4b9fd7\" data-element_type=\"widget\" data-widget_type=\"heading.default\">\n\t\t\t\t<div class=\"elementor-widget-container\">\n\t\t\t\t\t<h2 class=\"elementor-heading-title elementor-size-default\">OSA Certificate<\/h2>\t\t\t\t<\/div>\n\t\t\t\t<\/div>\n\t\t\t\t<div class=\"elementor-element elementor-element-ac03e34 elementor-widget elementor-widget-image\" data-id=\"ac03e34\" data-element_type=\"widget\" data-widget_type=\"image.default\">\n\t\t\t\t<div class=\"elementor-widget-container\">\n\t\t\t\t\t\t\t\t\t\t\t\t\t\t\t<img fetchpriority=\"high\" decoding=\"async\" width=\"1200\" height=\"349\" src=\"https:\/\/g25.com.pl\/wp-content\/uploads\/2022\/02\/materialy-scierne-1200x349.webp\" class=\"attachment-large size-large wp-image-4398\" alt=\"\" srcset=\"https:\/\/g25.com.pl\/wp-content\/uploads\/2022\/02\/materialy-scierne-1200x349.webp 1200w, https:\/\/g25.com.pl\/wp-content\/uploads\/2022\/02\/materialy-scierne-350x102.webp 350w, https:\/\/g25.com.pl\/wp-content\/uploads\/2022\/02\/materialy-scierne-768x224.webp 768w, https:\/\/g25.com.pl\/wp-content\/uploads\/2022\/02\/materialy-scierne-1536x447.webp 1536w, https:\/\/g25.com.pl\/wp-content\/uploads\/2022\/02\/materialy-scierne-18x5.webp 18w, https:\/\/g25.com.pl\/wp-content\/uploads\/2022\/02\/materialy-scierne.webp 1676w\" sizes=\"(max-width: 1200px) 100vw, 1200px\" \/>\t\t\t\t\t\t\t\t\t\t\t\t\t\t\t<\/div>\n\t\t\t\t<\/div>\n\t\t\t\t<div class=\"elementor-element elementor-element-8f7f5a1 elementor-widget elementor-widget-jet-table\" data-id=\"8f7f5a1\" data-element_type=\"widget\" data-widget_type=\"jet-table.default\">\n\t\t\t\t<div class=\"elementor-widget-container\">\n\t\t\t\t\t<div class=\"elementor-jet-table jet-elements\">\n\t\t<div class=\"jet-table-wrapper jet-table-responsive-mobile\">\n\t\t\t<table class=\"jet-table jet-table--fa5-compat\">\n\t\t\t\t<thead class=\"jet-table__head\"><tr class=\"jet-table__head-row\"><th class=\"jet-table__cell elementor-repeater-item-2eeb50e jet-table__head-cell\" scope=\"col\"><div class=\"jet-table__cell-inner\"><div class=\"jet-table__cell-content\"><div class=\"jet-table__cell-text\">PRODUCT CODE<\/div><\/div><\/div><\/th><th class=\"jet-table__cell elementor-repeater-item-c072d35 jet-table__head-cell\" scope=\"col\"><div class=\"jet-table__cell-inner\"><div class=\"jet-table__cell-content\"><div class=\"jet-table__cell-text\">NAME<\/div><\/div><\/div><\/th><th class=\"jet-table__cell elementor-repeater-item-9de9bee jet-table__head-cell\" scope=\"col\"><div class=\"jet-table__cell-inner\"><div class=\"jet-table__cell-content\"><div class=\"jet-table__cell-text\">dimensions (mm)<\/div><\/div><\/div><\/th><th class=\"jet-table__cell elementor-repeater-item-6e56d51 jet-table__head-cell\" scope=\"col\"><div class=\"jet-table__cell-inner\"><div class=\"jet-table__cell-content\"><div class=\"jet-table__cell-text\">Max rpm<\/div><\/div><\/div><\/th><th class=\"jet-table__cell elementor-repeater-item-a70bdca jet-table__head-cell\" scope=\"col\"><div class=\"jet-table__cell-inner\"><div class=\"jet-table__cell-content\"><div class=\"jet-table__cell-text\">permissible operating speed (Vc) m\/s<\/div><\/div><\/div><\/th><th class=\"jet-table__cell elementor-repeater-item-6ed0b71 jet-table__head-cell\" scope=\"col\"><div class=\"jet-table__cell-inner\"><div class=\"jet-table__cell-content\"><div class=\"jet-table__cell-text\">package (pieces)<\/div><\/div><\/div><\/th><\/tr><\/thead>\n\t\t\t\t\t\t\t\t<tbody class=\"jet-table__body\"><tr class=\"jet-table__body-row elementor-repeater-item-c52e4d7\"><td class=\"jet-table__cell elementor-repeater-item-70abc82 jet-table__body-cell\"><div class=\"jet-table__cell-inner\"><div class=\"jet-table__cell-content\"><div class=\"jet-table__cell-text\">66252846470\n<\/div><\/div><\/div><\/td><td class=\"jet-table__cell elementor-repeater-item-b8fcf85 jet-table__body-cell\"><div class=\"jet-table__cell-inner\"><div class=\"jet-table__cell-content\"><div class=\"jet-table__cell-text\">grinding wheel metal\/stainless steel 125\u00d71.0x22.23 T41<\/div><\/div><\/div><\/td><td class=\"jet-table__cell elementor-repeater-item-6e79777 jet-table__body-cell\"><div class=\"jet-table__cell-inner\"><div class=\"jet-table__cell-content\"><div class=\"jet-table__cell-text\">125x1x22.23<\/div><\/div><\/div><\/td><td class=\"jet-table__cell elementor-repeater-item-5a0874d jet-table__body-cell\"><div class=\"jet-table__cell-inner\"><div class=\"jet-table__cell-content\"><div class=\"jet-table__cell-text\">12 250<\/div><\/div><\/div><\/td><td class=\"jet-table__cell elementor-repeater-item-5fd87a9 jet-table__body-cell\"><div class=\"jet-table__cell-inner\"><div class=\"jet-table__cell-content\"><div class=\"jet-table__cell-text\">80<\/div><\/div><\/div><\/td><td class=\"jet-table__cell elementor-repeater-item-721e1d5 jet-table__body-cell\"><div class=\"jet-table__cell-inner\"><div class=\"jet-table__cell-content\"><div class=\"jet-table__cell-text\">25<\/div><\/div><\/div><\/td><\/tr><tr class=\"jet-table__body-row elementor-repeater-item-5b46c2c\"><td class=\"jet-table__cell elementor-repeater-item-b9176b1 jet-table__body-cell\"><div class=\"jet-table__cell-inner\"><div class=\"jet-table__cell-content\"><div class=\"jet-table__cell-text\">66252847052<\/div><\/div><\/div><\/td><td class=\"jet-table__cell elementor-repeater-item-7610b14 jet-table__body-cell\"><div class=\"jet-table__cell-inner\"><div class=\"jet-table__cell-content\"><div class=\"jet-table__cell-text\">grinding wheel metal\/stainless steel 125\u00d76,4\u00d722.23 T27<\/div><\/div><\/div><\/td><td class=\"jet-table__cell elementor-repeater-item-6a25172 jet-table__body-cell\"><div class=\"jet-table__cell-inner\"><div class=\"jet-table__cell-content\"><div class=\"jet-table__cell-text\">125&#215;6,4&#215;22.23<\/div><\/div><\/div><\/td><td class=\"jet-table__cell elementor-repeater-item-4c5f566 jet-table__body-cell\"><div class=\"jet-table__cell-inner\"><div class=\"jet-table__cell-content\"><div class=\"jet-table__cell-text\">12 250<\/div><\/div><\/div><\/td><td class=\"jet-table__cell elementor-repeater-item-c3d7a13 jet-table__body-cell\"><div class=\"jet-table__cell-inner\"><div class=\"jet-table__cell-content\"><div class=\"jet-table__cell-text\">80<\/div><\/div><\/div><\/td><td class=\"jet-table__cell elementor-repeater-item-50ff21b jet-table__body-cell\"><div class=\"jet-table__cell-inner\"><div class=\"jet-table__cell-content\"><div class=\"jet-table__cell-text\">10<\/div><\/div><\/div><\/td><\/tr><tr class=\"jet-table__body-row elementor-repeater-item-e9479f1\"><td class=\"jet-table__cell elementor-repeater-item-9e3e116 jet-table__body-cell\"><div class=\"jet-table__cell-inner\"><div class=\"jet-table__cell-content\"><div class=\"jet-table__cell-text\">66252849636\n<\/div><\/div><\/div><\/td><td class=\"jet-table__cell elementor-repeater-item-ca369c7 jet-table__body-cell\"><div class=\"jet-table__cell-inner\"><div class=\"jet-table__cell-content\"><div class=\"jet-table__cell-text\">grinding wheel metal\/stainless steel 230\u00d71.9\u00d722.2 T41\n\n<\/div><\/div><\/div><\/td><td class=\"jet-table__cell elementor-repeater-item-b12fd09 jet-table__body-cell\"><div class=\"jet-table__cell-inner\"><div class=\"jet-table__cell-content\"><div class=\"jet-table__cell-text\">230&#215;1,9&#215;22,23\n<\/div><\/div><\/div><\/td><td class=\"jet-table__cell elementor-repeater-item-a67a668 jet-table__body-cell\"><div class=\"jet-table__cell-inner\"><div class=\"jet-table__cell-content\"><div class=\"jet-table__cell-text\">6 650\n<\/div><\/div><\/div><\/td><td class=\"jet-table__cell elementor-repeater-item-11607c3 jet-table__body-cell\"><div class=\"jet-table__cell-inner\"><div class=\"jet-table__cell-content\"><div class=\"jet-table__cell-text\">80<\/div><\/div><\/div><\/td><td class=\"jet-table__cell elementor-repeater-item-3e05aa9 jet-table__body-cell\"><div class=\"jet-table__cell-inner\"><div class=\"jet-table__cell-content\"><div class=\"jet-table__cell-text\">25<\/div><\/div><\/div><\/td><\/tr><tr class=\"jet-table__body-row elementor-repeater-item-fe9cbae\"><\/tr><tr class=\"jet-table__body-row elementor-repeater-item-9bd9ef8\"><\/tr><tr class=\"jet-table__body-row elementor-repeater-item-4c4eb69\"><td class=\"jet-table__cell elementor-repeater-item-27fc85f jet-table__body-cell\"><div class=\"jet-table__cell-inner\"><div class=\"jet-table__cell-content\"><div class=\"jet-table__cell-text\">78072723122<\/div><\/div><\/div><\/td><td class=\"jet-table__cell elementor-repeater-item-9d9a94d jet-table__body-cell\"><div class=\"jet-table__cell-inner\"><div class=\"jet-table__cell-content\"><div class=\"jet-table__cell-text\">grinding wheel metal\/stainless steel  125\u00d722.23 P40<\/div><\/div><\/div><\/td><td class=\"jet-table__cell elementor-repeater-item-4301895 jet-table__body-cell\"><div class=\"jet-table__cell-inner\"><div class=\"jet-table__cell-content\"><div class=\"jet-table__cell-text\">125&#215;22.23<\/div><\/div><\/div><\/td><td class=\"jet-table__cell elementor-repeater-item-bd19a72 jet-table__body-cell\"><div class=\"jet-table__cell-inner\"><div class=\"jet-table__cell-content\"><div class=\"jet-table__cell-text\">12 250<\/div><\/div><\/div><\/td><td class=\"jet-table__cell elementor-repeater-item-46c3cbc jet-table__body-cell\"><div class=\"jet-table__cell-inner\"><div class=\"jet-table__cell-content\"><div class=\"jet-table__cell-text\">80<\/div><\/div><\/div><\/td><td class=\"jet-table__cell elementor-repeater-item-645c7fe jet-table__body-cell\"><div class=\"jet-table__cell-inner\"><div class=\"jet-table__cell-content\"><div class=\"jet-table__cell-text\">10<\/div><\/div><\/div><\/td><\/tr><tr class=\"jet-table__body-row elementor-repeater-item-0ed2515\"><td class=\"jet-table__cell elementor-repeater-item-81c212c jet-table__body-cell\"><div class=\"jet-table__cell-inner\"><div class=\"jet-table__cell-content\"><div class=\"jet-table__cell-text\">78072723123<\/div><\/div><\/div><\/td><td class=\"jet-table__cell elementor-repeater-item-c1ded68 jet-table__body-cell\"><div class=\"jet-table__cell-inner\"><div class=\"jet-table__cell-content\"><div class=\"jet-table__cell-text\">grinding wheel metal\/stainless steel 125\u00d722.23 P60<\/div><\/div><\/div><\/td><td class=\"jet-table__cell elementor-repeater-item-579fdff jet-table__body-cell\"><div class=\"jet-table__cell-inner\"><div class=\"jet-table__cell-content\"><div class=\"jet-table__cell-text\">125&#215;22.23<\/div><\/div><\/div><\/td><td class=\"jet-table__cell elementor-repeater-item-6305f1c jet-table__body-cell\"><div class=\"jet-table__cell-inner\"><div class=\"jet-table__cell-content\"><div class=\"jet-table__cell-text\">12 250<\/div><\/div><\/div><\/td><td class=\"jet-table__cell elementor-repeater-item-0b0cc89 jet-table__body-cell\"><div class=\"jet-table__cell-inner\"><div class=\"jet-table__cell-content\"><div class=\"jet-table__cell-text\">80<\/div><\/div><\/div><\/td><td class=\"jet-table__cell elementor-repeater-item-c9766c9 jet-table__body-cell\"><div class=\"jet-table__cell-inner\"><div class=\"jet-table__cell-content\"><div class=\"jet-table__cell-text\">10<\/div><\/div><\/div><\/td><\/tr><tr class=\"jet-table__body-row elementor-repeater-item-ca0849e\"><td class=\"jet-table__cell elementor-repeater-item-b77aa5c jet-table__body-cell\"><div class=\"jet-table__cell-inner\"><div class=\"jet-table__cell-content\"><div class=\"jet-table__cell-text\">78072749625<\/div><\/div><\/div><\/td><td class=\"jet-table__cell elementor-repeater-item-00915ba jet-table__body-cell\"><div class=\"jet-table__cell-inner\"><div class=\"jet-table__cell-content\"><div class=\"jet-table__cell-text\">grinding wheel metal\/stainless steel 125\u00d722.23 P80<\/div><\/div><\/div><\/td><td class=\"jet-table__cell elementor-repeater-item-62dc88e jet-table__body-cell\"><div class=\"jet-table__cell-inner\"><div class=\"jet-table__cell-content\"><div class=\"jet-table__cell-text\">125&#215;22.23<\/div><\/div><\/div><\/td><td class=\"jet-table__cell elementor-repeater-item-0a9e17e jet-table__body-cell\"><div class=\"jet-table__cell-inner\"><div class=\"jet-table__cell-content\"><div class=\"jet-table__cell-text\">12 250<\/div><\/div><\/div><\/td><td class=\"jet-table__cell elementor-repeater-item-934f0e0 jet-table__body-cell\"><div class=\"jet-table__cell-inner\"><div class=\"jet-table__cell-content\"><div class=\"jet-table__cell-text\">80<\/div><\/div><\/div><\/td><td class=\"jet-table__cell elementor-repeater-item-82631ec jet-table__body-cell\"><div class=\"jet-table__cell-inner\"><div class=\"jet-table__cell-content\"><div class=\"jet-table__cell-text\">10<\/div><\/div><\/div><\/td><\/tr><tr class=\"jet-table__body-row elementor-repeater-item-0edc967\"><td class=\"jet-table__cell elementor-repeater-item-c090c9e jet-table__body-cell\"><div class=\"jet-table__cell-inner\"><div class=\"jet-table__cell-content\"><div class=\"jet-table__cell-text\">78072749630<\/div><\/div><\/div><\/td><td class=\"jet-table__cell elementor-repeater-item-f9e036a jet-table__body-cell\"><div class=\"jet-table__cell-inner\"><div class=\"jet-table__cell-content\"><div class=\"jet-table__cell-text\">grinding wheel metal\/stainless steel  125\u00d722.23 P120<\/div><\/div><\/div><\/td><td class=\"jet-table__cell elementor-repeater-item-34ae3f1 jet-table__body-cell\"><div class=\"jet-table__cell-inner\"><div class=\"jet-table__cell-content\"><div class=\"jet-table__cell-text\">125&#215;22.23<\/div><\/div><\/div><\/td><td class=\"jet-table__cell elementor-repeater-item-9f2d6c7 jet-table__body-cell\"><div class=\"jet-table__cell-inner\"><div class=\"jet-table__cell-content\"><div class=\"jet-table__cell-text\">12 250<\/div><\/div><\/div><\/td><td class=\"jet-table__cell elementor-repeater-item-217aae5 jet-table__body-cell\"><div class=\"jet-table__cell-inner\"><div class=\"jet-table__cell-content\"><div class=\"jet-table__cell-text\">80<\/div><\/div><\/div><\/td><td class=\"jet-table__cell elementor-repeater-item-b96ca5f jet-table__body-cell\"><div class=\"jet-table__cell-inner\"><div class=\"jet-table__cell-content\"><div class=\"jet-table__cell-text\">10<\/div><\/div><\/div><\/td><\/tr><tr class=\"jet-table__body-row elementor-repeater-item-5273039\"><td class=\"jet-table__cell elementor-repeater-item-31342a0 jet-table__body-cell\"><div class=\"jet-table__cell-inner\"><div class=\"jet-table__cell-content\"><div class=\"jet-table__cell-text\">77696097952\n<\/div><\/div><\/div><\/td><td class=\"jet-table__cell elementor-repeater-item-b625b63 jet-table__body-cell\"><div class=\"jet-table__cell-inner\"><div class=\"jet-table__cell-content\"><div class=\"jet-table__cell-text\">tear-off fabric 125\u00d722\n<\/div><\/div><\/div><\/td><td class=\"jet-table__cell elementor-repeater-item-8c61893 jet-table__body-cell\"><div class=\"jet-table__cell-inner\"><div class=\"jet-table__cell-content\"><div class=\"jet-table__cell-text\">125&#215;22\n<\/div><\/div><\/div><\/td><td class=\"jet-table__cell elementor-repeater-item-bebe65e jet-table__body-cell\"><div class=\"jet-table__cell-inner\"><div class=\"jet-table__cell-content\"><div class=\"jet-table__cell-text\">12 000<\/div><\/div><\/div><\/td><td class=\"jet-table__cell elementor-repeater-item-fb477b6 jet-table__body-cell\"><div class=\"jet-table__cell-inner\"><div class=\"jet-table__cell-content\"><\/div><\/div><\/td><td class=\"jet-table__cell elementor-repeater-item-35914c3 jet-table__body-cell\"><div class=\"jet-table__cell-inner\"><div class=\"jet-table__cell-content\"><div class=\"jet-table__cell-text\">5<\/div><\/div><\/div><\/td><\/tr><\/tbody>\n\t\t\t<\/table>\n\t\t<\/div>\n\n\t\t<\/div>\t\t\t\t<\/div>\n\t\t\t\t<\/div>\n\t\t\t\t\t<\/div>\n\t\t<\/div>\n\t\t\t\t\t<\/div>\n\t\t<\/section>\n\t\t\t\t<\/div>","protected":false},"excerpt":{"rendered":"<p>Tarcze \u015bcierne &#8211; Seria PREMIUM Certyfikat OSA KOD PRODUKTU NAZWA wymiary (mm) max obr.\/min. dopuszczalna pr\u0119dko\u015b\u0107 robocza (Vc) m\/s opakowanie (sztuki) 66252846470 \u015bciernica metal\/inox 125&#215;1.0&#215;22.23 T41 125x1x22.23 12 250 80 25 66252847052 \u015bciernica metal\/inox 125&#215;6,4&#215;22.23 T27 125&#215;6,4&#215;22.23 12 250 80 10 66252849636 \u015bciernica metal\/inox 230&#215;1.9&#215;22.2 T41 230&#215;1,9&#215;22,23 6 650 80 25 78072723122 \u015bciernica listkowa metal\/inox [&hellip;]<\/p>","protected":false},"author":1,"featured_media":7455,"parent":7448,"menu_order":0,"comment_status":"closed","ping_status":"closed","template":"elementor_header_footer","meta":{"footnotes":""},"class_list":["post-3017","page","type-page","status-publish","has-post-thumbnail","hentry","entry","has-media"],"aioseo_notices":[],"_links":{"self":[{"href":"https:\/\/g25.com.pl\/en\/wp-json\/wp\/v2\/pages\/3017","targetHints":{"allow":["GET"]}}],"collection":[{"href":"https:\/\/g25.com.pl\/en\/wp-json\/wp\/v2\/pages"}],"about":[{"href":"https:\/\/g25.com.pl\/en\/wp-json\/wp\/v2\/types\/page"}],"author":[{"embeddable":true,"href":"https:\/\/g25.com.pl\/en\/wp-json\/wp\/v2\/users\/1"}],"replies":[{"embeddable":true,"href":"https:\/\/g25.com.pl\/en\/wp-json\/wp\/v2\/comments?post=3017"}],"version-history":[{"count":0,"href":"https:\/\/g25.com.pl\/en\/wp-json\/wp\/v2\/pages\/3017\/revisions"}],"up":[{"embeddable":true,"href":"https:\/\/g25.com.pl\/en\/wp-json\/wp\/v2\/pages\/7448"}],"wp:featuredmedia":[{"embeddable":true,"href":"https:\/\/g25.com.pl\/en\/wp-json\/wp\/v2\/media\/7455"}],"wp:attachment":[{"href":"https:\/\/g25.com.pl\/en\/wp-json\/wp\/v2\/media?parent=3017"}],"curies":[{"name":"wp","href":"https:\/\/api.w.org\/{rel}","templated":true}]}}