{"id":2750,"date":"2019-03-05T13:45:19","date_gmt":"2019-03-05T12:45:19","guid":{"rendered":"https:\/\/g25.com.pl\/?page_id=2750"},"modified":"2024-12-19T12:22:03","modified_gmt":"2024-12-19T11:22:03","slug":"poglebiacze-stozkowe","status":"publish","type":"page","link":"https:\/\/g25.com.pl\/en\/produkty\/poglebiacze-stozkowe\/","title":{"rendered":"Countersinks"},"content":{"rendered":"<div data-elementor-type=\"wp-post\" data-elementor-id=\"2750\" class=\"elementor elementor-2750\" data-elementor-post-type=\"page\">\n\t\t\t\t\t\t<section data-particle_enable=\"false\" data-particle-mobile-disabled=\"false\" class=\"elementor-section elementor-top-section elementor-element elementor-element-4f3254e elementor-section-full_width elementor-section-height-min-height elementor-section-height-default elementor-section-items-middle\" data-id=\"4f3254e\" data-element_type=\"section\" data-settings=\"{&quot;background_background&quot;:&quot;classic&quot;}\">\n\t\t\t\t\t\t\t<div class=\"elementor-background-overlay\"><\/div>\n\t\t\t\t\t\t\t<div class=\"elementor-container elementor-column-gap-default\">\n\t\t\t\t\t<div class=\"elementor-column elementor-col-100 elementor-top-column elementor-element elementor-element-dd286f7 elementor-invisible\" data-id=\"dd286f7\" data-element_type=\"column\" data-settings=\"{&quot;animation&quot;:&quot;fadeInUp&quot;}\">\n\t\t\t<div class=\"elementor-widget-wrap elementor-element-populated\">\n\t\t\t\t\t\t<section data-particle_enable=\"false\" data-particle-mobile-disabled=\"false\" class=\"elementor-section elementor-inner-section elementor-element elementor-element-4d9461b elementor-section-boxed elementor-section-height-default elementor-section-height-default\" data-id=\"4d9461b\" data-element_type=\"section\">\n\t\t\t\t\t\t<div class=\"elementor-container elementor-column-gap-default\">\n\t\t\t\t\t<div class=\"elementor-column elementor-col-100 elementor-inner-column elementor-element elementor-element-7efc53d\" data-id=\"7efc53d\" data-element_type=\"column\">\n\t\t\t<div class=\"elementor-widget-wrap elementor-element-populated\">\n\t\t\t\t\t\t<div class=\"elementor-element elementor-element-cc6b55f elementor-widget elementor-widget-heading\" data-id=\"cc6b55f\" data-element_type=\"widget\" data-widget_type=\"heading.default\">\n\t\t\t\t<div class=\"elementor-widget-container\">\n\t\t\t\t\t<h1 class=\"elementor-heading-title elementor-size-default\">Countersinks<\/h1>\t\t\t\t<\/div>\n\t\t\t\t<\/div>\n\t\t\t\t\t<\/div>\n\t\t<\/div>\n\t\t\t\t\t<\/div>\n\t\t<\/section>\n\t\t\t\t\t<\/div>\n\t\t<\/div>\n\t\t\t\t\t<\/div>\n\t\t<\/section>\n\t\t\t\t<section data-particle_enable=\"false\" data-particle-mobile-disabled=\"false\" class=\"elementor-section elementor-top-section elementor-element elementor-element-9e43af1 elementor-section-boxed elementor-section-height-default elementor-section-height-default\" data-id=\"9e43af1\" data-element_type=\"section\">\n\t\t\t\t\t\t<div class=\"elementor-container elementor-column-gap-default\">\n\t\t\t\t\t<div class=\"elementor-column elementor-col-100 elementor-top-column elementor-element elementor-element-5a9de5e\" data-id=\"5a9de5e\" data-element_type=\"column\">\n\t\t\t<div class=\"elementor-widget-wrap elementor-element-populated\">\n\t\t\t\t\t\t<div class=\"elementor-element elementor-element-6bcad40 elementor-widget elementor-widget-shortcode\" data-id=\"6bcad40\" data-element_type=\"widget\" data-widget_type=\"shortcode.default\">\n\t\t\t\t<div class=\"elementor-widget-container\">\n\t\t\t\t\t\t\t<div class=\"elementor-shortcode\"><div id=\"ccchildpages-1\" class=\"ccchildpages fourcol product ccclearfix\"><div class=\"ccchildpage  ccfirst ccodd ccpage-count-1 ccpage-id-454 ccpage-poglebiacze-stozkowe ccpage-has-parent ccpage-pid-2750 ccpage-parent-poglebiacze-stozkowe\"><h3 class=\"ccpage_linked_title\"><a class=\"ccpage_title_link\" href=\"https:\/\/g25.com.pl\/en\/produkty\/poglebiacze-stozkowe\/poglebiacze-stozkowe\/\" title=\"HSSE countersinks\">HSSE countersinks<\/a><\/h3><a class=\"ccpage_linked_thumb\" href=\"https:\/\/g25.com.pl\/en\/produkty\/poglebiacze-stozkowe\/poglebiacze-stozkowe\/\" title=\"HSSE countersinks\"><img fetchpriority=\"high\" decoding=\"async\" width=\"300\" height=\"300\" src=\"https:\/\/g25.com.pl\/wp-content\/uploads\/2019\/08\/3-1.png\" class=\"cc-child-pages-thumb wp-post-image\" alt=\"Pog\u0142\u0119biacze sto\u017ckowe HSSE\" title=\"HSSE countersinks\" \/><\/a><\/div><div class=\"ccchildpage  cceven ccpage-count-2 ccpage-id-2754 ccpage-poglebiacze-stozkowe-niepokrywane ccpage-has-parent ccpage-pid-2750 ccpage-parent-poglebiacze-stozkowe\"><h3 class=\"ccpage_linked_title\"><a class=\"ccpage_title_link\" href=\"https:\/\/g25.com.pl\/en\/produkty\/poglebiacze-stozkowe\/poglebiacze-stozkowe-niepokrywane\/\" title=\"HSS countersinks\">HSS countersinks<\/a><\/h3><a class=\"ccpage_linked_thumb\" href=\"https:\/\/g25.com.pl\/en\/produkty\/poglebiacze-stozkowe\/poglebiacze-stozkowe-niepokrywane\/\" title=\"HSS countersinks\"><img decoding=\"async\" width=\"300\" height=\"300\" src=\"https:\/\/g25.com.pl\/wp-content\/uploads\/2019\/08\/3-1.png\" class=\"cc-child-pages-thumb wp-post-image\" alt=\"Pog\u0142\u0119biacze sto\u017ckowe HSS\" title=\"HSS countersinks\" \/><\/a><\/div><\/div><\/div>\n\t\t\t\t\t\t<\/div>\n\t\t\t\t<\/div>\n\t\t\t\t\t<\/div>\n\t\t<\/div>\n\t\t\t\t\t<\/div>\n\t\t<\/section>\n\t\t\t\t<\/div>","protected":false},"excerpt":{"rendered":"<p>Countersinks<\/p>","protected":false},"author":1,"featured_media":6713,"parent":24,"menu_order":0,"comment_status":"closed","ping_status":"closed","template":"elementor_header_footer","meta":{"footnotes":""},"class_list":["post-2750","page","type-page","status-publish","has-post-thumbnail","hentry","entry","has-media"],"aioseo_notices":[],"_links":{"self":[{"href":"https:\/\/g25.com.pl\/en\/wp-json\/wp\/v2\/pages\/2750","targetHints":{"allow":["GET"]}}],"collection":[{"href":"https:\/\/g25.com.pl\/en\/wp-json\/wp\/v2\/pages"}],"about":[{"href":"https:\/\/g25.com.pl\/en\/wp-json\/wp\/v2\/types\/page"}],"author":[{"embeddable":true,"href":"https:\/\/g25.com.pl\/en\/wp-json\/wp\/v2\/users\/1"}],"replies":[{"embeddable":true,"href":"https:\/\/g25.com.pl\/en\/wp-json\/wp\/v2\/comments?post=2750"}],"version-history":[{"count":1,"href":"https:\/\/g25.com.pl\/en\/wp-json\/wp\/v2\/pages\/2750\/revisions"}],"predecessor-version":[{"id":10477,"href":"https:\/\/g25.com.pl\/en\/wp-json\/wp\/v2\/pages\/2750\/revisions\/10477"}],"up":[{"embeddable":true,"href":"https:\/\/g25.com.pl\/en\/wp-json\/wp\/v2\/pages\/24"}],"wp:featuredmedia":[{"embeddable":true,"href":"https:\/\/g25.com.pl\/en\/wp-json\/wp\/v2\/media\/6713"}],"wp:attachment":[{"href":"https:\/\/g25.com.pl\/en\/wp-json\/wp\/v2\/media?parent=2750"}],"curies":[{"name":"wp","href":"https:\/\/api.w.org\/{rel}","templated":true}]}}