{"id":24,"date":"2019-08-13T11:41:04","date_gmt":"2019-08-13T09:41:04","guid":{"rendered":"https:\/\/g25.com.pl\/?page_id=24"},"modified":"2024-12-12T11:40:15","modified_gmt":"2024-12-12T10:40:15","slug":"produkty","status":"publish","type":"page","link":"https:\/\/g25.com.pl\/en\/produkty\/","title":{"rendered":"Products"},"content":{"rendered":"<div data-elementor-type=\"wp-post\" data-elementor-id=\"24\" class=\"elementor elementor-24\" data-elementor-post-type=\"page\">\n\t\t\t\t\t\t<section data-particle_enable=\"false\" data-particle-mobile-disabled=\"false\" class=\"elementor-section elementor-top-section elementor-element elementor-element-5d099dc elementor-section-boxed elementor-section-height-default elementor-section-height-default\" data-id=\"5d099dc\" data-element_type=\"section\">\n\t\t\t\t\t\t<div class=\"elementor-container elementor-column-gap-default\">\n\t\t\t\t\t<div class=\"elementor-column elementor-col-100 elementor-top-column elementor-element elementor-element-14e57c3\" data-id=\"14e57c3\" data-element_type=\"column\">\n\t\t\t<div class=\"elementor-widget-wrap elementor-element-populated\">\n\t\t\t\t\t\t<div class=\"elementor-element elementor-element-1e44033 elementor-widget__width-initial elementor-widget elementor-widget-heading\" data-id=\"1e44033\" data-element_type=\"widget\" data-widget_type=\"heading.default\">\n\t\t\t\t<div class=\"elementor-widget-container\">\n\t\t\t\t\t<h2 class=\"elementor-heading-title elementor-size-default\">Our products<\/h2>\t\t\t\t<\/div>\n\t\t\t\t<\/div>\n\t\t\t\t\t<\/div>\n\t\t<\/div>\n\t\t\t\t\t<\/div>\n\t\t<\/section>\n\t\t\t\t<section data-particle_enable=\"false\" data-particle-mobile-disabled=\"false\" class=\"elementor-section elementor-top-section elementor-element elementor-element-e3a3942 elementor-section-boxed elementor-section-height-default elementor-section-height-default\" data-id=\"e3a3942\" data-element_type=\"section\">\n\t\t\t\t\t\t<div class=\"elementor-container elementor-column-gap-default\">\n\t\t\t\t\t<div class=\"elementor-column elementor-col-100 elementor-top-column elementor-element elementor-element-1b118c7\" data-id=\"1b118c7\" data-element_type=\"column\">\n\t\t\t<div class=\"elementor-widget-wrap elementor-element-populated\">\n\t\t\t\t\t\t<div class=\"elementor-element elementor-element-b51a997 elementor-widget elementor-widget-shortcode\" data-id=\"b51a997\" data-element_type=\"widget\" data-widget_type=\"shortcode.default\">\n\t\t\t\t<div class=\"elementor-widget-container\">\n\t\t\t\t\t\t\t<div class=\"elementor-shortcode\"><div id=\"ccchildpages-1\" class=\"ccchildpages onecol product ccclearfix\"><div class=\"ccchildpage  ccodd ccpage-count-1 ccpage-id-613 ccpage-wiertla ccpage-has-parent ccpage-pid-24 ccpage-parent-produkty\"><h3 class=\"ccpage_linked_title\"><a class=\"ccpage_title_link\" href=\"https:\/\/g25.com.pl\/en\/produkty\/wiertla\/\" title=\"Drills\">Drills<\/a><\/h3><a class=\"ccpage_linked_thumb\" href=\"https:\/\/g25.com.pl\/en\/produkty\/wiertla\/\" title=\"Drills\"><img fetchpriority=\"high\" decoding=\"async\" width=\"300\" height=\"300\" src=\"https:\/\/g25.com.pl\/wp-content\/uploads\/2023\/03\/wiertla.png\" class=\"cc-child-pages-thumb wp-post-image\" alt=\"Wiert\u0142a\" title=\"Drills\" srcset=\"https:\/\/g25.com.pl\/wp-content\/uploads\/2023\/03\/wiertla.png 300w, https:\/\/g25.com.pl\/wp-content\/uploads\/2023\/03\/wiertla-12x12.png 12w\" sizes=\"(max-width: 300px) 100vw, 300px\" \/><\/a><\/div><div class=\"ccchildpage  cceven ccpage-count-2 ccpage-id-392 ccpage-nawiertaki ccpage-has-parent ccpage-pid-24 ccpage-parent-produkty\"><h3 class=\"ccpage_linked_title\"><a class=\"ccpage_title_link\" href=\"https:\/\/g25.com.pl\/en\/produkty\/nawiertaki\/\" title=\"Countersinks\">Countersinks<\/a><\/h3><a class=\"ccpage_linked_thumb\" href=\"https:\/\/g25.com.pl\/en\/produkty\/nawiertaki\/\" title=\"Countersinks\"><img decoding=\"async\" width=\"300\" height=\"300\" src=\"https:\/\/g25.com.pl\/wp-content\/uploads\/2023\/03\/nawiertaki.png\" class=\"cc-child-pages-thumb wp-post-image\" alt=\"Nawiertaki\" title=\"Countersinks\" srcset=\"https:\/\/g25.com.pl\/wp-content\/uploads\/2023\/03\/nawiertaki.png 300w, https:\/\/g25.com.pl\/wp-content\/uploads\/2023\/03\/nawiertaki-12x12.png 12w\" sizes=\"(max-width: 300px) 100vw, 300px\" \/><\/a><\/div><div class=\"ccchildpage  ccodd ccpage-count-3 ccpage-id-2750 ccpage-poglebiacze-stozkowe ccpage-has-parent ccpage-pid-24 ccpage-parent-produkty\"><h3 class=\"ccpage_linked_title\"><a class=\"ccpage_title_link\" href=\"https:\/\/g25.com.pl\/en\/produkty\/poglebiacze-stozkowe\/\" title=\"Countersinks\">Countersinks<\/a><\/h3><a class=\"ccpage_linked_thumb\" href=\"https:\/\/g25.com.pl\/en\/produkty\/poglebiacze-stozkowe\/\" title=\"Countersinks\"><img decoding=\"async\" width=\"300\" height=\"300\" src=\"https:\/\/g25.com.pl\/wp-content\/uploads\/2023\/03\/poglebiacze.png\" class=\"cc-child-pages-thumb wp-post-image\" alt=\"Pog\u0142\u0119biacze sto\u017ckowe\" title=\"Countersinks\" srcset=\"https:\/\/g25.com.pl\/wp-content\/uploads\/2023\/03\/poglebiacze.png 300w, https:\/\/g25.com.pl\/wp-content\/uploads\/2023\/03\/poglebiacze-12x12.png 12w\" sizes=\"(max-width: 300px) 100vw, 300px\" \/><\/a><\/div><div class=\"ccchildpage  cceven ccpage-count-4 ccpage-id-2041 ccpage-rozwiertaki ccpage-has-parent ccpage-pid-24 ccpage-parent-produkty\"><h3 class=\"ccpage_linked_title\"><a class=\"ccpage_title_link\" href=\"https:\/\/g25.com.pl\/en\/produkty\/rozwiertaki\/\" title=\"Reamers\">Reamers<\/a><\/h3><a class=\"ccpage_linked_thumb\" href=\"https:\/\/g25.com.pl\/en\/produkty\/rozwiertaki\/\" title=\"Reamers\"><img loading=\"lazy\" decoding=\"async\" width=\"300\" height=\"300\" src=\"https:\/\/g25.com.pl\/wp-content\/uploads\/2023\/03\/rozwiertaki.png\" class=\"cc-child-pages-thumb wp-post-image\" alt=\"Rozwiertaki\" title=\"Reamers\" srcset=\"https:\/\/g25.com.pl\/wp-content\/uploads\/2023\/03\/rozwiertaki.png 300w, https:\/\/g25.com.pl\/wp-content\/uploads\/2023\/03\/rozwiertaki-12x12.png 12w\" sizes=\"(max-width: 300px) 100vw, 300px\" \/><\/a><\/div><div class=\"ccchildpage  ccodd ccpage-count-5 ccpage-id-1649 ccpage-frezy-vhm ccpage-has-parent ccpage-pid-24 ccpage-parent-produkty\"><h3 class=\"ccpage_linked_title\"><a class=\"ccpage_title_link\" href=\"https:\/\/g25.com.pl\/en\/produkty\/frezy-vhm\/\" title=\"Cutters\">Cutters<\/a><\/h3><a class=\"ccpage_linked_thumb\" href=\"https:\/\/g25.com.pl\/en\/produkty\/frezy-vhm\/\" title=\"Cutters\"><img loading=\"lazy\" decoding=\"async\" width=\"300\" height=\"300\" src=\"https:\/\/g25.com.pl\/wp-content\/uploads\/2023\/03\/frezy.png\" class=\"cc-child-pages-thumb wp-post-image\" alt=\"Frezy\" title=\"Cutters\" srcset=\"https:\/\/g25.com.pl\/wp-content\/uploads\/2023\/03\/frezy.png 300w, https:\/\/g25.com.pl\/wp-content\/uploads\/2023\/03\/frezy-12x12.png 12w\" sizes=\"(max-width: 300px) 100vw, 300px\" \/><\/a><\/div><div class=\"ccchildpage  cceven ccpage-count-6 ccpage-id-398 ccpage-pilniki-obrotowe ccpage-has-parent ccpage-pid-24 ccpage-parent-produkty\"><h3 class=\"ccpage_linked_title\"><a class=\"ccpage_title_link\" href=\"https:\/\/g25.com.pl\/en\/produkty\/pilniki-obrotowe\/\" title=\"Rotary files\">Rotary files<\/a><\/h3><a class=\"ccpage_linked_thumb\" href=\"https:\/\/g25.com.pl\/en\/produkty\/pilniki-obrotowe\/\" title=\"Rotary files\"><img loading=\"lazy\" decoding=\"async\" width=\"300\" height=\"300\" src=\"https:\/\/g25.com.pl\/wp-content\/uploads\/2023\/03\/pilniki-obrotowe.png\" class=\"cc-child-pages-thumb wp-post-image\" alt=\"Pilniki obrotowe\u200b\" title=\"Rotary files\" srcset=\"https:\/\/g25.com.pl\/wp-content\/uploads\/2023\/03\/pilniki-obrotowe.png 300w, https:\/\/g25.com.pl\/wp-content\/uploads\/2023\/03\/pilniki-obrotowe-12x12.png 12w\" sizes=\"(max-width: 300px) 100vw, 300px\" \/><\/a><\/div><div class=\"ccchildpage  ccodd ccpage-count-7 ccpage-id-8732 ccpage-fazowniki ccpage-has-parent ccpage-pid-24 ccpage-parent-produkty\"><h3 class=\"ccpage_linked_title\"><a class=\"ccpage_title_link\" href=\"https:\/\/g25.com.pl\/en\/produkty\/fazowniki\/\" title=\"Chamfers\">Chamfers<\/a><\/h3><a class=\"ccpage_linked_thumb\" href=\"https:\/\/g25.com.pl\/en\/produkty\/fazowniki\/\" title=\"Chamfers\"><img loading=\"lazy\" decoding=\"async\" width=\"300\" height=\"300\" src=\"https:\/\/g25.com.pl\/wp-content\/uploads\/2024\/12\/fazowniki-2.png\" class=\"cc-child-pages-thumb wp-post-image\" alt=\"Fazowniki\" title=\"Chamfers\" srcset=\"https:\/\/g25.com.pl\/wp-content\/uploads\/2024\/12\/fazowniki-2.png 300w, https:\/\/g25.com.pl\/wp-content\/uploads\/2024\/12\/fazowniki-2-12x12.png 12w\" sizes=\"(max-width: 300px) 100vw, 300px\" \/><\/a><\/div><div class=\"ccchildpage  cceven ccpage-count-8 ccpage-id-395 ccpage-gwintowniki-maszynowe ccpage-has-parent ccpage-pid-24 ccpage-parent-produkty\"><h3 class=\"ccpage_linked_title\"><a class=\"ccpage_title_link\" href=\"https:\/\/g25.com.pl\/en\/produkty\/gwintowniki-maszynowe\/\" title=\"Machine taps\">Machine taps<\/a><\/h3><a class=\"ccpage_linked_thumb\" href=\"https:\/\/g25.com.pl\/en\/produkty\/gwintowniki-maszynowe\/\" title=\"Machine taps\"><img loading=\"lazy\" decoding=\"async\" width=\"300\" height=\"300\" src=\"https:\/\/g25.com.pl\/wp-content\/uploads\/2023\/03\/gwinty-maszynowe.png\" class=\"cc-child-pages-thumb wp-post-image\" alt=\"Gwintowniki maszynowe\" title=\"Machine taps\" srcset=\"https:\/\/g25.com.pl\/wp-content\/uploads\/2023\/03\/gwinty-maszynowe.png 300w, https:\/\/g25.com.pl\/wp-content\/uploads\/2023\/03\/gwinty-maszynowe-12x12.png 12w\" sizes=\"(max-width: 300px) 100vw, 300px\" \/><\/a><\/div><div class=\"ccchildpage  ccodd ccpage-count-9 ccpage-id-6015 ccpage-gwintowniki-reczne-2 ccpage-has-parent ccpage-pid-24 ccpage-parent-produkty\"><h3 class=\"ccpage_linked_title\"><a class=\"ccpage_title_link\" href=\"https:\/\/g25.com.pl\/en\/produkty\/gwintowniki-reczne-2\/\" title=\"Hand taps\">Hand taps<\/a><\/h3><a class=\"ccpage_linked_thumb\" href=\"https:\/\/g25.com.pl\/en\/produkty\/gwintowniki-reczne-2\/\" title=\"Hand taps\"><img loading=\"lazy\" decoding=\"async\" width=\"300\" height=\"300\" src=\"https:\/\/g25.com.pl\/wp-content\/uploads\/2023\/03\/gwinty-reczne.png\" class=\"cc-child-pages-thumb wp-post-image\" alt=\"Gwintowniki r\u0119czne\" title=\"Hand taps\" srcset=\"https:\/\/g25.com.pl\/wp-content\/uploads\/2023\/03\/gwinty-reczne.png 300w, https:\/\/g25.com.pl\/wp-content\/uploads\/2023\/03\/gwinty-reczne-12x12.png 12w\" sizes=\"(max-width: 300px) 100vw, 300px\" \/><\/a><\/div><div class=\"ccchildpage  cceven ccpage-count-10 ccpage-id-3365 ccpage-narzynki ccpage-has-parent ccpage-pid-24 ccpage-parent-produkty\"><h3 class=\"ccpage_linked_title\"><a class=\"ccpage_title_link\" href=\"https:\/\/g25.com.pl\/en\/produkty\/narzynki\/\" title=\"Die-cutters\">Die-cutters<\/a><\/h3><a class=\"ccpage_linked_thumb\" href=\"https:\/\/g25.com.pl\/en\/produkty\/narzynki\/\" title=\"Die-cutters\"><img loading=\"lazy\" decoding=\"async\" width=\"300\" height=\"300\" src=\"https:\/\/g25.com.pl\/wp-content\/uploads\/2023\/03\/narzynki.png\" class=\"cc-child-pages-thumb wp-post-image\" alt=\"Narzynki\" title=\"Die-cutters\" srcset=\"https:\/\/g25.com.pl\/wp-content\/uploads\/2023\/03\/narzynki.png 300w, https:\/\/g25.com.pl\/wp-content\/uploads\/2023\/03\/narzynki-12x12.png 12w\" sizes=\"(max-width: 300px) 100vw, 300px\" \/><\/a><\/div><div class=\"ccchildpage  ccodd ccpage-count-11 ccpage-id-8745 ccpage-oprawki-hydrauliczne ccpage-has-parent ccpage-pid-24 ccpage-parent-produkty\"><h3 class=\"ccpage_linked_title\"><a class=\"ccpage_title_link\" href=\"https:\/\/g25.com.pl\/en\/produkty\/oprawki-hydrauliczne\/\" title=\"Hydraulic sockets\">Hydraulic sockets<\/a><\/h3><a class=\"ccpage_linked_thumb\" href=\"https:\/\/g25.com.pl\/en\/produkty\/oprawki-hydrauliczne\/\" title=\"Hydraulic sockets\"><img loading=\"lazy\" decoding=\"async\" width=\"300\" height=\"300\" src=\"https:\/\/g25.com.pl\/wp-content\/uploads\/2024\/02\/oprawki-hydrauliczne.jpg\" class=\"cc-child-pages-thumb wp-post-image\" alt=\"Oprawki hydrauliczne\" title=\"Hydraulic sockets\" srcset=\"https:\/\/g25.com.pl\/wp-content\/uploads\/2024\/02\/oprawki-hydrauliczne.jpg 300w, https:\/\/g25.com.pl\/wp-content\/uploads\/2024\/02\/oprawki-hydrauliczne-12x12.jpg 12w\" sizes=\"(max-width: 300px) 100vw, 300px\" \/><\/a><\/div><div class=\"ccchildpage  cceven ccpage-count-12 ccpage-id-6120 ccpage-sprawdziany-gwintowe-trzpieniowe-i-pierscieniowe ccpage-has-parent ccpage-pid-24 ccpage-parent-produkty\"><h3 class=\"ccpage_linked_title\"><a class=\"ccpage_title_link\" href=\"https:\/\/g25.com.pl\/en\/produkty\/sprawdziany-gwintowe-trzpieniowe-i-pierscieniowe\/\" title=\"Threaded pin and ring gauges\">Threaded pin and ring gauges<\/a><\/h3><a class=\"ccpage_linked_thumb\" href=\"https:\/\/g25.com.pl\/en\/produkty\/sprawdziany-gwintowe-trzpieniowe-i-pierscieniowe\/\" title=\"Threaded pin and ring gauges\"><img loading=\"lazy\" decoding=\"async\" width=\"300\" height=\"300\" src=\"https:\/\/g25.com.pl\/wp-content\/uploads\/2023\/03\/sprawdziany.png\" class=\"cc-child-pages-thumb wp-post-image\" alt=\"Sprawdziany gwintowe trzpieniowe i pier\u015bcieniowe\" title=\"Threaded pin and ring gauges\" srcset=\"https:\/\/g25.com.pl\/wp-content\/uploads\/2023\/03\/sprawdziany.png 300w, https:\/\/g25.com.pl\/wp-content\/uploads\/2023\/03\/sprawdziany-12x12.png 12w\" sizes=\"(max-width: 300px) 100vw, 300px\" \/><\/a><\/div><div class=\"ccchildpage  ccodd ccpage-count-13 ccpage-id-4415 ccpage-glowice-frezarskie ccpage-has-parent ccpage-pid-24 ccpage-parent-produkty\"><h3 class=\"ccpage_linked_title\"><a class=\"ccpage_title_link\" href=\"https:\/\/g25.com.pl\/en\/produkty\/glowice-frezarskie\/\" title=\"Milling heads and inserts\">Milling heads and inserts<\/a><\/h3><a class=\"ccpage_linked_thumb\" href=\"https:\/\/g25.com.pl\/en\/produkty\/glowice-frezarskie\/\" title=\"Milling heads and inserts\"><img loading=\"lazy\" decoding=\"async\" width=\"300\" height=\"300\" src=\"https:\/\/g25.com.pl\/wp-content\/uploads\/2023\/03\/glowice-frezarskie.png\" class=\"cc-child-pages-thumb wp-post-image\" alt=\"G\u0142owice frezarskie i p\u0142ytki\" title=\"Milling heads and inserts\" srcset=\"https:\/\/g25.com.pl\/wp-content\/uploads\/2023\/03\/glowice-frezarskie.png 300w, https:\/\/g25.com.pl\/wp-content\/uploads\/2023\/03\/glowice-frezarskie-12x12.png 12w\" sizes=\"(max-width: 300px) 100vw, 300px\" \/><\/a><\/div><div class=\"ccchildpage  cceven ccpage-count-14 ccpage-id-597 ccpage-plytki-wieloostrzowe ccpage-has-parent ccpage-pid-24 ccpage-parent-produkty\"><h3 class=\"ccpage_linked_title\"><a class=\"ccpage_title_link\" href=\"https:\/\/g25.com.pl\/en\/produkty\/plytki-wieloostrzowe\/\" title=\"Indexable inserts\">Indexable inserts<\/a><\/h3><a class=\"ccpage_linked_thumb\" href=\"https:\/\/g25.com.pl\/en\/produkty\/plytki-wieloostrzowe\/\" title=\"Indexable inserts\"><img loading=\"lazy\" decoding=\"async\" width=\"300\" height=\"300\" src=\"https:\/\/g25.com.pl\/wp-content\/uploads\/2023\/03\/plytki.png\" class=\"cc-child-pages-thumb wp-post-image\" alt=\"P\u0142ytki wieloostrzowe\" title=\"Indexable inserts\" srcset=\"https:\/\/g25.com.pl\/wp-content\/uploads\/2023\/03\/plytki.png 300w, https:\/\/g25.com.pl\/wp-content\/uploads\/2023\/03\/plytki-12x12.png 12w\" sizes=\"(max-width: 300px) 100vw, 300px\" \/><\/a><\/div><div class=\"ccchildpage  ccodd ccpage-count-15 ccpage-id-6098 ccpage-plytki-i-noze-tokarskie ccpage-has-parent ccpage-pid-24 ccpage-parent-produkty\"><h3 class=\"ccpage_linked_title\"><a class=\"ccpage_title_link\" href=\"https:\/\/g25.com.pl\/en\/produkty\/plytki-i-noze-tokarskie\/\" title=\"Turning inserts and tools\">Turning inserts and tools<\/a><\/h3><a class=\"ccpage_linked_thumb\" href=\"https:\/\/g25.com.pl\/en\/produkty\/plytki-i-noze-tokarskie\/\" title=\"Turning inserts and tools\"><img loading=\"lazy\" decoding=\"async\" width=\"300\" height=\"300\" src=\"https:\/\/g25.com.pl\/wp-content\/uploads\/2023\/03\/noze-tokarskie.png\" class=\"cc-child-pages-thumb wp-post-image\" alt=\"P\u0142ytki i no\u017ce tokarskie\" title=\"Turning inserts and tools\" srcset=\"https:\/\/g25.com.pl\/wp-content\/uploads\/2023\/03\/noze-tokarskie.png 300w, https:\/\/g25.com.pl\/wp-content\/uploads\/2023\/03\/noze-tokarskie-12x12.png 12w\" sizes=\"(max-width: 300px) 100vw, 300px\" \/><\/a><\/div><div class=\"ccchildpage  cceven ccpage-count-16 ccpage-id-8357 ccpage-imadla ccpage-has-parent ccpage-pid-24 ccpage-parent-produkty\"><h3 class=\"ccpage_linked_title\"><a class=\"ccpage_title_link\" href=\"https:\/\/g25.com.pl\/en\/produkty\/imadla\/\" title=\"Vices\">Vices<\/a><\/h3><a class=\"ccpage_linked_thumb\" href=\"https:\/\/g25.com.pl\/en\/produkty\/imadla\/\" title=\"Vices\"><img loading=\"lazy\" decoding=\"async\" width=\"300\" height=\"300\" src=\"https:\/\/g25.com.pl\/wp-content\/uploads\/2024\/02\/systemy-mocowan.jpg\" class=\"cc-child-pages-thumb wp-post-image\" alt=\"Imad\u0142a\" title=\"Vices\" srcset=\"https:\/\/g25.com.pl\/wp-content\/uploads\/2024\/02\/systemy-mocowan.jpg 300w, https:\/\/g25.com.pl\/wp-content\/uploads\/2024\/02\/systemy-mocowan-12x12.jpg 12w\" sizes=\"(max-width: 300px) 100vw, 300px\" \/><\/a><\/div><div class=\"ccchildpage  ccodd ccpage-count-17 ccpage-id-3350 ccpage-szczeki ccpage-has-parent ccpage-pid-24 ccpage-parent-produkty\"><h3 class=\"ccpage_linked_title\"><a class=\"ccpage_title_link\" href=\"https:\/\/g25.com.pl\/en\/produkty\/szczeki\/\" title=\"Jaws\">Jaws<\/a><\/h3><a class=\"ccpage_linked_thumb\" href=\"https:\/\/g25.com.pl\/en\/produkty\/szczeki\/\" title=\"Jaws\"><img loading=\"lazy\" decoding=\"async\" width=\"300\" height=\"300\" src=\"https:\/\/g25.com.pl\/wp-content\/uploads\/2023\/03\/szczeki.png\" class=\"cc-child-pages-thumb wp-post-image\" alt=\"Szcz\u0119ki\" title=\"Jaws\" srcset=\"https:\/\/g25.com.pl\/wp-content\/uploads\/2023\/03\/szczeki.png 300w, https:\/\/g25.com.pl\/wp-content\/uploads\/2023\/03\/szczeki-12x12.png 12w\" sizes=\"(max-width: 300px) 100vw, 300px\" \/><\/a><\/div><div class=\"ccchildpage  cceven ccpage-count-18 ccpage-id-7448 ccpage-materialy-scierne-ogolne ccpage-has-parent ccpage-pid-24 ccpage-parent-produkty\"><h3 class=\"ccpage_linked_title\"><a class=\"ccpage_title_link\" href=\"https:\/\/g25.com.pl\/en\/produkty\/materialy-scierne-ogolne\/\" title=\"Abrasive materials\">Abrasive materials<\/a><\/h3><a class=\"ccpage_linked_thumb\" href=\"https:\/\/g25.com.pl\/en\/produkty\/materialy-scierne-ogolne\/\" title=\"Abrasive materials\"><img loading=\"lazy\" decoding=\"async\" width=\"300\" height=\"300\" src=\"https:\/\/g25.com.pl\/wp-content\/uploads\/2023\/03\/materialy-scierne.png\" class=\"cc-child-pages-thumb wp-post-image\" alt=\"Materia\u0142y \u015bcierne\" title=\"Abrasive materials\" srcset=\"https:\/\/g25.com.pl\/wp-content\/uploads\/2023\/03\/materialy-scierne.png 300w, https:\/\/g25.com.pl\/wp-content\/uploads\/2023\/03\/materialy-scierne-12x12.png 12w\" sizes=\"(max-width: 300px) 100vw, 300px\" \/><\/a><\/div><div class=\"ccchildpage  ccodd ccpage-count-19 ccpage-id-7744 ccpage-sciski-zwornice ccpage-has-parent ccpage-pid-24 ccpage-parent-produkty\"><h3 class=\"ccpage_linked_title\"><a class=\"ccpage_title_link\" href=\"https:\/\/g25.com.pl\/en\/produkty\/sciski-zwornice\/\" title=\"Clamps\">Clamps<\/a><\/h3><a class=\"ccpage_linked_thumb\" href=\"https:\/\/g25.com.pl\/en\/produkty\/sciski-zwornice\/\" title=\"Clamps\"><img loading=\"lazy\" decoding=\"async\" width=\"300\" height=\"300\" src=\"https:\/\/g25.com.pl\/wp-content\/uploads\/2023\/10\/Zwornice.png\" class=\"cc-child-pages-thumb wp-post-image\" alt=\"\u015aciski (Zwornice)\" title=\"Clamps\" srcset=\"https:\/\/g25.com.pl\/wp-content\/uploads\/2023\/10\/Zwornice.png 300w, https:\/\/g25.com.pl\/wp-content\/uploads\/2023\/10\/Zwornice-12x12.png 12w\" sizes=\"(max-width: 300px) 100vw, 300px\" \/><\/a><\/div><div class=\"ccchildpage  cceven ccpage-count-20 ccpage-id-8796 ccpage-pily-tasmowe-i-przecinarki ccpage-has-parent ccpage-pid-24 ccpage-parent-produkty\"><h3 class=\"ccpage_linked_title\"><a class=\"ccpage_title_link\" href=\"https:\/\/g25.com.pl\/en\/produkty\/pily-tasmowe-i-przecinarki\/\" title=\"Band saws and cutting machines\">Band saws and cutting machines<\/a><\/h3><a class=\"ccpage_linked_thumb\" href=\"https:\/\/g25.com.pl\/en\/produkty\/pily-tasmowe-i-przecinarki\/\" title=\"Band saws and cutting machines\"><img loading=\"lazy\" decoding=\"async\" width=\"300\" height=\"300\" src=\"https:\/\/g25.com.pl\/wp-content\/uploads\/2024\/02\/pily.jpg\" class=\"cc-child-pages-thumb wp-post-image\" alt=\"Pi\u0142y ta\u015bmowe i przecinarki\" title=\"Band saws and cutting machines\" srcset=\"https:\/\/g25.com.pl\/wp-content\/uploads\/2024\/02\/pily.jpg 300w, https:\/\/g25.com.pl\/wp-content\/uploads\/2024\/02\/pily-12x12.jpg 12w\" sizes=\"(max-width: 300px) 100vw, 300px\" \/><\/a><\/div><div class=\"ccchildpage  ccodd ccpage-count-21 ccpage-id-4488 ccpage-akcesoria ccpage-has-parent ccpage-pid-24 ccpage-parent-produkty\"><h3 class=\"ccpage_linked_title\"><a class=\"ccpage_title_link\" href=\"https:\/\/g25.com.pl\/en\/produkty\/akcesoria\/\" title=\"Accessories\">Accessories<\/a><\/h3><a class=\"ccpage_linked_thumb\" href=\"https:\/\/g25.com.pl\/en\/produkty\/akcesoria\/\" title=\"Accessories\"><img loading=\"lazy\" decoding=\"async\" width=\"300\" height=\"300\" src=\"https:\/\/g25.com.pl\/wp-content\/uploads\/2023\/03\/akcesoria-1.png\" class=\"cc-child-pages-thumb wp-post-image\" alt=\"Akcesoria\" title=\"Accessories\" srcset=\"https:\/\/g25.com.pl\/wp-content\/uploads\/2023\/03\/akcesoria-1.png 300w, https:\/\/g25.com.pl\/wp-content\/uploads\/2023\/03\/akcesoria-1-12x12.png 12w\" sizes=\"(max-width: 300px) 100vw, 300px\" \/><\/a><\/div><div class=\"ccchildpage  cceven ccpage-count-22 ccpage-id-401 ccpage-techniki-pomiarowe ccpage-has-parent ccpage-pid-24 ccpage-parent-produkty\"><h3 class=\"ccpage_linked_title\"><a class=\"ccpage_title_link\" href=\"https:\/\/g25.com.pl\/en\/produkty\/techniki-pomiarowe\/\" title=\"Measuring technique\">Measuring technique<\/a><\/h3><a class=\"ccpage_linked_thumb\" href=\"https:\/\/g25.com.pl\/en\/produkty\/techniki-pomiarowe\/\" title=\"Measuring technique\"><img loading=\"lazy\" decoding=\"async\" width=\"300\" height=\"300\" src=\"https:\/\/g25.com.pl\/wp-content\/uploads\/2023\/03\/technika-pomiarowa.png\" class=\"cc-child-pages-thumb wp-post-image\" alt=\"Technika pomiarowa\" title=\"Measuring technique\" srcset=\"https:\/\/g25.com.pl\/wp-content\/uploads\/2023\/03\/technika-pomiarowa.png 300w, https:\/\/g25.com.pl\/wp-content\/uploads\/2023\/03\/technika-pomiarowa-12x12.png 12w\" sizes=\"(max-width: 300px) 100vw, 300px\" \/><\/a><\/div><\/div><\/div>\n\t\t\t\t\t\t<\/div>\n\t\t\t\t<\/div>\n\t\t\t\t\t<\/div>\n\t\t<\/div>\n\t\t\t\t\t<\/div>\n\t\t<\/section>\n\t\t\t\t<section data-particle_enable=\"false\" data-particle-mobile-disabled=\"false\" class=\"elementor-section elementor-top-section elementor-element elementor-element-7251c2f elementor-section-boxed elementor-section-height-default elementor-section-height-default\" data-id=\"7251c2f\" data-element_type=\"section\" data-settings=\"{&quot;background_background&quot;:&quot;classic&quot;}\">\n\t\t\t\t\t\t<div class=\"elementor-container elementor-column-gap-default\">\n\t\t\t\t\t<div class=\"elementor-column elementor-col-50 elementor-top-column elementor-element elementor-element-982faff\" data-id=\"982faff\" data-element_type=\"column\">\n\t\t\t<div class=\"elementor-widget-wrap elementor-element-populated\">\n\t\t\t\t\t\t<div class=\"elementor-element elementor-element-690fbc8 elementor-widget elementor-widget-heading\" data-id=\"690fbc8\" data-element_type=\"widget\" data-widget_type=\"heading.default\">\n\t\t\t\t<div class=\"elementor-widget-container\">\n\t\t\t\t\t<h3 class=\"elementor-heading-title elementor-size-default\">Write to us !<\/h3>\t\t\t\t<\/div>\n\t\t\t\t<\/div>\n\t\t\t\t\t<\/div>\n\t\t<\/div>\n\t\t\t\t<div class=\"elementor-column elementor-col-50 elementor-top-column elementor-element elementor-element-c68326f\" data-id=\"c68326f\" data-element_type=\"column\">\n\t\t\t<div class=\"elementor-widget-wrap elementor-element-populated\">\n\t\t\t\t\t\t<div class=\"elementor-element elementor-element-8a962f1 elementor-align-center elementor-widget__width-initial elementor-widget elementor-widget-button\" data-id=\"8a962f1\" data-element_type=\"widget\" data-widget_type=\"button.default\">\n\t\t\t\t<div class=\"elementor-widget-container\">\n\t\t\t\t\t\t\t\t\t<div class=\"elementor-button-wrapper\">\n\t\t\t\t\t<a class=\"elementor-button elementor-button-link elementor-size-sm\" href=\"https:\/\/g25.com.pl\/en\/#contact-main\">\n\t\t\t\t\t\t<span class=\"elementor-button-content-wrapper\">\n\t\t\t\t\t\t\t\t\t<span class=\"elementor-button-text\">Our form<\/span>\n\t\t\t\t\t<\/span>\n\t\t\t\t\t<\/a>\n\t\t\t\t<\/div>\n\t\t\t\t\t\t\t\t<\/div>\n\t\t\t\t<\/div>\n\t\t\t\t\t<\/div>\n\t\t<\/div>\n\t\t\t\t\t<\/div>\n\t\t<\/section>\n\t\t\t\t<\/div>","protected":false},"excerpt":{"rendered":"<p>Nasze produkty Napisz do nas ! Nasz formularz<\/p>","protected":false},"author":1,"featured_media":0,"parent":0,"menu_order":0,"comment_status":"closed","ping_status":"closed","template":"elementor_header_footer","meta":{"footnotes":""},"class_list":["post-24","page","type-page","status-publish","hentry","entry","has-media"],"aioseo_notices":[],"_links":{"self":[{"href":"https:\/\/g25.com.pl\/en\/wp-json\/wp\/v2\/pages\/24","targetHints":{"allow":["GET"]}}],"collection":[{"href":"https:\/\/g25.com.pl\/en\/wp-json\/wp\/v2\/pages"}],"about":[{"href":"https:\/\/g25.com.pl\/en\/wp-json\/wp\/v2\/types\/page"}],"author":[{"embeddable":true,"href":"https:\/\/g25.com.pl\/en\/wp-json\/wp\/v2\/users\/1"}],"replies":[{"embeddable":true,"href":"https:\/\/g25.com.pl\/en\/wp-json\/wp\/v2\/comments?post=24"}],"version-history":[{"count":21,"href":"https:\/\/g25.com.pl\/en\/wp-json\/wp\/v2\/pages\/24\/revisions"}],"predecessor-version":[{"id":10244,"href":"https:\/\/g25.com.pl\/en\/wp-json\/wp\/v2\/pages\/24\/revisions\/10244"}],"wp:attachment":[{"href":"https:\/\/g25.com.pl\/en\/wp-json\/wp\/v2\/media?parent=24"}],"curies":[{"name":"wp","href":"https:\/\/api.w.org\/{rel}","templated":true}]}}