{"id":15,"date":"2019-08-13T11:40:24","date_gmt":"2019-08-13T09:40:24","guid":{"rendered":"https:\/\/g25.com.pl\/?page_id=15"},"modified":"2024-12-27T14:10:18","modified_gmt":"2024-12-27T13:10:18","slug":"o-firmie","status":"publish","type":"page","link":"https:\/\/g25.com.pl\/en\/o-firmie\/","title":{"rendered":"About company"},"content":{"rendered":"<div data-elementor-type=\"wp-post\" data-elementor-id=\"15\" class=\"elementor elementor-15\" data-elementor-post-type=\"page\">\n\t\t\t\t\t\t<section data-particle_enable=\"false\" data-particle-mobile-disabled=\"false\" class=\"elementor-section elementor-top-section elementor-element elementor-element-c2e2642 elementor-section-boxed elementor-section-height-default elementor-section-height-default\" data-id=\"c2e2642\" data-element_type=\"section\">\n\t\t\t\t\t\t<div class=\"elementor-container elementor-column-gap-default\">\n\t\t\t\t\t<div class=\"elementor-column elementor-col-100 elementor-top-column elementor-element elementor-element-dd94c18\" data-id=\"dd94c18\" data-element_type=\"column\">\n\t\t\t<div class=\"elementor-widget-wrap elementor-element-populated\">\n\t\t\t\t\t\t<div class=\"elementor-element elementor-element-5eadd50 elementor-widget elementor-widget-image\" data-id=\"5eadd50\" data-element_type=\"widget\" data-widget_type=\"image.default\">\n\t\t\t\t<div class=\"elementor-widget-container\">\n\t\t\t\t\t\t\t\t\t\t\t\t\t\t\t<img fetchpriority=\"high\" decoding=\"async\" width=\"315\" height=\"315\" src=\"https:\/\/g25.com.pl\/wp-content\/uploads\/2024\/12\/logo-pl-grupa-1.png\" class=\"attachment-full size-full wp-image-10515\" alt=\"\" srcset=\"https:\/\/g25.com.pl\/wp-content\/uploads\/2024\/12\/logo-pl-grupa-1.png 315w, https:\/\/g25.com.pl\/wp-content\/uploads\/2024\/12\/logo-pl-grupa-1-12x12.png 12w\" sizes=\"(max-width: 315px) 100vw, 315px\" \/>\t\t\t\t\t\t\t\t\t\t\t\t\t\t\t<\/div>\n\t\t\t\t<\/div>\n\t\t\t\t<div class=\"elementor-element elementor-element-f9a96dc elementor-widget elementor-widget-heading\" data-id=\"f9a96dc\" data-element_type=\"widget\" data-widget_type=\"heading.default\">\n\t\t\t\t<div class=\"elementor-widget-container\">\n\t\t\t\t\t<h1 class=\"elementor-heading-title elementor-size-default\">G25 is a group of Polish companies that combines:<\/h1>\t\t\t\t<\/div>\n\t\t\t\t<\/div>\n\t\t\t\t\t<\/div>\n\t\t<\/div>\n\t\t\t\t\t<\/div>\n\t\t<\/section>\n\t\t\t\t<section data-particle_enable=\"false\" data-particle-mobile-disabled=\"false\" class=\"elementor-section elementor-top-section elementor-element elementor-element-1890931 elementor-section-boxed elementor-section-height-default elementor-section-height-default\" data-id=\"1890931\" data-element_type=\"section\">\n\t\t\t\t\t\t<div class=\"elementor-container elementor-column-gap-default\">\n\t\t\t\t\t<div class=\"elementor-column elementor-col-50 elementor-top-column elementor-element elementor-element-6ae4534\" data-id=\"6ae4534\" data-element_type=\"column\">\n\t\t\t<div class=\"elementor-widget-wrap elementor-element-populated\">\n\t\t\t\t\t\t<div class=\"elementor-element elementor-element-6a40ca5 elementor-widget__width-initial elementor-widget elementor-widget-heading\" data-id=\"6a40ca5\" data-element_type=\"widget\" data-widget_type=\"heading.default\">\n\t\t\t\t<div class=\"elementor-widget-container\">\n\t\t\t\t\t<h2 class=\"elementor-heading-title elementor-size-default\">Over 25 years of experience in servicing industry in Poland,<\/h2>\t\t\t\t<\/div>\n\t\t\t\t<\/div>\n\t\t\t\t\t<\/div>\n\t\t<\/div>\n\t\t\t\t<div class=\"elementor-column elementor-col-50 elementor-top-column elementor-element elementor-element-c1a0120\" data-id=\"c1a0120\" data-element_type=\"column\">\n\t\t\t<div class=\"elementor-widget-wrap elementor-element-populated\">\n\t\t\t\t\t\t<div class=\"elementor-element elementor-element-72448c5 elementor-widget__width-initial elementor-widget elementor-widget-heading\" data-id=\"72448c5\" data-element_type=\"widget\" data-widget_type=\"heading.default\">\n\t\t\t\t<div class=\"elementor-widget-container\">\n\t\t\t\t\t<h2 class=\"elementor-heading-title elementor-size-default\">Over 25 years of know-how in trade in the tool industry.<\/h2>\t\t\t\t<\/div>\n\t\t\t\t<\/div>\n\t\t\t\t\t<\/div>\n\t\t<\/div>\n\t\t\t\t\t<\/div>\n\t\t<\/section>\n\t\t\t\t<section data-particle_enable=\"false\" data-particle-mobile-disabled=\"false\" class=\"elementor-section elementor-top-section elementor-element elementor-element-ce535a7 elementor-section-boxed elementor-section-height-default elementor-section-height-default\" data-id=\"ce535a7\" data-element_type=\"section\">\n\t\t\t\t\t\t<div class=\"elementor-container elementor-column-gap-default\">\n\t\t\t\t\t<div class=\"elementor-column elementor-col-100 elementor-top-column elementor-element elementor-element-17f7500\" data-id=\"17f7500\" data-element_type=\"column\">\n\t\t\t<div class=\"elementor-widget-wrap elementor-element-populated\">\n\t\t\t\t\t\t<div class=\"elementor-element elementor-element-baf95bf elementor-widget elementor-widget-text-editor\" data-id=\"baf95bf\" data-element_type=\"widget\" data-widget_type=\"text-editor.default\">\n\t\t\t\t<div class=\"elementor-widget-container\">\n\t\t\t\t\t\t\t\t\t<p><strong>Operating in various regions of Poland, we build local, partner relations with clients, ensuring the highest quality standards for tools and service.\u00a0<\/strong><\/p>\t\t\t\t\t\t\t\t<\/div>\n\t\t\t\t<\/div>\n\t\t\t\t<div class=\"elementor-element elementor-element-b3f5b47 elementor-widget elementor-widget-text-editor\" data-id=\"b3f5b47\" data-element_type=\"widget\" data-widget_type=\"text-editor.default\">\n\t\t\t\t<div class=\"elementor-widget-container\">\n\t\t\t\t\t\t\t\t\t<p>G25 products are carefully selected tools that are produced for us by the highest standards of domestic and foreign companies. The choice was made based on our commercial and production experience and on the technical opinions of trusted users from the automotive, shipbuilding or aviation industries, in terms of the needs of our customers.<br \/>We adhere to the principle that in the era of industry 4.0 products alone are not enough - we want to help our clients optimize costs and automate production processes. Hence the offer of the tool management system in the form of tool-giving cabinets.<\/p><p><br \/><span data-teams=\"true\">In addition to generating savings through, among other things, introducing vending machines, our goal is also to protect the environment. We help to achieve this goal by regenerating tools and offering filtration systems, which also ensures better working conditions for the people employed.<\/span><\/p>\t\t\t\t\t\t\t\t<\/div>\n\t\t\t\t<\/div>\n\t\t\t\t\t<\/div>\n\t\t<\/div>\n\t\t\t\t\t<\/div>\n\t\t<\/section>\n\t\t\t\t<section data-particle_enable=\"false\" data-particle-mobile-disabled=\"false\" class=\"elementor-section elementor-top-section elementor-element elementor-element-7b84f7b elementor-section-boxed elementor-section-height-default elementor-section-height-default\" data-id=\"7b84f7b\" data-element_type=\"section\">\n\t\t\t\t\t\t<div class=\"elementor-container elementor-column-gap-default\">\n\t\t\t\t\t<div class=\"elementor-column elementor-col-25 elementor-top-column elementor-element elementor-element-0cfb9ff\" data-id=\"0cfb9ff\" data-element_type=\"column\">\n\t\t\t<div class=\"elementor-widget-wrap elementor-element-populated\">\n\t\t\t\t\t\t<div class=\"elementor-element elementor-element-756dba8 elementor-widget elementor-widget-spacer\" data-id=\"756dba8\" data-element_type=\"widget\" data-widget_type=\"spacer.default\">\n\t\t\t\t<div class=\"elementor-widget-container\">\n\t\t\t\t\t\t\t<div class=\"elementor-spacer\">\n\t\t\t<div class=\"elementor-spacer-inner\"><\/div>\n\t\t<\/div>\n\t\t\t\t\t\t<\/div>\n\t\t\t\t<\/div>\n\t\t\t\t<div class=\"elementor-element elementor-element-9d24b32 elementor-widget elementor-widget-image\" data-id=\"9d24b32\" data-element_type=\"widget\" data-widget_type=\"image.default\">\n\t\t\t\t<div class=\"elementor-widget-container\">\n\t\t\t\t\t\t\t\t\t\t\t\t\t\t\t<img decoding=\"async\" width=\"768\" height=\"512\" src=\"https:\/\/g25.com.pl\/wp-content\/uploads\/2024\/12\/handshake-young-contemporary-business-partners-that-master-his-trainee-inside-industrial-plant-768x512.jpg\" class=\"attachment-medium_large size-medium_large wp-image-10462\" alt=\"\" srcset=\"https:\/\/g25.com.pl\/wp-content\/uploads\/2024\/12\/handshake-young-contemporary-business-partners-that-master-his-trainee-inside-industrial-plant-768x512.jpg 768w, https:\/\/g25.com.pl\/wp-content\/uploads\/2024\/12\/handshake-young-contemporary-business-partners-that-master-his-trainee-inside-industrial-plant-350x233.jpg 350w, https:\/\/g25.com.pl\/wp-content\/uploads\/2024\/12\/handshake-young-contemporary-business-partners-that-master-his-trainee-inside-industrial-plant-18x12.jpg 18w, https:\/\/g25.com.pl\/wp-content\/uploads\/2024\/12\/handshake-young-contemporary-business-partners-that-master-his-trainee-inside-industrial-plant.jpg 800w\" sizes=\"(max-width: 768px) 100vw, 768px\" \/>\t\t\t\t\t\t\t\t\t\t\t\t\t\t\t<\/div>\n\t\t\t\t<\/div>\n\t\t\t\t\t<\/div>\n\t\t<\/div>\n\t\t\t\t<div class=\"elementor-column elementor-col-25 elementor-top-column elementor-element elementor-element-f4e7286\" data-id=\"f4e7286\" data-element_type=\"column\">\n\t\t\t<div class=\"elementor-widget-wrap elementor-element-populated\">\n\t\t\t\t\t\t<div class=\"elementor-element elementor-element-e61fc39 elementor-widget elementor-widget-image\" data-id=\"e61fc39\" data-element_type=\"widget\" data-widget_type=\"image.default\">\n\t\t\t\t<div class=\"elementor-widget-container\">\n\t\t\t\t\t\t\t\t\t\t\t\t\t\t\t<img decoding=\"async\" width=\"1200\" height=\"800\" src=\"https:\/\/g25.com.pl\/wp-content\/uploads\/2022\/03\/KS1109417657.123-1200x800.png\" class=\"attachment-large size-large wp-image-5242\" alt=\"\" srcset=\"https:\/\/g25.com.pl\/wp-content\/uploads\/2022\/03\/KS1109417657.123-1200x800.png 1200w, https:\/\/g25.com.pl\/wp-content\/uploads\/2022\/03\/KS1109417657.123-1536x1024.png 1536w, https:\/\/g25.com.pl\/wp-content\/uploads\/2022\/03\/KS1109417657.123-2048x1366.png 2048w\" sizes=\"(max-width: 1200px) 100vw, 1200px\" \/>\t\t\t\t\t\t\t\t\t\t\t\t\t\t\t<\/div>\n\t\t\t\t<\/div>\n\t\t\t\t<div class=\"elementor-element elementor-element-197726c elementor-widget elementor-widget-image\" data-id=\"197726c\" data-element_type=\"widget\" data-widget_type=\"image.default\">\n\t\t\t\t<div class=\"elementor-widget-container\">\n\t\t\t\t\t\t\t\t\t\t\t\t\t\t\t<img loading=\"lazy\" decoding=\"async\" width=\"1200\" height=\"523\" src=\"https:\/\/g25.com.pl\/wp-content\/uploads\/2019\/10\/348-1200x523.jpg\" class=\"attachment-large size-large wp-image-1968\" alt=\"\" srcset=\"https:\/\/g25.com.pl\/wp-content\/uploads\/2019\/10\/348-1200x523.jpg 1200w, https:\/\/g25.com.pl\/wp-content\/uploads\/2019\/10\/348-350x152.jpg 350w, https:\/\/g25.com.pl\/wp-content\/uploads\/2019\/10\/348-768x334.jpg 768w\" sizes=\"(max-width: 1200px) 100vw, 1200px\" \/>\t\t\t\t\t\t\t\t\t\t\t\t\t\t\t<\/div>\n\t\t\t\t<\/div>\n\t\t\t\t\t<\/div>\n\t\t<\/div>\n\t\t\t\t<div class=\"elementor-column elementor-col-25 elementor-top-column elementor-element elementor-element-70c9f6a\" data-id=\"70c9f6a\" data-element_type=\"column\">\n\t\t\t<div class=\"elementor-widget-wrap elementor-element-populated\">\n\t\t\t\t\t\t<div class=\"elementor-element elementor-element-2b32b4b elementor-widget elementor-widget-image\" data-id=\"2b32b4b\" data-element_type=\"widget\" data-widget_type=\"image.default\">\n\t\t\t\t<div class=\"elementor-widget-container\">\n\t\t\t\t\t\t\t\t\t\t\t\t\t\t\t<img loading=\"lazy\" decoding=\"async\" width=\"800\" height=\"676\" src=\"https:\/\/g25.com.pl\/wp-content\/uploads\/2024\/12\/industrial-workers-cooperating-while-doing-quality-control-manufactured-products-factory-1.jpg\" class=\"attachment-large size-large wp-image-10471\" alt=\"\" srcset=\"https:\/\/g25.com.pl\/wp-content\/uploads\/2024\/12\/industrial-workers-cooperating-while-doing-quality-control-manufactured-products-factory-1.jpg 800w, https:\/\/g25.com.pl\/wp-content\/uploads\/2024\/12\/industrial-workers-cooperating-while-doing-quality-control-manufactured-products-factory-1-350x296.jpg 350w, https:\/\/g25.com.pl\/wp-content\/uploads\/2024\/12\/industrial-workers-cooperating-while-doing-quality-control-manufactured-products-factory-1-768x649.jpg 768w, https:\/\/g25.com.pl\/wp-content\/uploads\/2024\/12\/industrial-workers-cooperating-while-doing-quality-control-manufactured-products-factory-1-14x12.jpg 14w\" sizes=\"(max-width: 800px) 100vw, 800px\" \/>\t\t\t\t\t\t\t\t\t\t\t\t\t\t\t<\/div>\n\t\t\t\t<\/div>\n\t\t\t\t\t<\/div>\n\t\t<\/div>\n\t\t\t\t<div class=\"elementor-column elementor-col-25 elementor-top-column elementor-element elementor-element-9c5632c\" data-id=\"9c5632c\" data-element_type=\"column\">\n\t\t\t<div class=\"elementor-widget-wrap elementor-element-populated\">\n\t\t\t\t\t\t<div class=\"elementor-element elementor-element-aac3f2c elementor-widget elementor-widget-image\" data-id=\"aac3f2c\" data-element_type=\"widget\" data-widget_type=\"image.default\">\n\t\t\t\t<div class=\"elementor-widget-container\">\n\t\t\t\t\t\t\t\t\t\t\t\t\t\t\t<img loading=\"lazy\" decoding=\"async\" width=\"1200\" height=\"801\" src=\"https:\/\/g25.com.pl\/wp-content\/uploads\/2019\/08\/1216-1200x801.jpg\" class=\"attachment-large size-large wp-image-405\" alt=\"\" srcset=\"https:\/\/g25.com.pl\/wp-content\/uploads\/2019\/08\/1216-1200x801.jpg 1200w, https:\/\/g25.com.pl\/wp-content\/uploads\/2019\/08\/1216-350x234.jpg 350w, https:\/\/g25.com.pl\/wp-content\/uploads\/2019\/08\/1216-768x513.jpg 768w\" sizes=\"(max-width: 1200px) 100vw, 1200px\" \/>\t\t\t\t\t\t\t\t\t\t\t\t\t\t\t<\/div>\n\t\t\t\t<\/div>\n\t\t\t\t\t<\/div>\n\t\t<\/div>\n\t\t\t\t\t<\/div>\n\t\t<\/section>\n\t\t\t\t<section data-particle_enable=\"false\" data-particle-mobile-disabled=\"false\" class=\"elementor-section elementor-top-section elementor-element elementor-element-c5014df elementor-section-boxed elementor-section-height-default elementor-section-height-default\" data-id=\"c5014df\" data-element_type=\"section\" id=\"oferta\">\n\t\t\t\t\t\t<div class=\"elementor-container elementor-column-gap-default\">\n\t\t\t\t\t<div class=\"elementor-column elementor-col-100 elementor-top-column elementor-element elementor-element-b76de00\" data-id=\"b76de00\" data-element_type=\"column\">\n\t\t\t<div class=\"elementor-widget-wrap elementor-element-populated\">\n\t\t\t\t\t\t<div class=\"elementor-element elementor-element-17df778 elementor-widget elementor-widget-heading\" data-id=\"17df778\" data-element_type=\"widget\" data-widget_type=\"heading.default\">\n\t\t\t\t<div class=\"elementor-widget-container\">\n\t\t\t\t\t<h3 class=\"elementor-heading-title elementor-size-default\">By integrating services and products within G25, we provide our customers with real savings, personalized selection of solutions, technical advice and ongoing service.<\/h3>\t\t\t\t<\/div>\n\t\t\t\t<\/div>\n\t\t\t\t<div class=\"elementor-element elementor-element-0a074fc elementor-widget__width-initial elementor-widget-mobile__width-inherit elementor-widget elementor-widget-heading\" data-id=\"0a074fc\" data-element_type=\"widget\" data-widget_type=\"heading.default\">\n\t\t\t\t<div class=\"elementor-widget-container\">\n\t\t\t\t\t<h2 class=\"elementor-heading-title elementor-size-default\">See our services and products<\/h2>\t\t\t\t<\/div>\n\t\t\t\t<\/div>\n\t\t\t\t\t<\/div>\n\t\t<\/div>\n\t\t\t\t\t<\/div>\n\t\t<\/section>\n\t\t\t\t<section data-particle_enable=\"false\" data-particle-mobile-disabled=\"false\" class=\"elementor-section elementor-top-section elementor-element elementor-element-5a21c88 elementor-section-boxed elementor-section-height-default elementor-section-height-default\" data-id=\"5a21c88\" data-element_type=\"section\">\n\t\t\t\t\t\t<div class=\"elementor-container elementor-column-gap-default\">\n\t\t\t\t\t<div class=\"elementor-column elementor-col-50 elementor-top-column elementor-element elementor-element-0ccfc12\" data-id=\"0ccfc12\" data-element_type=\"column\">\n\t\t\t<div class=\"elementor-widget-wrap elementor-element-populated\">\n\t\t\t\t\t\t<div class=\"elementor-element elementor-element-d37b97f elementor-position-top elementor-widget elementor-widget-image-box\" data-id=\"d37b97f\" data-element_type=\"widget\" data-widget_type=\"image-box.default\">\n\t\t\t\t<div class=\"elementor-widget-container\">\n\t\t\t\t\t<div class=\"elementor-image-box-wrapper\"><figure class=\"elementor-image-box-img\"><img loading=\"lazy\" decoding=\"async\" width=\"256\" height=\"256\" src=\"https:\/\/g25.com.pl\/wp-content\/uploads\/2019\/10\/laser-cutting-machine.png\" class=\"attachment-large size-large wp-image-1889\" alt=\"\" \/><\/figure><\/div>\t\t\t\t<\/div>\n\t\t\t\t<\/div>\n\t\t\t\t<div class=\"elementor-element elementor-element-9bb0ae7 elementor-align-center elementor-widget__width-inherit elementor-widget elementor-widget-button\" data-id=\"9bb0ae7\" data-element_type=\"widget\" data-widget_type=\"button.default\">\n\t\t\t\t<div class=\"elementor-widget-container\">\n\t\t\t\t\t\t\t\t\t<div class=\"elementor-button-wrapper\">\n\t\t\t\t\t<a class=\"elementor-button elementor-button-link elementor-size-sm\" href=\"https:\/\/g25.com.pl\/en\/uslugi\/\">\n\t\t\t\t\t\t<span class=\"elementor-button-content-wrapper\">\n\t\t\t\t\t\t\t\t\t<span class=\"elementor-button-text\">Our services<\/span>\n\t\t\t\t\t<\/span>\n\t\t\t\t\t<\/a>\n\t\t\t\t<\/div>\n\t\t\t\t\t\t\t\t<\/div>\n\t\t\t\t<\/div>\n\t\t\t\t\t<\/div>\n\t\t<\/div>\n\t\t\t\t<div class=\"elementor-column elementor-col-50 elementor-top-column elementor-element elementor-element-2bae3cb\" data-id=\"2bae3cb\" data-element_type=\"column\">\n\t\t\t<div class=\"elementor-widget-wrap elementor-element-populated\">\n\t\t\t\t\t\t<div class=\"elementor-element elementor-element-dc577eb elementor-position-top elementor-widget elementor-widget-image-box\" data-id=\"dc577eb\" data-element_type=\"widget\" data-widget_type=\"image-box.default\">\n\t\t\t\t<div class=\"elementor-widget-container\">\n\t\t\t\t\t<div class=\"elementor-image-box-wrapper\"><figure class=\"elementor-image-box-img\"><img loading=\"lazy\" decoding=\"async\" width=\"256\" height=\"256\" src=\"https:\/\/g25.com.pl\/wp-content\/uploads\/2019\/08\/assembly.png\" class=\"attachment-large size-large wp-image-286\" alt=\"\" \/><\/figure><\/div>\t\t\t\t<\/div>\n\t\t\t\t<\/div>\n\t\t\t\t<div class=\"elementor-element elementor-element-24b0423 elementor-align-center elementor-widget__width-inherit elementor-widget elementor-widget-button\" data-id=\"24b0423\" data-element_type=\"widget\" data-widget_type=\"button.default\">\n\t\t\t\t<div class=\"elementor-widget-container\">\n\t\t\t\t\t\t\t\t\t<div class=\"elementor-button-wrapper\">\n\t\t\t\t\t<a class=\"elementor-button elementor-button-link elementor-size-sm\" href=\"https:\/\/g25.com.pl\/en\/produkty\/\">\n\t\t\t\t\t\t<span class=\"elementor-button-content-wrapper\">\n\t\t\t\t\t\t\t\t\t<span class=\"elementor-button-text\">Our products<\/span>\n\t\t\t\t\t<\/span>\n\t\t\t\t\t<\/a>\n\t\t\t\t<\/div>\n\t\t\t\t\t\t\t\t<\/div>\n\t\t\t\t<\/div>\n\t\t\t\t\t<\/div>\n\t\t<\/div>\n\t\t\t\t\t<\/div>\n\t\t<\/section>\n\t\t\t\t<section data-particle_enable=\"false\" data-particle-mobile-disabled=\"false\" class=\"elementor-section elementor-top-section elementor-element elementor-element-49d301e elementor-section-boxed elementor-section-height-default elementor-section-height-default\" data-id=\"49d301e\" data-element_type=\"section\" data-settings=\"{&quot;background_background&quot;:&quot;classic&quot;}\">\n\t\t\t\t\t\t<div class=\"elementor-container elementor-column-gap-default\">\n\t\t\t\t\t<div class=\"elementor-column elementor-col-50 elementor-top-column elementor-element elementor-element-00da3c6\" data-id=\"00da3c6\" data-element_type=\"column\">\n\t\t\t<div class=\"elementor-widget-wrap elementor-element-populated\">\n\t\t\t\t\t\t<div class=\"elementor-element elementor-element-33e342f elementor-widget elementor-widget-heading\" data-id=\"33e342f\" data-element_type=\"widget\" data-widget_type=\"heading.default\">\n\t\t\t\t<div class=\"elementor-widget-container\">\n\t\t\t\t\t<h3 class=\"elementor-heading-title elementor-size-default\">Write to us !<\/h3>\t\t\t\t<\/div>\n\t\t\t\t<\/div>\n\t\t\t\t\t<\/div>\n\t\t<\/div>\n\t\t\t\t<div class=\"elementor-column elementor-col-50 elementor-top-column elementor-element elementor-element-3811021\" data-id=\"3811021\" data-element_type=\"column\">\n\t\t\t<div class=\"elementor-widget-wrap elementor-element-populated\">\n\t\t\t\t\t\t<div class=\"elementor-element elementor-element-450a1e9 elementor-align-center elementor-widget__width-initial elementor-widget elementor-widget-button\" data-id=\"450a1e9\" data-element_type=\"widget\" data-widget_type=\"button.default\">\n\t\t\t\t<div class=\"elementor-widget-container\">\n\t\t\t\t\t\t\t\t\t<div class=\"elementor-button-wrapper\">\n\t\t\t\t\t<a class=\"elementor-button elementor-button-link elementor-size-sm\" href=\"https:\/\/g25.com.pl\/en\/#contact-main\">\n\t\t\t\t\t\t<span class=\"elementor-button-content-wrapper\">\n\t\t\t\t\t\t\t\t\t<span class=\"elementor-button-text\">Our form<\/span>\n\t\t\t\t\t<\/span>\n\t\t\t\t\t<\/a>\n\t\t\t\t<\/div>\n\t\t\t\t\t\t\t\t<\/div>\n\t\t\t\t<\/div>\n\t\t\t\t\t<\/div>\n\t\t<\/div>\n\t\t\t\t\t<\/div>\n\t\t<\/section>\n\t\t\t\t<\/div>","protected":false},"excerpt":{"rendered":"<p>G25 to Grupa polskich firm, kt\u00f3re \u0142\u0105czy: Ponad 25-letnie do\u015bwiadczenie w obs\u0142udze przemys\u0142u w Polsce Ponad 25-letnie know-how w handlu w bran\u017cy narz\u0119dziowej Dzia\u0142aj\u0105c w r\u00f3\u017cnych regionach Polski budujemy lokalne, partnerskie relacje z Klientami, zapewniaj\u0105c standardy jako\u015bci narz\u0119dzi i obs\u0142ugi na najwy\u017cszym poziomie.\u00a0 Produkty G25 to starannie wyselekcjonowane narz\u0119dzia, kt\u00f3re produkuj\u0105 dla nas wg najwy\u017cszych [&hellip;]<\/p>","protected":false},"author":1,"featured_media":0,"parent":0,"menu_order":0,"comment_status":"closed","ping_status":"closed","template":"elementor_header_footer","meta":{"footnotes":""},"class_list":["post-15","page","type-page","status-publish","hentry","entry"],"aioseo_notices":[],"_links":{"self":[{"href":"https:\/\/g25.com.pl\/en\/wp-json\/wp\/v2\/pages\/15","targetHints":{"allow":["GET"]}}],"collection":[{"href":"https:\/\/g25.com.pl\/en\/wp-json\/wp\/v2\/pages"}],"about":[{"href":"https:\/\/g25.com.pl\/en\/wp-json\/wp\/v2\/types\/page"}],"author":[{"embeddable":true,"href":"https:\/\/g25.com.pl\/en\/wp-json\/wp\/v2\/users\/1"}],"replies":[{"embeddable":true,"href":"https:\/\/g25.com.pl\/en\/wp-json\/wp\/v2\/comments?post=15"}],"version-history":[{"count":88,"href":"https:\/\/g25.com.pl\/en\/wp-json\/wp\/v2\/pages\/15\/revisions"}],"predecessor-version":[{"id":10562,"href":"https:\/\/g25.com.pl\/en\/wp-json\/wp\/v2\/pages\/15\/revisions\/10562"}],"wp:attachment":[{"href":"https:\/\/g25.com.pl\/en\/wp-json\/wp\/v2\/media?parent=15"}],"curies":[{"name":"wp","href":"https:\/\/api.w.org\/{rel}","templated":true}]}}